{"id":2722,"date":"2019-08-26T17:30:27","date_gmt":"2019-08-26T21:30:27","guid":{"rendered":"https:\/\/braintumour.ca\/information-utile\/apprentissage-en-ligne\/information-sheets\/"},"modified":"2023-06-06T15:58:55","modified_gmt":"2023-06-06T19:58:55","slug":"feuillets-dinformation","status":"publish","type":"page","link":"https:\/\/www.braintumour.ca\/fr\/information-utile\/ressources-en-ligne\/feuillets-dinformation\/","title":{"rendered":"Feuillets d&rsquo;information"},"content":{"rendered":"<h5>Les fiches d&rsquo;information contiennent des r\u00e9ponses aux questions fr\u00e9quemment pos\u00e9es sur un \u00e9ventail de sujets li\u00e9s aux tumeurs c\u00e9r\u00e9brales.<\/h5>\n","protected":false},"excerpt":{"rendered":"<p>Les fiches d&rsquo;information contiennent des r\u00e9ponses aux questions fr\u00e9quemment pos\u00e9es sur un \u00e9ventail de sujets li\u00e9s aux tumeurs c\u00e9r\u00e9brales.<\/p>\n","protected":false},"author":4,"featured_media":1929,"parent":2720,"menu_order":2,"comment_status":"closed","ping_status":"closed","template":"","meta":{"_acf_changed":false,"footnotes":""},"user_type":[133,132,137,136,134,135],"class_list":["post-2722","page","type-page","status-publish","has-post-thumbnail","hentry","user_type-patient-fr","user_type-proche-aidant","user_type-benevole","user_type-donateur","user_type-chercheur","user_type-professionnel-de-la-sante"],"acf":[],"yoast_head":"<!-- This site is optimized with the Yoast SEO Premium plugin v27.0 (Yoast SEO v27.0) - https:\/\/yoast.com\/product\/yoast-seo-premium-wordpress\/ -->\n<title>Feuillets d&#039;information - Fondation canadienne des tumeurs c\u00e9r\u00e9brales<\/title>\n<meta name=\"description\" content=\"Les feuillets d&#039;information contiennent des r\u00e9ponses aux questions fr\u00e9quemment pos\u00e9es sur un \u00e9ventail de sujets li\u00e9s aux tumeurs c\u00e9r\u00e9brales.\" \/>\n<meta name=\"robots\" content=\"index, follow, max-snippet:-1, max-image-preview:large, max-video-preview:-1\" \/>\n<link rel=\"canonical\" href=\"https:\/\/www.braintumour.ca\/fr\/information-utile\/ressources-en-ligne\/feuillets-dinformation\/\" \/>\n<meta property=\"og:locale\" content=\"fr_CA\" \/>\n<meta property=\"og:type\" content=\"article\" \/>\n<meta property=\"og:title\" content=\"Feuillets d&#039;information\" \/>\n<meta property=\"og:description\" content=\"Les feuillets d&#039;information contiennent des r\u00e9ponses aux questions fr\u00e9quemment pos\u00e9es sur un \u00e9ventail de sujets li\u00e9s aux tumeurs c\u00e9r\u00e9brales.\" \/>\n<meta property=\"og:url\" content=\"https:\/\/www.braintumour.ca\/fr\/information-utile\/ressources-en-ligne\/feuillets-dinformation\/\" \/>\n<meta property=\"og:site_name\" content=\"Fondation canadienne des tumeurs c\u00e9r\u00e9brales\" \/>\n<meta property=\"article:modified_time\" content=\"2023-06-06T19:58:55+00:00\" \/>\n<meta property=\"og:image\" content=\"https:\/\/www.braintumour.ca\/wp-content\/uploads\/2019\/11\/writing-1149962_1920.jpg\" \/>\n\t<meta property=\"og:image:width\" content=\"1920\" \/>\n\t<meta property=\"og:image:height\" content=\"1281\" \/>\n\t<meta property=\"og:image:type\" content=\"image\/jpeg\" \/>\n<meta name=\"twitter:card\" content=\"summary_large_image\" \/>\n<meta name=\"twitter:label1\" content=\"Estimation du temps de lecture\" \/>\n\t<meta name=\"twitter:data1\" content=\"1 minute\" \/>\n<script type=\"application\/ld+json\" class=\"yoast-schema-graph\">{\"@context\":\"https:\/\/schema.org\",\"@graph\":[{\"@type\":\"WebPage\",\"@id\":\"https:\/\/www.braintumour.ca\/fr\/information-utile\/ressources-en-ligne\/feuillets-dinformation\/\",\"url\":\"https:\/\/www.braintumour.ca\/fr\/information-utile\/ressources-en-ligne\/feuillets-dinformation\/\",\"name\":\"Feuillets d'information - Fondation canadienne des tumeurs c\u00e9r\u00e9brales\",\"isPartOf\":{\"@id\":\"https:\/\/www.braintumour.ca\/fr\/#website\"},\"primaryImageOfPage\":{\"@id\":\"https:\/\/www.braintumour.ca\/fr\/information-utile\/ressources-en-ligne\/feuillets-dinformation\/#primaryimage\"},\"image\":{\"@id\":\"https:\/\/www.braintumour.ca\/fr\/information-utile\/ressources-en-ligne\/feuillets-dinformation\/#primaryimage\"},\"thumbnailUrl\":\"https:\/\/www.braintumour.ca\/wp-content\/uploads\/2019\/11\/writing-1149962_1920.jpg\",\"datePublished\":\"2019-08-26T21:30:27+00:00\",\"dateModified\":\"2023-06-06T19:58:55+00:00\",\"description\":\"Les feuillets d'information contiennent des r\u00e9ponses aux questions fr\u00e9quemment pos\u00e9es sur un \u00e9ventail de sujets li\u00e9s aux tumeurs c\u00e9r\u00e9brales.\",\"breadcrumb\":{\"@id\":\"https:\/\/www.braintumour.ca\/fr\/information-utile\/ressources-en-ligne\/feuillets-dinformation\/#breadcrumb\"},\"inLanguage\":\"fr-CA\",\"potentialAction\":[{\"@type\":\"ReadAction\",\"target\":[\"https:\/\/www.braintumour.ca\/fr\/information-utile\/ressources-en-ligne\/feuillets-dinformation\/\"]}]},{\"@type\":\"ImageObject\",\"inLanguage\":\"fr-CA\",\"@id\":\"https:\/\/www.braintumour.ca\/fr\/information-utile\/ressources-en-ligne\/feuillets-dinformation\/#primaryimage\",\"url\":\"https:\/\/www.braintumour.ca\/wp-content\/uploads\/2019\/11\/writing-1149962_1920.jpg\",\"contentUrl\":\"https:\/\/www.braintumour.ca\/wp-content\/uploads\/2019\/11\/writing-1149962_1920.jpg\",\"width\":1920,\"height\":1281,\"caption\":\"Writing\"},{\"@type\":\"BreadcrumbList\",\"@id\":\"https:\/\/www.braintumour.ca\/fr\/information-utile\/ressources-en-ligne\/feuillets-dinformation\/#breadcrumb\",\"itemListElement\":[{\"@type\":\"ListItem\",\"position\":1,\"name\":\"Home\",\"item\":\"https:\/\/www.braintumour.ca\/fr\/\"},{\"@type\":\"ListItem\",\"position\":2,\"name\":\"Information utile\",\"item\":\"https:\/\/www.braintumour.ca\/fr\/information-utile\/\"},{\"@type\":\"ListItem\",\"position\":3,\"name\":\"Ressources en ligne\",\"item\":\"https:\/\/www.braintumour.ca\/fr\/information-utile\/ressources-en-ligne\/\"},{\"@type\":\"ListItem\",\"position\":4,\"name\":\"Feuillets d&#8217;information\"}]},{\"@type\":\"WebSite\",\"@id\":\"https:\/\/www.braintumour.ca\/fr\/#website\",\"url\":\"https:\/\/www.braintumour.ca\/fr\/\",\"name\":\"Fondation canadienne des tumeurs c\u00e9r\u00e9brales\",\"description\":\"Notre mission est de venir en aide \u00e0 toutes les personnes touch\u00e9es par une tumeur c\u00e9r\u00e9brale au Canada par le biais de nos programmes d\u2019information, de soutien, d\u2019\u00e9ducation et de recherche.\",\"potentialAction\":[{\"@type\":\"SearchAction\",\"target\":{\"@type\":\"EntryPoint\",\"urlTemplate\":\"https:\/\/www.braintumour.ca\/fr\/?s={search_term_string}\"},\"query-input\":{\"@type\":\"PropertyValueSpecification\",\"valueRequired\":true,\"valueName\":\"search_term_string\"}}],\"inLanguage\":\"fr-CA\"}]}<\/script>\n<!-- \/ Yoast SEO Premium plugin. -->","yoast_head_json":{"title":"Feuillets d'information - Fondation canadienne des tumeurs c\u00e9r\u00e9brales","description":"Les feuillets d'information contiennent des r\u00e9ponses aux questions fr\u00e9quemment pos\u00e9es sur un \u00e9ventail de sujets li\u00e9s aux tumeurs c\u00e9r\u00e9brales.","robots":{"index":"index","follow":"follow","max-snippet":"max-snippet:-1","max-image-preview":"max-image-preview:large","max-video-preview":"max-video-preview:-1"},"canonical":"https:\/\/www.braintumour.ca\/fr\/information-utile\/ressources-en-ligne\/feuillets-dinformation\/","og_locale":"fr_CA","og_type":"article","og_title":"Feuillets d'information","og_description":"Les feuillets d'information contiennent des r\u00e9ponses aux questions fr\u00e9quemment pos\u00e9es sur un \u00e9ventail de sujets li\u00e9s aux tumeurs c\u00e9r\u00e9brales.","og_url":"https:\/\/www.braintumour.ca\/fr\/information-utile\/ressources-en-ligne\/feuillets-dinformation\/","og_site_name":"Fondation canadienne des tumeurs c\u00e9r\u00e9brales","article_modified_time":"2023-06-06T19:58:55+00:00","og_image":[{"width":1920,"height":1281,"url":"https:\/\/www.braintumour.ca\/wp-content\/uploads\/2019\/11\/writing-1149962_1920.jpg","type":"image\/jpeg"}],"twitter_card":"summary_large_image","twitter_misc":{"Estimation du temps de lecture":"1 minute"},"schema":{"@context":"https:\/\/schema.org","@graph":[{"@type":"WebPage","@id":"https:\/\/www.braintumour.ca\/fr\/information-utile\/ressources-en-ligne\/feuillets-dinformation\/","url":"https:\/\/www.braintumour.ca\/fr\/information-utile\/ressources-en-ligne\/feuillets-dinformation\/","name":"Feuillets d'information - Fondation canadienne des tumeurs c\u00e9r\u00e9brales","isPartOf":{"@id":"https:\/\/www.braintumour.ca\/fr\/#website"},"primaryImageOfPage":{"@id":"https:\/\/www.braintumour.ca\/fr\/information-utile\/ressources-en-ligne\/feuillets-dinformation\/#primaryimage"},"image":{"@id":"https:\/\/www.braintumour.ca\/fr\/information-utile\/ressources-en-ligne\/feuillets-dinformation\/#primaryimage"},"thumbnailUrl":"https:\/\/www.braintumour.ca\/wp-content\/uploads\/2019\/11\/writing-1149962_1920.jpg","datePublished":"2019-08-26T21:30:27+00:00","dateModified":"2023-06-06T19:58:55+00:00","description":"Les feuillets d'information contiennent des r\u00e9ponses aux questions fr\u00e9quemment pos\u00e9es sur un \u00e9ventail de sujets li\u00e9s aux tumeurs c\u00e9r\u00e9brales.","breadcrumb":{"@id":"https:\/\/www.braintumour.ca\/fr\/information-utile\/ressources-en-ligne\/feuillets-dinformation\/#breadcrumb"},"inLanguage":"fr-CA","potentialAction":[{"@type":"ReadAction","target":["https:\/\/www.braintumour.ca\/fr\/information-utile\/ressources-en-ligne\/feuillets-dinformation\/"]}]},{"@type":"ImageObject","inLanguage":"fr-CA","@id":"https:\/\/www.braintumour.ca\/fr\/information-utile\/ressources-en-ligne\/feuillets-dinformation\/#primaryimage","url":"https:\/\/www.braintumour.ca\/wp-content\/uploads\/2019\/11\/writing-1149962_1920.jpg","contentUrl":"https:\/\/www.braintumour.ca\/wp-content\/uploads\/2019\/11\/writing-1149962_1920.jpg","width":1920,"height":1281,"caption":"Writing"},{"@type":"BreadcrumbList","@id":"https:\/\/www.braintumour.ca\/fr\/information-utile\/ressources-en-ligne\/feuillets-dinformation\/#breadcrumb","itemListElement":[{"@type":"ListItem","position":1,"name":"Home","item":"https:\/\/www.braintumour.ca\/fr\/"},{"@type":"ListItem","position":2,"name":"Information utile","item":"https:\/\/www.braintumour.ca\/fr\/information-utile\/"},{"@type":"ListItem","position":3,"name":"Ressources en ligne","item":"https:\/\/www.braintumour.ca\/fr\/information-utile\/ressources-en-ligne\/"},{"@type":"ListItem","position":4,"name":"Feuillets d&#8217;information"}]},{"@type":"WebSite","@id":"https:\/\/www.braintumour.ca\/fr\/#website","url":"https:\/\/www.braintumour.ca\/fr\/","name":"Fondation canadienne des tumeurs c\u00e9r\u00e9brales","description":"Notre mission est de venir en aide \u00e0 toutes les personnes touch\u00e9es par une tumeur c\u00e9r\u00e9brale au Canada par le biais de nos programmes d\u2019information, de soutien, d\u2019\u00e9ducation et de recherche.","potentialAction":[{"@type":"SearchAction","target":{"@type":"EntryPoint","urlTemplate":"https:\/\/www.braintumour.ca\/fr\/?s={search_term_string}"},"query-input":{"@type":"PropertyValueSpecification","valueRequired":true,"valueName":"search_term_string"}}],"inLanguage":"fr-CA"}]}},"_links":{"self":[{"href":"https:\/\/www.braintumour.ca\/fr\/wp-json\/wp\/v2\/pages\/2722","targetHints":{"allow":["GET"]}}],"collection":[{"href":"https:\/\/www.braintumour.ca\/fr\/wp-json\/wp\/v2\/pages"}],"about":[{"href":"https:\/\/www.braintumour.ca\/fr\/wp-json\/wp\/v2\/types\/page"}],"author":[{"embeddable":true,"href":"https:\/\/www.braintumour.ca\/fr\/wp-json\/wp\/v2\/users\/4"}],"replies":[{"embeddable":true,"href":"https:\/\/www.braintumour.ca\/fr\/wp-json\/wp\/v2\/comments?post=2722"}],"version-history":[{"count":0,"href":"https:\/\/www.braintumour.ca\/fr\/wp-json\/wp\/v2\/pages\/2722\/revisions"}],"up":[{"embeddable":true,"href":"https:\/\/www.braintumour.ca\/fr\/wp-json\/wp\/v2\/pages\/2720"}],"wp:featuredmedia":[{"embeddable":true,"href":"https:\/\/www.braintumour.ca\/fr\/wp-json\/wp\/v2\/media\/1929"}],"wp:attachment":[{"href":"https:\/\/www.braintumour.ca\/fr\/wp-json\/wp\/v2\/media?parent=2722"}],"wp:term":[{"taxonomy":"user_type","embeddable":true,"href":"https:\/\/www.braintumour.ca\/fr\/wp-json\/wp\/v2\/user_type?post=2722"}],"curies":[{"name":"wp","href":"https:\/\/api.w.org\/{rel}","templated":true}]}}