{"id":2828,"date":"2019-08-26T17:31:22","date_gmt":"2019-08-26T21:31:22","guid":{"rendered":"https:\/\/braintumour.ca\/information-utile\/apprentissage-en-ligne\/external-links\/"},"modified":"2021-08-23T14:21:27","modified_gmt":"2021-08-23T18:21:27","slug":"liens-externes","status":"publish","type":"page","link":"https:\/\/www.braintumour.ca\/fr\/information-utile\/ressources-en-ligne\/liens-externes\/","title":{"rendered":"Liens externes"},"content":{"rendered":"<h5>Trouvez de l&rsquo;information pour vous aider, vous et votre famille, \u00e0 mieux vivre avec une tumeur c\u00e9r\u00e9brale<\/h5>\n","protected":false},"excerpt":{"rendered":"<p>Trouvez de l&rsquo;information pour vous aider, vous et votre famille, \u00e0 mieux vivre avec une tumeur c\u00e9r\u00e9brale<\/p>\n","protected":false},"author":4,"featured_media":1633,"parent":2720,"menu_order":3,"comment_status":"closed","ping_status":"closed","template":"","meta":{"_acf_changed":false,"footnotes":""},"user_type":[133,132,137,136,134,135],"class_list":["post-2828","page","type-page","status-publish","has-post-thumbnail","hentry","user_type-patient-fr","user_type-proche-aidant","user_type-benevole","user_type-donateur","user_type-chercheur","user_type-professionnel-de-la-sante"],"acf":[],"yoast_head":"<!-- This site is optimized with the Yoast SEO Premium plugin v27.0 (Yoast SEO v27.0) - https:\/\/yoast.com\/product\/yoast-seo-premium-wordpress\/ -->\n<title>Liens externes - Fondation canadienne des tumeurs c\u00e9r\u00e9brales<\/title>\n<meta name=\"description\" content=\"Dess ressources utiles pour les personnes touch\u00e9es par une tumeur c\u00e9r\u00e9brale sur une vari\u00e9t\u00e9 de sujet tels que la planification pr\u00e9alable des soins, les ressources financi\u00e8res, les perruques, etc.\" \/>\n<meta name=\"robots\" content=\"index, follow, max-snippet:-1, max-image-preview:large, max-video-preview:-1\" \/>\n<link rel=\"canonical\" href=\"https:\/\/www.braintumour.ca\/fr\/information-utile\/ressources-en-ligne\/liens-externes\/\" \/>\n<meta property=\"og:locale\" content=\"fr_CA\" \/>\n<meta property=\"og:type\" content=\"article\" \/>\n<meta property=\"og:title\" content=\"Liens externes\" \/>\n<meta property=\"og:description\" content=\"Dess ressources utiles pour les personnes touch\u00e9es par une tumeur c\u00e9r\u00e9brale sur une vari\u00e9t\u00e9 de sujet tels que la planification pr\u00e9alable des soins, les ressources financi\u00e8res, les perruques, etc.\" \/>\n<meta property=\"og:url\" content=\"https:\/\/www.braintumour.ca\/fr\/information-utile\/ressources-en-ligne\/liens-externes\/\" \/>\n<meta property=\"og:site_name\" content=\"Fondation canadienne des tumeurs c\u00e9r\u00e9brales\" \/>\n<meta property=\"article:modified_time\" content=\"2021-08-23T18:21:27+00:00\" \/>\n<meta property=\"og:image\" content=\"https:\/\/www.braintumour.ca\/wp-content\/uploads\/2019\/10\/internet-3563638_1920.jpg\" \/>\n\t<meta property=\"og:image:width\" content=\"1920\" \/>\n\t<meta property=\"og:image:height\" content=\"996\" \/>\n\t<meta property=\"og:image:type\" content=\"image\/jpeg\" \/>\n<meta name=\"twitter:card\" content=\"summary_large_image\" \/>\n<script type=\"application\/ld+json\" class=\"yoast-schema-graph\">{\"@context\":\"https:\/\/schema.org\",\"@graph\":[{\"@type\":\"WebPage\",\"@id\":\"https:\/\/www.braintumour.ca\/fr\/information-utile\/ressources-en-ligne\/liens-externes\/\",\"url\":\"https:\/\/www.braintumour.ca\/fr\/information-utile\/ressources-en-ligne\/liens-externes\/\",\"name\":\"Liens externes - Fondation canadienne des tumeurs c\u00e9r\u00e9brales\",\"isPartOf\":{\"@id\":\"https:\/\/www.braintumour.ca\/fr\/#website\"},\"primaryImageOfPage\":{\"@id\":\"https:\/\/www.braintumour.ca\/fr\/information-utile\/ressources-en-ligne\/liens-externes\/#primaryimage\"},\"image\":{\"@id\":\"https:\/\/www.braintumour.ca\/fr\/information-utile\/ressources-en-ligne\/liens-externes\/#primaryimage\"},\"thumbnailUrl\":\"https:\/\/www.braintumour.ca\/wp-content\/uploads\/2019\/10\/internet-3563638_1920.jpg\",\"datePublished\":\"2019-08-26T21:31:22+00:00\",\"dateModified\":\"2021-08-23T18:21:27+00:00\",\"description\":\"Dess ressources utiles pour les personnes touch\u00e9es par une tumeur c\u00e9r\u00e9brale sur une vari\u00e9t\u00e9 de sujet tels que la planification pr\u00e9alable des soins, les ressources financi\u00e8res, les perruques, etc.\",\"breadcrumb\":{\"@id\":\"https:\/\/www.braintumour.ca\/fr\/information-utile\/ressources-en-ligne\/liens-externes\/#breadcrumb\"},\"inLanguage\":\"fr-CA\",\"potentialAction\":[{\"@type\":\"ReadAction\",\"target\":[\"https:\/\/www.braintumour.ca\/fr\/information-utile\/ressources-en-ligne\/liens-externes\/\"]}]},{\"@type\":\"ImageObject\",\"inLanguage\":\"fr-CA\",\"@id\":\"https:\/\/www.braintumour.ca\/fr\/information-utile\/ressources-en-ligne\/liens-externes\/#primaryimage\",\"url\":\"https:\/\/www.braintumour.ca\/wp-content\/uploads\/2019\/10\/internet-3563638_1920.jpg\",\"contentUrl\":\"https:\/\/www.braintumour.ca\/wp-content\/uploads\/2019\/10\/internet-3563638_1920.jpg\",\"width\":1920,\"height\":996,\"caption\":\"External Resources\"},{\"@type\":\"BreadcrumbList\",\"@id\":\"https:\/\/www.braintumour.ca\/fr\/information-utile\/ressources-en-ligne\/liens-externes\/#breadcrumb\",\"itemListElement\":[{\"@type\":\"ListItem\",\"position\":1,\"name\":\"Home\",\"item\":\"https:\/\/www.braintumour.ca\/fr\/\"},{\"@type\":\"ListItem\",\"position\":2,\"name\":\"Information utile\",\"item\":\"https:\/\/www.braintumour.ca\/fr\/information-utile\/\"},{\"@type\":\"ListItem\",\"position\":3,\"name\":\"Ressources en ligne\",\"item\":\"https:\/\/www.braintumour.ca\/fr\/information-utile\/ressources-en-ligne\/\"},{\"@type\":\"ListItem\",\"position\":4,\"name\":\"Liens externes\"}]},{\"@type\":\"WebSite\",\"@id\":\"https:\/\/www.braintumour.ca\/fr\/#website\",\"url\":\"https:\/\/www.braintumour.ca\/fr\/\",\"name\":\"Fondation canadienne des tumeurs c\u00e9r\u00e9brales\",\"description\":\"Notre mission est de venir en aide \u00e0 toutes les personnes touch\u00e9es par une tumeur c\u00e9r\u00e9brale au Canada par le biais de nos programmes d\u2019information, de soutien, d\u2019\u00e9ducation et de recherche.\",\"potentialAction\":[{\"@type\":\"SearchAction\",\"target\":{\"@type\":\"EntryPoint\",\"urlTemplate\":\"https:\/\/www.braintumour.ca\/fr\/?s={search_term_string}\"},\"query-input\":{\"@type\":\"PropertyValueSpecification\",\"valueRequired\":true,\"valueName\":\"search_term_string\"}}],\"inLanguage\":\"fr-CA\"}]}<\/script>\n<!-- \/ Yoast SEO Premium plugin. -->","yoast_head_json":{"title":"Liens externes - Fondation canadienne des tumeurs c\u00e9r\u00e9brales","description":"Dess ressources utiles pour les personnes touch\u00e9es par une tumeur c\u00e9r\u00e9brale sur une vari\u00e9t\u00e9 de sujet tels que la planification pr\u00e9alable des soins, les ressources financi\u00e8res, les perruques, etc.","robots":{"index":"index","follow":"follow","max-snippet":"max-snippet:-1","max-image-preview":"max-image-preview:large","max-video-preview":"max-video-preview:-1"},"canonical":"https:\/\/www.braintumour.ca\/fr\/information-utile\/ressources-en-ligne\/liens-externes\/","og_locale":"fr_CA","og_type":"article","og_title":"Liens externes","og_description":"Dess ressources utiles pour les personnes touch\u00e9es par une tumeur c\u00e9r\u00e9brale sur une vari\u00e9t\u00e9 de sujet tels que la planification pr\u00e9alable des soins, les ressources financi\u00e8res, les perruques, etc.","og_url":"https:\/\/www.braintumour.ca\/fr\/information-utile\/ressources-en-ligne\/liens-externes\/","og_site_name":"Fondation canadienne des tumeurs c\u00e9r\u00e9brales","article_modified_time":"2021-08-23T18:21:27+00:00","og_image":[{"width":1920,"height":996,"url":"https:\/\/www.braintumour.ca\/wp-content\/uploads\/2019\/10\/internet-3563638_1920.jpg","type":"image\/jpeg"}],"twitter_card":"summary_large_image","schema":{"@context":"https:\/\/schema.org","@graph":[{"@type":"WebPage","@id":"https:\/\/www.braintumour.ca\/fr\/information-utile\/ressources-en-ligne\/liens-externes\/","url":"https:\/\/www.braintumour.ca\/fr\/information-utile\/ressources-en-ligne\/liens-externes\/","name":"Liens externes - Fondation canadienne des tumeurs c\u00e9r\u00e9brales","isPartOf":{"@id":"https:\/\/www.braintumour.ca\/fr\/#website"},"primaryImageOfPage":{"@id":"https:\/\/www.braintumour.ca\/fr\/information-utile\/ressources-en-ligne\/liens-externes\/#primaryimage"},"image":{"@id":"https:\/\/www.braintumour.ca\/fr\/information-utile\/ressources-en-ligne\/liens-externes\/#primaryimage"},"thumbnailUrl":"https:\/\/www.braintumour.ca\/wp-content\/uploads\/2019\/10\/internet-3563638_1920.jpg","datePublished":"2019-08-26T21:31:22+00:00","dateModified":"2021-08-23T18:21:27+00:00","description":"Dess ressources utiles pour les personnes touch\u00e9es par une tumeur c\u00e9r\u00e9brale sur une vari\u00e9t\u00e9 de sujet tels que la planification pr\u00e9alable des soins, les ressources financi\u00e8res, les perruques, etc.","breadcrumb":{"@id":"https:\/\/www.braintumour.ca\/fr\/information-utile\/ressources-en-ligne\/liens-externes\/#breadcrumb"},"inLanguage":"fr-CA","potentialAction":[{"@type":"ReadAction","target":["https:\/\/www.braintumour.ca\/fr\/information-utile\/ressources-en-ligne\/liens-externes\/"]}]},{"@type":"ImageObject","inLanguage":"fr-CA","@id":"https:\/\/www.braintumour.ca\/fr\/information-utile\/ressources-en-ligne\/liens-externes\/#primaryimage","url":"https:\/\/www.braintumour.ca\/wp-content\/uploads\/2019\/10\/internet-3563638_1920.jpg","contentUrl":"https:\/\/www.braintumour.ca\/wp-content\/uploads\/2019\/10\/internet-3563638_1920.jpg","width":1920,"height":996,"caption":"External Resources"},{"@type":"BreadcrumbList","@id":"https:\/\/www.braintumour.ca\/fr\/information-utile\/ressources-en-ligne\/liens-externes\/#breadcrumb","itemListElement":[{"@type":"ListItem","position":1,"name":"Home","item":"https:\/\/www.braintumour.ca\/fr\/"},{"@type":"ListItem","position":2,"name":"Information utile","item":"https:\/\/www.braintumour.ca\/fr\/information-utile\/"},{"@type":"ListItem","position":3,"name":"Ressources en ligne","item":"https:\/\/www.braintumour.ca\/fr\/information-utile\/ressources-en-ligne\/"},{"@type":"ListItem","position":4,"name":"Liens externes"}]},{"@type":"WebSite","@id":"https:\/\/www.braintumour.ca\/fr\/#website","url":"https:\/\/www.braintumour.ca\/fr\/","name":"Fondation canadienne des tumeurs c\u00e9r\u00e9brales","description":"Notre mission est de venir en aide \u00e0 toutes les personnes touch\u00e9es par une tumeur c\u00e9r\u00e9brale au Canada par le biais de nos programmes d\u2019information, de soutien, d\u2019\u00e9ducation et de recherche.","potentialAction":[{"@type":"SearchAction","target":{"@type":"EntryPoint","urlTemplate":"https:\/\/www.braintumour.ca\/fr\/?s={search_term_string}"},"query-input":{"@type":"PropertyValueSpecification","valueRequired":true,"valueName":"search_term_string"}}],"inLanguage":"fr-CA"}]}},"_links":{"self":[{"href":"https:\/\/www.braintumour.ca\/fr\/wp-json\/wp\/v2\/pages\/2828","targetHints":{"allow":["GET"]}}],"collection":[{"href":"https:\/\/www.braintumour.ca\/fr\/wp-json\/wp\/v2\/pages"}],"about":[{"href":"https:\/\/www.braintumour.ca\/fr\/wp-json\/wp\/v2\/types\/page"}],"author":[{"embeddable":true,"href":"https:\/\/www.braintumour.ca\/fr\/wp-json\/wp\/v2\/users\/4"}],"replies":[{"embeddable":true,"href":"https:\/\/www.braintumour.ca\/fr\/wp-json\/wp\/v2\/comments?post=2828"}],"version-history":[{"count":0,"href":"https:\/\/www.braintumour.ca\/fr\/wp-json\/wp\/v2\/pages\/2828\/revisions"}],"up":[{"embeddable":true,"href":"https:\/\/www.braintumour.ca\/fr\/wp-json\/wp\/v2\/pages\/2720"}],"wp:featuredmedia":[{"embeddable":true,"href":"https:\/\/www.braintumour.ca\/fr\/wp-json\/wp\/v2\/media\/1633"}],"wp:attachment":[{"href":"https:\/\/www.braintumour.ca\/fr\/wp-json\/wp\/v2\/media?parent=2828"}],"wp:term":[{"taxonomy":"user_type","embeddable":true,"href":"https:\/\/www.braintumour.ca\/fr\/wp-json\/wp\/v2\/user_type?post=2828"}],"curies":[{"name":"wp","href":"https:\/\/api.w.org\/{rel}","templated":true}]}}