{"id":2830,"date":"2019-08-26T17:30:57","date_gmt":"2019-08-26T21:30:57","guid":{"rendered":"https:\/\/braintumour.ca\/information-utile\/apprentissage-en-ligne\/online-learning\/"},"modified":"2025-07-07T09:30:41","modified_gmt":"2025-07-07T13:30:41","slug":"videos-en-ligne","status":"publish","type":"page","link":"https:\/\/www.braintumour.ca\/fr\/information-utile\/ressources-en-ligne\/videos-en-ligne\/","title":{"rendered":"Vid\u00e9os en ligne"},"content":{"rendered":"<h5>Apprenez-en plus sur les tumeurs c\u00e9r\u00e9brales gr\u00e2ce \u00e0 ces vid\u00e9os.<\/h5>\n","protected":false},"excerpt":{"rendered":"<p>Apprenez-en plus sur les tumeurs c\u00e9r\u00e9brales gr\u00e2ce \u00e0 ces vid\u00e9os.<\/p>\n","protected":false},"author":4,"featured_media":980,"parent":2720,"menu_order":3,"comment_status":"closed","ping_status":"closed","template":"","meta":{"_acf_changed":false,"footnotes":""},"user_type":[133,132,137,136,134,135],"class_list":["post-2830","page","type-page","status-publish","has-post-thumbnail","hentry","user_type-patient-fr","user_type-proche-aidant","user_type-benevole","user_type-donateur","user_type-chercheur","user_type-professionnel-de-la-sante"],"acf":[],"yoast_head":"<!-- This site is optimized with the Yoast SEO Premium plugin v27.0 (Yoast SEO v27.0) - https:\/\/yoast.com\/product\/yoast-seo-premium-wordpress\/ -->\n<title>Vid\u00e9os en ligne - Fondation canadienne des tumeurs c\u00e9r\u00e9brales<\/title>\n<meta name=\"description\" content=\"L&#039;apprentissage des tumeurs c\u00e9r\u00e9brales, de leur traitement, de la recherche et de la qualit\u00e9 de vie est simplifi\u00e9 gr\u00e2ce aux vid\u00e9os en ligne. Toutes les vid\u00e9os ont \u00e9t\u00e9 class\u00e9es par sujet.\" \/>\n<meta name=\"robots\" content=\"index, follow, max-snippet:-1, max-image-preview:large, max-video-preview:-1\" \/>\n<link rel=\"canonical\" href=\"https:\/\/www.braintumour.ca\/fr\/information-utile\/ressources-en-ligne\/videos-en-ligne\/\" \/>\n<meta property=\"og:locale\" content=\"fr_CA\" \/>\n<meta property=\"og:type\" content=\"article\" \/>\n<meta property=\"og:title\" content=\"Vid\u00e9os en ligne\" \/>\n<meta property=\"og:description\" content=\"L&#039;apprentissage des tumeurs c\u00e9r\u00e9brales, de leur traitement, de la recherche et de la qualit\u00e9 de vie est simplifi\u00e9 gr\u00e2ce aux vid\u00e9os en ligne. Toutes les vid\u00e9os ont \u00e9t\u00e9 class\u00e9es par sujet.\" \/>\n<meta property=\"og:url\" content=\"https:\/\/www.braintumour.ca\/fr\/information-utile\/ressources-en-ligne\/videos-en-ligne\/\" \/>\n<meta property=\"og:site_name\" content=\"Fondation canadienne des tumeurs c\u00e9r\u00e9brales\" \/>\n<meta property=\"article:modified_time\" content=\"2025-07-07T13:30:41+00:00\" \/>\n<meta property=\"og:image\" content=\"https:\/\/www.braintumour.ca\/wp-content\/uploads\/2019\/09\/hand-3044387_1280.jpg\" \/>\n\t<meta property=\"og:image:width\" content=\"1280\" \/>\n\t<meta property=\"og:image:height\" content=\"600\" \/>\n\t<meta property=\"og:image:type\" content=\"image\/jpeg\" \/>\n<meta name=\"twitter:card\" content=\"summary_large_image\" \/>\n<meta name=\"twitter:label1\" content=\"Estimation du temps de lecture\" \/>\n\t<meta name=\"twitter:data1\" content=\"11 minutes\" \/>\n<script type=\"application\/ld+json\" class=\"yoast-schema-graph\">{\"@context\":\"https:\/\/schema.org\",\"@graph\":[{\"@type\":\"WebPage\",\"@id\":\"https:\/\/www.braintumour.ca\/fr\/information-utile\/ressources-en-ligne\/videos-en-ligne\/\",\"url\":\"https:\/\/www.braintumour.ca\/fr\/information-utile\/ressources-en-ligne\/videos-en-ligne\/\",\"name\":\"Vid\u00e9os en ligne - Fondation canadienne des tumeurs c\u00e9r\u00e9brales\",\"isPartOf\":{\"@id\":\"https:\/\/www.braintumour.ca\/fr\/#website\"},\"primaryImageOfPage\":{\"@id\":\"https:\/\/www.braintumour.ca\/fr\/information-utile\/ressources-en-ligne\/videos-en-ligne\/#primaryimage\"},\"image\":{\"@id\":\"https:\/\/www.braintumour.ca\/fr\/information-utile\/ressources-en-ligne\/videos-en-ligne\/#primaryimage\"},\"thumbnailUrl\":\"https:\/\/www.braintumour.ca\/wp-content\/uploads\/2019\/09\/hand-3044387_1280.jpg\",\"datePublished\":\"2019-08-26T21:30:57+00:00\",\"dateModified\":\"2025-07-07T13:30:41+00:00\",\"description\":\"L'apprentissage des tumeurs c\u00e9r\u00e9brales, de leur traitement, de la recherche et de la qualit\u00e9 de vie est simplifi\u00e9 gr\u00e2ce aux vid\u00e9os en ligne. Toutes les vid\u00e9os ont \u00e9t\u00e9 class\u00e9es par sujet.\",\"breadcrumb\":{\"@id\":\"https:\/\/www.braintumour.ca\/fr\/information-utile\/ressources-en-ligne\/videos-en-ligne\/#breadcrumb\"},\"inLanguage\":\"fr-CA\",\"potentialAction\":[{\"@type\":\"ReadAction\",\"target\":[\"https:\/\/www.braintumour.ca\/fr\/information-utile\/ressources-en-ligne\/videos-en-ligne\/\"]}]},{\"@type\":\"ImageObject\",\"inLanguage\":\"fr-CA\",\"@id\":\"https:\/\/www.braintumour.ca\/fr\/information-utile\/ressources-en-ligne\/videos-en-ligne\/#primaryimage\",\"url\":\"https:\/\/www.braintumour.ca\/wp-content\/uploads\/2019\/09\/hand-3044387_1280.jpg\",\"contentUrl\":\"https:\/\/www.braintumour.ca\/wp-content\/uploads\/2019\/09\/hand-3044387_1280.jpg\",\"width\":1280,\"height\":600,\"caption\":\"Cloud technology\"},{\"@type\":\"BreadcrumbList\",\"@id\":\"https:\/\/www.braintumour.ca\/fr\/information-utile\/ressources-en-ligne\/videos-en-ligne\/#breadcrumb\",\"itemListElement\":[{\"@type\":\"ListItem\",\"position\":1,\"name\":\"Home\",\"item\":\"https:\/\/www.braintumour.ca\/fr\/\"},{\"@type\":\"ListItem\",\"position\":2,\"name\":\"Information utile\",\"item\":\"https:\/\/www.braintumour.ca\/fr\/information-utile\/\"},{\"@type\":\"ListItem\",\"position\":3,\"name\":\"Ressources en ligne\",\"item\":\"https:\/\/www.braintumour.ca\/fr\/information-utile\/ressources-en-ligne\/\"},{\"@type\":\"ListItem\",\"position\":4,\"name\":\"Vid\u00e9os en ligne\"}]},{\"@type\":\"WebSite\",\"@id\":\"https:\/\/www.braintumour.ca\/fr\/#website\",\"url\":\"https:\/\/www.braintumour.ca\/fr\/\",\"name\":\"Fondation canadienne des tumeurs c\u00e9r\u00e9brales\",\"description\":\"Notre mission est de venir en aide \u00e0 toutes les personnes touch\u00e9es par une tumeur c\u00e9r\u00e9brale au Canada par le biais de nos programmes d\u2019information, de soutien, d\u2019\u00e9ducation et de recherche.\",\"potentialAction\":[{\"@type\":\"SearchAction\",\"target\":{\"@type\":\"EntryPoint\",\"urlTemplate\":\"https:\/\/www.braintumour.ca\/fr\/?s={search_term_string}\"},\"query-input\":{\"@type\":\"PropertyValueSpecification\",\"valueRequired\":true,\"valueName\":\"search_term_string\"}}],\"inLanguage\":\"fr-CA\"}]}<\/script>\n<!-- \/ Yoast SEO Premium plugin. -->","yoast_head_json":{"title":"Vid\u00e9os en ligne - Fondation canadienne des tumeurs c\u00e9r\u00e9brales","description":"L'apprentissage des tumeurs c\u00e9r\u00e9brales, de leur traitement, de la recherche et de la qualit\u00e9 de vie est simplifi\u00e9 gr\u00e2ce aux vid\u00e9os en ligne. Toutes les vid\u00e9os ont \u00e9t\u00e9 class\u00e9es par sujet.","robots":{"index":"index","follow":"follow","max-snippet":"max-snippet:-1","max-image-preview":"max-image-preview:large","max-video-preview":"max-video-preview:-1"},"canonical":"https:\/\/www.braintumour.ca\/fr\/information-utile\/ressources-en-ligne\/videos-en-ligne\/","og_locale":"fr_CA","og_type":"article","og_title":"Vid\u00e9os en ligne","og_description":"L'apprentissage des tumeurs c\u00e9r\u00e9brales, de leur traitement, de la recherche et de la qualit\u00e9 de vie est simplifi\u00e9 gr\u00e2ce aux vid\u00e9os en ligne. Toutes les vid\u00e9os ont \u00e9t\u00e9 class\u00e9es par sujet.","og_url":"https:\/\/www.braintumour.ca\/fr\/information-utile\/ressources-en-ligne\/videos-en-ligne\/","og_site_name":"Fondation canadienne des tumeurs c\u00e9r\u00e9brales","article_modified_time":"2025-07-07T13:30:41+00:00","og_image":[{"width":1280,"height":600,"url":"https:\/\/www.braintumour.ca\/wp-content\/uploads\/2019\/09\/hand-3044387_1280.jpg","type":"image\/jpeg"}],"twitter_card":"summary_large_image","twitter_misc":{"Estimation du temps de lecture":"11 minutes"},"schema":{"@context":"https:\/\/schema.org","@graph":[{"@type":"WebPage","@id":"https:\/\/www.braintumour.ca\/fr\/information-utile\/ressources-en-ligne\/videos-en-ligne\/","url":"https:\/\/www.braintumour.ca\/fr\/information-utile\/ressources-en-ligne\/videos-en-ligne\/","name":"Vid\u00e9os en ligne - Fondation canadienne des tumeurs c\u00e9r\u00e9brales","isPartOf":{"@id":"https:\/\/www.braintumour.ca\/fr\/#website"},"primaryImageOfPage":{"@id":"https:\/\/www.braintumour.ca\/fr\/information-utile\/ressources-en-ligne\/videos-en-ligne\/#primaryimage"},"image":{"@id":"https:\/\/www.braintumour.ca\/fr\/information-utile\/ressources-en-ligne\/videos-en-ligne\/#primaryimage"},"thumbnailUrl":"https:\/\/www.braintumour.ca\/wp-content\/uploads\/2019\/09\/hand-3044387_1280.jpg","datePublished":"2019-08-26T21:30:57+00:00","dateModified":"2025-07-07T13:30:41+00:00","description":"L'apprentissage des tumeurs c\u00e9r\u00e9brales, de leur traitement, de la recherche et de la qualit\u00e9 de vie est simplifi\u00e9 gr\u00e2ce aux vid\u00e9os en ligne. Toutes les vid\u00e9os ont \u00e9t\u00e9 class\u00e9es par sujet.","breadcrumb":{"@id":"https:\/\/www.braintumour.ca\/fr\/information-utile\/ressources-en-ligne\/videos-en-ligne\/#breadcrumb"},"inLanguage":"fr-CA","potentialAction":[{"@type":"ReadAction","target":["https:\/\/www.braintumour.ca\/fr\/information-utile\/ressources-en-ligne\/videos-en-ligne\/"]}]},{"@type":"ImageObject","inLanguage":"fr-CA","@id":"https:\/\/www.braintumour.ca\/fr\/information-utile\/ressources-en-ligne\/videos-en-ligne\/#primaryimage","url":"https:\/\/www.braintumour.ca\/wp-content\/uploads\/2019\/09\/hand-3044387_1280.jpg","contentUrl":"https:\/\/www.braintumour.ca\/wp-content\/uploads\/2019\/09\/hand-3044387_1280.jpg","width":1280,"height":600,"caption":"Cloud technology"},{"@type":"BreadcrumbList","@id":"https:\/\/www.braintumour.ca\/fr\/information-utile\/ressources-en-ligne\/videos-en-ligne\/#breadcrumb","itemListElement":[{"@type":"ListItem","position":1,"name":"Home","item":"https:\/\/www.braintumour.ca\/fr\/"},{"@type":"ListItem","position":2,"name":"Information utile","item":"https:\/\/www.braintumour.ca\/fr\/information-utile\/"},{"@type":"ListItem","position":3,"name":"Ressources en ligne","item":"https:\/\/www.braintumour.ca\/fr\/information-utile\/ressources-en-ligne\/"},{"@type":"ListItem","position":4,"name":"Vid\u00e9os en ligne"}]},{"@type":"WebSite","@id":"https:\/\/www.braintumour.ca\/fr\/#website","url":"https:\/\/www.braintumour.ca\/fr\/","name":"Fondation canadienne des tumeurs c\u00e9r\u00e9brales","description":"Notre mission est de venir en aide \u00e0 toutes les personnes touch\u00e9es par une tumeur c\u00e9r\u00e9brale au Canada par le biais de nos programmes d\u2019information, de soutien, d\u2019\u00e9ducation et de recherche.","potentialAction":[{"@type":"SearchAction","target":{"@type":"EntryPoint","urlTemplate":"https:\/\/www.braintumour.ca\/fr\/?s={search_term_string}"},"query-input":{"@type":"PropertyValueSpecification","valueRequired":true,"valueName":"search_term_string"}}],"inLanguage":"fr-CA"}]}},"_links":{"self":[{"href":"https:\/\/www.braintumour.ca\/fr\/wp-json\/wp\/v2\/pages\/2830","targetHints":{"allow":["GET"]}}],"collection":[{"href":"https:\/\/www.braintumour.ca\/fr\/wp-json\/wp\/v2\/pages"}],"about":[{"href":"https:\/\/www.braintumour.ca\/fr\/wp-json\/wp\/v2\/types\/page"}],"author":[{"embeddable":true,"href":"https:\/\/www.braintumour.ca\/fr\/wp-json\/wp\/v2\/users\/4"}],"replies":[{"embeddable":true,"href":"https:\/\/www.braintumour.ca\/fr\/wp-json\/wp\/v2\/comments?post=2830"}],"version-history":[{"count":0,"href":"https:\/\/www.braintumour.ca\/fr\/wp-json\/wp\/v2\/pages\/2830\/revisions"}],"up":[{"embeddable":true,"href":"https:\/\/www.braintumour.ca\/fr\/wp-json\/wp\/v2\/pages\/2720"}],"wp:featuredmedia":[{"embeddable":true,"href":"https:\/\/www.braintumour.ca\/fr\/wp-json\/wp\/v2\/media\/980"}],"wp:attachment":[{"href":"https:\/\/www.braintumour.ca\/fr\/wp-json\/wp\/v2\/media?parent=2830"}],"wp:term":[{"taxonomy":"user_type","embeddable":true,"href":"https:\/\/www.braintumour.ca\/fr\/wp-json\/wp\/v2\/user_type?post=2830"}],"curies":[{"name":"wp","href":"https:\/\/api.w.org\/{rel}","templated":true}]}}