{"id":2902,"date":"2019-08-26T17:33:00","date_gmt":"2019-08-26T21:33:00","guid":{"rendered":"https:\/\/braintumour.ca\/medias\/fact-sheet\/"},"modified":"2020-01-15T15:03:08","modified_gmt":"2020-01-15T20:03:08","slug":"faits-sur-les-tumeurs-cerebrales","status":"publish","type":"page","link":"https:\/\/www.braintumour.ca\/fr\/medias\/faits-sur-les-tumeurs-cerebrales\/","title":{"rendered":"Faits sur les tumeurs c\u00e9r\u00e9brales"},"content":{"rendered":"<h5>Chaque jour, 27 Canadiens re\u00e7oivent un diagnostic de tumeur au cerveau. Apprenez-en plus sur les tumeurs c\u00e9r\u00e9brales.<\/h5>\n","protected":false},"excerpt":{"rendered":"<p>Chaque jour, 27 Canadiens re\u00e7oivent un diagnostic de tumeur au cerveau. Apprenez-en plus sur les tumeurs c\u00e9r\u00e9brales.<\/p>\n","protected":false},"author":4,"featured_media":2593,"parent":2901,"menu_order":1,"comment_status":"closed","ping_status":"closed","template":"","meta":{"_acf_changed":false,"footnotes":""},"user_type":[],"class_list":["post-2902","page","type-page","status-publish","has-post-thumbnail","hentry"],"acf":[],"yoast_head":"<!-- This site is optimized with the Yoast SEO Premium plugin v27.0 (Yoast SEO v27.0) - https:\/\/yoast.com\/product\/yoast-seo-premium-wordpress\/ -->\n<title>Faits sur les tumeurs c\u00e9r\u00e9brales - Fondation canadienne des tumeurs c\u00e9r\u00e9brales<\/title>\n<meta name=\"description\" content=\"Chaque jour, 27 Canadiens re\u00e7oivent un diagnostic de tumeur au cerveau. Apprenez-en plus sur les tumeurs c\u00e9r\u00e9brales.\" \/>\n<meta name=\"robots\" content=\"index, follow, max-snippet:-1, max-image-preview:large, max-video-preview:-1\" \/>\n<link rel=\"canonical\" href=\"https:\/\/www.braintumour.ca\/fr\/medias\/faits-sur-les-tumeurs-cerebrales\/\" \/>\n<meta property=\"og:locale\" content=\"fr_CA\" \/>\n<meta property=\"og:type\" content=\"article\" \/>\n<meta property=\"og:title\" content=\"Faits sur les tumeurs c\u00e9r\u00e9brales\" \/>\n<meta property=\"og:description\" content=\"Chaque jour, 27 Canadiens re\u00e7oivent un diagnostic de tumeur au cerveau. Apprenez-en plus sur les tumeurs c\u00e9r\u00e9brales.\" \/>\n<meta property=\"og:url\" content=\"https:\/\/www.braintumour.ca\/fr\/medias\/faits-sur-les-tumeurs-cerebrales\/\" \/>\n<meta property=\"og:site_name\" content=\"Fondation canadienne des tumeurs c\u00e9r\u00e9brales\" \/>\n<meta property=\"article:modified_time\" content=\"2020-01-15T20:03:08+00:00\" \/>\n<meta property=\"og:image\" content=\"https:\/\/www.braintumour.ca\/wp-content\/uploads\/2019\/11\/2019-Brain-Tumour-FACTS-FR-scaled.jpg\" \/>\n\t<meta property=\"og:image:width\" content=\"1978\" \/>\n\t<meta property=\"og:image:height\" content=\"2560\" \/>\n\t<meta property=\"og:image:type\" content=\"image\/jpeg\" \/>\n<meta name=\"twitter:card\" content=\"summary_large_image\" \/>\n<script type=\"application\/ld+json\" class=\"yoast-schema-graph\">{\"@context\":\"https:\/\/schema.org\",\"@graph\":[{\"@type\":\"WebPage\",\"@id\":\"https:\/\/www.braintumour.ca\/fr\/medias\/faits-sur-les-tumeurs-cerebrales\/\",\"url\":\"https:\/\/www.braintumour.ca\/fr\/medias\/faits-sur-les-tumeurs-cerebrales\/\",\"name\":\"Faits sur les tumeurs c\u00e9r\u00e9brales - Fondation canadienne des tumeurs c\u00e9r\u00e9brales\",\"isPartOf\":{\"@id\":\"https:\/\/www.braintumour.ca\/fr\/#website\"},\"primaryImageOfPage\":{\"@id\":\"https:\/\/www.braintumour.ca\/fr\/medias\/faits-sur-les-tumeurs-cerebrales\/#primaryimage\"},\"image\":{\"@id\":\"https:\/\/www.braintumour.ca\/fr\/medias\/faits-sur-les-tumeurs-cerebrales\/#primaryimage\"},\"thumbnailUrl\":\"https:\/\/www.braintumour.ca\/wp-content\/uploads\/2019\/11\/2019-Brain-Tumour-FACTS-FR-scaled.jpg\",\"datePublished\":\"2019-08-26T21:33:00+00:00\",\"dateModified\":\"2020-01-15T20:03:08+00:00\",\"description\":\"Chaque jour, 27 Canadiens re\u00e7oivent un diagnostic de tumeur au cerveau. Apprenez-en plus sur les tumeurs c\u00e9r\u00e9brales.\",\"breadcrumb\":{\"@id\":\"https:\/\/www.braintumour.ca\/fr\/medias\/faits-sur-les-tumeurs-cerebrales\/#breadcrumb\"},\"inLanguage\":\"fr-CA\",\"potentialAction\":[{\"@type\":\"ReadAction\",\"target\":[\"https:\/\/www.braintumour.ca\/fr\/medias\/faits-sur-les-tumeurs-cerebrales\/\"]}]},{\"@type\":\"ImageObject\",\"inLanguage\":\"fr-CA\",\"@id\":\"https:\/\/www.braintumour.ca\/fr\/medias\/faits-sur-les-tumeurs-cerebrales\/#primaryimage\",\"url\":\"https:\/\/www.braintumour.ca\/wp-content\/uploads\/2019\/11\/2019-Brain-Tumour-FACTS-FR-scaled.jpg\",\"contentUrl\":\"https:\/\/www.braintumour.ca\/wp-content\/uploads\/2019\/11\/2019-Brain-Tumour-FACTS-FR-scaled.jpg\",\"width\":1978,\"height\":2560,\"caption\":\"Faits sur les tumeurs c\u00e9r\u00e9brales\"},{\"@type\":\"BreadcrumbList\",\"@id\":\"https:\/\/www.braintumour.ca\/fr\/medias\/faits-sur-les-tumeurs-cerebrales\/#breadcrumb\",\"itemListElement\":[{\"@type\":\"ListItem\",\"position\":1,\"name\":\"Home\",\"item\":\"https:\/\/www.braintumour.ca\/fr\/\"},{\"@type\":\"ListItem\",\"position\":2,\"name\":\"M\u00e9dias\",\"item\":\"https:\/\/www.braintumour.ca\/fr\/medias\/\"},{\"@type\":\"ListItem\",\"position\":3,\"name\":\"Faits sur les tumeurs c\u00e9r\u00e9brales\"}]},{\"@type\":\"WebSite\",\"@id\":\"https:\/\/www.braintumour.ca\/fr\/#website\",\"url\":\"https:\/\/www.braintumour.ca\/fr\/\",\"name\":\"Fondation canadienne des tumeurs c\u00e9r\u00e9brales\",\"description\":\"Notre mission est de venir en aide \u00e0 toutes les personnes touch\u00e9es par une tumeur c\u00e9r\u00e9brale au Canada par le biais de nos programmes d\u2019information, de soutien, d\u2019\u00e9ducation et de recherche.\",\"potentialAction\":[{\"@type\":\"SearchAction\",\"target\":{\"@type\":\"EntryPoint\",\"urlTemplate\":\"https:\/\/www.braintumour.ca\/fr\/?s={search_term_string}\"},\"query-input\":{\"@type\":\"PropertyValueSpecification\",\"valueRequired\":true,\"valueName\":\"search_term_string\"}}],\"inLanguage\":\"fr-CA\"}]}<\/script>\n<!-- \/ Yoast SEO Premium plugin. -->","yoast_head_json":{"title":"Faits sur les tumeurs c\u00e9r\u00e9brales - Fondation canadienne des tumeurs c\u00e9r\u00e9brales","description":"Chaque jour, 27 Canadiens re\u00e7oivent un diagnostic de tumeur au cerveau. Apprenez-en plus sur les tumeurs c\u00e9r\u00e9brales.","robots":{"index":"index","follow":"follow","max-snippet":"max-snippet:-1","max-image-preview":"max-image-preview:large","max-video-preview":"max-video-preview:-1"},"canonical":"https:\/\/www.braintumour.ca\/fr\/medias\/faits-sur-les-tumeurs-cerebrales\/","og_locale":"fr_CA","og_type":"article","og_title":"Faits sur les tumeurs c\u00e9r\u00e9brales","og_description":"Chaque jour, 27 Canadiens re\u00e7oivent un diagnostic de tumeur au cerveau. Apprenez-en plus sur les tumeurs c\u00e9r\u00e9brales.","og_url":"https:\/\/www.braintumour.ca\/fr\/medias\/faits-sur-les-tumeurs-cerebrales\/","og_site_name":"Fondation canadienne des tumeurs c\u00e9r\u00e9brales","article_modified_time":"2020-01-15T20:03:08+00:00","og_image":[{"width":1978,"height":2560,"url":"https:\/\/www.braintumour.ca\/wp-content\/uploads\/2019\/11\/2019-Brain-Tumour-FACTS-FR-scaled.jpg","type":"image\/jpeg"}],"twitter_card":"summary_large_image","schema":{"@context":"https:\/\/schema.org","@graph":[{"@type":"WebPage","@id":"https:\/\/www.braintumour.ca\/fr\/medias\/faits-sur-les-tumeurs-cerebrales\/","url":"https:\/\/www.braintumour.ca\/fr\/medias\/faits-sur-les-tumeurs-cerebrales\/","name":"Faits sur les tumeurs c\u00e9r\u00e9brales - Fondation canadienne des tumeurs c\u00e9r\u00e9brales","isPartOf":{"@id":"https:\/\/www.braintumour.ca\/fr\/#website"},"primaryImageOfPage":{"@id":"https:\/\/www.braintumour.ca\/fr\/medias\/faits-sur-les-tumeurs-cerebrales\/#primaryimage"},"image":{"@id":"https:\/\/www.braintumour.ca\/fr\/medias\/faits-sur-les-tumeurs-cerebrales\/#primaryimage"},"thumbnailUrl":"https:\/\/www.braintumour.ca\/wp-content\/uploads\/2019\/11\/2019-Brain-Tumour-FACTS-FR-scaled.jpg","datePublished":"2019-08-26T21:33:00+00:00","dateModified":"2020-01-15T20:03:08+00:00","description":"Chaque jour, 27 Canadiens re\u00e7oivent un diagnostic de tumeur au cerveau. Apprenez-en plus sur les tumeurs c\u00e9r\u00e9brales.","breadcrumb":{"@id":"https:\/\/www.braintumour.ca\/fr\/medias\/faits-sur-les-tumeurs-cerebrales\/#breadcrumb"},"inLanguage":"fr-CA","potentialAction":[{"@type":"ReadAction","target":["https:\/\/www.braintumour.ca\/fr\/medias\/faits-sur-les-tumeurs-cerebrales\/"]}]},{"@type":"ImageObject","inLanguage":"fr-CA","@id":"https:\/\/www.braintumour.ca\/fr\/medias\/faits-sur-les-tumeurs-cerebrales\/#primaryimage","url":"https:\/\/www.braintumour.ca\/wp-content\/uploads\/2019\/11\/2019-Brain-Tumour-FACTS-FR-scaled.jpg","contentUrl":"https:\/\/www.braintumour.ca\/wp-content\/uploads\/2019\/11\/2019-Brain-Tumour-FACTS-FR-scaled.jpg","width":1978,"height":2560,"caption":"Faits sur les tumeurs c\u00e9r\u00e9brales"},{"@type":"BreadcrumbList","@id":"https:\/\/www.braintumour.ca\/fr\/medias\/faits-sur-les-tumeurs-cerebrales\/#breadcrumb","itemListElement":[{"@type":"ListItem","position":1,"name":"Home","item":"https:\/\/www.braintumour.ca\/fr\/"},{"@type":"ListItem","position":2,"name":"M\u00e9dias","item":"https:\/\/www.braintumour.ca\/fr\/medias\/"},{"@type":"ListItem","position":3,"name":"Faits sur les tumeurs c\u00e9r\u00e9brales"}]},{"@type":"WebSite","@id":"https:\/\/www.braintumour.ca\/fr\/#website","url":"https:\/\/www.braintumour.ca\/fr\/","name":"Fondation canadienne des tumeurs c\u00e9r\u00e9brales","description":"Notre mission est de venir en aide \u00e0 toutes les personnes touch\u00e9es par une tumeur c\u00e9r\u00e9brale au Canada par le biais de nos programmes d\u2019information, de soutien, d\u2019\u00e9ducation et de recherche.","potentialAction":[{"@type":"SearchAction","target":{"@type":"EntryPoint","urlTemplate":"https:\/\/www.braintumour.ca\/fr\/?s={search_term_string}"},"query-input":{"@type":"PropertyValueSpecification","valueRequired":true,"valueName":"search_term_string"}}],"inLanguage":"fr-CA"}]}},"_links":{"self":[{"href":"https:\/\/www.braintumour.ca\/fr\/wp-json\/wp\/v2\/pages\/2902","targetHints":{"allow":["GET"]}}],"collection":[{"href":"https:\/\/www.braintumour.ca\/fr\/wp-json\/wp\/v2\/pages"}],"about":[{"href":"https:\/\/www.braintumour.ca\/fr\/wp-json\/wp\/v2\/types\/page"}],"author":[{"embeddable":true,"href":"https:\/\/www.braintumour.ca\/fr\/wp-json\/wp\/v2\/users\/4"}],"replies":[{"embeddable":true,"href":"https:\/\/www.braintumour.ca\/fr\/wp-json\/wp\/v2\/comments?post=2902"}],"version-history":[{"count":0,"href":"https:\/\/www.braintumour.ca\/fr\/wp-json\/wp\/v2\/pages\/2902\/revisions"}],"up":[{"embeddable":true,"href":"https:\/\/www.braintumour.ca\/fr\/wp-json\/wp\/v2\/pages\/2901"}],"wp:featuredmedia":[{"embeddable":true,"href":"https:\/\/www.braintumour.ca\/fr\/wp-json\/wp\/v2\/media\/2593"}],"wp:attachment":[{"href":"https:\/\/www.braintumour.ca\/fr\/wp-json\/wp\/v2\/media?parent=2902"}],"wp:term":[{"taxonomy":"user_type","embeddable":true,"href":"https:\/\/www.braintumour.ca\/fr\/wp-json\/wp\/v2\/user_type?post=2902"}],"curies":[{"name":"wp","href":"https:\/\/api.w.org\/{rel}","templated":true}]}}