{"id":2943,"date":"2019-08-26T17:34:37","date_gmt":"2019-08-26T21:34:37","guid":{"rendered":"https:\/\/braintumour.ca\/medias\/television-commercials\/"},"modified":"2019-12-15T22:10:35","modified_gmt":"2019-12-16T03:10:35","slug":"publicites-televisees","status":"publish","type":"page","link":"https:\/\/www.braintumour.ca\/fr\/medias\/publicites-televisees\/","title":{"rendered":"Publicit\u00e9s t\u00e9l\u00e9vis\u00e9es"},"content":{"rendered":"<h5>Veuillez nous contacter si vous pouvez nous aider \u00e0 sensibiliser la population en diffusant ces publicit\u00e9s sur votre cha\u00eene de t\u00e9l\u00e9vision locale.<\/h5>\n","protected":false},"excerpt":{"rendered":"<p>Veuillez nous contacter si vous pouvez nous aider \u00e0 sensibiliser la population en diffusant ces publicit\u00e9s sur votre cha\u00eene de [&hellip;]<\/p>\n","protected":false},"author":4,"featured_media":1077,"parent":2901,"menu_order":4,"comment_status":"closed","ping_status":"closed","template":"","meta":{"_acf_changed":false,"footnotes":""},"user_type":[],"class_list":["post-2943","page","type-page","status-publish","has-post-thumbnail","hentry"],"acf":[],"yoast_head":"<!-- This site is optimized with the Yoast SEO Premium plugin v27.0 (Yoast SEO v27.0) - https:\/\/yoast.com\/product\/yoast-seo-premium-wordpress\/ -->\n<title>Publicit\u00e9s t\u00e9l\u00e9vis\u00e9es - Fondation canadienne des tumeurs c\u00e9r\u00e9brales<\/title>\n<meta name=\"robots\" content=\"index, follow, max-snippet:-1, max-image-preview:large, max-video-preview:-1\" \/>\n<link rel=\"canonical\" href=\"https:\/\/www.braintumour.ca\/fr\/medias\/publicites-televisees\/\" \/>\n<meta property=\"og:locale\" content=\"fr_CA\" \/>\n<meta property=\"og:type\" content=\"article\" \/>\n<meta property=\"og:title\" content=\"Publicit\u00e9s t\u00e9l\u00e9vis\u00e9es\" \/>\n<meta property=\"og:description\" content=\"Veuillez nous contacter si vous pouvez nous aider \u00e0 sensibiliser la population en diffusant ces publicit\u00e9s sur votre cha\u00eene de [&hellip;]\" \/>\n<meta property=\"og:url\" content=\"https:\/\/www.braintumour.ca\/fr\/medias\/publicites-televisees\/\" \/>\n<meta property=\"og:site_name\" content=\"Fondation canadienne des tumeurs c\u00e9r\u00e9brales\" \/>\n<meta property=\"article:modified_time\" content=\"2019-12-16T03:10:35+00:00\" \/>\n<meta property=\"og:image\" content=\"https:\/\/www.braintumour.ca\/wp-content\/uploads\/2019\/09\/Puzzle.png\" \/>\n\t<meta property=\"og:image:width\" content=\"1152\" \/>\n\t<meta property=\"og:image:height\" content=\"720\" \/>\n\t<meta property=\"og:image:type\" content=\"image\/png\" \/>\n<meta name=\"twitter:card\" content=\"summary_large_image\" \/>\n<script type=\"application\/ld+json\" class=\"yoast-schema-graph\">{\"@context\":\"https:\/\/schema.org\",\"@graph\":[{\"@type\":\"WebPage\",\"@id\":\"https:\/\/www.braintumour.ca\/fr\/medias\/publicites-televisees\/\",\"url\":\"https:\/\/www.braintumour.ca\/fr\/medias\/publicites-televisees\/\",\"name\":\"Publicit\u00e9s t\u00e9l\u00e9vis\u00e9es - Fondation canadienne des tumeurs c\u00e9r\u00e9brales\",\"isPartOf\":{\"@id\":\"https:\/\/www.braintumour.ca\/fr\/#website\"},\"primaryImageOfPage\":{\"@id\":\"https:\/\/www.braintumour.ca\/fr\/medias\/publicites-televisees\/#primaryimage\"},\"image\":{\"@id\":\"https:\/\/www.braintumour.ca\/fr\/medias\/publicites-televisees\/#primaryimage\"},\"thumbnailUrl\":\"https:\/\/www.braintumour.ca\/wp-content\/uploads\/2019\/09\/Puzzle.png\",\"datePublished\":\"2019-08-26T21:34:37+00:00\",\"dateModified\":\"2019-12-16T03:10:35+00:00\",\"breadcrumb\":{\"@id\":\"https:\/\/www.braintumour.ca\/fr\/medias\/publicites-televisees\/#breadcrumb\"},\"inLanguage\":\"fr-CA\",\"potentialAction\":[{\"@type\":\"ReadAction\",\"target\":[\"https:\/\/www.braintumour.ca\/fr\/medias\/publicites-televisees\/\"]}]},{\"@type\":\"ImageObject\",\"inLanguage\":\"fr-CA\",\"@id\":\"https:\/\/www.braintumour.ca\/fr\/medias\/publicites-televisees\/#primaryimage\",\"url\":\"https:\/\/www.braintumour.ca\/wp-content\/uploads\/2019\/09\/Puzzle.png\",\"contentUrl\":\"https:\/\/www.braintumour.ca\/wp-content\/uploads\/2019\/09\/Puzzle.png\",\"width\":1152,\"height\":720,\"caption\":\"Puzzle PSA\"},{\"@type\":\"BreadcrumbList\",\"@id\":\"https:\/\/www.braintumour.ca\/fr\/medias\/publicites-televisees\/#breadcrumb\",\"itemListElement\":[{\"@type\":\"ListItem\",\"position\":1,\"name\":\"Home\",\"item\":\"https:\/\/www.braintumour.ca\/fr\/\"},{\"@type\":\"ListItem\",\"position\":2,\"name\":\"M\u00e9dias\",\"item\":\"https:\/\/www.braintumour.ca\/fr\/medias\/\"},{\"@type\":\"ListItem\",\"position\":3,\"name\":\"Publicit\u00e9s t\u00e9l\u00e9vis\u00e9es\"}]},{\"@type\":\"WebSite\",\"@id\":\"https:\/\/www.braintumour.ca\/fr\/#website\",\"url\":\"https:\/\/www.braintumour.ca\/fr\/\",\"name\":\"Fondation canadienne des tumeurs c\u00e9r\u00e9brales\",\"description\":\"Notre mission est de venir en aide \u00e0 toutes les personnes touch\u00e9es par une tumeur c\u00e9r\u00e9brale au Canada par le biais de nos programmes d\u2019information, de soutien, d\u2019\u00e9ducation et de recherche.\",\"potentialAction\":[{\"@type\":\"SearchAction\",\"target\":{\"@type\":\"EntryPoint\",\"urlTemplate\":\"https:\/\/www.braintumour.ca\/fr\/?s={search_term_string}\"},\"query-input\":{\"@type\":\"PropertyValueSpecification\",\"valueRequired\":true,\"valueName\":\"search_term_string\"}}],\"inLanguage\":\"fr-CA\"}]}<\/script>\n<!-- \/ Yoast SEO Premium plugin. -->","yoast_head_json":{"title":"Publicit\u00e9s t\u00e9l\u00e9vis\u00e9es - Fondation canadienne des tumeurs c\u00e9r\u00e9brales","robots":{"index":"index","follow":"follow","max-snippet":"max-snippet:-1","max-image-preview":"max-image-preview:large","max-video-preview":"max-video-preview:-1"},"canonical":"https:\/\/www.braintumour.ca\/fr\/medias\/publicites-televisees\/","og_locale":"fr_CA","og_type":"article","og_title":"Publicit\u00e9s t\u00e9l\u00e9vis\u00e9es","og_description":"Veuillez nous contacter si vous pouvez nous aider \u00e0 sensibiliser la population en diffusant ces publicit\u00e9s sur votre cha\u00eene de [&hellip;]","og_url":"https:\/\/www.braintumour.ca\/fr\/medias\/publicites-televisees\/","og_site_name":"Fondation canadienne des tumeurs c\u00e9r\u00e9brales","article_modified_time":"2019-12-16T03:10:35+00:00","og_image":[{"width":1152,"height":720,"url":"https:\/\/www.braintumour.ca\/wp-content\/uploads\/2019\/09\/Puzzle.png","type":"image\/png"}],"twitter_card":"summary_large_image","schema":{"@context":"https:\/\/schema.org","@graph":[{"@type":"WebPage","@id":"https:\/\/www.braintumour.ca\/fr\/medias\/publicites-televisees\/","url":"https:\/\/www.braintumour.ca\/fr\/medias\/publicites-televisees\/","name":"Publicit\u00e9s t\u00e9l\u00e9vis\u00e9es - Fondation canadienne des tumeurs c\u00e9r\u00e9brales","isPartOf":{"@id":"https:\/\/www.braintumour.ca\/fr\/#website"},"primaryImageOfPage":{"@id":"https:\/\/www.braintumour.ca\/fr\/medias\/publicites-televisees\/#primaryimage"},"image":{"@id":"https:\/\/www.braintumour.ca\/fr\/medias\/publicites-televisees\/#primaryimage"},"thumbnailUrl":"https:\/\/www.braintumour.ca\/wp-content\/uploads\/2019\/09\/Puzzle.png","datePublished":"2019-08-26T21:34:37+00:00","dateModified":"2019-12-16T03:10:35+00:00","breadcrumb":{"@id":"https:\/\/www.braintumour.ca\/fr\/medias\/publicites-televisees\/#breadcrumb"},"inLanguage":"fr-CA","potentialAction":[{"@type":"ReadAction","target":["https:\/\/www.braintumour.ca\/fr\/medias\/publicites-televisees\/"]}]},{"@type":"ImageObject","inLanguage":"fr-CA","@id":"https:\/\/www.braintumour.ca\/fr\/medias\/publicites-televisees\/#primaryimage","url":"https:\/\/www.braintumour.ca\/wp-content\/uploads\/2019\/09\/Puzzle.png","contentUrl":"https:\/\/www.braintumour.ca\/wp-content\/uploads\/2019\/09\/Puzzle.png","width":1152,"height":720,"caption":"Puzzle PSA"},{"@type":"BreadcrumbList","@id":"https:\/\/www.braintumour.ca\/fr\/medias\/publicites-televisees\/#breadcrumb","itemListElement":[{"@type":"ListItem","position":1,"name":"Home","item":"https:\/\/www.braintumour.ca\/fr\/"},{"@type":"ListItem","position":2,"name":"M\u00e9dias","item":"https:\/\/www.braintumour.ca\/fr\/medias\/"},{"@type":"ListItem","position":3,"name":"Publicit\u00e9s t\u00e9l\u00e9vis\u00e9es"}]},{"@type":"WebSite","@id":"https:\/\/www.braintumour.ca\/fr\/#website","url":"https:\/\/www.braintumour.ca\/fr\/","name":"Fondation canadienne des tumeurs c\u00e9r\u00e9brales","description":"Notre mission est de venir en aide \u00e0 toutes les personnes touch\u00e9es par une tumeur c\u00e9r\u00e9brale au Canada par le biais de nos programmes d\u2019information, de soutien, d\u2019\u00e9ducation et de recherche.","potentialAction":[{"@type":"SearchAction","target":{"@type":"EntryPoint","urlTemplate":"https:\/\/www.braintumour.ca\/fr\/?s={search_term_string}"},"query-input":{"@type":"PropertyValueSpecification","valueRequired":true,"valueName":"search_term_string"}}],"inLanguage":"fr-CA"}]}},"_links":{"self":[{"href":"https:\/\/www.braintumour.ca\/fr\/wp-json\/wp\/v2\/pages\/2943","targetHints":{"allow":["GET"]}}],"collection":[{"href":"https:\/\/www.braintumour.ca\/fr\/wp-json\/wp\/v2\/pages"}],"about":[{"href":"https:\/\/www.braintumour.ca\/fr\/wp-json\/wp\/v2\/types\/page"}],"author":[{"embeddable":true,"href":"https:\/\/www.braintumour.ca\/fr\/wp-json\/wp\/v2\/users\/4"}],"replies":[{"embeddable":true,"href":"https:\/\/www.braintumour.ca\/fr\/wp-json\/wp\/v2\/comments?post=2943"}],"version-history":[{"count":0,"href":"https:\/\/www.braintumour.ca\/fr\/wp-json\/wp\/v2\/pages\/2943\/revisions"}],"up":[{"embeddable":true,"href":"https:\/\/www.braintumour.ca\/fr\/wp-json\/wp\/v2\/pages\/2901"}],"wp:featuredmedia":[{"embeddable":true,"href":"https:\/\/www.braintumour.ca\/fr\/wp-json\/wp\/v2\/media\/1077"}],"wp:attachment":[{"href":"https:\/\/www.braintumour.ca\/fr\/wp-json\/wp\/v2\/media?parent=2943"}],"wp:term":[{"taxonomy":"user_type","embeddable":true,"href":"https:\/\/www.braintumour.ca\/fr\/wp-json\/wp\/v2\/user_type?post=2943"}],"curies":[{"name":"wp","href":"https:\/\/api.w.org\/{rel}","templated":true}]}}