{"id":2944,"date":"2019-08-27T12:50:43","date_gmt":"2019-08-27T16:50:43","guid":{"rendered":"https:\/\/braintumour.ca\/newsletter-subscription\/"},"modified":"2023-11-02T15:15:20","modified_gmt":"2023-11-02T19:15:20","slug":"inscription-a-linfolettre","status":"publish","type":"page","link":"https:\/\/www.braintumour.ca\/fr\/inscription-a-linfolettre\/","title":{"rendered":"Inscription \u00e0 l&rsquo;infolettre"},"content":{"rendered":"<h2>Merci de votre int\u00e9r\u00eat en la Fondation canadienne des tumeurs c\u00e9r\u00e9brales!<\/h2>\n<p>Vous trouverez ci-dessous les diff\u00e9rentes infolettres auxquelles vous pouvez vous abonner pour recevoir les derni\u00e8res nouvelles et informations sur la communaut\u00e9 des tumeurs c\u00e9r\u00e9brales. Veuillez noter que nous avons uniquement besoin de votre code postal pour nous assurer de ne pas cr\u00e9er un doublon de vos informations dans notre syst\u00e8me. Vous pouvez vous d\u00e9sinscrire \u00e0 tout moment.<\/p>\n<ul>\n<li><strong>INFOcervo: <\/strong>Notre infolettre bimestrielle en fran\u00e7ais contenant les derni\u00e8res nouvelles de la fondation, de la communaut\u00e9 et de la recherche.<\/li>\n<li><strong> BrainStorm (en anglais) : <\/strong>Email updates for the Canadian brain tumour community, featuring stories on funded research and advancements in the neuroscience world, community success stories and more, sent twice quarterly, on the months when Peace of Mind is not sent.<\/li>\n<li><strong>Peace of Mind (en anglais) :<\/strong> A quarterly email resource for patients and caregivers on the brain tumour journey, featuring advice from health experts on coping and managing treatment and symptoms, inspiring stories from survivors and more<\/li>\n<\/ul>\n","protected":false},"excerpt":{"rendered":"<p>Merci de votre int\u00e9r\u00eat en la Fondation canadienne des tumeurs c\u00e9r\u00e9brales! Vous trouverez ci-dessous les diff\u00e9rentes infolettres auxquelles vous pouvez [&hellip;]<\/p>\n","protected":false},"author":4,"featured_media":1232,"parent":0,"menu_order":80,"comment_status":"closed","ping_status":"closed","template":"","meta":{"_acf_changed":false,"footnotes":""},"user_type":[133,132,137,136,134,135],"class_list":["post-2944","page","type-page","status-publish","has-post-thumbnail","hentry","user_type-patient-fr","user_type-proche-aidant","user_type-benevole","user_type-donateur","user_type-chercheur","user_type-professionnel-de-la-sante"],"acf":[],"yoast_head":"<!-- This site is optimized with the Yoast SEO Premium plugin v27.0 (Yoast SEO v27.0) - https:\/\/yoast.com\/product\/yoast-seo-premium-wordpress\/ -->\n<title>Inscription \u00e0 l&#039;infolettre - Fondation canadienne des tumeurs c\u00e9r\u00e9brales<\/title>\n<meta name=\"description\" content=\"Inscrivez-vous \u00e0 notre infolettre pour recevoir les derni\u00e8res nouvelles et informations de la communaut\u00e9 des tumeurs c\u00e9r\u00e9brales.\" \/>\n<meta name=\"robots\" content=\"index, follow, max-snippet:-1, max-image-preview:large, max-video-preview:-1\" \/>\n<link rel=\"canonical\" href=\"https:\/\/www.braintumour.ca\/fr\/inscription-a-linfolettre\/\" \/>\n<meta property=\"og:locale\" content=\"fr_CA\" \/>\n<meta property=\"og:type\" content=\"article\" \/>\n<meta property=\"og:title\" content=\"Inscription \u00e0 l&#039;infolettre\" \/>\n<meta property=\"og:description\" content=\"Inscrivez-vous \u00e0 notre infolettre pour recevoir les derni\u00e8res nouvelles et informations de la communaut\u00e9 des tumeurs c\u00e9r\u00e9brales.\" \/>\n<meta property=\"og:url\" content=\"https:\/\/www.braintumour.ca\/fr\/inscription-a-linfolettre\/\" \/>\n<meta property=\"og:site_name\" content=\"Fondation canadienne des tumeurs c\u00e9r\u00e9brales\" \/>\n<meta property=\"article:modified_time\" content=\"2023-11-02T19:15:20+00:00\" \/>\n<meta property=\"og:image\" content=\"https:\/\/www.braintumour.ca\/wp-content\/uploads\/2019\/10\/DESKreading.jpg\" \/>\n\t<meta property=\"og:image:width\" content=\"747\" \/>\n\t<meta property=\"og:image:height\" content=\"220\" \/>\n\t<meta property=\"og:image:type\" content=\"image\/jpeg\" \/>\n<meta name=\"twitter:card\" content=\"summary_large_image\" \/>\n<meta name=\"twitter:label1\" content=\"Estimation du temps de lecture\" \/>\n\t<meta name=\"twitter:data1\" content=\"1 minute\" \/>\n<script type=\"application\/ld+json\" class=\"yoast-schema-graph\">{\"@context\":\"https:\/\/schema.org\",\"@graph\":[{\"@type\":\"WebPage\",\"@id\":\"https:\/\/www.braintumour.ca\/fr\/inscription-a-linfolettre\/\",\"url\":\"https:\/\/www.braintumour.ca\/fr\/inscription-a-linfolettre\/\",\"name\":\"Inscription \u00e0 l'infolettre - Fondation canadienne des tumeurs c\u00e9r\u00e9brales\",\"isPartOf\":{\"@id\":\"https:\/\/www.braintumour.ca\/fr\/#website\"},\"primaryImageOfPage\":{\"@id\":\"https:\/\/www.braintumour.ca\/fr\/inscription-a-linfolettre\/#primaryimage\"},\"image\":{\"@id\":\"https:\/\/www.braintumour.ca\/fr\/inscription-a-linfolettre\/#primaryimage\"},\"thumbnailUrl\":\"https:\/\/www.braintumour.ca\/wp-content\/uploads\/2019\/10\/DESKreading.jpg\",\"datePublished\":\"2019-08-27T16:50:43+00:00\",\"dateModified\":\"2023-11-02T19:15:20+00:00\",\"description\":\"Inscrivez-vous \u00e0 notre infolettre pour recevoir les derni\u00e8res nouvelles et informations de la communaut\u00e9 des tumeurs c\u00e9r\u00e9brales.\",\"breadcrumb\":{\"@id\":\"https:\/\/www.braintumour.ca\/fr\/inscription-a-linfolettre\/#breadcrumb\"},\"inLanguage\":\"fr-CA\",\"potentialAction\":[{\"@type\":\"ReadAction\",\"target\":[\"https:\/\/www.braintumour.ca\/fr\/inscription-a-linfolettre\/\"]}]},{\"@type\":\"ImageObject\",\"inLanguage\":\"fr-CA\",\"@id\":\"https:\/\/www.braintumour.ca\/fr\/inscription-a-linfolettre\/#primaryimage\",\"url\":\"https:\/\/www.braintumour.ca\/wp-content\/uploads\/2019\/10\/DESKreading.jpg\",\"contentUrl\":\"https:\/\/www.braintumour.ca\/wp-content\/uploads\/2019\/10\/DESKreading.jpg\",\"width\":747,\"height\":220,\"caption\":\"Young woman studying for her exams, seen from above\"},{\"@type\":\"BreadcrumbList\",\"@id\":\"https:\/\/www.braintumour.ca\/fr\/inscription-a-linfolettre\/#breadcrumb\",\"itemListElement\":[{\"@type\":\"ListItem\",\"position\":1,\"name\":\"Home\",\"item\":\"https:\/\/www.braintumour.ca\/fr\/\"},{\"@type\":\"ListItem\",\"position\":2,\"name\":\"Inscription \u00e0 l&#8217;infolettre\"}]},{\"@type\":\"WebSite\",\"@id\":\"https:\/\/www.braintumour.ca\/fr\/#website\",\"url\":\"https:\/\/www.braintumour.ca\/fr\/\",\"name\":\"Fondation canadienne des tumeurs c\u00e9r\u00e9brales\",\"description\":\"Notre mission est de venir en aide \u00e0 toutes les personnes touch\u00e9es par une tumeur c\u00e9r\u00e9brale au Canada par le biais de nos programmes d\u2019information, de soutien, d\u2019\u00e9ducation et de recherche.\",\"potentialAction\":[{\"@type\":\"SearchAction\",\"target\":{\"@type\":\"EntryPoint\",\"urlTemplate\":\"https:\/\/www.braintumour.ca\/fr\/?s={search_term_string}\"},\"query-input\":{\"@type\":\"PropertyValueSpecification\",\"valueRequired\":true,\"valueName\":\"search_term_string\"}}],\"inLanguage\":\"fr-CA\"}]}<\/script>\n<!-- \/ Yoast SEO Premium plugin. -->","yoast_head_json":{"title":"Inscription \u00e0 l'infolettre - Fondation canadienne des tumeurs c\u00e9r\u00e9brales","description":"Inscrivez-vous \u00e0 notre infolettre pour recevoir les derni\u00e8res nouvelles et informations de la communaut\u00e9 des tumeurs c\u00e9r\u00e9brales.","robots":{"index":"index","follow":"follow","max-snippet":"max-snippet:-1","max-image-preview":"max-image-preview:large","max-video-preview":"max-video-preview:-1"},"canonical":"https:\/\/www.braintumour.ca\/fr\/inscription-a-linfolettre\/","og_locale":"fr_CA","og_type":"article","og_title":"Inscription \u00e0 l'infolettre","og_description":"Inscrivez-vous \u00e0 notre infolettre pour recevoir les derni\u00e8res nouvelles et informations de la communaut\u00e9 des tumeurs c\u00e9r\u00e9brales.","og_url":"https:\/\/www.braintumour.ca\/fr\/inscription-a-linfolettre\/","og_site_name":"Fondation canadienne des tumeurs c\u00e9r\u00e9brales","article_modified_time":"2023-11-02T19:15:20+00:00","og_image":[{"width":747,"height":220,"url":"https:\/\/www.braintumour.ca\/wp-content\/uploads\/2019\/10\/DESKreading.jpg","type":"image\/jpeg"}],"twitter_card":"summary_large_image","twitter_misc":{"Estimation du temps de lecture":"1 minute"},"schema":{"@context":"https:\/\/schema.org","@graph":[{"@type":"WebPage","@id":"https:\/\/www.braintumour.ca\/fr\/inscription-a-linfolettre\/","url":"https:\/\/www.braintumour.ca\/fr\/inscription-a-linfolettre\/","name":"Inscription \u00e0 l'infolettre - Fondation canadienne des tumeurs c\u00e9r\u00e9brales","isPartOf":{"@id":"https:\/\/www.braintumour.ca\/fr\/#website"},"primaryImageOfPage":{"@id":"https:\/\/www.braintumour.ca\/fr\/inscription-a-linfolettre\/#primaryimage"},"image":{"@id":"https:\/\/www.braintumour.ca\/fr\/inscription-a-linfolettre\/#primaryimage"},"thumbnailUrl":"https:\/\/www.braintumour.ca\/wp-content\/uploads\/2019\/10\/DESKreading.jpg","datePublished":"2019-08-27T16:50:43+00:00","dateModified":"2023-11-02T19:15:20+00:00","description":"Inscrivez-vous \u00e0 notre infolettre pour recevoir les derni\u00e8res nouvelles et informations de la communaut\u00e9 des tumeurs c\u00e9r\u00e9brales.","breadcrumb":{"@id":"https:\/\/www.braintumour.ca\/fr\/inscription-a-linfolettre\/#breadcrumb"},"inLanguage":"fr-CA","potentialAction":[{"@type":"ReadAction","target":["https:\/\/www.braintumour.ca\/fr\/inscription-a-linfolettre\/"]}]},{"@type":"ImageObject","inLanguage":"fr-CA","@id":"https:\/\/www.braintumour.ca\/fr\/inscription-a-linfolettre\/#primaryimage","url":"https:\/\/www.braintumour.ca\/wp-content\/uploads\/2019\/10\/DESKreading.jpg","contentUrl":"https:\/\/www.braintumour.ca\/wp-content\/uploads\/2019\/10\/DESKreading.jpg","width":747,"height":220,"caption":"Young woman studying for her exams, seen from above"},{"@type":"BreadcrumbList","@id":"https:\/\/www.braintumour.ca\/fr\/inscription-a-linfolettre\/#breadcrumb","itemListElement":[{"@type":"ListItem","position":1,"name":"Home","item":"https:\/\/www.braintumour.ca\/fr\/"},{"@type":"ListItem","position":2,"name":"Inscription \u00e0 l&#8217;infolettre"}]},{"@type":"WebSite","@id":"https:\/\/www.braintumour.ca\/fr\/#website","url":"https:\/\/www.braintumour.ca\/fr\/","name":"Fondation canadienne des tumeurs c\u00e9r\u00e9brales","description":"Notre mission est de venir en aide \u00e0 toutes les personnes touch\u00e9es par une tumeur c\u00e9r\u00e9brale au Canada par le biais de nos programmes d\u2019information, de soutien, d\u2019\u00e9ducation et de recherche.","potentialAction":[{"@type":"SearchAction","target":{"@type":"EntryPoint","urlTemplate":"https:\/\/www.braintumour.ca\/fr\/?s={search_term_string}"},"query-input":{"@type":"PropertyValueSpecification","valueRequired":true,"valueName":"search_term_string"}}],"inLanguage":"fr-CA"}]}},"_links":{"self":[{"href":"https:\/\/www.braintumour.ca\/fr\/wp-json\/wp\/v2\/pages\/2944","targetHints":{"allow":["GET"]}}],"collection":[{"href":"https:\/\/www.braintumour.ca\/fr\/wp-json\/wp\/v2\/pages"}],"about":[{"href":"https:\/\/www.braintumour.ca\/fr\/wp-json\/wp\/v2\/types\/page"}],"author":[{"embeddable":true,"href":"https:\/\/www.braintumour.ca\/fr\/wp-json\/wp\/v2\/users\/4"}],"replies":[{"embeddable":true,"href":"https:\/\/www.braintumour.ca\/fr\/wp-json\/wp\/v2\/comments?post=2944"}],"version-history":[{"count":0,"href":"https:\/\/www.braintumour.ca\/fr\/wp-json\/wp\/v2\/pages\/2944\/revisions"}],"wp:featuredmedia":[{"embeddable":true,"href":"https:\/\/www.braintumour.ca\/fr\/wp-json\/wp\/v2\/media\/1232"}],"wp:attachment":[{"href":"https:\/\/www.braintumour.ca\/fr\/wp-json\/wp\/v2\/media?parent=2944"}],"wp:term":[{"taxonomy":"user_type","embeddable":true,"href":"https:\/\/www.braintumour.ca\/fr\/wp-json\/wp\/v2\/user_type?post=2944"}],"curies":[{"name":"wp","href":"https:\/\/api.w.org\/{rel}","templated":true}]}}