{"id":2946,"date":"2019-08-12T10:54:35","date_gmt":"2019-08-12T14:54:35","guid":{"rendered":"https:\/\/braintumour.ca\/research\/"},"modified":"2022-05-24T09:26:39","modified_gmt":"2022-05-24T13:26:39","slug":"recherche","status":"publish","type":"page","link":"https:\/\/www.braintumour.ca\/fr\/recherche\/","title":{"rendered":"Recherche"},"content":{"rendered":"<h5>Notre vision est de trouver la cause et un rem\u00e8de aux tumeurs c\u00e9r\u00e9brales, tout en am\u00e9liorant la qualit\u00e9 de vie des personnes touch\u00e9es par la maladie. La recherche est la cl\u00e9 pour r\u00e9aliser notre vision.<\/h5>\n","protected":false},"excerpt":{"rendered":"<p>Notre vision est de trouver la cause et un rem\u00e8de aux tumeurs c\u00e9r\u00e9brales, tout en am\u00e9liorant la qualit\u00e9 de vie [&hellip;]<\/p>\n","protected":false},"author":4,"featured_media":9239,"parent":0,"menu_order":102,"comment_status":"closed","ping_status":"closed","template":"page-templates\/parent--grid.php","meta":{"_acf_changed":false,"footnotes":""},"user_type":[134],"class_list":["post-2946","page","type-page","status-publish","has-post-thumbnail","hentry","user_type-chercheur"],"acf":[],"yoast_head":"<!-- This site is optimized with the Yoast SEO Premium plugin v27.0 (Yoast SEO v27.0) - https:\/\/yoast.com\/product\/yoast-seo-premium-wordpress\/ -->\n<title>Recherche - Fondation canadienne des tumeurs c\u00e9r\u00e9brales<\/title>\n<meta name=\"description\" content=\"Notre vision est de trouver la cause et un rem\u00e8de aux tumeurs c\u00e9r\u00e9brales, tout en am\u00e9liorant la qualit\u00e9 de vie des personnes touch\u00e9es par la maladie. La recherche est la cl\u00e9 pour r\u00e9aliser notre vision.\" \/>\n<meta name=\"robots\" content=\"index, follow, max-snippet:-1, max-image-preview:large, max-video-preview:-1\" \/>\n<link rel=\"canonical\" href=\"https:\/\/www.braintumour.ca\/fr\/recherche\/\" \/>\n<meta property=\"og:locale\" content=\"fr_CA\" \/>\n<meta property=\"og:type\" content=\"article\" \/>\n<meta property=\"og:title\" content=\"Recherche\" \/>\n<meta property=\"og:description\" content=\"Notre vision est de trouver la cause et un rem\u00e8de aux tumeurs c\u00e9r\u00e9brales, tout en am\u00e9liorant la qualit\u00e9 de vie des personnes touch\u00e9es par la maladie. La recherche est la cl\u00e9 pour r\u00e9aliser notre vision.\" \/>\n<meta property=\"og:url\" content=\"https:\/\/www.braintumour.ca\/fr\/recherche\/\" \/>\n<meta property=\"og:site_name\" content=\"Fondation canadienne des tumeurs c\u00e9r\u00e9brales\" \/>\n<meta property=\"article:modified_time\" content=\"2022-05-24T13:26:39+00:00\" \/>\n<meta property=\"og:image\" content=\"https:\/\/www.braintumour.ca\/wp-content\/uploads\/2022\/05\/Research-Banner.jpg\" \/>\n\t<meta property=\"og:image:width\" content=\"1920\" \/>\n\t<meta property=\"og:image:height\" content=\"773\" \/>\n\t<meta property=\"og:image:type\" content=\"image\/jpeg\" \/>\n<meta name=\"twitter:card\" content=\"summary_large_image\" \/>\n<script type=\"application\/ld+json\" class=\"yoast-schema-graph\">{\"@context\":\"https:\/\/schema.org\",\"@graph\":[{\"@type\":\"WebPage\",\"@id\":\"https:\/\/www.braintumour.ca\/fr\/recherche\/\",\"url\":\"https:\/\/www.braintumour.ca\/fr\/recherche\/\",\"name\":\"Recherche - Fondation canadienne des tumeurs c\u00e9r\u00e9brales\",\"isPartOf\":{\"@id\":\"https:\/\/www.braintumour.ca\/fr\/#website\"},\"primaryImageOfPage\":{\"@id\":\"https:\/\/www.braintumour.ca\/fr\/recherche\/#primaryimage\"},\"image\":{\"@id\":\"https:\/\/www.braintumour.ca\/fr\/recherche\/#primaryimage\"},\"thumbnailUrl\":\"https:\/\/www.braintumour.ca\/wp-content\/uploads\/2022\/05\/Research-Banner.jpg\",\"datePublished\":\"2019-08-12T14:54:35+00:00\",\"dateModified\":\"2022-05-24T13:26:39+00:00\",\"description\":\"Notre vision est de trouver la cause et un rem\u00e8de aux tumeurs c\u00e9r\u00e9brales, tout en am\u00e9liorant la qualit\u00e9 de vie des personnes touch\u00e9es par la maladie. La recherche est la cl\u00e9 pour r\u00e9aliser notre vision.\",\"breadcrumb\":{\"@id\":\"https:\/\/www.braintumour.ca\/fr\/recherche\/#breadcrumb\"},\"inLanguage\":\"fr-CA\",\"potentialAction\":[{\"@type\":\"ReadAction\",\"target\":[\"https:\/\/www.braintumour.ca\/fr\/recherche\/\"]}]},{\"@type\":\"ImageObject\",\"inLanguage\":\"fr-CA\",\"@id\":\"https:\/\/www.braintumour.ca\/fr\/recherche\/#primaryimage\",\"url\":\"https:\/\/www.braintumour.ca\/wp-content\/uploads\/2022\/05\/Research-Banner.jpg\",\"contentUrl\":\"https:\/\/www.braintumour.ca\/wp-content\/uploads\/2022\/05\/Research-Banner.jpg\",\"width\":1920,\"height\":773},{\"@type\":\"BreadcrumbList\",\"@id\":\"https:\/\/www.braintumour.ca\/fr\/recherche\/#breadcrumb\",\"itemListElement\":[{\"@type\":\"ListItem\",\"position\":1,\"name\":\"Home\",\"item\":\"https:\/\/www.braintumour.ca\/fr\/\"},{\"@type\":\"ListItem\",\"position\":2,\"name\":\"Recherche\"}]},{\"@type\":\"WebSite\",\"@id\":\"https:\/\/www.braintumour.ca\/fr\/#website\",\"url\":\"https:\/\/www.braintumour.ca\/fr\/\",\"name\":\"Fondation canadienne des tumeurs c\u00e9r\u00e9brales\",\"description\":\"Notre mission est de venir en aide \u00e0 toutes les personnes touch\u00e9es par une tumeur c\u00e9r\u00e9brale au Canada par le biais de nos programmes d\u2019information, de soutien, d\u2019\u00e9ducation et de recherche.\",\"potentialAction\":[{\"@type\":\"SearchAction\",\"target\":{\"@type\":\"EntryPoint\",\"urlTemplate\":\"https:\/\/www.braintumour.ca\/fr\/?s={search_term_string}\"},\"query-input\":{\"@type\":\"PropertyValueSpecification\",\"valueRequired\":true,\"valueName\":\"search_term_string\"}}],\"inLanguage\":\"fr-CA\"}]}<\/script>\n<!-- \/ Yoast SEO Premium plugin. -->","yoast_head_json":{"title":"Recherche - Fondation canadienne des tumeurs c\u00e9r\u00e9brales","description":"Notre vision est de trouver la cause et un rem\u00e8de aux tumeurs c\u00e9r\u00e9brales, tout en am\u00e9liorant la qualit\u00e9 de vie des personnes touch\u00e9es par la maladie. La recherche est la cl\u00e9 pour r\u00e9aliser notre vision.","robots":{"index":"index","follow":"follow","max-snippet":"max-snippet:-1","max-image-preview":"max-image-preview:large","max-video-preview":"max-video-preview:-1"},"canonical":"https:\/\/www.braintumour.ca\/fr\/recherche\/","og_locale":"fr_CA","og_type":"article","og_title":"Recherche","og_description":"Notre vision est de trouver la cause et un rem\u00e8de aux tumeurs c\u00e9r\u00e9brales, tout en am\u00e9liorant la qualit\u00e9 de vie des personnes touch\u00e9es par la maladie. La recherche est la cl\u00e9 pour r\u00e9aliser notre vision.","og_url":"https:\/\/www.braintumour.ca\/fr\/recherche\/","og_site_name":"Fondation canadienne des tumeurs c\u00e9r\u00e9brales","article_modified_time":"2022-05-24T13:26:39+00:00","og_image":[{"width":1920,"height":773,"url":"https:\/\/www.braintumour.ca\/wp-content\/uploads\/2022\/05\/Research-Banner.jpg","type":"image\/jpeg"}],"twitter_card":"summary_large_image","schema":{"@context":"https:\/\/schema.org","@graph":[{"@type":"WebPage","@id":"https:\/\/www.braintumour.ca\/fr\/recherche\/","url":"https:\/\/www.braintumour.ca\/fr\/recherche\/","name":"Recherche - Fondation canadienne des tumeurs c\u00e9r\u00e9brales","isPartOf":{"@id":"https:\/\/www.braintumour.ca\/fr\/#website"},"primaryImageOfPage":{"@id":"https:\/\/www.braintumour.ca\/fr\/recherche\/#primaryimage"},"image":{"@id":"https:\/\/www.braintumour.ca\/fr\/recherche\/#primaryimage"},"thumbnailUrl":"https:\/\/www.braintumour.ca\/wp-content\/uploads\/2022\/05\/Research-Banner.jpg","datePublished":"2019-08-12T14:54:35+00:00","dateModified":"2022-05-24T13:26:39+00:00","description":"Notre vision est de trouver la cause et un rem\u00e8de aux tumeurs c\u00e9r\u00e9brales, tout en am\u00e9liorant la qualit\u00e9 de vie des personnes touch\u00e9es par la maladie. La recherche est la cl\u00e9 pour r\u00e9aliser notre vision.","breadcrumb":{"@id":"https:\/\/www.braintumour.ca\/fr\/recherche\/#breadcrumb"},"inLanguage":"fr-CA","potentialAction":[{"@type":"ReadAction","target":["https:\/\/www.braintumour.ca\/fr\/recherche\/"]}]},{"@type":"ImageObject","inLanguage":"fr-CA","@id":"https:\/\/www.braintumour.ca\/fr\/recherche\/#primaryimage","url":"https:\/\/www.braintumour.ca\/wp-content\/uploads\/2022\/05\/Research-Banner.jpg","contentUrl":"https:\/\/www.braintumour.ca\/wp-content\/uploads\/2022\/05\/Research-Banner.jpg","width":1920,"height":773},{"@type":"BreadcrumbList","@id":"https:\/\/www.braintumour.ca\/fr\/recherche\/#breadcrumb","itemListElement":[{"@type":"ListItem","position":1,"name":"Home","item":"https:\/\/www.braintumour.ca\/fr\/"},{"@type":"ListItem","position":2,"name":"Recherche"}]},{"@type":"WebSite","@id":"https:\/\/www.braintumour.ca\/fr\/#website","url":"https:\/\/www.braintumour.ca\/fr\/","name":"Fondation canadienne des tumeurs c\u00e9r\u00e9brales","description":"Notre mission est de venir en aide \u00e0 toutes les personnes touch\u00e9es par une tumeur c\u00e9r\u00e9brale au Canada par le biais de nos programmes d\u2019information, de soutien, d\u2019\u00e9ducation et de recherche.","potentialAction":[{"@type":"SearchAction","target":{"@type":"EntryPoint","urlTemplate":"https:\/\/www.braintumour.ca\/fr\/?s={search_term_string}"},"query-input":{"@type":"PropertyValueSpecification","valueRequired":true,"valueName":"search_term_string"}}],"inLanguage":"fr-CA"}]}},"_links":{"self":[{"href":"https:\/\/www.braintumour.ca\/fr\/wp-json\/wp\/v2\/pages\/2946","targetHints":{"allow":["GET"]}}],"collection":[{"href":"https:\/\/www.braintumour.ca\/fr\/wp-json\/wp\/v2\/pages"}],"about":[{"href":"https:\/\/www.braintumour.ca\/fr\/wp-json\/wp\/v2\/types\/page"}],"author":[{"embeddable":true,"href":"https:\/\/www.braintumour.ca\/fr\/wp-json\/wp\/v2\/users\/4"}],"replies":[{"embeddable":true,"href":"https:\/\/www.braintumour.ca\/fr\/wp-json\/wp\/v2\/comments?post=2946"}],"version-history":[{"count":0,"href":"https:\/\/www.braintumour.ca\/fr\/wp-json\/wp\/v2\/pages\/2946\/revisions"}],"wp:featuredmedia":[{"embeddable":true,"href":"https:\/\/www.braintumour.ca\/fr\/wp-json\/wp\/v2\/media\/9239"}],"wp:attachment":[{"href":"https:\/\/www.braintumour.ca\/fr\/wp-json\/wp\/v2\/media?parent=2946"}],"wp:term":[{"taxonomy":"user_type","embeddable":true,"href":"https:\/\/www.braintumour.ca\/fr\/wp-json\/wp\/v2\/user_type?post=2946"}],"curies":[{"name":"wp","href":"https:\/\/api.w.org\/{rel}","templated":true}]}}