{"id":2953,"date":"2019-08-26T17:10:12","date_gmt":"2019-08-26T21:10:12","guid":{"rendered":"https:\/\/braintumour.ca\/recherche\/bourses-de-recherche-en-cours-et-passees\/current-funding-opportunities\/"},"modified":"2026-03-23T13:20:50","modified_gmt":"2026-03-23T17:20:50","slug":"liste-des-bourses","status":"publish","type":"page","link":"https:\/\/www.braintumour.ca\/fr\/recherche\/liste-des-bourses\/","title":{"rendered":"Liste des bourses et opportunit\u00e9s en cours"},"content":{"rendered":"<h5>Gr\u00e2ce \u00e0 la g\u00e9n\u00e9rosit\u00e9 de donateurs et de commanditaires, la Fondation canadienne des tumeurs c\u00e9r\u00e9brales vous propose diff\u00e9rentes bourses et subventions de recherche tout au long de l\u2019ann\u00e9e.<\/h5>\n","protected":false},"excerpt":{"rendered":"<p>Gr\u00e2ce \u00e0 la g\u00e9n\u00e9rosit\u00e9 de donateurs et de commanditaires, la Fondation canadienne des tumeurs c\u00e9r\u00e9brales vous propose diff\u00e9rentes bourses et [&hellip;]<\/p>\n","protected":false},"author":4,"featured_media":8857,"parent":2946,"menu_order":1,"comment_status":"closed","ping_status":"closed","template":"","meta":{"_acf_changed":false,"footnotes":""},"user_type":[133,134],"class_list":["post-2953","page","type-page","status-publish","has-post-thumbnail","hentry","user_type-patient-fr","user_type-chercheur"],"acf":[],"yoast_head":"<!-- This site is optimized with the Yoast SEO Premium plugin v27.0 (Yoast SEO v27.0) - https:\/\/yoast.com\/product\/yoast-seo-premium-wordpress\/ -->\n<title>Liste des bourses et opportunit\u00e9s en cours - Fondation canadienne des tumeurs c\u00e9r\u00e9brales<\/title>\n<meta name=\"description\" content=\"Gr\u00e2ce \u00e0 la g\u00e9n\u00e9rosit\u00e9 de donateurs et de commanditaires, la Fondation canadienne des tumeurs c\u00e9r\u00e9brales vous propose diff\u00e9rentes bourses et subventions de recherche tout au long de l\u2019ann\u00e9e.\" \/>\n<meta name=\"robots\" content=\"index, follow, max-snippet:-1, max-image-preview:large, max-video-preview:-1\" \/>\n<link rel=\"canonical\" href=\"https:\/\/www.braintumour.ca\/fr\/recherche\/liste-des-bourses\/\" \/>\n<meta property=\"og:locale\" content=\"fr_CA\" \/>\n<meta property=\"og:type\" content=\"article\" \/>\n<meta property=\"og:title\" content=\"Liste des bourses et opportunit\u00e9s en cours\" \/>\n<meta property=\"og:description\" content=\"Gr\u00e2ce \u00e0 la g\u00e9n\u00e9rosit\u00e9 de donateurs et de commanditaires, la Fondation canadienne des tumeurs c\u00e9r\u00e9brales vous propose diff\u00e9rentes bourses et subventions de recherche tout au long de l\u2019ann\u00e9e.\" \/>\n<meta property=\"og:url\" content=\"https:\/\/www.braintumour.ca\/fr\/recherche\/liste-des-bourses\/\" \/>\n<meta property=\"og:site_name\" content=\"Fondation canadienne des tumeurs c\u00e9r\u00e9brales\" \/>\n<meta property=\"article:modified_time\" content=\"2026-03-23T17:20:50+00:00\" \/>\n<meta property=\"og:image\" content=\"https:\/\/www.braintumour.ca\/wp-content\/uploads\/2022\/04\/image001.png\" \/>\n\t<meta property=\"og:image:width\" content=\"1000\" \/>\n\t<meta property=\"og:image:height\" content=\"667\" \/>\n\t<meta property=\"og:image:type\" content=\"image\/png\" \/>\n<meta name=\"twitter:card\" content=\"summary_large_image\" \/>\n<meta name=\"twitter:label1\" content=\"Estimation du temps de lecture\" \/>\n\t<meta name=\"twitter:data1\" content=\"1 minute\" \/>\n<script type=\"application\/ld+json\" class=\"yoast-schema-graph\">{\"@context\":\"https:\/\/schema.org\",\"@graph\":[{\"@type\":\"WebPage\",\"@id\":\"https:\/\/www.braintumour.ca\/fr\/recherche\/liste-des-bourses\/\",\"url\":\"https:\/\/www.braintumour.ca\/fr\/recherche\/liste-des-bourses\/\",\"name\":\"Liste des bourses et opportunit\u00e9s en cours - Fondation canadienne des tumeurs c\u00e9r\u00e9brales\",\"isPartOf\":{\"@id\":\"https:\/\/www.braintumour.ca\/fr\/#website\"},\"primaryImageOfPage\":{\"@id\":\"https:\/\/www.braintumour.ca\/fr\/recherche\/liste-des-bourses\/#primaryimage\"},\"image\":{\"@id\":\"https:\/\/www.braintumour.ca\/fr\/recherche\/liste-des-bourses\/#primaryimage\"},\"thumbnailUrl\":\"https:\/\/www.braintumour.ca\/wp-content\/uploads\/2022\/04\/image001.png\",\"datePublished\":\"2019-08-26T21:10:12+00:00\",\"dateModified\":\"2026-03-23T17:20:50+00:00\",\"description\":\"Gr\u00e2ce \u00e0 la g\u00e9n\u00e9rosit\u00e9 de donateurs et de commanditaires, la Fondation canadienne des tumeurs c\u00e9r\u00e9brales vous propose diff\u00e9rentes bourses et subventions de recherche tout au long de l\u2019ann\u00e9e.\",\"breadcrumb\":{\"@id\":\"https:\/\/www.braintumour.ca\/fr\/recherche\/liste-des-bourses\/#breadcrumb\"},\"inLanguage\":\"fr-CA\",\"potentialAction\":[{\"@type\":\"ReadAction\",\"target\":[\"https:\/\/www.braintumour.ca\/fr\/recherche\/liste-des-bourses\/\"]}]},{\"@type\":\"ImageObject\",\"inLanguage\":\"fr-CA\",\"@id\":\"https:\/\/www.braintumour.ca\/fr\/recherche\/liste-des-bourses\/#primaryimage\",\"url\":\"https:\/\/www.braintumour.ca\/wp-content\/uploads\/2022\/04\/image001.png\",\"contentUrl\":\"https:\/\/www.braintumour.ca\/wp-content\/uploads\/2022\/04\/image001.png\",\"width\":1000,\"height\":667,\"caption\":\"Current Funding Opportunities\"},{\"@type\":\"BreadcrumbList\",\"@id\":\"https:\/\/www.braintumour.ca\/fr\/recherche\/liste-des-bourses\/#breadcrumb\",\"itemListElement\":[{\"@type\":\"ListItem\",\"position\":1,\"name\":\"Home\",\"item\":\"https:\/\/www.braintumour.ca\/fr\/\"},{\"@type\":\"ListItem\",\"position\":2,\"name\":\"Recherche\",\"item\":\"https:\/\/www.braintumour.ca\/fr\/recherche\/\"},{\"@type\":\"ListItem\",\"position\":3,\"name\":\"Liste des bourses et opportunit\u00e9s en cours\"}]},{\"@type\":\"WebSite\",\"@id\":\"https:\/\/www.braintumour.ca\/fr\/#website\",\"url\":\"https:\/\/www.braintumour.ca\/fr\/\",\"name\":\"Fondation canadienne des tumeurs c\u00e9r\u00e9brales\",\"description\":\"Notre mission est de venir en aide \u00e0 toutes les personnes touch\u00e9es par une tumeur c\u00e9r\u00e9brale au Canada par le biais de nos programmes d\u2019information, de soutien, d\u2019\u00e9ducation et de recherche.\",\"potentialAction\":[{\"@type\":\"SearchAction\",\"target\":{\"@type\":\"EntryPoint\",\"urlTemplate\":\"https:\/\/www.braintumour.ca\/fr\/?s={search_term_string}\"},\"query-input\":{\"@type\":\"PropertyValueSpecification\",\"valueRequired\":true,\"valueName\":\"search_term_string\"}}],\"inLanguage\":\"fr-CA\"}]}<\/script>\n<!-- \/ Yoast SEO Premium plugin. -->","yoast_head_json":{"title":"Liste des bourses et opportunit\u00e9s en cours - Fondation canadienne des tumeurs c\u00e9r\u00e9brales","description":"Gr\u00e2ce \u00e0 la g\u00e9n\u00e9rosit\u00e9 de donateurs et de commanditaires, la Fondation canadienne des tumeurs c\u00e9r\u00e9brales vous propose diff\u00e9rentes bourses et subventions de recherche tout au long de l\u2019ann\u00e9e.","robots":{"index":"index","follow":"follow","max-snippet":"max-snippet:-1","max-image-preview":"max-image-preview:large","max-video-preview":"max-video-preview:-1"},"canonical":"https:\/\/www.braintumour.ca\/fr\/recherche\/liste-des-bourses\/","og_locale":"fr_CA","og_type":"article","og_title":"Liste des bourses et opportunit\u00e9s en cours","og_description":"Gr\u00e2ce \u00e0 la g\u00e9n\u00e9rosit\u00e9 de donateurs et de commanditaires, la Fondation canadienne des tumeurs c\u00e9r\u00e9brales vous propose diff\u00e9rentes bourses et subventions de recherche tout au long de l\u2019ann\u00e9e.","og_url":"https:\/\/www.braintumour.ca\/fr\/recherche\/liste-des-bourses\/","og_site_name":"Fondation canadienne des tumeurs c\u00e9r\u00e9brales","article_modified_time":"2026-03-23T17:20:50+00:00","og_image":[{"width":1000,"height":667,"url":"https:\/\/www.braintumour.ca\/wp-content\/uploads\/2022\/04\/image001.png","type":"image\/png"}],"twitter_card":"summary_large_image","twitter_misc":{"Estimation du temps de lecture":"1 minute"},"schema":{"@context":"https:\/\/schema.org","@graph":[{"@type":"WebPage","@id":"https:\/\/www.braintumour.ca\/fr\/recherche\/liste-des-bourses\/","url":"https:\/\/www.braintumour.ca\/fr\/recherche\/liste-des-bourses\/","name":"Liste des bourses et opportunit\u00e9s en cours - Fondation canadienne des tumeurs c\u00e9r\u00e9brales","isPartOf":{"@id":"https:\/\/www.braintumour.ca\/fr\/#website"},"primaryImageOfPage":{"@id":"https:\/\/www.braintumour.ca\/fr\/recherche\/liste-des-bourses\/#primaryimage"},"image":{"@id":"https:\/\/www.braintumour.ca\/fr\/recherche\/liste-des-bourses\/#primaryimage"},"thumbnailUrl":"https:\/\/www.braintumour.ca\/wp-content\/uploads\/2022\/04\/image001.png","datePublished":"2019-08-26T21:10:12+00:00","dateModified":"2026-03-23T17:20:50+00:00","description":"Gr\u00e2ce \u00e0 la g\u00e9n\u00e9rosit\u00e9 de donateurs et de commanditaires, la Fondation canadienne des tumeurs c\u00e9r\u00e9brales vous propose diff\u00e9rentes bourses et subventions de recherche tout au long de l\u2019ann\u00e9e.","breadcrumb":{"@id":"https:\/\/www.braintumour.ca\/fr\/recherche\/liste-des-bourses\/#breadcrumb"},"inLanguage":"fr-CA","potentialAction":[{"@type":"ReadAction","target":["https:\/\/www.braintumour.ca\/fr\/recherche\/liste-des-bourses\/"]}]},{"@type":"ImageObject","inLanguage":"fr-CA","@id":"https:\/\/www.braintumour.ca\/fr\/recherche\/liste-des-bourses\/#primaryimage","url":"https:\/\/www.braintumour.ca\/wp-content\/uploads\/2022\/04\/image001.png","contentUrl":"https:\/\/www.braintumour.ca\/wp-content\/uploads\/2022\/04\/image001.png","width":1000,"height":667,"caption":"Current Funding Opportunities"},{"@type":"BreadcrumbList","@id":"https:\/\/www.braintumour.ca\/fr\/recherche\/liste-des-bourses\/#breadcrumb","itemListElement":[{"@type":"ListItem","position":1,"name":"Home","item":"https:\/\/www.braintumour.ca\/fr\/"},{"@type":"ListItem","position":2,"name":"Recherche","item":"https:\/\/www.braintumour.ca\/fr\/recherche\/"},{"@type":"ListItem","position":3,"name":"Liste des bourses et opportunit\u00e9s en cours"}]},{"@type":"WebSite","@id":"https:\/\/www.braintumour.ca\/fr\/#website","url":"https:\/\/www.braintumour.ca\/fr\/","name":"Fondation canadienne des tumeurs c\u00e9r\u00e9brales","description":"Notre mission est de venir en aide \u00e0 toutes les personnes touch\u00e9es par une tumeur c\u00e9r\u00e9brale au Canada par le biais de nos programmes d\u2019information, de soutien, d\u2019\u00e9ducation et de recherche.","potentialAction":[{"@type":"SearchAction","target":{"@type":"EntryPoint","urlTemplate":"https:\/\/www.braintumour.ca\/fr\/?s={search_term_string}"},"query-input":{"@type":"PropertyValueSpecification","valueRequired":true,"valueName":"search_term_string"}}],"inLanguage":"fr-CA"}]}},"_links":{"self":[{"href":"https:\/\/www.braintumour.ca\/fr\/wp-json\/wp\/v2\/pages\/2953","targetHints":{"allow":["GET"]}}],"collection":[{"href":"https:\/\/www.braintumour.ca\/fr\/wp-json\/wp\/v2\/pages"}],"about":[{"href":"https:\/\/www.braintumour.ca\/fr\/wp-json\/wp\/v2\/types\/page"}],"author":[{"embeddable":true,"href":"https:\/\/www.braintumour.ca\/fr\/wp-json\/wp\/v2\/users\/4"}],"replies":[{"embeddable":true,"href":"https:\/\/www.braintumour.ca\/fr\/wp-json\/wp\/v2\/comments?post=2953"}],"version-history":[{"count":0,"href":"https:\/\/www.braintumour.ca\/fr\/wp-json\/wp\/v2\/pages\/2953\/revisions"}],"up":[{"embeddable":true,"href":"https:\/\/www.braintumour.ca\/fr\/wp-json\/wp\/v2\/pages\/2946"}],"wp:featuredmedia":[{"embeddable":true,"href":"https:\/\/www.braintumour.ca\/fr\/wp-json\/wp\/v2\/media\/8857"}],"wp:attachment":[{"href":"https:\/\/www.braintumour.ca\/fr\/wp-json\/wp\/v2\/media?parent=2953"}],"wp:term":[{"taxonomy":"user_type","embeddable":true,"href":"https:\/\/www.braintumour.ca\/fr\/wp-json\/wp\/v2\/user_type?post=2953"}],"curies":[{"name":"wp","href":"https:\/\/api.w.org\/{rel}","templated":true}]}}