{"id":2966,"date":"2019-08-26T17:10:32","date_gmt":"2019-08-26T21:10:32","guid":{"rendered":"https:\/\/braintumour.ca\/recherche\/bourses-de-recherche-en-cours-et-passees\/grants\/"},"modified":"2022-03-17T17:58:09","modified_gmt":"2022-03-17T21:58:09","slug":"subventions-de-recherche","status":"publish","type":"page","link":"https:\/\/www.braintumour.ca\/fr\/subventions-de-recherche\/","title":{"rendered":"Subventions de recherche"},"content":{"rendered":"<h5>Nous finan\u00e7ons la recherche dans le cadre du programme de subventions de recherche depuis 2004. Apprenez-en plus.<\/h5>\n","protected":false},"excerpt":{"rendered":"<p>Nous finan\u00e7ons la recherche dans le cadre du programme de subventions de recherche depuis 2004. Apprenez-en plus.<\/p>\n","protected":false},"author":4,"featured_media":1142,"parent":0,"menu_order":142,"comment_status":"closed","ping_status":"closed","template":"","meta":{"_acf_changed":false,"footnotes":""},"user_type":[134],"class_list":["post-2966","page","type-page","status-publish","has-post-thumbnail","hentry","user_type-chercheur"],"acf":[],"yoast_head":"<!-- This site is optimized with the Yoast SEO Premium plugin v27.0 (Yoast SEO v27.0) - https:\/\/yoast.com\/product\/yoast-seo-premium-wordpress\/ -->\n<title>Subventions de recherche - Fondation canadienne des tumeurs c\u00e9r\u00e9brales<\/title>\n<meta name=\"description\" content=\"Gr\u00e2ce aux donateurs, le programme de subvention de recherche offert par la Fondation Canadienne des tumeurs c\u00e9r\u00e9brales comprend des subventions pouvant atteindre des montants de 25 000$.\" \/>\n<meta name=\"robots\" content=\"index, follow, max-snippet:-1, max-image-preview:large, max-video-preview:-1\" \/>\n<link rel=\"canonical\" href=\"https:\/\/www.braintumour.ca\/fr\/subventions-de-recherche\/\" \/>\n<meta property=\"og:locale\" content=\"fr_CA\" \/>\n<meta property=\"og:type\" content=\"article\" \/>\n<meta property=\"og:title\" content=\"Subventions de recherche\" \/>\n<meta property=\"og:description\" content=\"Gr\u00e2ce aux donateurs, le programme de subvention de recherche offert par la Fondation Canadienne des tumeurs c\u00e9r\u00e9brales comprend des subventions pouvant atteindre des montants de 25 000$.\" \/>\n<meta property=\"og:url\" content=\"https:\/\/www.braintumour.ca\/fr\/subventions-de-recherche\/\" \/>\n<meta property=\"og:site_name\" content=\"Fondation canadienne des tumeurs c\u00e9r\u00e9brales\" \/>\n<meta property=\"article:modified_time\" content=\"2022-03-17T21:58:09+00:00\" \/>\n<meta property=\"og:image\" content=\"https:\/\/www.braintumour.ca\/wp-content\/uploads\/2019\/10\/dna-3539309_1920.jpg\" \/>\n\t<meta property=\"og:image:width\" content=\"1920\" \/>\n\t<meta property=\"og:image:height\" content=\"960\" \/>\n\t<meta property=\"og:image:type\" content=\"image\/jpeg\" \/>\n<meta name=\"twitter:card\" content=\"summary_large_image\" \/>\n<script type=\"application\/ld+json\" class=\"yoast-schema-graph\">{\"@context\":\"https:\/\/schema.org\",\"@graph\":[{\"@type\":\"WebPage\",\"@id\":\"https:\/\/www.braintumour.ca\/fr\/subventions-de-recherche\/\",\"url\":\"https:\/\/www.braintumour.ca\/fr\/subventions-de-recherche\/\",\"name\":\"Subventions de recherche - Fondation canadienne des tumeurs c\u00e9r\u00e9brales\",\"isPartOf\":{\"@id\":\"https:\/\/www.braintumour.ca\/fr\/#website\"},\"primaryImageOfPage\":{\"@id\":\"https:\/\/www.braintumour.ca\/fr\/subventions-de-recherche\/#primaryimage\"},\"image\":{\"@id\":\"https:\/\/www.braintumour.ca\/fr\/subventions-de-recherche\/#primaryimage\"},\"thumbnailUrl\":\"https:\/\/www.braintumour.ca\/wp-content\/uploads\/2019\/10\/dna-3539309_1920.jpg\",\"datePublished\":\"2019-08-26T21:10:32+00:00\",\"dateModified\":\"2022-03-17T21:58:09+00:00\",\"description\":\"Gr\u00e2ce aux donateurs, le programme de subvention de recherche offert par la Fondation Canadienne des tumeurs c\u00e9r\u00e9brales comprend des subventions pouvant atteindre des montants de 25 000$.\",\"breadcrumb\":{\"@id\":\"https:\/\/www.braintumour.ca\/fr\/subventions-de-recherche\/#breadcrumb\"},\"inLanguage\":\"fr-CA\",\"potentialAction\":[{\"@type\":\"ReadAction\",\"target\":[\"https:\/\/www.braintumour.ca\/fr\/subventions-de-recherche\/\"]}]},{\"@type\":\"ImageObject\",\"inLanguage\":\"fr-CA\",\"@id\":\"https:\/\/www.braintumour.ca\/fr\/subventions-de-recherche\/#primaryimage\",\"url\":\"https:\/\/www.braintumour.ca\/wp-content\/uploads\/2019\/10\/dna-3539309_1920.jpg\",\"contentUrl\":\"https:\/\/www.braintumour.ca\/wp-content\/uploads\/2019\/10\/dna-3539309_1920.jpg\",\"width\":1920,\"height\":960,\"caption\":\"Research DNA\"},{\"@type\":\"BreadcrumbList\",\"@id\":\"https:\/\/www.braintumour.ca\/fr\/subventions-de-recherche\/#breadcrumb\",\"itemListElement\":[{\"@type\":\"ListItem\",\"position\":1,\"name\":\"Home\",\"item\":\"https:\/\/www.braintumour.ca\/fr\/\"},{\"@type\":\"ListItem\",\"position\":2,\"name\":\"Subventions de recherche\"}]},{\"@type\":\"WebSite\",\"@id\":\"https:\/\/www.braintumour.ca\/fr\/#website\",\"url\":\"https:\/\/www.braintumour.ca\/fr\/\",\"name\":\"Fondation canadienne des tumeurs c\u00e9r\u00e9brales\",\"description\":\"Notre mission est de venir en aide \u00e0 toutes les personnes touch\u00e9es par une tumeur c\u00e9r\u00e9brale au Canada par le biais de nos programmes d\u2019information, de soutien, d\u2019\u00e9ducation et de recherche.\",\"potentialAction\":[{\"@type\":\"SearchAction\",\"target\":{\"@type\":\"EntryPoint\",\"urlTemplate\":\"https:\/\/www.braintumour.ca\/fr\/?s={search_term_string}\"},\"query-input\":{\"@type\":\"PropertyValueSpecification\",\"valueRequired\":true,\"valueName\":\"search_term_string\"}}],\"inLanguage\":\"fr-CA\"}]}<\/script>\n<!-- \/ Yoast SEO Premium plugin. -->","yoast_head_json":{"title":"Subventions de recherche - Fondation canadienne des tumeurs c\u00e9r\u00e9brales","description":"Gr\u00e2ce aux donateurs, le programme de subvention de recherche offert par la Fondation Canadienne des tumeurs c\u00e9r\u00e9brales comprend des subventions pouvant atteindre des montants de 25 000$.","robots":{"index":"index","follow":"follow","max-snippet":"max-snippet:-1","max-image-preview":"max-image-preview:large","max-video-preview":"max-video-preview:-1"},"canonical":"https:\/\/www.braintumour.ca\/fr\/subventions-de-recherche\/","og_locale":"fr_CA","og_type":"article","og_title":"Subventions de recherche","og_description":"Gr\u00e2ce aux donateurs, le programme de subvention de recherche offert par la Fondation Canadienne des tumeurs c\u00e9r\u00e9brales comprend des subventions pouvant atteindre des montants de 25 000$.","og_url":"https:\/\/www.braintumour.ca\/fr\/subventions-de-recherche\/","og_site_name":"Fondation canadienne des tumeurs c\u00e9r\u00e9brales","article_modified_time":"2022-03-17T21:58:09+00:00","og_image":[{"width":1920,"height":960,"url":"https:\/\/www.braintumour.ca\/wp-content\/uploads\/2019\/10\/dna-3539309_1920.jpg","type":"image\/jpeg"}],"twitter_card":"summary_large_image","schema":{"@context":"https:\/\/schema.org","@graph":[{"@type":"WebPage","@id":"https:\/\/www.braintumour.ca\/fr\/subventions-de-recherche\/","url":"https:\/\/www.braintumour.ca\/fr\/subventions-de-recherche\/","name":"Subventions de recherche - Fondation canadienne des tumeurs c\u00e9r\u00e9brales","isPartOf":{"@id":"https:\/\/www.braintumour.ca\/fr\/#website"},"primaryImageOfPage":{"@id":"https:\/\/www.braintumour.ca\/fr\/subventions-de-recherche\/#primaryimage"},"image":{"@id":"https:\/\/www.braintumour.ca\/fr\/subventions-de-recherche\/#primaryimage"},"thumbnailUrl":"https:\/\/www.braintumour.ca\/wp-content\/uploads\/2019\/10\/dna-3539309_1920.jpg","datePublished":"2019-08-26T21:10:32+00:00","dateModified":"2022-03-17T21:58:09+00:00","description":"Gr\u00e2ce aux donateurs, le programme de subvention de recherche offert par la Fondation Canadienne des tumeurs c\u00e9r\u00e9brales comprend des subventions pouvant atteindre des montants de 25 000$.","breadcrumb":{"@id":"https:\/\/www.braintumour.ca\/fr\/subventions-de-recherche\/#breadcrumb"},"inLanguage":"fr-CA","potentialAction":[{"@type":"ReadAction","target":["https:\/\/www.braintumour.ca\/fr\/subventions-de-recherche\/"]}]},{"@type":"ImageObject","inLanguage":"fr-CA","@id":"https:\/\/www.braintumour.ca\/fr\/subventions-de-recherche\/#primaryimage","url":"https:\/\/www.braintumour.ca\/wp-content\/uploads\/2019\/10\/dna-3539309_1920.jpg","contentUrl":"https:\/\/www.braintumour.ca\/wp-content\/uploads\/2019\/10\/dna-3539309_1920.jpg","width":1920,"height":960,"caption":"Research DNA"},{"@type":"BreadcrumbList","@id":"https:\/\/www.braintumour.ca\/fr\/subventions-de-recherche\/#breadcrumb","itemListElement":[{"@type":"ListItem","position":1,"name":"Home","item":"https:\/\/www.braintumour.ca\/fr\/"},{"@type":"ListItem","position":2,"name":"Subventions de recherche"}]},{"@type":"WebSite","@id":"https:\/\/www.braintumour.ca\/fr\/#website","url":"https:\/\/www.braintumour.ca\/fr\/","name":"Fondation canadienne des tumeurs c\u00e9r\u00e9brales","description":"Notre mission est de venir en aide \u00e0 toutes les personnes touch\u00e9es par une tumeur c\u00e9r\u00e9brale au Canada par le biais de nos programmes d\u2019information, de soutien, d\u2019\u00e9ducation et de recherche.","potentialAction":[{"@type":"SearchAction","target":{"@type":"EntryPoint","urlTemplate":"https:\/\/www.braintumour.ca\/fr\/?s={search_term_string}"},"query-input":{"@type":"PropertyValueSpecification","valueRequired":true,"valueName":"search_term_string"}}],"inLanguage":"fr-CA"}]}},"_links":{"self":[{"href":"https:\/\/www.braintumour.ca\/fr\/wp-json\/wp\/v2\/pages\/2966","targetHints":{"allow":["GET"]}}],"collection":[{"href":"https:\/\/www.braintumour.ca\/fr\/wp-json\/wp\/v2\/pages"}],"about":[{"href":"https:\/\/www.braintumour.ca\/fr\/wp-json\/wp\/v2\/types\/page"}],"author":[{"embeddable":true,"href":"https:\/\/www.braintumour.ca\/fr\/wp-json\/wp\/v2\/users\/4"}],"replies":[{"embeddable":true,"href":"https:\/\/www.braintumour.ca\/fr\/wp-json\/wp\/v2\/comments?post=2966"}],"version-history":[{"count":0,"href":"https:\/\/www.braintumour.ca\/fr\/wp-json\/wp\/v2\/pages\/2966\/revisions"}],"wp:featuredmedia":[{"embeddable":true,"href":"https:\/\/www.braintumour.ca\/fr\/wp-json\/wp\/v2\/media\/1142"}],"wp:attachment":[{"href":"https:\/\/www.braintumour.ca\/fr\/wp-json\/wp\/v2\/media?parent=2966"}],"wp:term":[{"taxonomy":"user_type","embeddable":true,"href":"https:\/\/www.braintumour.ca\/fr\/wp-json\/wp\/v2\/user_type?post=2966"}],"curies":[{"name":"wp","href":"https:\/\/api.w.org\/{rel}","templated":true}]}}