{"id":2968,"date":"2019-08-26T17:11:14","date_gmt":"2019-08-26T21:11:14","guid":{"rendered":"https:\/\/braintumour.ca\/recherche\/bourses-de-recherche-en-cours-et-passees\/studentships\/"},"modified":"2023-11-08T07:28:32","modified_gmt":"2023-11-08T12:28:32","slug":"bourses-de-stagiaire-de-recherche","status":"publish","type":"page","link":"https:\/\/www.braintumour.ca\/fr\/bourses-de-stagiaire-de-recherche\/","title":{"rendered":"Bourses de stagiaire de recherche"},"content":{"rendered":"<h5>Les bourses de stagiaire de recherche contribuent au financement la recherche effectu\u00e9e par les jeunes chercheurs pour une p\u00e9riode de <strong>deux \u00e9t\u00e9s (10 000$ sur deux ans)<\/strong>, leur permettant ainsi de d\u00e9marrer leur carri\u00e8re dans le domaine de la recherche sur les tumeurs c\u00e9r\u00e9brales.<\/h5>\n","protected":false},"excerpt":{"rendered":"<p>Les bourses de stagiaire de recherche contribuent au financement la recherche effectu\u00e9e par les jeunes chercheurs pour une p\u00e9riode de [&hellip;]<\/p>\n","protected":false},"author":4,"featured_media":1142,"parent":0,"menu_order":145,"comment_status":"closed","ping_status":"closed","template":"","meta":{"_acf_changed":false,"footnotes":""},"user_type":[134],"class_list":["post-2968","page","type-page","status-publish","has-post-thumbnail","hentry","user_type-chercheur"],"acf":[],"yoast_head":"<!-- This site is optimized with the Yoast SEO Premium plugin v27.0 (Yoast SEO v27.0) - https:\/\/yoast.com\/product\/yoast-seo-premium-wordpress\/ -->\n<title>Bourses de stagiaire de recherche - Fondation canadienne des tumeurs c\u00e9r\u00e9brales<\/title>\n<meta name=\"description\" content=\"Les bourses de stagiaire de recherche contribuent au financement la recherche effectu\u00e9e par les jeunes chercheurs pour une p\u00e9riode de deux \u00e9t\u00e9s (10 000$ sur deux ans).\" \/>\n<meta name=\"robots\" content=\"index, follow, max-snippet:-1, max-image-preview:large, max-video-preview:-1\" \/>\n<link rel=\"canonical\" href=\"https:\/\/www.braintumour.ca\/fr\/bourses-de-stagiaire-de-recherche\/\" \/>\n<meta property=\"og:locale\" content=\"fr_CA\" \/>\n<meta property=\"og:type\" content=\"article\" \/>\n<meta property=\"og:title\" content=\"Bourses de stagiaire de recherche\" \/>\n<meta property=\"og:description\" content=\"Les bourses de stagiaire de recherche contribuent au financement la recherche effectu\u00e9e par les jeunes chercheurs pour une p\u00e9riode de deux \u00e9t\u00e9s (10 000$ sur deux ans).\" \/>\n<meta property=\"og:url\" content=\"https:\/\/www.braintumour.ca\/fr\/bourses-de-stagiaire-de-recherche\/\" \/>\n<meta property=\"og:site_name\" content=\"Fondation canadienne des tumeurs c\u00e9r\u00e9brales\" \/>\n<meta property=\"article:modified_time\" content=\"2023-11-08T12:28:32+00:00\" \/>\n<meta property=\"og:image\" content=\"https:\/\/www.braintumour.ca\/wp-content\/uploads\/2019\/10\/dna-3539309_1920.jpg\" \/>\n\t<meta property=\"og:image:width\" content=\"1920\" \/>\n\t<meta property=\"og:image:height\" content=\"960\" \/>\n\t<meta property=\"og:image:type\" content=\"image\/jpeg\" \/>\n<meta name=\"twitter:card\" content=\"summary_large_image\" \/>\n<meta name=\"twitter:label1\" content=\"Estimation du temps de lecture\" \/>\n\t<meta name=\"twitter:data1\" content=\"1 minute\" \/>\n<script type=\"application\/ld+json\" class=\"yoast-schema-graph\">{\"@context\":\"https:\/\/schema.org\",\"@graph\":[{\"@type\":\"WebPage\",\"@id\":\"https:\/\/www.braintumour.ca\/fr\/bourses-de-stagiaire-de-recherche\/\",\"url\":\"https:\/\/www.braintumour.ca\/fr\/bourses-de-stagiaire-de-recherche\/\",\"name\":\"Bourses de stagiaire de recherche - Fondation canadienne des tumeurs c\u00e9r\u00e9brales\",\"isPartOf\":{\"@id\":\"https:\/\/www.braintumour.ca\/fr\/#website\"},\"primaryImageOfPage\":{\"@id\":\"https:\/\/www.braintumour.ca\/fr\/bourses-de-stagiaire-de-recherche\/#primaryimage\"},\"image\":{\"@id\":\"https:\/\/www.braintumour.ca\/fr\/bourses-de-stagiaire-de-recherche\/#primaryimage\"},\"thumbnailUrl\":\"https:\/\/www.braintumour.ca\/wp-content\/uploads\/2019\/10\/dna-3539309_1920.jpg\",\"datePublished\":\"2019-08-26T21:11:14+00:00\",\"dateModified\":\"2023-11-08T12:28:32+00:00\",\"description\":\"Les bourses de stagiaire de recherche contribuent au financement la recherche effectu\u00e9e par les jeunes chercheurs pour une p\u00e9riode de deux \u00e9t\u00e9s (10 000$ sur deux ans).\",\"breadcrumb\":{\"@id\":\"https:\/\/www.braintumour.ca\/fr\/bourses-de-stagiaire-de-recherche\/#breadcrumb\"},\"inLanguage\":\"fr-CA\",\"potentialAction\":[{\"@type\":\"ReadAction\",\"target\":[\"https:\/\/www.braintumour.ca\/fr\/bourses-de-stagiaire-de-recherche\/\"]}]},{\"@type\":\"ImageObject\",\"inLanguage\":\"fr-CA\",\"@id\":\"https:\/\/www.braintumour.ca\/fr\/bourses-de-stagiaire-de-recherche\/#primaryimage\",\"url\":\"https:\/\/www.braintumour.ca\/wp-content\/uploads\/2019\/10\/dna-3539309_1920.jpg\",\"contentUrl\":\"https:\/\/www.braintumour.ca\/wp-content\/uploads\/2019\/10\/dna-3539309_1920.jpg\",\"width\":1920,\"height\":960,\"caption\":\"Research DNA\"},{\"@type\":\"BreadcrumbList\",\"@id\":\"https:\/\/www.braintumour.ca\/fr\/bourses-de-stagiaire-de-recherche\/#breadcrumb\",\"itemListElement\":[{\"@type\":\"ListItem\",\"position\":1,\"name\":\"Home\",\"item\":\"https:\/\/www.braintumour.ca\/fr\/\"},{\"@type\":\"ListItem\",\"position\":2,\"name\":\"Bourses de stagiaire de recherche\"}]},{\"@type\":\"WebSite\",\"@id\":\"https:\/\/www.braintumour.ca\/fr\/#website\",\"url\":\"https:\/\/www.braintumour.ca\/fr\/\",\"name\":\"Fondation canadienne des tumeurs c\u00e9r\u00e9brales\",\"description\":\"Notre mission est de venir en aide \u00e0 toutes les personnes touch\u00e9es par une tumeur c\u00e9r\u00e9brale au Canada par le biais de nos programmes d\u2019information, de soutien, d\u2019\u00e9ducation et de recherche.\",\"potentialAction\":[{\"@type\":\"SearchAction\",\"target\":{\"@type\":\"EntryPoint\",\"urlTemplate\":\"https:\/\/www.braintumour.ca\/fr\/?s={search_term_string}\"},\"query-input\":{\"@type\":\"PropertyValueSpecification\",\"valueRequired\":true,\"valueName\":\"search_term_string\"}}],\"inLanguage\":\"fr-CA\"}]}<\/script>\n<!-- \/ Yoast SEO Premium plugin. -->","yoast_head_json":{"title":"Bourses de stagiaire de recherche - Fondation canadienne des tumeurs c\u00e9r\u00e9brales","description":"Les bourses de stagiaire de recherche contribuent au financement la recherche effectu\u00e9e par les jeunes chercheurs pour une p\u00e9riode de deux \u00e9t\u00e9s (10 000$ sur deux ans).","robots":{"index":"index","follow":"follow","max-snippet":"max-snippet:-1","max-image-preview":"max-image-preview:large","max-video-preview":"max-video-preview:-1"},"canonical":"https:\/\/www.braintumour.ca\/fr\/bourses-de-stagiaire-de-recherche\/","og_locale":"fr_CA","og_type":"article","og_title":"Bourses de stagiaire de recherche","og_description":"Les bourses de stagiaire de recherche contribuent au financement la recherche effectu\u00e9e par les jeunes chercheurs pour une p\u00e9riode de deux \u00e9t\u00e9s (10 000$ sur deux ans).","og_url":"https:\/\/www.braintumour.ca\/fr\/bourses-de-stagiaire-de-recherche\/","og_site_name":"Fondation canadienne des tumeurs c\u00e9r\u00e9brales","article_modified_time":"2023-11-08T12:28:32+00:00","og_image":[{"width":1920,"height":960,"url":"https:\/\/www.braintumour.ca\/wp-content\/uploads\/2019\/10\/dna-3539309_1920.jpg","type":"image\/jpeg"}],"twitter_card":"summary_large_image","twitter_misc":{"Estimation du temps de lecture":"1 minute"},"schema":{"@context":"https:\/\/schema.org","@graph":[{"@type":"WebPage","@id":"https:\/\/www.braintumour.ca\/fr\/bourses-de-stagiaire-de-recherche\/","url":"https:\/\/www.braintumour.ca\/fr\/bourses-de-stagiaire-de-recherche\/","name":"Bourses de stagiaire de recherche - Fondation canadienne des tumeurs c\u00e9r\u00e9brales","isPartOf":{"@id":"https:\/\/www.braintumour.ca\/fr\/#website"},"primaryImageOfPage":{"@id":"https:\/\/www.braintumour.ca\/fr\/bourses-de-stagiaire-de-recherche\/#primaryimage"},"image":{"@id":"https:\/\/www.braintumour.ca\/fr\/bourses-de-stagiaire-de-recherche\/#primaryimage"},"thumbnailUrl":"https:\/\/www.braintumour.ca\/wp-content\/uploads\/2019\/10\/dna-3539309_1920.jpg","datePublished":"2019-08-26T21:11:14+00:00","dateModified":"2023-11-08T12:28:32+00:00","description":"Les bourses de stagiaire de recherche contribuent au financement la recherche effectu\u00e9e par les jeunes chercheurs pour une p\u00e9riode de deux \u00e9t\u00e9s (10 000$ sur deux ans).","breadcrumb":{"@id":"https:\/\/www.braintumour.ca\/fr\/bourses-de-stagiaire-de-recherche\/#breadcrumb"},"inLanguage":"fr-CA","potentialAction":[{"@type":"ReadAction","target":["https:\/\/www.braintumour.ca\/fr\/bourses-de-stagiaire-de-recherche\/"]}]},{"@type":"ImageObject","inLanguage":"fr-CA","@id":"https:\/\/www.braintumour.ca\/fr\/bourses-de-stagiaire-de-recherche\/#primaryimage","url":"https:\/\/www.braintumour.ca\/wp-content\/uploads\/2019\/10\/dna-3539309_1920.jpg","contentUrl":"https:\/\/www.braintumour.ca\/wp-content\/uploads\/2019\/10\/dna-3539309_1920.jpg","width":1920,"height":960,"caption":"Research DNA"},{"@type":"BreadcrumbList","@id":"https:\/\/www.braintumour.ca\/fr\/bourses-de-stagiaire-de-recherche\/#breadcrumb","itemListElement":[{"@type":"ListItem","position":1,"name":"Home","item":"https:\/\/www.braintumour.ca\/fr\/"},{"@type":"ListItem","position":2,"name":"Bourses de stagiaire de recherche"}]},{"@type":"WebSite","@id":"https:\/\/www.braintumour.ca\/fr\/#website","url":"https:\/\/www.braintumour.ca\/fr\/","name":"Fondation canadienne des tumeurs c\u00e9r\u00e9brales","description":"Notre mission est de venir en aide \u00e0 toutes les personnes touch\u00e9es par une tumeur c\u00e9r\u00e9brale au Canada par le biais de nos programmes d\u2019information, de soutien, d\u2019\u00e9ducation et de recherche.","potentialAction":[{"@type":"SearchAction","target":{"@type":"EntryPoint","urlTemplate":"https:\/\/www.braintumour.ca\/fr\/?s={search_term_string}"},"query-input":{"@type":"PropertyValueSpecification","valueRequired":true,"valueName":"search_term_string"}}],"inLanguage":"fr-CA"}]}},"_links":{"self":[{"href":"https:\/\/www.braintumour.ca\/fr\/wp-json\/wp\/v2\/pages\/2968","targetHints":{"allow":["GET"]}}],"collection":[{"href":"https:\/\/www.braintumour.ca\/fr\/wp-json\/wp\/v2\/pages"}],"about":[{"href":"https:\/\/www.braintumour.ca\/fr\/wp-json\/wp\/v2\/types\/page"}],"author":[{"embeddable":true,"href":"https:\/\/www.braintumour.ca\/fr\/wp-json\/wp\/v2\/users\/4"}],"replies":[{"embeddable":true,"href":"https:\/\/www.braintumour.ca\/fr\/wp-json\/wp\/v2\/comments?post=2968"}],"version-history":[{"count":0,"href":"https:\/\/www.braintumour.ca\/fr\/wp-json\/wp\/v2\/pages\/2968\/revisions"}],"wp:featuredmedia":[{"embeddable":true,"href":"https:\/\/www.braintumour.ca\/fr\/wp-json\/wp\/v2\/media\/1142"}],"wp:attachment":[{"href":"https:\/\/www.braintumour.ca\/fr\/wp-json\/wp\/v2\/media?parent=2968"}],"wp:term":[{"taxonomy":"user_type","embeddable":true,"href":"https:\/\/www.braintumour.ca\/fr\/wp-json\/wp\/v2\/user_type?post=2968"}],"curies":[{"name":"wp","href":"https:\/\/api.w.org\/{rel}","templated":true}]}}