{"id":2970,"date":"2019-08-26T17:19:25","date_gmt":"2019-08-26T21:19:25","guid":{"rendered":"https:\/\/braintumour.ca\/recherche\/bourses-de-recherche-en-cours-et-passees\/youth-education-awards\/"},"modified":"2025-06-05T11:05:24","modified_gmt":"2025-06-05T15:05:24","slug":"bourses-detudes-pour-jeunes-patients-et-survivants","status":"publish","type":"page","link":"https:\/\/www.braintumour.ca\/fr\/bourses-detudes-pour-jeunes-patients-et-survivants\/","title":{"rendered":"Bourses d\u2019\u00e9tudes pour jeunes patients et survivants"},"content":{"rendered":"<h5>Les survivants de tumeurs c\u00e9r\u00e9brales qui poursuivent des \u00e9tudes postsecondaires sont \u00e9ligibles \u00e0 nos Bourses d\u2019\u00e9tudes pour jeunes patients et survivants<\/h5>\n<p>L\u2019appel de candidatures est maintenant ouvert. La date limite d&rsquo;envoi des candidatures est le <u>16 mai 2023<\/u>. <u><br \/>\n<\/u><\/p>\n","protected":false},"excerpt":{"rendered":"<p>Les survivants de tumeurs c\u00e9r\u00e9brales qui poursuivent des \u00e9tudes postsecondaires sont \u00e9ligibles \u00e0 nos Bourses d\u2019\u00e9tudes pour jeunes patients et [&hellip;]<\/p>\n","protected":false},"author":4,"featured_media":10621,"parent":0,"menu_order":149,"comment_status":"closed","ping_status":"closed","template":"","meta":{"_acf_changed":false,"footnotes":""},"user_type":[133],"class_list":["post-2970","page","type-page","status-publish","has-post-thumbnail","hentry","user_type-patient-fr"],"acf":[],"yoast_head":"<!-- This site is optimized with the Yoast SEO Premium plugin v27.0 (Yoast SEO v27.0) - https:\/\/yoast.com\/product\/yoast-seo-premium-wordpress\/ -->\n<title>Bourses d\u2019\u00e9tudes pour jeunes patients et survivants - Fondation canadienne des tumeurs c\u00e9r\u00e9brales<\/title>\n<meta name=\"description\" content=\"Les survivants de tumeurs c\u00e9r\u00e9brales qui poursuivent des \u00e9tudes postsecondaires sont \u00e9ligibles \u00e0 nos Bourses d\u2019\u00e9tudes pour jeunes patients et survivants.\" \/>\n<meta name=\"robots\" content=\"index, follow, max-snippet:-1, max-image-preview:large, max-video-preview:-1\" \/>\n<link rel=\"canonical\" href=\"https:\/\/www.braintumour.ca\/fr\/bourses-detudes-pour-jeunes-patients-et-survivants\/\" \/>\n<meta property=\"og:locale\" content=\"fr_CA\" \/>\n<meta property=\"og:type\" content=\"article\" \/>\n<meta property=\"og:title\" content=\"Bourses d\u2019\u00e9tudes pour jeunes patients et survivants\" \/>\n<meta property=\"og:description\" content=\"Les survivants de tumeurs c\u00e9r\u00e9brales qui poursuivent des \u00e9tudes postsecondaires sont \u00e9ligibles \u00e0 nos Bourses d\u2019\u00e9tudes pour jeunes patients et survivants.\" \/>\n<meta property=\"og:url\" content=\"https:\/\/www.braintumour.ca\/fr\/bourses-detudes-pour-jeunes-patients-et-survivants\/\" \/>\n<meta property=\"og:site_name\" content=\"Fondation canadienne des tumeurs c\u00e9r\u00e9brales\" \/>\n<meta property=\"article:modified_time\" content=\"2025-06-05T15:05:24+00:00\" \/>\n<meta property=\"og:image\" content=\"https:\/\/www.braintumour.ca\/wp-content\/uploads\/2022\/12\/JanicaPickard-Banner-new.jpg\" \/>\n\t<meta property=\"og:image:width\" content=\"1800\" \/>\n\t<meta property=\"og:image:height\" content=\"1117\" \/>\n\t<meta property=\"og:image:type\" content=\"image\/jpeg\" \/>\n<meta name=\"twitter:card\" content=\"summary_large_image\" \/>\n<meta name=\"twitter:label1\" content=\"Estimation du temps de lecture\" \/>\n\t<meta name=\"twitter:data1\" content=\"3 minutes\" \/>\n<script type=\"application\/ld+json\" class=\"yoast-schema-graph\">{\"@context\":\"https:\/\/schema.org\",\"@graph\":[{\"@type\":\"WebPage\",\"@id\":\"https:\/\/www.braintumour.ca\/fr\/bourses-detudes-pour-jeunes-patients-et-survivants\/\",\"url\":\"https:\/\/www.braintumour.ca\/fr\/bourses-detudes-pour-jeunes-patients-et-survivants\/\",\"name\":\"Bourses d\u2019\u00e9tudes pour jeunes patients et survivants - Fondation canadienne des tumeurs c\u00e9r\u00e9brales\",\"isPartOf\":{\"@id\":\"https:\/\/www.braintumour.ca\/fr\/#website\"},\"primaryImageOfPage\":{\"@id\":\"https:\/\/www.braintumour.ca\/fr\/bourses-detudes-pour-jeunes-patients-et-survivants\/#primaryimage\"},\"image\":{\"@id\":\"https:\/\/www.braintumour.ca\/fr\/bourses-detudes-pour-jeunes-patients-et-survivants\/#primaryimage\"},\"thumbnailUrl\":\"https:\/\/www.braintumour.ca\/wp-content\/uploads\/2022\/12\/JanicaPickard-Banner-new.jpg\",\"datePublished\":\"2019-08-26T21:19:25+00:00\",\"dateModified\":\"2025-06-05T15:05:24+00:00\",\"description\":\"Les survivants de tumeurs c\u00e9r\u00e9brales qui poursuivent des \u00e9tudes postsecondaires sont \u00e9ligibles \u00e0 nos Bourses d\u2019\u00e9tudes pour jeunes patients et survivants.\",\"breadcrumb\":{\"@id\":\"https:\/\/www.braintumour.ca\/fr\/bourses-detudes-pour-jeunes-patients-et-survivants\/#breadcrumb\"},\"inLanguage\":\"fr-CA\",\"potentialAction\":[{\"@type\":\"ReadAction\",\"target\":[\"https:\/\/www.braintumour.ca\/fr\/bourses-detudes-pour-jeunes-patients-et-survivants\/\"]}]},{\"@type\":\"ImageObject\",\"inLanguage\":\"fr-CA\",\"@id\":\"https:\/\/www.braintumour.ca\/fr\/bourses-detudes-pour-jeunes-patients-et-survivants\/#primaryimage\",\"url\":\"https:\/\/www.braintumour.ca\/wp-content\/uploads\/2022\/12\/JanicaPickard-Banner-new.jpg\",\"contentUrl\":\"https:\/\/www.braintumour.ca\/wp-content\/uploads\/2022\/12\/JanicaPickard-Banner-new.jpg\",\"width\":1800,\"height\":1117},{\"@type\":\"BreadcrumbList\",\"@id\":\"https:\/\/www.braintumour.ca\/fr\/bourses-detudes-pour-jeunes-patients-et-survivants\/#breadcrumb\",\"itemListElement\":[{\"@type\":\"ListItem\",\"position\":1,\"name\":\"Home\",\"item\":\"https:\/\/www.braintumour.ca\/fr\/\"},{\"@type\":\"ListItem\",\"position\":2,\"name\":\"Bourses d\u2019\u00e9tudes pour jeunes patients et survivants\"}]},{\"@type\":\"WebSite\",\"@id\":\"https:\/\/www.braintumour.ca\/fr\/#website\",\"url\":\"https:\/\/www.braintumour.ca\/fr\/\",\"name\":\"Fondation canadienne des tumeurs c\u00e9r\u00e9brales\",\"description\":\"Notre mission est de venir en aide \u00e0 toutes les personnes touch\u00e9es par une tumeur c\u00e9r\u00e9brale au Canada par le biais de nos programmes d\u2019information, de soutien, d\u2019\u00e9ducation et de recherche.\",\"potentialAction\":[{\"@type\":\"SearchAction\",\"target\":{\"@type\":\"EntryPoint\",\"urlTemplate\":\"https:\/\/www.braintumour.ca\/fr\/?s={search_term_string}\"},\"query-input\":{\"@type\":\"PropertyValueSpecification\",\"valueRequired\":true,\"valueName\":\"search_term_string\"}}],\"inLanguage\":\"fr-CA\"}]}<\/script>\n<!-- \/ Yoast SEO Premium plugin. -->","yoast_head_json":{"title":"Bourses d\u2019\u00e9tudes pour jeunes patients et survivants - Fondation canadienne des tumeurs c\u00e9r\u00e9brales","description":"Les survivants de tumeurs c\u00e9r\u00e9brales qui poursuivent des \u00e9tudes postsecondaires sont \u00e9ligibles \u00e0 nos Bourses d\u2019\u00e9tudes pour jeunes patients et survivants.","robots":{"index":"index","follow":"follow","max-snippet":"max-snippet:-1","max-image-preview":"max-image-preview:large","max-video-preview":"max-video-preview:-1"},"canonical":"https:\/\/www.braintumour.ca\/fr\/bourses-detudes-pour-jeunes-patients-et-survivants\/","og_locale":"fr_CA","og_type":"article","og_title":"Bourses d\u2019\u00e9tudes pour jeunes patients et survivants","og_description":"Les survivants de tumeurs c\u00e9r\u00e9brales qui poursuivent des \u00e9tudes postsecondaires sont \u00e9ligibles \u00e0 nos Bourses d\u2019\u00e9tudes pour jeunes patients et survivants.","og_url":"https:\/\/www.braintumour.ca\/fr\/bourses-detudes-pour-jeunes-patients-et-survivants\/","og_site_name":"Fondation canadienne des tumeurs c\u00e9r\u00e9brales","article_modified_time":"2025-06-05T15:05:24+00:00","og_image":[{"width":1800,"height":1117,"url":"https:\/\/www.braintumour.ca\/wp-content\/uploads\/2022\/12\/JanicaPickard-Banner-new.jpg","type":"image\/jpeg"}],"twitter_card":"summary_large_image","twitter_misc":{"Estimation du temps de lecture":"3 minutes"},"schema":{"@context":"https:\/\/schema.org","@graph":[{"@type":"WebPage","@id":"https:\/\/www.braintumour.ca\/fr\/bourses-detudes-pour-jeunes-patients-et-survivants\/","url":"https:\/\/www.braintumour.ca\/fr\/bourses-detudes-pour-jeunes-patients-et-survivants\/","name":"Bourses d\u2019\u00e9tudes pour jeunes patients et survivants - Fondation canadienne des tumeurs c\u00e9r\u00e9brales","isPartOf":{"@id":"https:\/\/www.braintumour.ca\/fr\/#website"},"primaryImageOfPage":{"@id":"https:\/\/www.braintumour.ca\/fr\/bourses-detudes-pour-jeunes-patients-et-survivants\/#primaryimage"},"image":{"@id":"https:\/\/www.braintumour.ca\/fr\/bourses-detudes-pour-jeunes-patients-et-survivants\/#primaryimage"},"thumbnailUrl":"https:\/\/www.braintumour.ca\/wp-content\/uploads\/2022\/12\/JanicaPickard-Banner-new.jpg","datePublished":"2019-08-26T21:19:25+00:00","dateModified":"2025-06-05T15:05:24+00:00","description":"Les survivants de tumeurs c\u00e9r\u00e9brales qui poursuivent des \u00e9tudes postsecondaires sont \u00e9ligibles \u00e0 nos Bourses d\u2019\u00e9tudes pour jeunes patients et survivants.","breadcrumb":{"@id":"https:\/\/www.braintumour.ca\/fr\/bourses-detudes-pour-jeunes-patients-et-survivants\/#breadcrumb"},"inLanguage":"fr-CA","potentialAction":[{"@type":"ReadAction","target":["https:\/\/www.braintumour.ca\/fr\/bourses-detudes-pour-jeunes-patients-et-survivants\/"]}]},{"@type":"ImageObject","inLanguage":"fr-CA","@id":"https:\/\/www.braintumour.ca\/fr\/bourses-detudes-pour-jeunes-patients-et-survivants\/#primaryimage","url":"https:\/\/www.braintumour.ca\/wp-content\/uploads\/2022\/12\/JanicaPickard-Banner-new.jpg","contentUrl":"https:\/\/www.braintumour.ca\/wp-content\/uploads\/2022\/12\/JanicaPickard-Banner-new.jpg","width":1800,"height":1117},{"@type":"BreadcrumbList","@id":"https:\/\/www.braintumour.ca\/fr\/bourses-detudes-pour-jeunes-patients-et-survivants\/#breadcrumb","itemListElement":[{"@type":"ListItem","position":1,"name":"Home","item":"https:\/\/www.braintumour.ca\/fr\/"},{"@type":"ListItem","position":2,"name":"Bourses d\u2019\u00e9tudes pour jeunes patients et survivants"}]},{"@type":"WebSite","@id":"https:\/\/www.braintumour.ca\/fr\/#website","url":"https:\/\/www.braintumour.ca\/fr\/","name":"Fondation canadienne des tumeurs c\u00e9r\u00e9brales","description":"Notre mission est de venir en aide \u00e0 toutes les personnes touch\u00e9es par une tumeur c\u00e9r\u00e9brale au Canada par le biais de nos programmes d\u2019information, de soutien, d\u2019\u00e9ducation et de recherche.","potentialAction":[{"@type":"SearchAction","target":{"@type":"EntryPoint","urlTemplate":"https:\/\/www.braintumour.ca\/fr\/?s={search_term_string}"},"query-input":{"@type":"PropertyValueSpecification","valueRequired":true,"valueName":"search_term_string"}}],"inLanguage":"fr-CA"}]}},"_links":{"self":[{"href":"https:\/\/www.braintumour.ca\/fr\/wp-json\/wp\/v2\/pages\/2970","targetHints":{"allow":["GET"]}}],"collection":[{"href":"https:\/\/www.braintumour.ca\/fr\/wp-json\/wp\/v2\/pages"}],"about":[{"href":"https:\/\/www.braintumour.ca\/fr\/wp-json\/wp\/v2\/types\/page"}],"author":[{"embeddable":true,"href":"https:\/\/www.braintumour.ca\/fr\/wp-json\/wp\/v2\/users\/4"}],"replies":[{"embeddable":true,"href":"https:\/\/www.braintumour.ca\/fr\/wp-json\/wp\/v2\/comments?post=2970"}],"version-history":[{"count":0,"href":"https:\/\/www.braintumour.ca\/fr\/wp-json\/wp\/v2\/pages\/2970\/revisions"}],"wp:featuredmedia":[{"embeddable":true,"href":"https:\/\/www.braintumour.ca\/fr\/wp-json\/wp\/v2\/media\/10621"}],"wp:attachment":[{"href":"https:\/\/www.braintumour.ca\/fr\/wp-json\/wp\/v2\/media?parent=2970"}],"wp:term":[{"taxonomy":"user_type","embeddable":true,"href":"https:\/\/www.braintumour.ca\/fr\/wp-json\/wp\/v2\/user_type?post=2970"}],"curies":[{"name":"wp","href":"https:\/\/api.w.org\/{rel}","templated":true}]}}