{"id":2973,"date":"2019-08-26T17:19:46","date_gmt":"2019-08-26T21:19:46","guid":{"rendered":"https:\/\/braintumour.ca\/recherche\/brain-tumour-registry\/"},"modified":"2021-06-14T15:20:47","modified_gmt":"2021-06-14T19:20:47","slug":"registre-canadien-des-tumeurs-cerebrales","status":"publish","type":"page","link":"https:\/\/www.braintumour.ca\/fr\/recherche\/registre-canadien-des-tumeurs-cerebrales\/","title":{"rendered":"Registre canadien des tumeurs c\u00e9r\u00e9brales"},"content":{"rendered":"<h5>En mai 2019, le Registre des tumeurs c\u00e9r\u00e9brales du Canada a \u00e9t\u00e9 lanc\u00e9 dans le but de recueillir des donn\u00e9es sur toutes les tumeurs c\u00e9r\u00e9brales malignes et non malignes au Canada.<\/h5>\n","protected":false},"excerpt":{"rendered":"<p>En mai 2019, le Registre des tumeurs c\u00e9r\u00e9brales du Canada a \u00e9t\u00e9 lanc\u00e9 dans le but de recueillir des donn\u00e9es [&hellip;]<\/p>\n","protected":false},"author":4,"featured_media":1146,"parent":2946,"menu_order":3,"comment_status":"closed","ping_status":"closed","template":"","meta":{"_acf_changed":false,"footnotes":""},"user_type":[134],"class_list":["post-2973","page","type-page","status-publish","has-post-thumbnail","hentry","user_type-chercheur"],"acf":[],"yoast_head":"<!-- This site is optimized with the Yoast SEO Premium plugin v27.0 (Yoast SEO v27.0) - https:\/\/yoast.com\/product\/yoast-seo-premium-wordpress\/ -->\n<title>Registre canadien des tumeurs c\u00e9r\u00e9brales - Fondation canadienne des tumeurs c\u00e9r\u00e9brales<\/title>\n<meta name=\"description\" content=\"Le Registre des tumeurs c\u00e9r\u00e9brales du Canada a \u00e9t\u00e9 cr\u00e9\u00e9 dans le but de recueillir des donn\u00e9es sur toutes les tumeurs c\u00e9r\u00e9brales malignes et non malignes au Canada.\" \/>\n<meta name=\"robots\" content=\"index, follow, max-snippet:-1, max-image-preview:large, max-video-preview:-1\" \/>\n<link rel=\"canonical\" href=\"https:\/\/www.braintumour.ca\/fr\/recherche\/registre-canadien-des-tumeurs-cerebrales\/\" \/>\n<meta property=\"og:locale\" content=\"fr_CA\" \/>\n<meta property=\"og:type\" content=\"article\" \/>\n<meta property=\"og:title\" content=\"Registre canadien des tumeurs c\u00e9r\u00e9brales\" \/>\n<meta property=\"og:description\" content=\"Le Registre des tumeurs c\u00e9r\u00e9brales du Canada a \u00e9t\u00e9 cr\u00e9\u00e9 dans le but de recueillir des donn\u00e9es sur toutes les tumeurs c\u00e9r\u00e9brales malignes et non malignes au Canada.\" \/>\n<meta property=\"og:url\" content=\"https:\/\/www.braintumour.ca\/fr\/recherche\/registre-canadien-des-tumeurs-cerebrales\/\" \/>\n<meta property=\"og:site_name\" content=\"Fondation canadienne des tumeurs c\u00e9r\u00e9brales\" \/>\n<meta property=\"article:modified_time\" content=\"2021-06-14T19:20:47+00:00\" \/>\n<meta property=\"og:image\" content=\"https:\/\/www.braintumour.ca\/wp-content\/uploads\/2019\/10\/Registry-white-background.jpg\" \/>\n\t<meta property=\"og:image:width\" content=\"1000\" \/>\n\t<meta property=\"og:image:height\" content=\"500\" \/>\n\t<meta property=\"og:image:type\" content=\"image\/jpeg\" \/>\n<meta name=\"twitter:card\" content=\"summary_large_image\" \/>\n<script type=\"application\/ld+json\" class=\"yoast-schema-graph\">{\"@context\":\"https:\/\/schema.org\",\"@graph\":[{\"@type\":\"WebPage\",\"@id\":\"https:\/\/www.braintumour.ca\/fr\/recherche\/registre-canadien-des-tumeurs-cerebrales\/\",\"url\":\"https:\/\/www.braintumour.ca\/fr\/recherche\/registre-canadien-des-tumeurs-cerebrales\/\",\"name\":\"Registre canadien des tumeurs c\u00e9r\u00e9brales - Fondation canadienne des tumeurs c\u00e9r\u00e9brales\",\"isPartOf\":{\"@id\":\"https:\/\/www.braintumour.ca\/fr\/#website\"},\"primaryImageOfPage\":{\"@id\":\"https:\/\/www.braintumour.ca\/fr\/recherche\/registre-canadien-des-tumeurs-cerebrales\/#primaryimage\"},\"image\":{\"@id\":\"https:\/\/www.braintumour.ca\/fr\/recherche\/registre-canadien-des-tumeurs-cerebrales\/#primaryimage\"},\"thumbnailUrl\":\"https:\/\/www.braintumour.ca\/wp-content\/uploads\/2019\/10\/Registry-white-background.jpg\",\"datePublished\":\"2019-08-26T21:19:46+00:00\",\"dateModified\":\"2021-06-14T19:20:47+00:00\",\"description\":\"Le Registre des tumeurs c\u00e9r\u00e9brales du Canada a \u00e9t\u00e9 cr\u00e9\u00e9 dans le but de recueillir des donn\u00e9es sur toutes les tumeurs c\u00e9r\u00e9brales malignes et non malignes au Canada.\",\"breadcrumb\":{\"@id\":\"https:\/\/www.braintumour.ca\/fr\/recherche\/registre-canadien-des-tumeurs-cerebrales\/#breadcrumb\"},\"inLanguage\":\"fr-CA\",\"potentialAction\":[{\"@type\":\"ReadAction\",\"target\":[\"https:\/\/www.braintumour.ca\/fr\/recherche\/registre-canadien-des-tumeurs-cerebrales\/\"]}]},{\"@type\":\"ImageObject\",\"inLanguage\":\"fr-CA\",\"@id\":\"https:\/\/www.braintumour.ca\/fr\/recherche\/registre-canadien-des-tumeurs-cerebrales\/#primaryimage\",\"url\":\"https:\/\/www.braintumour.ca\/wp-content\/uploads\/2019\/10\/Registry-white-background.jpg\",\"contentUrl\":\"https:\/\/www.braintumour.ca\/wp-content\/uploads\/2019\/10\/Registry-white-background.jpg\",\"width\":1000,\"height\":500,\"caption\":\"Brain Tumour Registry of Canada logo\"},{\"@type\":\"BreadcrumbList\",\"@id\":\"https:\/\/www.braintumour.ca\/fr\/recherche\/registre-canadien-des-tumeurs-cerebrales\/#breadcrumb\",\"itemListElement\":[{\"@type\":\"ListItem\",\"position\":1,\"name\":\"Home\",\"item\":\"https:\/\/www.braintumour.ca\/fr\/\"},{\"@type\":\"ListItem\",\"position\":2,\"name\":\"Recherche\",\"item\":\"https:\/\/www.braintumour.ca\/fr\/recherche\/\"},{\"@type\":\"ListItem\",\"position\":3,\"name\":\"Registre canadien des tumeurs c\u00e9r\u00e9brales\"}]},{\"@type\":\"WebSite\",\"@id\":\"https:\/\/www.braintumour.ca\/fr\/#website\",\"url\":\"https:\/\/www.braintumour.ca\/fr\/\",\"name\":\"Fondation canadienne des tumeurs c\u00e9r\u00e9brales\",\"description\":\"Notre mission est de venir en aide \u00e0 toutes les personnes touch\u00e9es par une tumeur c\u00e9r\u00e9brale au Canada par le biais de nos programmes d\u2019information, de soutien, d\u2019\u00e9ducation et de recherche.\",\"potentialAction\":[{\"@type\":\"SearchAction\",\"target\":{\"@type\":\"EntryPoint\",\"urlTemplate\":\"https:\/\/www.braintumour.ca\/fr\/?s={search_term_string}\"},\"query-input\":{\"@type\":\"PropertyValueSpecification\",\"valueRequired\":true,\"valueName\":\"search_term_string\"}}],\"inLanguage\":\"fr-CA\"}]}<\/script>\n<!-- \/ Yoast SEO Premium plugin. -->","yoast_head_json":{"title":"Registre canadien des tumeurs c\u00e9r\u00e9brales - Fondation canadienne des tumeurs c\u00e9r\u00e9brales","description":"Le Registre des tumeurs c\u00e9r\u00e9brales du Canada a \u00e9t\u00e9 cr\u00e9\u00e9 dans le but de recueillir des donn\u00e9es sur toutes les tumeurs c\u00e9r\u00e9brales malignes et non malignes au Canada.","robots":{"index":"index","follow":"follow","max-snippet":"max-snippet:-1","max-image-preview":"max-image-preview:large","max-video-preview":"max-video-preview:-1"},"canonical":"https:\/\/www.braintumour.ca\/fr\/recherche\/registre-canadien-des-tumeurs-cerebrales\/","og_locale":"fr_CA","og_type":"article","og_title":"Registre canadien des tumeurs c\u00e9r\u00e9brales","og_description":"Le Registre des tumeurs c\u00e9r\u00e9brales du Canada a \u00e9t\u00e9 cr\u00e9\u00e9 dans le but de recueillir des donn\u00e9es sur toutes les tumeurs c\u00e9r\u00e9brales malignes et non malignes au Canada.","og_url":"https:\/\/www.braintumour.ca\/fr\/recherche\/registre-canadien-des-tumeurs-cerebrales\/","og_site_name":"Fondation canadienne des tumeurs c\u00e9r\u00e9brales","article_modified_time":"2021-06-14T19:20:47+00:00","og_image":[{"width":1000,"height":500,"url":"https:\/\/www.braintumour.ca\/wp-content\/uploads\/2019\/10\/Registry-white-background.jpg","type":"image\/jpeg"}],"twitter_card":"summary_large_image","schema":{"@context":"https:\/\/schema.org","@graph":[{"@type":"WebPage","@id":"https:\/\/www.braintumour.ca\/fr\/recherche\/registre-canadien-des-tumeurs-cerebrales\/","url":"https:\/\/www.braintumour.ca\/fr\/recherche\/registre-canadien-des-tumeurs-cerebrales\/","name":"Registre canadien des tumeurs c\u00e9r\u00e9brales - Fondation canadienne des tumeurs c\u00e9r\u00e9brales","isPartOf":{"@id":"https:\/\/www.braintumour.ca\/fr\/#website"},"primaryImageOfPage":{"@id":"https:\/\/www.braintumour.ca\/fr\/recherche\/registre-canadien-des-tumeurs-cerebrales\/#primaryimage"},"image":{"@id":"https:\/\/www.braintumour.ca\/fr\/recherche\/registre-canadien-des-tumeurs-cerebrales\/#primaryimage"},"thumbnailUrl":"https:\/\/www.braintumour.ca\/wp-content\/uploads\/2019\/10\/Registry-white-background.jpg","datePublished":"2019-08-26T21:19:46+00:00","dateModified":"2021-06-14T19:20:47+00:00","description":"Le Registre des tumeurs c\u00e9r\u00e9brales du Canada a \u00e9t\u00e9 cr\u00e9\u00e9 dans le but de recueillir des donn\u00e9es sur toutes les tumeurs c\u00e9r\u00e9brales malignes et non malignes au Canada.","breadcrumb":{"@id":"https:\/\/www.braintumour.ca\/fr\/recherche\/registre-canadien-des-tumeurs-cerebrales\/#breadcrumb"},"inLanguage":"fr-CA","potentialAction":[{"@type":"ReadAction","target":["https:\/\/www.braintumour.ca\/fr\/recherche\/registre-canadien-des-tumeurs-cerebrales\/"]}]},{"@type":"ImageObject","inLanguage":"fr-CA","@id":"https:\/\/www.braintumour.ca\/fr\/recherche\/registre-canadien-des-tumeurs-cerebrales\/#primaryimage","url":"https:\/\/www.braintumour.ca\/wp-content\/uploads\/2019\/10\/Registry-white-background.jpg","contentUrl":"https:\/\/www.braintumour.ca\/wp-content\/uploads\/2019\/10\/Registry-white-background.jpg","width":1000,"height":500,"caption":"Brain Tumour Registry of Canada logo"},{"@type":"BreadcrumbList","@id":"https:\/\/www.braintumour.ca\/fr\/recherche\/registre-canadien-des-tumeurs-cerebrales\/#breadcrumb","itemListElement":[{"@type":"ListItem","position":1,"name":"Home","item":"https:\/\/www.braintumour.ca\/fr\/"},{"@type":"ListItem","position":2,"name":"Recherche","item":"https:\/\/www.braintumour.ca\/fr\/recherche\/"},{"@type":"ListItem","position":3,"name":"Registre canadien des tumeurs c\u00e9r\u00e9brales"}]},{"@type":"WebSite","@id":"https:\/\/www.braintumour.ca\/fr\/#website","url":"https:\/\/www.braintumour.ca\/fr\/","name":"Fondation canadienne des tumeurs c\u00e9r\u00e9brales","description":"Notre mission est de venir en aide \u00e0 toutes les personnes touch\u00e9es par une tumeur c\u00e9r\u00e9brale au Canada par le biais de nos programmes d\u2019information, de soutien, d\u2019\u00e9ducation et de recherche.","potentialAction":[{"@type":"SearchAction","target":{"@type":"EntryPoint","urlTemplate":"https:\/\/www.braintumour.ca\/fr\/?s={search_term_string}"},"query-input":{"@type":"PropertyValueSpecification","valueRequired":true,"valueName":"search_term_string"}}],"inLanguage":"fr-CA"}]}},"_links":{"self":[{"href":"https:\/\/www.braintumour.ca\/fr\/wp-json\/wp\/v2\/pages\/2973","targetHints":{"allow":["GET"]}}],"collection":[{"href":"https:\/\/www.braintumour.ca\/fr\/wp-json\/wp\/v2\/pages"}],"about":[{"href":"https:\/\/www.braintumour.ca\/fr\/wp-json\/wp\/v2\/types\/page"}],"author":[{"embeddable":true,"href":"https:\/\/www.braintumour.ca\/fr\/wp-json\/wp\/v2\/users\/4"}],"replies":[{"embeddable":true,"href":"https:\/\/www.braintumour.ca\/fr\/wp-json\/wp\/v2\/comments?post=2973"}],"version-history":[{"count":0,"href":"https:\/\/www.braintumour.ca\/fr\/wp-json\/wp\/v2\/pages\/2973\/revisions"}],"up":[{"embeddable":true,"href":"https:\/\/www.braintumour.ca\/fr\/wp-json\/wp\/v2\/pages\/2946"}],"wp:featuredmedia":[{"embeddable":true,"href":"https:\/\/www.braintumour.ca\/fr\/wp-json\/wp\/v2\/media\/1146"}],"wp:attachment":[{"href":"https:\/\/www.braintumour.ca\/fr\/wp-json\/wp\/v2\/media?parent=2973"}],"wp:term":[{"taxonomy":"user_type","embeddable":true,"href":"https:\/\/www.braintumour.ca\/fr\/wp-json\/wp\/v2\/user_type?post=2973"}],"curies":[{"name":"wp","href":"https:\/\/api.w.org\/{rel}","templated":true}]}}