{"id":2978,"date":"2019-08-26T17:22:24","date_gmt":"2019-08-26T21:22:24","guid":{"rendered":"https:\/\/braintumour.ca\/recherche\/research-participation-opportunities\/"},"modified":"2021-02-22T15:53:10","modified_gmt":"2021-02-22T20:53:10","slug":"participez-a-la-recherche","status":"publish","type":"page","link":"https:\/\/www.braintumour.ca\/fr\/impliquez-vous\/participez-a-la-recherche\/","title":{"rendered":"Participez \u00e0 la recherche"},"content":{"rendered":"<h5>Aidez les chercheurs canadiens \u00e0 d\u00e9terminer si leur hypoth\u00e8se sur les tumeurs c\u00e9r\u00e9brales est valide.<\/h5>\n","protected":false},"excerpt":{"rendered":"<p>Aidez les chercheurs canadiens \u00e0 d\u00e9terminer si leur hypoth\u00e8se sur les tumeurs c\u00e9r\u00e9brales est valide.<\/p>\n","protected":false},"author":4,"featured_media":12172,"parent":2601,"menu_order":3,"comment_status":"closed","ping_status":"closed","template":"","meta":{"_acf_changed":false,"footnotes":""},"user_type":[133,137,134],"class_list":["post-2978","page","type-page","status-publish","has-post-thumbnail","hentry","user_type-patient-fr","user_type-benevole","user_type-chercheur"],"acf":[],"yoast_head":"<!-- This site is optimized with the Yoast SEO Premium plugin v27.0 (Yoast SEO v27.0) - https:\/\/yoast.com\/product\/yoast-seo-premium-wordpress\/ -->\n<title>Participez \u00e0 la recherche - Fondation canadienne des tumeurs c\u00e9r\u00e9brales<\/title>\n<meta name=\"description\" content=\"Aidez les chercheurs canadiens \u00e0 d\u00e9terminer si leur hypoth\u00e8se sur les tumeurs c\u00e9r\u00e9brales est valide.\" \/>\n<meta name=\"robots\" content=\"index, follow, max-snippet:-1, max-image-preview:large, max-video-preview:-1\" \/>\n<link rel=\"canonical\" href=\"https:\/\/www.braintumour.ca\/fr\/impliquez-vous\/participez-a-la-recherche\/\" \/>\n<meta property=\"og:locale\" content=\"fr_CA\" \/>\n<meta property=\"og:type\" content=\"article\" \/>\n<meta property=\"og:title\" content=\"Participez \u00e0 la recherche\" \/>\n<meta property=\"og:description\" content=\"Aidez les chercheurs canadiens \u00e0 d\u00e9terminer si leur hypoth\u00e8se sur les tumeurs c\u00e9r\u00e9brales est valide.\" \/>\n<meta property=\"og:url\" content=\"https:\/\/www.braintumour.ca\/fr\/impliquez-vous\/participez-a-la-recherche\/\" \/>\n<meta property=\"og:site_name\" content=\"Fondation canadienne des tumeurs c\u00e9r\u00e9brales\" \/>\n<meta property=\"article:modified_time\" content=\"2021-02-22T20:53:10+00:00\" \/>\n<meta property=\"og:image\" content=\"https:\/\/www.braintumour.ca\/wp-content\/uploads\/2022\/04\/Help-Wanted.png\" \/>\n\t<meta property=\"og:image:width\" content=\"853\" \/>\n\t<meta property=\"og:image:height\" content=\"545\" \/>\n\t<meta property=\"og:image:type\" content=\"image\/png\" \/>\n<meta name=\"twitter:card\" content=\"summary_large_image\" \/>\n<script type=\"application\/ld+json\" class=\"yoast-schema-graph\">{\"@context\":\"https:\/\/schema.org\",\"@graph\":[{\"@type\":\"WebPage\",\"@id\":\"https:\/\/www.braintumour.ca\/fr\/impliquez-vous\/participez-a-la-recherche\/\",\"url\":\"https:\/\/www.braintumour.ca\/fr\/impliquez-vous\/participez-a-la-recherche\/\",\"name\":\"Participez \u00e0 la recherche - Fondation canadienne des tumeurs c\u00e9r\u00e9brales\",\"isPartOf\":{\"@id\":\"https:\/\/www.braintumour.ca\/fr\/#website\"},\"primaryImageOfPage\":{\"@id\":\"https:\/\/www.braintumour.ca\/fr\/impliquez-vous\/participez-a-la-recherche\/#primaryimage\"},\"image\":{\"@id\":\"https:\/\/www.braintumour.ca\/fr\/impliquez-vous\/participez-a-la-recherche\/#primaryimage\"},\"thumbnailUrl\":\"https:\/\/www.braintumour.ca\/wp-content\/uploads\/2024\/05\/Help-Tile-Final.jpg\",\"datePublished\":\"2019-08-26T21:22:24+00:00\",\"dateModified\":\"2021-02-22T20:53:10+00:00\",\"description\":\"Aidez les chercheurs canadiens \u00e0 d\u00e9terminer si leur hypoth\u00e8se sur les tumeurs c\u00e9r\u00e9brales est valide.\",\"breadcrumb\":{\"@id\":\"https:\/\/www.braintumour.ca\/fr\/impliquez-vous\/participez-a-la-recherche\/#breadcrumb\"},\"inLanguage\":\"fr-CA\",\"potentialAction\":[{\"@type\":\"ReadAction\",\"target\":[\"https:\/\/www.braintumour.ca\/fr\/impliquez-vous\/participez-a-la-recherche\/\"]}]},{\"@type\":\"ImageObject\",\"inLanguage\":\"fr-CA\",\"@id\":\"https:\/\/www.braintumour.ca\/fr\/impliquez-vous\/participez-a-la-recherche\/#primaryimage\",\"url\":\"https:\/\/www.braintumour.ca\/wp-content\/uploads\/2024\/05\/Help-Tile-Final.jpg\",\"contentUrl\":\"https:\/\/www.braintumour.ca\/wp-content\/uploads\/2024\/05\/Help-Tile-Final.jpg\",\"width\":1200,\"height\":800},{\"@type\":\"BreadcrumbList\",\"@id\":\"https:\/\/www.braintumour.ca\/fr\/impliquez-vous\/participez-a-la-recherche\/#breadcrumb\",\"itemListElement\":[{\"@type\":\"ListItem\",\"position\":1,\"name\":\"Home\",\"item\":\"https:\/\/www.braintumour.ca\/fr\/\"},{\"@type\":\"ListItem\",\"position\":2,\"name\":\"Recherche\",\"item\":\"https:\/\/www.braintumour.ca\/fr\/recherche\/\"},{\"@type\":\"ListItem\",\"position\":3,\"name\":\"Participez \u00e0 la recherche\"}]},{\"@type\":\"WebSite\",\"@id\":\"https:\/\/www.braintumour.ca\/fr\/#website\",\"url\":\"https:\/\/www.braintumour.ca\/fr\/\",\"name\":\"Fondation canadienne des tumeurs c\u00e9r\u00e9brales\",\"description\":\"Notre mission est de venir en aide \u00e0 toutes les personnes touch\u00e9es par une tumeur c\u00e9r\u00e9brale au Canada par le biais de nos programmes d\u2019information, de soutien, d\u2019\u00e9ducation et de recherche.\",\"potentialAction\":[{\"@type\":\"SearchAction\",\"target\":{\"@type\":\"EntryPoint\",\"urlTemplate\":\"https:\/\/www.braintumour.ca\/fr\/?s={search_term_string}\"},\"query-input\":{\"@type\":\"PropertyValueSpecification\",\"valueRequired\":true,\"valueName\":\"search_term_string\"}}],\"inLanguage\":\"fr-CA\"}]}<\/script>\n<!-- \/ Yoast SEO Premium plugin. -->","yoast_head_json":{"title":"Participez \u00e0 la recherche - Fondation canadienne des tumeurs c\u00e9r\u00e9brales","description":"Aidez les chercheurs canadiens \u00e0 d\u00e9terminer si leur hypoth\u00e8se sur les tumeurs c\u00e9r\u00e9brales est valide.","robots":{"index":"index","follow":"follow","max-snippet":"max-snippet:-1","max-image-preview":"max-image-preview:large","max-video-preview":"max-video-preview:-1"},"canonical":"https:\/\/www.braintumour.ca\/fr\/impliquez-vous\/participez-a-la-recherche\/","og_locale":"fr_CA","og_type":"article","og_title":"Participez \u00e0 la recherche","og_description":"Aidez les chercheurs canadiens \u00e0 d\u00e9terminer si leur hypoth\u00e8se sur les tumeurs c\u00e9r\u00e9brales est valide.","og_url":"https:\/\/www.braintumour.ca\/fr\/impliquez-vous\/participez-a-la-recherche\/","og_site_name":"Fondation canadienne des tumeurs c\u00e9r\u00e9brales","article_modified_time":"2021-02-22T20:53:10+00:00","og_image":[{"width":853,"height":545,"url":"https:\/\/www.braintumour.ca\/wp-content\/uploads\/2022\/04\/Help-Wanted.png","type":"image\/png"}],"twitter_card":"summary_large_image","schema":{"@context":"https:\/\/schema.org","@graph":[{"@type":"WebPage","@id":"https:\/\/www.braintumour.ca\/fr\/impliquez-vous\/participez-a-la-recherche\/","url":"https:\/\/www.braintumour.ca\/fr\/impliquez-vous\/participez-a-la-recherche\/","name":"Participez \u00e0 la recherche - Fondation canadienne des tumeurs c\u00e9r\u00e9brales","isPartOf":{"@id":"https:\/\/www.braintumour.ca\/fr\/#website"},"primaryImageOfPage":{"@id":"https:\/\/www.braintumour.ca\/fr\/impliquez-vous\/participez-a-la-recherche\/#primaryimage"},"image":{"@id":"https:\/\/www.braintumour.ca\/fr\/impliquez-vous\/participez-a-la-recherche\/#primaryimage"},"thumbnailUrl":"https:\/\/www.braintumour.ca\/wp-content\/uploads\/2024\/05\/Help-Tile-Final.jpg","datePublished":"2019-08-26T21:22:24+00:00","dateModified":"2021-02-22T20:53:10+00:00","description":"Aidez les chercheurs canadiens \u00e0 d\u00e9terminer si leur hypoth\u00e8se sur les tumeurs c\u00e9r\u00e9brales est valide.","breadcrumb":{"@id":"https:\/\/www.braintumour.ca\/fr\/impliquez-vous\/participez-a-la-recherche\/#breadcrumb"},"inLanguage":"fr-CA","potentialAction":[{"@type":"ReadAction","target":["https:\/\/www.braintumour.ca\/fr\/impliquez-vous\/participez-a-la-recherche\/"]}]},{"@type":"ImageObject","inLanguage":"fr-CA","@id":"https:\/\/www.braintumour.ca\/fr\/impliquez-vous\/participez-a-la-recherche\/#primaryimage","url":"https:\/\/www.braintumour.ca\/wp-content\/uploads\/2024\/05\/Help-Tile-Final.jpg","contentUrl":"https:\/\/www.braintumour.ca\/wp-content\/uploads\/2024\/05\/Help-Tile-Final.jpg","width":1200,"height":800},{"@type":"BreadcrumbList","@id":"https:\/\/www.braintumour.ca\/fr\/impliquez-vous\/participez-a-la-recherche\/#breadcrumb","itemListElement":[{"@type":"ListItem","position":1,"name":"Home","item":"https:\/\/www.braintumour.ca\/fr\/"},{"@type":"ListItem","position":2,"name":"Recherche","item":"https:\/\/www.braintumour.ca\/fr\/recherche\/"},{"@type":"ListItem","position":3,"name":"Participez \u00e0 la recherche"}]},{"@type":"WebSite","@id":"https:\/\/www.braintumour.ca\/fr\/#website","url":"https:\/\/www.braintumour.ca\/fr\/","name":"Fondation canadienne des tumeurs c\u00e9r\u00e9brales","description":"Notre mission est de venir en aide \u00e0 toutes les personnes touch\u00e9es par une tumeur c\u00e9r\u00e9brale au Canada par le biais de nos programmes d\u2019information, de soutien, d\u2019\u00e9ducation et de recherche.","potentialAction":[{"@type":"SearchAction","target":{"@type":"EntryPoint","urlTemplate":"https:\/\/www.braintumour.ca\/fr\/?s={search_term_string}"},"query-input":{"@type":"PropertyValueSpecification","valueRequired":true,"valueName":"search_term_string"}}],"inLanguage":"fr-CA"}]}},"_links":{"self":[{"href":"https:\/\/www.braintumour.ca\/fr\/wp-json\/wp\/v2\/pages\/2978","targetHints":{"allow":["GET"]}}],"collection":[{"href":"https:\/\/www.braintumour.ca\/fr\/wp-json\/wp\/v2\/pages"}],"about":[{"href":"https:\/\/www.braintumour.ca\/fr\/wp-json\/wp\/v2\/types\/page"}],"author":[{"embeddable":true,"href":"https:\/\/www.braintumour.ca\/fr\/wp-json\/wp\/v2\/users\/4"}],"replies":[{"embeddable":true,"href":"https:\/\/www.braintumour.ca\/fr\/wp-json\/wp\/v2\/comments?post=2978"}],"version-history":[{"count":0,"href":"https:\/\/www.braintumour.ca\/fr\/wp-json\/wp\/v2\/pages\/2978\/revisions"}],"up":[{"embeddable":true,"href":"https:\/\/www.braintumour.ca\/fr\/wp-json\/wp\/v2\/pages\/2601"}],"wp:featuredmedia":[{"embeddable":true,"href":"https:\/\/www.braintumour.ca\/fr\/wp-json\/wp\/v2\/media\/12172"}],"wp:attachment":[{"href":"https:\/\/www.braintumour.ca\/fr\/wp-json\/wp\/v2\/media?parent=2978"}],"wp:term":[{"taxonomy":"user_type","embeddable":true,"href":"https:\/\/www.braintumour.ca\/fr\/wp-json\/wp\/v2\/user_type?post=2978"}],"curies":[{"name":"wp","href":"https:\/\/api.w.org\/{rel}","templated":true}]}}