{"id":2980,"date":"2019-11-01T11:37:37","date_gmt":"2019-11-01T15:37:37","guid":{"rendered":"https:\/\/braintumour.ca\/recherche\/research-news\/"},"modified":"2023-10-24T09:21:07","modified_gmt":"2023-10-24T13:21:07","slug":"nouvelles-de-la-recherche","status":"publish","type":"page","link":"https:\/\/www.braintumour.ca\/fr\/recherche\/nouvelles-de-la-recherche\/","title":{"rendered":"Nouvelles de la recherche"},"content":{"rendered":"<h5>La recherche sur les tumeurs c\u00e9r\u00e9brales progresse dans le monde entier et cette page souligne les d\u00e9couvertes r\u00e9centes.<\/h5>\n","protected":false},"excerpt":{"rendered":"<p>La recherche sur les tumeurs c\u00e9r\u00e9brales progresse dans le monde entier et cette page souligne les d\u00e9couvertes r\u00e9centes.<\/p>\n","protected":false},"author":4,"featured_media":8863,"parent":2946,"menu_order":5,"comment_status":"closed","ping_status":"closed","template":"","meta":{"_acf_changed":false,"footnotes":""},"user_type":[134],"class_list":["post-2980","page","type-page","status-publish","has-post-thumbnail","hentry","user_type-chercheur"],"acf":[],"yoast_head":"<!-- This site is optimized with the Yoast SEO Premium plugin v27.0 (Yoast SEO v27.0) - https:\/\/yoast.com\/product\/yoast-seo-premium-wordpress\/ -->\n<title>Nouvelles de la recherche - Fondation canadienne des tumeurs c\u00e9r\u00e9brales<\/title>\n<meta name=\"description\" content=\"La recherche sur les tumeurs c\u00e9r\u00e9brales progresse dans le monde entier et cette page souligne les d\u00e9couvertes r\u00e9centes.\" \/>\n<meta name=\"robots\" content=\"index, follow, max-snippet:-1, max-image-preview:large, max-video-preview:-1\" \/>\n<link rel=\"canonical\" href=\"https:\/\/www.braintumour.ca\/fr\/recherche\/nouvelles-de-la-recherche\/\" \/>\n<meta property=\"og:locale\" content=\"fr_CA\" \/>\n<meta property=\"og:type\" content=\"article\" \/>\n<meta property=\"og:title\" content=\"Nouvelles de la recherche\" \/>\n<meta property=\"og:description\" content=\"La recherche sur les tumeurs c\u00e9r\u00e9brales progresse dans le monde entier et cette page souligne les d\u00e9couvertes r\u00e9centes.\" \/>\n<meta property=\"og:url\" content=\"https:\/\/www.braintumour.ca\/fr\/recherche\/nouvelles-de-la-recherche\/\" \/>\n<meta property=\"og:site_name\" content=\"Fondation canadienne des tumeurs c\u00e9r\u00e9brales\" \/>\n<meta property=\"article:modified_time\" content=\"2023-10-24T13:21:07+00:00\" \/>\n<meta property=\"og:image\" content=\"https:\/\/www.braintumour.ca\/wp-content\/uploads\/2022\/04\/Research-News.png\" \/>\n\t<meta property=\"og:image:width\" content=\"853\" \/>\n\t<meta property=\"og:image:height\" content=\"544\" \/>\n\t<meta property=\"og:image:type\" content=\"image\/png\" \/>\n<meta name=\"twitter:card\" content=\"summary_large_image\" \/>\n<meta name=\"twitter:label1\" content=\"Estimation du temps de lecture\" \/>\n\t<meta name=\"twitter:data1\" content=\"1 minute\" \/>\n<script type=\"application\/ld+json\" class=\"yoast-schema-graph\">{\"@context\":\"https:\/\/schema.org\",\"@graph\":[{\"@type\":\"WebPage\",\"@id\":\"https:\/\/www.braintumour.ca\/fr\/recherche\/nouvelles-de-la-recherche\/\",\"url\":\"https:\/\/www.braintumour.ca\/fr\/recherche\/nouvelles-de-la-recherche\/\",\"name\":\"Nouvelles de la recherche - Fondation canadienne des tumeurs c\u00e9r\u00e9brales\",\"isPartOf\":{\"@id\":\"https:\/\/www.braintumour.ca\/fr\/#website\"},\"primaryImageOfPage\":{\"@id\":\"https:\/\/www.braintumour.ca\/fr\/recherche\/nouvelles-de-la-recherche\/#primaryimage\"},\"image\":{\"@id\":\"https:\/\/www.braintumour.ca\/fr\/recherche\/nouvelles-de-la-recherche\/#primaryimage\"},\"thumbnailUrl\":\"https:\/\/www.braintumour.ca\/wp-content\/uploads\/2022\/04\/Research-News.png\",\"datePublished\":\"2019-11-01T15:37:37+00:00\",\"dateModified\":\"2023-10-24T13:21:07+00:00\",\"description\":\"La recherche sur les tumeurs c\u00e9r\u00e9brales progresse dans le monde entier et cette page souligne les d\u00e9couvertes r\u00e9centes.\",\"breadcrumb\":{\"@id\":\"https:\/\/www.braintumour.ca\/fr\/recherche\/nouvelles-de-la-recherche\/#breadcrumb\"},\"inLanguage\":\"fr-CA\",\"potentialAction\":[{\"@type\":\"ReadAction\",\"target\":[\"https:\/\/www.braintumour.ca\/fr\/recherche\/nouvelles-de-la-recherche\/\"]}]},{\"@type\":\"ImageObject\",\"inLanguage\":\"fr-CA\",\"@id\":\"https:\/\/www.braintumour.ca\/fr\/recherche\/nouvelles-de-la-recherche\/#primaryimage\",\"url\":\"https:\/\/www.braintumour.ca\/wp-content\/uploads\/2022\/04\/Research-News.png\",\"contentUrl\":\"https:\/\/www.braintumour.ca\/wp-content\/uploads\/2022\/04\/Research-News.png\",\"width\":853,\"height\":544,\"caption\":\"Research News Library\"},{\"@type\":\"BreadcrumbList\",\"@id\":\"https:\/\/www.braintumour.ca\/fr\/recherche\/nouvelles-de-la-recherche\/#breadcrumb\",\"itemListElement\":[{\"@type\":\"ListItem\",\"position\":1,\"name\":\"Home\",\"item\":\"https:\/\/www.braintumour.ca\/fr\/\"},{\"@type\":\"ListItem\",\"position\":2,\"name\":\"Recherche\",\"item\":\"https:\/\/www.braintumour.ca\/fr\/recherche\/\"},{\"@type\":\"ListItem\",\"position\":3,\"name\":\"Nouvelles de la recherche\"}]},{\"@type\":\"WebSite\",\"@id\":\"https:\/\/www.braintumour.ca\/fr\/#website\",\"url\":\"https:\/\/www.braintumour.ca\/fr\/\",\"name\":\"Fondation canadienne des tumeurs c\u00e9r\u00e9brales\",\"description\":\"Notre mission est de venir en aide \u00e0 toutes les personnes touch\u00e9es par une tumeur c\u00e9r\u00e9brale au Canada par le biais de nos programmes d\u2019information, de soutien, d\u2019\u00e9ducation et de recherche.\",\"potentialAction\":[{\"@type\":\"SearchAction\",\"target\":{\"@type\":\"EntryPoint\",\"urlTemplate\":\"https:\/\/www.braintumour.ca\/fr\/?s={search_term_string}\"},\"query-input\":{\"@type\":\"PropertyValueSpecification\",\"valueRequired\":true,\"valueName\":\"search_term_string\"}}],\"inLanguage\":\"fr-CA\"}]}<\/script>\n<!-- \/ Yoast SEO Premium plugin. -->","yoast_head_json":{"title":"Nouvelles de la recherche - Fondation canadienne des tumeurs c\u00e9r\u00e9brales","description":"La recherche sur les tumeurs c\u00e9r\u00e9brales progresse dans le monde entier et cette page souligne les d\u00e9couvertes r\u00e9centes.","robots":{"index":"index","follow":"follow","max-snippet":"max-snippet:-1","max-image-preview":"max-image-preview:large","max-video-preview":"max-video-preview:-1"},"canonical":"https:\/\/www.braintumour.ca\/fr\/recherche\/nouvelles-de-la-recherche\/","og_locale":"fr_CA","og_type":"article","og_title":"Nouvelles de la recherche","og_description":"La recherche sur les tumeurs c\u00e9r\u00e9brales progresse dans le monde entier et cette page souligne les d\u00e9couvertes r\u00e9centes.","og_url":"https:\/\/www.braintumour.ca\/fr\/recherche\/nouvelles-de-la-recherche\/","og_site_name":"Fondation canadienne des tumeurs c\u00e9r\u00e9brales","article_modified_time":"2023-10-24T13:21:07+00:00","og_image":[{"width":853,"height":544,"url":"https:\/\/www.braintumour.ca\/wp-content\/uploads\/2022\/04\/Research-News.png","type":"image\/png"}],"twitter_card":"summary_large_image","twitter_misc":{"Estimation du temps de lecture":"1 minute"},"schema":{"@context":"https:\/\/schema.org","@graph":[{"@type":"WebPage","@id":"https:\/\/www.braintumour.ca\/fr\/recherche\/nouvelles-de-la-recherche\/","url":"https:\/\/www.braintumour.ca\/fr\/recherche\/nouvelles-de-la-recherche\/","name":"Nouvelles de la recherche - Fondation canadienne des tumeurs c\u00e9r\u00e9brales","isPartOf":{"@id":"https:\/\/www.braintumour.ca\/fr\/#website"},"primaryImageOfPage":{"@id":"https:\/\/www.braintumour.ca\/fr\/recherche\/nouvelles-de-la-recherche\/#primaryimage"},"image":{"@id":"https:\/\/www.braintumour.ca\/fr\/recherche\/nouvelles-de-la-recherche\/#primaryimage"},"thumbnailUrl":"https:\/\/www.braintumour.ca\/wp-content\/uploads\/2022\/04\/Research-News.png","datePublished":"2019-11-01T15:37:37+00:00","dateModified":"2023-10-24T13:21:07+00:00","description":"La recherche sur les tumeurs c\u00e9r\u00e9brales progresse dans le monde entier et cette page souligne les d\u00e9couvertes r\u00e9centes.","breadcrumb":{"@id":"https:\/\/www.braintumour.ca\/fr\/recherche\/nouvelles-de-la-recherche\/#breadcrumb"},"inLanguage":"fr-CA","potentialAction":[{"@type":"ReadAction","target":["https:\/\/www.braintumour.ca\/fr\/recherche\/nouvelles-de-la-recherche\/"]}]},{"@type":"ImageObject","inLanguage":"fr-CA","@id":"https:\/\/www.braintumour.ca\/fr\/recherche\/nouvelles-de-la-recherche\/#primaryimage","url":"https:\/\/www.braintumour.ca\/wp-content\/uploads\/2022\/04\/Research-News.png","contentUrl":"https:\/\/www.braintumour.ca\/wp-content\/uploads\/2022\/04\/Research-News.png","width":853,"height":544,"caption":"Research News Library"},{"@type":"BreadcrumbList","@id":"https:\/\/www.braintumour.ca\/fr\/recherche\/nouvelles-de-la-recherche\/#breadcrumb","itemListElement":[{"@type":"ListItem","position":1,"name":"Home","item":"https:\/\/www.braintumour.ca\/fr\/"},{"@type":"ListItem","position":2,"name":"Recherche","item":"https:\/\/www.braintumour.ca\/fr\/recherche\/"},{"@type":"ListItem","position":3,"name":"Nouvelles de la recherche"}]},{"@type":"WebSite","@id":"https:\/\/www.braintumour.ca\/fr\/#website","url":"https:\/\/www.braintumour.ca\/fr\/","name":"Fondation canadienne des tumeurs c\u00e9r\u00e9brales","description":"Notre mission est de venir en aide \u00e0 toutes les personnes touch\u00e9es par une tumeur c\u00e9r\u00e9brale au Canada par le biais de nos programmes d\u2019information, de soutien, d\u2019\u00e9ducation et de recherche.","potentialAction":[{"@type":"SearchAction","target":{"@type":"EntryPoint","urlTemplate":"https:\/\/www.braintumour.ca\/fr\/?s={search_term_string}"},"query-input":{"@type":"PropertyValueSpecification","valueRequired":true,"valueName":"search_term_string"}}],"inLanguage":"fr-CA"}]}},"_links":{"self":[{"href":"https:\/\/www.braintumour.ca\/fr\/wp-json\/wp\/v2\/pages\/2980","targetHints":{"allow":["GET"]}}],"collection":[{"href":"https:\/\/www.braintumour.ca\/fr\/wp-json\/wp\/v2\/pages"}],"about":[{"href":"https:\/\/www.braintumour.ca\/fr\/wp-json\/wp\/v2\/types\/page"}],"author":[{"embeddable":true,"href":"https:\/\/www.braintumour.ca\/fr\/wp-json\/wp\/v2\/users\/4"}],"replies":[{"embeddable":true,"href":"https:\/\/www.braintumour.ca\/fr\/wp-json\/wp\/v2\/comments?post=2980"}],"version-history":[{"count":0,"href":"https:\/\/www.braintumour.ca\/fr\/wp-json\/wp\/v2\/pages\/2980\/revisions"}],"up":[{"embeddable":true,"href":"https:\/\/www.braintumour.ca\/fr\/wp-json\/wp\/v2\/pages\/2946"}],"wp:featuredmedia":[{"embeddable":true,"href":"https:\/\/www.braintumour.ca\/fr\/wp-json\/wp\/v2\/media\/8863"}],"wp:attachment":[{"href":"https:\/\/www.braintumour.ca\/fr\/wp-json\/wp\/v2\/media?parent=2980"}],"wp:term":[{"taxonomy":"user_type","embeddable":true,"href":"https:\/\/www.braintumour.ca\/fr\/wp-json\/wp\/v2\/user_type?post=2980"}],"curies":[{"name":"wp","href":"https:\/\/api.w.org\/{rel}","templated":true}]}}