{"id":3052,"date":"2019-08-26T17:21:26","date_gmt":"2019-08-26T21:21:26","guid":{"rendered":"https:\/\/braintumour.ca\/recherche\/sponsored-events\/"},"modified":"2022-05-24T09:29:18","modified_gmt":"2022-05-24T13:29:18","slug":"evenements-commandites","status":"publish","type":"page","link":"https:\/\/www.braintumour.ca\/fr\/recherche\/evenements-commandites\/","title":{"rendered":"\u00c9v\u00e9nements commandit\u00e9s"},"content":{"rendered":"<h5>Si votre soci\u00e9t\u00e9 organise une conf\u00e9rence, un \u00e9v\u00e9nement ou un groupe de r\u00e9flexion, nous pourrions peut-\u00eatre soutenir vos efforts.<\/h5>\n","protected":false},"excerpt":{"rendered":"<p>Si votre soci\u00e9t\u00e9 organise une conf\u00e9rence, un \u00e9v\u00e9nement ou un groupe de r\u00e9flexion, nous pourrions peut-\u00eatre soutenir vos efforts.<\/p>\n","protected":false},"author":4,"featured_media":9233,"parent":2946,"menu_order":7,"comment_status":"closed","ping_status":"closed","template":"","meta":{"_acf_changed":false,"footnotes":""},"user_type":[134],"class_list":["post-3052","page","type-page","status-publish","has-post-thumbnail","hentry","user_type-chercheur"],"acf":[],"yoast_head":"<!-- This site is optimized with the Yoast SEO Premium plugin v27.0 (Yoast SEO v27.0) - https:\/\/yoast.com\/product\/yoast-seo-premium-wordpress\/ -->\n<title>\u00c9v\u00e9nements commandit\u00e9s - Fondation canadienne des tumeurs c\u00e9r\u00e9brales<\/title>\n<meta name=\"description\" content=\"Si votre soci\u00e9t\u00e9 organise une conf\u00e9rence, un \u00e9v\u00e9nement ou un groupe de r\u00e9flexion, nous pourrions soutenir vos efforts.\" \/>\n<meta name=\"robots\" content=\"index, follow, max-snippet:-1, max-image-preview:large, max-video-preview:-1\" \/>\n<link rel=\"canonical\" href=\"https:\/\/www.braintumour.ca\/fr\/recherche\/evenements-commandites\/\" \/>\n<meta property=\"og:locale\" content=\"fr_CA\" \/>\n<meta property=\"og:type\" content=\"article\" \/>\n<meta property=\"og:title\" content=\"\u00c9v\u00e9nements commandit\u00e9s\" \/>\n<meta property=\"og:description\" content=\"Si votre soci\u00e9t\u00e9 organise une conf\u00e9rence, un \u00e9v\u00e9nement ou un groupe de r\u00e9flexion, nous pourrions soutenir vos efforts.\" \/>\n<meta property=\"og:url\" content=\"https:\/\/www.braintumour.ca\/fr\/recherche\/evenements-commandites\/\" \/>\n<meta property=\"og:site_name\" content=\"Fondation canadienne des tumeurs c\u00e9r\u00e9brales\" \/>\n<meta property=\"article:modified_time\" content=\"2022-05-24T13:29:18+00:00\" \/>\n<meta property=\"og:image\" content=\"https:\/\/www.braintumour.ca\/wp-content\/uploads\/2022\/05\/pexels-fauxels-3184328.jpg\" \/>\n\t<meta property=\"og:image:width\" content=\"1920\" \/>\n\t<meta property=\"og:image:height\" content=\"1281\" \/>\n\t<meta property=\"og:image:type\" content=\"image\/jpeg\" \/>\n<meta name=\"twitter:card\" content=\"summary_large_image\" \/>\n<script type=\"application\/ld+json\" class=\"yoast-schema-graph\">{\"@context\":\"https:\/\/schema.org\",\"@graph\":[{\"@type\":\"WebPage\",\"@id\":\"https:\/\/www.braintumour.ca\/fr\/recherche\/evenements-commandites\/\",\"url\":\"https:\/\/www.braintumour.ca\/fr\/recherche\/evenements-commandites\/\",\"name\":\"\u00c9v\u00e9nements commandit\u00e9s - Fondation canadienne des tumeurs c\u00e9r\u00e9brales\",\"isPartOf\":{\"@id\":\"https:\/\/www.braintumour.ca\/fr\/#website\"},\"primaryImageOfPage\":{\"@id\":\"https:\/\/www.braintumour.ca\/fr\/recherche\/evenements-commandites\/#primaryimage\"},\"image\":{\"@id\":\"https:\/\/www.braintumour.ca\/fr\/recherche\/evenements-commandites\/#primaryimage\"},\"thumbnailUrl\":\"https:\/\/www.braintumour.ca\/wp-content\/uploads\/2022\/05\/pexels-fauxels-3184328.jpg\",\"datePublished\":\"2019-08-26T21:21:26+00:00\",\"dateModified\":\"2022-05-24T13:29:18+00:00\",\"description\":\"Si votre soci\u00e9t\u00e9 organise une conf\u00e9rence, un \u00e9v\u00e9nement ou un groupe de r\u00e9flexion, nous pourrions soutenir vos efforts.\",\"breadcrumb\":{\"@id\":\"https:\/\/www.braintumour.ca\/fr\/recherche\/evenements-commandites\/#breadcrumb\"},\"inLanguage\":\"fr-CA\",\"potentialAction\":[{\"@type\":\"ReadAction\",\"target\":[\"https:\/\/www.braintumour.ca\/fr\/recherche\/evenements-commandites\/\"]}]},{\"@type\":\"ImageObject\",\"inLanguage\":\"fr-CA\",\"@id\":\"https:\/\/www.braintumour.ca\/fr\/recherche\/evenements-commandites\/#primaryimage\",\"url\":\"https:\/\/www.braintumour.ca\/wp-content\/uploads\/2022\/05\/pexels-fauxels-3184328.jpg\",\"contentUrl\":\"https:\/\/www.braintumour.ca\/wp-content\/uploads\/2022\/05\/pexels-fauxels-3184328.jpg\",\"width\":1920,\"height\":1281},{\"@type\":\"BreadcrumbList\",\"@id\":\"https:\/\/www.braintumour.ca\/fr\/recherche\/evenements-commandites\/#breadcrumb\",\"itemListElement\":[{\"@type\":\"ListItem\",\"position\":1,\"name\":\"Home\",\"item\":\"https:\/\/www.braintumour.ca\/fr\/\"},{\"@type\":\"ListItem\",\"position\":2,\"name\":\"Recherche\",\"item\":\"https:\/\/www.braintumour.ca\/fr\/recherche\/\"},{\"@type\":\"ListItem\",\"position\":3,\"name\":\"\u00c9v\u00e9nements commandit\u00e9s\"}]},{\"@type\":\"WebSite\",\"@id\":\"https:\/\/www.braintumour.ca\/fr\/#website\",\"url\":\"https:\/\/www.braintumour.ca\/fr\/\",\"name\":\"Fondation canadienne des tumeurs c\u00e9r\u00e9brales\",\"description\":\"Notre mission est de venir en aide \u00e0 toutes les personnes touch\u00e9es par une tumeur c\u00e9r\u00e9brale au Canada par le biais de nos programmes d\u2019information, de soutien, d\u2019\u00e9ducation et de recherche.\",\"potentialAction\":[{\"@type\":\"SearchAction\",\"target\":{\"@type\":\"EntryPoint\",\"urlTemplate\":\"https:\/\/www.braintumour.ca\/fr\/?s={search_term_string}\"},\"query-input\":{\"@type\":\"PropertyValueSpecification\",\"valueRequired\":true,\"valueName\":\"search_term_string\"}}],\"inLanguage\":\"fr-CA\"}]}<\/script>\n<!-- \/ Yoast SEO Premium plugin. -->","yoast_head_json":{"title":"\u00c9v\u00e9nements commandit\u00e9s - Fondation canadienne des tumeurs c\u00e9r\u00e9brales","description":"Si votre soci\u00e9t\u00e9 organise une conf\u00e9rence, un \u00e9v\u00e9nement ou un groupe de r\u00e9flexion, nous pourrions soutenir vos efforts.","robots":{"index":"index","follow":"follow","max-snippet":"max-snippet:-1","max-image-preview":"max-image-preview:large","max-video-preview":"max-video-preview:-1"},"canonical":"https:\/\/www.braintumour.ca\/fr\/recherche\/evenements-commandites\/","og_locale":"fr_CA","og_type":"article","og_title":"\u00c9v\u00e9nements commandit\u00e9s","og_description":"Si votre soci\u00e9t\u00e9 organise une conf\u00e9rence, un \u00e9v\u00e9nement ou un groupe de r\u00e9flexion, nous pourrions soutenir vos efforts.","og_url":"https:\/\/www.braintumour.ca\/fr\/recherche\/evenements-commandites\/","og_site_name":"Fondation canadienne des tumeurs c\u00e9r\u00e9brales","article_modified_time":"2022-05-24T13:29:18+00:00","og_image":[{"width":1920,"height":1281,"url":"https:\/\/www.braintumour.ca\/wp-content\/uploads\/2022\/05\/pexels-fauxels-3184328.jpg","type":"image\/jpeg"}],"twitter_card":"summary_large_image","schema":{"@context":"https:\/\/schema.org","@graph":[{"@type":"WebPage","@id":"https:\/\/www.braintumour.ca\/fr\/recherche\/evenements-commandites\/","url":"https:\/\/www.braintumour.ca\/fr\/recherche\/evenements-commandites\/","name":"\u00c9v\u00e9nements commandit\u00e9s - Fondation canadienne des tumeurs c\u00e9r\u00e9brales","isPartOf":{"@id":"https:\/\/www.braintumour.ca\/fr\/#website"},"primaryImageOfPage":{"@id":"https:\/\/www.braintumour.ca\/fr\/recherche\/evenements-commandites\/#primaryimage"},"image":{"@id":"https:\/\/www.braintumour.ca\/fr\/recherche\/evenements-commandites\/#primaryimage"},"thumbnailUrl":"https:\/\/www.braintumour.ca\/wp-content\/uploads\/2022\/05\/pexels-fauxels-3184328.jpg","datePublished":"2019-08-26T21:21:26+00:00","dateModified":"2022-05-24T13:29:18+00:00","description":"Si votre soci\u00e9t\u00e9 organise une conf\u00e9rence, un \u00e9v\u00e9nement ou un groupe de r\u00e9flexion, nous pourrions soutenir vos efforts.","breadcrumb":{"@id":"https:\/\/www.braintumour.ca\/fr\/recherche\/evenements-commandites\/#breadcrumb"},"inLanguage":"fr-CA","potentialAction":[{"@type":"ReadAction","target":["https:\/\/www.braintumour.ca\/fr\/recherche\/evenements-commandites\/"]}]},{"@type":"ImageObject","inLanguage":"fr-CA","@id":"https:\/\/www.braintumour.ca\/fr\/recherche\/evenements-commandites\/#primaryimage","url":"https:\/\/www.braintumour.ca\/wp-content\/uploads\/2022\/05\/pexels-fauxels-3184328.jpg","contentUrl":"https:\/\/www.braintumour.ca\/wp-content\/uploads\/2022\/05\/pexels-fauxels-3184328.jpg","width":1920,"height":1281},{"@type":"BreadcrumbList","@id":"https:\/\/www.braintumour.ca\/fr\/recherche\/evenements-commandites\/#breadcrumb","itemListElement":[{"@type":"ListItem","position":1,"name":"Home","item":"https:\/\/www.braintumour.ca\/fr\/"},{"@type":"ListItem","position":2,"name":"Recherche","item":"https:\/\/www.braintumour.ca\/fr\/recherche\/"},{"@type":"ListItem","position":3,"name":"\u00c9v\u00e9nements commandit\u00e9s"}]},{"@type":"WebSite","@id":"https:\/\/www.braintumour.ca\/fr\/#website","url":"https:\/\/www.braintumour.ca\/fr\/","name":"Fondation canadienne des tumeurs c\u00e9r\u00e9brales","description":"Notre mission est de venir en aide \u00e0 toutes les personnes touch\u00e9es par une tumeur c\u00e9r\u00e9brale au Canada par le biais de nos programmes d\u2019information, de soutien, d\u2019\u00e9ducation et de recherche.","potentialAction":[{"@type":"SearchAction","target":{"@type":"EntryPoint","urlTemplate":"https:\/\/www.braintumour.ca\/fr\/?s={search_term_string}"},"query-input":{"@type":"PropertyValueSpecification","valueRequired":true,"valueName":"search_term_string"}}],"inLanguage":"fr-CA"}]}},"_links":{"self":[{"href":"https:\/\/www.braintumour.ca\/fr\/wp-json\/wp\/v2\/pages\/3052","targetHints":{"allow":["GET"]}}],"collection":[{"href":"https:\/\/www.braintumour.ca\/fr\/wp-json\/wp\/v2\/pages"}],"about":[{"href":"https:\/\/www.braintumour.ca\/fr\/wp-json\/wp\/v2\/types\/page"}],"author":[{"embeddable":true,"href":"https:\/\/www.braintumour.ca\/fr\/wp-json\/wp\/v2\/users\/4"}],"replies":[{"embeddable":true,"href":"https:\/\/www.braintumour.ca\/fr\/wp-json\/wp\/v2\/comments?post=3052"}],"version-history":[{"count":0,"href":"https:\/\/www.braintumour.ca\/fr\/wp-json\/wp\/v2\/pages\/3052\/revisions"}],"up":[{"embeddable":true,"href":"https:\/\/www.braintumour.ca\/fr\/wp-json\/wp\/v2\/pages\/2946"}],"wp:featuredmedia":[{"embeddable":true,"href":"https:\/\/www.braintumour.ca\/fr\/wp-json\/wp\/v2\/media\/9233"}],"wp:attachment":[{"href":"https:\/\/www.braintumour.ca\/fr\/wp-json\/wp\/v2\/media?parent=3052"}],"wp:term":[{"taxonomy":"user_type","embeddable":true,"href":"https:\/\/www.braintumour.ca\/fr\/wp-json\/wp\/v2\/user_type?post=3052"}],"curies":[{"name":"wp","href":"https:\/\/api.w.org\/{rel}","templated":true}]}}