{"id":3057,"date":"2019-08-26T11:40:46","date_gmt":"2019-08-26T15:40:46","guid":{"rendered":"https:\/\/braintumour.ca\/facons-de-donner\/donate-now\/"},"modified":"2024-09-21T12:07:36","modified_gmt":"2024-09-21T16:07:36","slug":"faire-un-don","status":"publish","type":"page","link":"https:\/\/www.braintumour.ca\/fr\/facons-de-donner\/faire-un-don\/","title":{"rendered":"Faire un don"},"content":{"rendered":"<h5>Faites un don pour soutenir les programmes et la recherche pour les patients atteints de tumeurs c\u00e9r\u00e9brales d\u00e8s aujourd&rsquo;hui.<\/h5>\n","protected":false},"excerpt":{"rendered":"<p>Faites un don pour soutenir les programmes et la recherche pour les patients atteints de tumeurs c\u00e9r\u00e9brales d\u00e8s aujourd&rsquo;hui.<\/p>\n","protected":false},"author":4,"featured_media":1082,"parent":3055,"menu_order":1,"comment_status":"closed","ping_status":"closed","template":"","meta":{"_acf_changed":false,"footnotes":""},"user_type":[133,132,137,136,134,135],"class_list":["post-3057","page","type-page","status-publish","has-post-thumbnail","hentry","user_type-patient-fr","user_type-proche-aidant","user_type-benevole","user_type-donateur","user_type-chercheur","user_type-professionnel-de-la-sante"],"acf":[],"yoast_head":"<!-- This site is optimized with the Yoast SEO Premium plugin v27.0 (Yoast SEO v27.0) - https:\/\/yoast.com\/product\/yoast-seo-premium-wordpress\/ -->\n<title>Faire un don - Fondation canadienne des tumeurs c\u00e9r\u00e9brales<\/title>\n<meta name=\"description\" content=\"Make a gift to support programs and services that benefit the brain tumour community in Canada and fund life-changing research today.\" \/>\n<meta name=\"robots\" content=\"index, follow, max-snippet:-1, max-image-preview:large, max-video-preview:-1\" \/>\n<link rel=\"canonical\" href=\"https:\/\/www.braintumour.ca\/fr\/facons-de-donner\/faire-un-don\/\" \/>\n<meta property=\"og:locale\" content=\"fr_CA\" \/>\n<meta property=\"og:type\" content=\"article\" \/>\n<meta property=\"og:title\" content=\"Faire un don\" \/>\n<meta property=\"og:description\" content=\"Make a gift to support programs and services that benefit the brain tumour community in Canada and fund life-changing research today.\" \/>\n<meta property=\"og:url\" content=\"https:\/\/www.braintumour.ca\/fr\/facons-de-donner\/faire-un-don\/\" \/>\n<meta property=\"og:site_name\" content=\"Fondation canadienne des tumeurs c\u00e9r\u00e9brales\" \/>\n<meta property=\"article:modified_time\" content=\"2024-09-21T16:07:36+00:00\" \/>\n<meta property=\"og:image\" content=\"https:\/\/www.braintumour.ca\/wp-content\/uploads\/2019\/09\/donatenow.jpg\" \/>\n\t<meta property=\"og:image:width\" content=\"585\" \/>\n\t<meta property=\"og:image:height\" content=\"217\" \/>\n\t<meta property=\"og:image:type\" content=\"image\/jpeg\" \/>\n<meta name=\"twitter:card\" content=\"summary_large_image\" \/>\n<meta name=\"twitter:label1\" content=\"Estimation du temps de lecture\" \/>\n\t<meta name=\"twitter:data1\" content=\"1 minute\" \/>\n<script type=\"application\/ld+json\" class=\"yoast-schema-graph\">{\"@context\":\"https:\/\/schema.org\",\"@graph\":[{\"@type\":\"WebPage\",\"@id\":\"https:\/\/www.braintumour.ca\/fr\/facons-de-donner\/faire-un-don\/\",\"url\":\"https:\/\/www.braintumour.ca\/fr\/facons-de-donner\/faire-un-don\/\",\"name\":\"Faire un don - Fondation canadienne des tumeurs c\u00e9r\u00e9brales\",\"isPartOf\":{\"@id\":\"https:\/\/www.braintumour.ca\/fr\/#website\"},\"primaryImageOfPage\":{\"@id\":\"https:\/\/www.braintumour.ca\/fr\/facons-de-donner\/faire-un-don\/#primaryimage\"},\"image\":{\"@id\":\"https:\/\/www.braintumour.ca\/fr\/facons-de-donner\/faire-un-don\/#primaryimage\"},\"thumbnailUrl\":\"https:\/\/www.braintumour.ca\/wp-content\/uploads\/2019\/09\/donatenow.jpg\",\"datePublished\":\"2019-08-26T15:40:46+00:00\",\"dateModified\":\"2024-09-21T16:07:36+00:00\",\"description\":\"Make a gift to support programs and services that benefit the brain tumour community in Canada and fund life-changing research today.\",\"breadcrumb\":{\"@id\":\"https:\/\/www.braintumour.ca\/fr\/facons-de-donner\/faire-un-don\/#breadcrumb\"},\"inLanguage\":\"fr-CA\",\"potentialAction\":[{\"@type\":\"ReadAction\",\"target\":[\"https:\/\/www.braintumour.ca\/fr\/facons-de-donner\/faire-un-don\/\"]}]},{\"@type\":\"ImageObject\",\"inLanguage\":\"fr-CA\",\"@id\":\"https:\/\/www.braintumour.ca\/fr\/facons-de-donner\/faire-un-don\/#primaryimage\",\"url\":\"https:\/\/www.braintumour.ca\/wp-content\/uploads\/2019\/09\/donatenow.jpg\",\"contentUrl\":\"https:\/\/www.braintumour.ca\/wp-content\/uploads\/2019\/09\/donatenow.jpg\",\"width\":585,\"height\":217,\"caption\":\"keyboard with \\\"buy\\\" button 3d rendering\"},{\"@type\":\"BreadcrumbList\",\"@id\":\"https:\/\/www.braintumour.ca\/fr\/facons-de-donner\/faire-un-don\/#breadcrumb\",\"itemListElement\":[{\"@type\":\"ListItem\",\"position\":1,\"name\":\"Home\",\"item\":\"https:\/\/www.braintumour.ca\/fr\/\"},{\"@type\":\"ListItem\",\"position\":2,\"name\":\"Fa\u00e7ons de donner\",\"item\":\"https:\/\/www.braintumour.ca\/fr\/facons-de-donner\/\"},{\"@type\":\"ListItem\",\"position\":3,\"name\":\"Faire un don\"}]},{\"@type\":\"WebSite\",\"@id\":\"https:\/\/www.braintumour.ca\/fr\/#website\",\"url\":\"https:\/\/www.braintumour.ca\/fr\/\",\"name\":\"Fondation canadienne des tumeurs c\u00e9r\u00e9brales\",\"description\":\"Notre mission est de venir en aide \u00e0 toutes les personnes touch\u00e9es par une tumeur c\u00e9r\u00e9brale au Canada par le biais de nos programmes d\u2019information, de soutien, d\u2019\u00e9ducation et de recherche.\",\"potentialAction\":[{\"@type\":\"SearchAction\",\"target\":{\"@type\":\"EntryPoint\",\"urlTemplate\":\"https:\/\/www.braintumour.ca\/fr\/?s={search_term_string}\"},\"query-input\":{\"@type\":\"PropertyValueSpecification\",\"valueRequired\":true,\"valueName\":\"search_term_string\"}}],\"inLanguage\":\"fr-CA\"}]}<\/script>\n<!-- \/ Yoast SEO Premium plugin. -->","yoast_head_json":{"title":"Faire un don - Fondation canadienne des tumeurs c\u00e9r\u00e9brales","description":"Make a gift to support programs and services that benefit the brain tumour community in Canada and fund life-changing research today.","robots":{"index":"index","follow":"follow","max-snippet":"max-snippet:-1","max-image-preview":"max-image-preview:large","max-video-preview":"max-video-preview:-1"},"canonical":"https:\/\/www.braintumour.ca\/fr\/facons-de-donner\/faire-un-don\/","og_locale":"fr_CA","og_type":"article","og_title":"Faire un don","og_description":"Make a gift to support programs and services that benefit the brain tumour community in Canada and fund life-changing research today.","og_url":"https:\/\/www.braintumour.ca\/fr\/facons-de-donner\/faire-un-don\/","og_site_name":"Fondation canadienne des tumeurs c\u00e9r\u00e9brales","article_modified_time":"2024-09-21T16:07:36+00:00","og_image":[{"width":585,"height":217,"url":"https:\/\/www.braintumour.ca\/wp-content\/uploads\/2019\/09\/donatenow.jpg","type":"image\/jpeg"}],"twitter_card":"summary_large_image","twitter_misc":{"Estimation du temps de lecture":"1 minute"},"schema":{"@context":"https:\/\/schema.org","@graph":[{"@type":"WebPage","@id":"https:\/\/www.braintumour.ca\/fr\/facons-de-donner\/faire-un-don\/","url":"https:\/\/www.braintumour.ca\/fr\/facons-de-donner\/faire-un-don\/","name":"Faire un don - Fondation canadienne des tumeurs c\u00e9r\u00e9brales","isPartOf":{"@id":"https:\/\/www.braintumour.ca\/fr\/#website"},"primaryImageOfPage":{"@id":"https:\/\/www.braintumour.ca\/fr\/facons-de-donner\/faire-un-don\/#primaryimage"},"image":{"@id":"https:\/\/www.braintumour.ca\/fr\/facons-de-donner\/faire-un-don\/#primaryimage"},"thumbnailUrl":"https:\/\/www.braintumour.ca\/wp-content\/uploads\/2019\/09\/donatenow.jpg","datePublished":"2019-08-26T15:40:46+00:00","dateModified":"2024-09-21T16:07:36+00:00","description":"Make a gift to support programs and services that benefit the brain tumour community in Canada and fund life-changing research today.","breadcrumb":{"@id":"https:\/\/www.braintumour.ca\/fr\/facons-de-donner\/faire-un-don\/#breadcrumb"},"inLanguage":"fr-CA","potentialAction":[{"@type":"ReadAction","target":["https:\/\/www.braintumour.ca\/fr\/facons-de-donner\/faire-un-don\/"]}]},{"@type":"ImageObject","inLanguage":"fr-CA","@id":"https:\/\/www.braintumour.ca\/fr\/facons-de-donner\/faire-un-don\/#primaryimage","url":"https:\/\/www.braintumour.ca\/wp-content\/uploads\/2019\/09\/donatenow.jpg","contentUrl":"https:\/\/www.braintumour.ca\/wp-content\/uploads\/2019\/09\/donatenow.jpg","width":585,"height":217,"caption":"keyboard with \"buy\" button 3d rendering"},{"@type":"BreadcrumbList","@id":"https:\/\/www.braintumour.ca\/fr\/facons-de-donner\/faire-un-don\/#breadcrumb","itemListElement":[{"@type":"ListItem","position":1,"name":"Home","item":"https:\/\/www.braintumour.ca\/fr\/"},{"@type":"ListItem","position":2,"name":"Fa\u00e7ons de donner","item":"https:\/\/www.braintumour.ca\/fr\/facons-de-donner\/"},{"@type":"ListItem","position":3,"name":"Faire un don"}]},{"@type":"WebSite","@id":"https:\/\/www.braintumour.ca\/fr\/#website","url":"https:\/\/www.braintumour.ca\/fr\/","name":"Fondation canadienne des tumeurs c\u00e9r\u00e9brales","description":"Notre mission est de venir en aide \u00e0 toutes les personnes touch\u00e9es par une tumeur c\u00e9r\u00e9brale au Canada par le biais de nos programmes d\u2019information, de soutien, d\u2019\u00e9ducation et de recherche.","potentialAction":[{"@type":"SearchAction","target":{"@type":"EntryPoint","urlTemplate":"https:\/\/www.braintumour.ca\/fr\/?s={search_term_string}"},"query-input":{"@type":"PropertyValueSpecification","valueRequired":true,"valueName":"search_term_string"}}],"inLanguage":"fr-CA"}]}},"_links":{"self":[{"href":"https:\/\/www.braintumour.ca\/fr\/wp-json\/wp\/v2\/pages\/3057","targetHints":{"allow":["GET"]}}],"collection":[{"href":"https:\/\/www.braintumour.ca\/fr\/wp-json\/wp\/v2\/pages"}],"about":[{"href":"https:\/\/www.braintumour.ca\/fr\/wp-json\/wp\/v2\/types\/page"}],"author":[{"embeddable":true,"href":"https:\/\/www.braintumour.ca\/fr\/wp-json\/wp\/v2\/users\/4"}],"replies":[{"embeddable":true,"href":"https:\/\/www.braintumour.ca\/fr\/wp-json\/wp\/v2\/comments?post=3057"}],"version-history":[{"count":0,"href":"https:\/\/www.braintumour.ca\/fr\/wp-json\/wp\/v2\/pages\/3057\/revisions"}],"up":[{"embeddable":true,"href":"https:\/\/www.braintumour.ca\/fr\/wp-json\/wp\/v2\/pages\/3055"}],"wp:featuredmedia":[{"embeddable":true,"href":"https:\/\/www.braintumour.ca\/fr\/wp-json\/wp\/v2\/media\/1082"}],"wp:attachment":[{"href":"https:\/\/www.braintumour.ca\/fr\/wp-json\/wp\/v2\/media?parent=3057"}],"wp:term":[{"taxonomy":"user_type","embeddable":true,"href":"https:\/\/www.braintumour.ca\/fr\/wp-json\/wp\/v2\/user_type?post=3057"}],"curies":[{"name":"wp","href":"https:\/\/api.w.org\/{rel}","templated":true}]}}