{"id":3569,"date":"2020-01-08T11:44:34","date_gmt":"2020-01-08T16:44:34","guid":{"rendered":"https:\/\/www.braintumour.ca\/?page_id=3569"},"modified":"2022-03-09T14:04:24","modified_gmt":"2022-03-09T19:04:24","slug":"manuels-electroniques","status":"publish","type":"page","link":"https:\/\/www.braintumour.ca\/fr\/manuels-electroniques\/","title":{"rendered":"Manuels de ressources \u00e9lectroniques"},"content":{"rendered":"","protected":false},"excerpt":{"rendered":"","protected":false},"author":6,"featured_media":0,"parent":0,"menu_order":73,"comment_status":"closed","ping_status":"closed","template":"","meta":{"_acf_changed":false,"footnotes":""},"user_type":[],"class_list":["post-3569","page","type-page","status-publish","hentry"],"acf":[],"yoast_head":"<!-- This site is optimized with the Yoast SEO Premium plugin v27.0 (Yoast SEO v27.0) - https:\/\/yoast.com\/product\/yoast-seo-premium-wordpress\/ -->\n<title>Manuels de ressources \u00e9lectroniques - Fondation canadienne des tumeurs c\u00e9r\u00e9brales<\/title>\n<meta name=\"description\" content=\"Vous pouvez t\u00e9l\u00e9charger nos manuels de ressources en format Acrobat (PDF) ci-dessous. Nous esp\u00e9rons que ces ressources vous seront utiles tout au long de votre cheminement!\" \/>\n<meta name=\"robots\" content=\"index, follow, max-snippet:-1, max-image-preview:large, max-video-preview:-1\" \/>\n<link rel=\"canonical\" href=\"https:\/\/www.braintumour.ca\/fr\/manuels-electroniques\/\" \/>\n<meta property=\"og:locale\" content=\"fr_CA\" \/>\n<meta property=\"og:type\" content=\"article\" \/>\n<meta property=\"og:title\" content=\"Manuels de ressources \u00e9lectroniques\" \/>\n<meta property=\"og:description\" content=\"Vous pouvez t\u00e9l\u00e9charger nos manuels de ressources en format Acrobat (PDF) ci-dessous. Nous esp\u00e9rons que ces ressources vous seront utiles tout au long de votre cheminement!\" \/>\n<meta property=\"og:url\" content=\"https:\/\/www.braintumour.ca\/fr\/manuels-electroniques\/\" \/>\n<meta property=\"og:site_name\" content=\"Fondation canadienne des tumeurs c\u00e9r\u00e9brales\" \/>\n<meta property=\"article:modified_time\" content=\"2022-03-09T19:04:24+00:00\" \/>\n<meta name=\"twitter:card\" content=\"summary_large_image\" \/>\n<script type=\"application\/ld+json\" class=\"yoast-schema-graph\">{\"@context\":\"https:\/\/schema.org\",\"@graph\":[{\"@type\":\"WebPage\",\"@id\":\"https:\/\/www.braintumour.ca\/fr\/manuels-electroniques\/\",\"url\":\"https:\/\/www.braintumour.ca\/fr\/manuels-electroniques\/\",\"name\":\"Manuels de ressources \u00e9lectroniques - Fondation canadienne des tumeurs c\u00e9r\u00e9brales\",\"isPartOf\":{\"@id\":\"https:\/\/www.braintumour.ca\/fr\/#website\"},\"datePublished\":\"2020-01-08T16:44:34+00:00\",\"dateModified\":\"2022-03-09T19:04:24+00:00\",\"description\":\"Vous pouvez t\u00e9l\u00e9charger nos manuels de ressources en format Acrobat (PDF) ci-dessous. Nous esp\u00e9rons que ces ressources vous seront utiles tout au long de votre cheminement!\",\"breadcrumb\":{\"@id\":\"https:\/\/www.braintumour.ca\/fr\/manuels-electroniques\/#breadcrumb\"},\"inLanguage\":\"fr-CA\",\"potentialAction\":[{\"@type\":\"ReadAction\",\"target\":[\"https:\/\/www.braintumour.ca\/fr\/manuels-electroniques\/\"]}]},{\"@type\":\"BreadcrumbList\",\"@id\":\"https:\/\/www.braintumour.ca\/fr\/manuels-electroniques\/#breadcrumb\",\"itemListElement\":[{\"@type\":\"ListItem\",\"position\":1,\"name\":\"Home\",\"item\":\"https:\/\/www.braintumour.ca\/fr\/\"},{\"@type\":\"ListItem\",\"position\":2,\"name\":\"Manuels de ressources \u00e9lectroniques\"}]},{\"@type\":\"WebSite\",\"@id\":\"https:\/\/www.braintumour.ca\/fr\/#website\",\"url\":\"https:\/\/www.braintumour.ca\/fr\/\",\"name\":\"Fondation canadienne des tumeurs c\u00e9r\u00e9brales\",\"description\":\"Notre mission est de venir en aide \u00e0 toutes les personnes touch\u00e9es par une tumeur c\u00e9r\u00e9brale au Canada par le biais de nos programmes d\u2019information, de soutien, d\u2019\u00e9ducation et de recherche.\",\"potentialAction\":[{\"@type\":\"SearchAction\",\"target\":{\"@type\":\"EntryPoint\",\"urlTemplate\":\"https:\/\/www.braintumour.ca\/fr\/?s={search_term_string}\"},\"query-input\":{\"@type\":\"PropertyValueSpecification\",\"valueRequired\":true,\"valueName\":\"search_term_string\"}}],\"inLanguage\":\"fr-CA\"}]}<\/script>\n<!-- \/ Yoast SEO Premium plugin. -->","yoast_head_json":{"title":"Manuels de ressources \u00e9lectroniques - Fondation canadienne des tumeurs c\u00e9r\u00e9brales","description":"Vous pouvez t\u00e9l\u00e9charger nos manuels de ressources en format Acrobat (PDF) ci-dessous. Nous esp\u00e9rons que ces ressources vous seront utiles tout au long de votre cheminement!","robots":{"index":"index","follow":"follow","max-snippet":"max-snippet:-1","max-image-preview":"max-image-preview:large","max-video-preview":"max-video-preview:-1"},"canonical":"https:\/\/www.braintumour.ca\/fr\/manuels-electroniques\/","og_locale":"fr_CA","og_type":"article","og_title":"Manuels de ressources \u00e9lectroniques","og_description":"Vous pouvez t\u00e9l\u00e9charger nos manuels de ressources en format Acrobat (PDF) ci-dessous. Nous esp\u00e9rons que ces ressources vous seront utiles tout au long de votre cheminement!","og_url":"https:\/\/www.braintumour.ca\/fr\/manuels-electroniques\/","og_site_name":"Fondation canadienne des tumeurs c\u00e9r\u00e9brales","article_modified_time":"2022-03-09T19:04:24+00:00","twitter_card":"summary_large_image","schema":{"@context":"https:\/\/schema.org","@graph":[{"@type":"WebPage","@id":"https:\/\/www.braintumour.ca\/fr\/manuels-electroniques\/","url":"https:\/\/www.braintumour.ca\/fr\/manuels-electroniques\/","name":"Manuels de ressources \u00e9lectroniques - Fondation canadienne des tumeurs c\u00e9r\u00e9brales","isPartOf":{"@id":"https:\/\/www.braintumour.ca\/fr\/#website"},"datePublished":"2020-01-08T16:44:34+00:00","dateModified":"2022-03-09T19:04:24+00:00","description":"Vous pouvez t\u00e9l\u00e9charger nos manuels de ressources en format Acrobat (PDF) ci-dessous. Nous esp\u00e9rons que ces ressources vous seront utiles tout au long de votre cheminement!","breadcrumb":{"@id":"https:\/\/www.braintumour.ca\/fr\/manuels-electroniques\/#breadcrumb"},"inLanguage":"fr-CA","potentialAction":[{"@type":"ReadAction","target":["https:\/\/www.braintumour.ca\/fr\/manuels-electroniques\/"]}]},{"@type":"BreadcrumbList","@id":"https:\/\/www.braintumour.ca\/fr\/manuels-electroniques\/#breadcrumb","itemListElement":[{"@type":"ListItem","position":1,"name":"Home","item":"https:\/\/www.braintumour.ca\/fr\/"},{"@type":"ListItem","position":2,"name":"Manuels de ressources \u00e9lectroniques"}]},{"@type":"WebSite","@id":"https:\/\/www.braintumour.ca\/fr\/#website","url":"https:\/\/www.braintumour.ca\/fr\/","name":"Fondation canadienne des tumeurs c\u00e9r\u00e9brales","description":"Notre mission est de venir en aide \u00e0 toutes les personnes touch\u00e9es par une tumeur c\u00e9r\u00e9brale au Canada par le biais de nos programmes d\u2019information, de soutien, d\u2019\u00e9ducation et de recherche.","potentialAction":[{"@type":"SearchAction","target":{"@type":"EntryPoint","urlTemplate":"https:\/\/www.braintumour.ca\/fr\/?s={search_term_string}"},"query-input":{"@type":"PropertyValueSpecification","valueRequired":true,"valueName":"search_term_string"}}],"inLanguage":"fr-CA"}]}},"_links":{"self":[{"href":"https:\/\/www.braintumour.ca\/fr\/wp-json\/wp\/v2\/pages\/3569","targetHints":{"allow":["GET"]}}],"collection":[{"href":"https:\/\/www.braintumour.ca\/fr\/wp-json\/wp\/v2\/pages"}],"about":[{"href":"https:\/\/www.braintumour.ca\/fr\/wp-json\/wp\/v2\/types\/page"}],"author":[{"embeddable":true,"href":"https:\/\/www.braintumour.ca\/fr\/wp-json\/wp\/v2\/users\/6"}],"replies":[{"embeddable":true,"href":"https:\/\/www.braintumour.ca\/fr\/wp-json\/wp\/v2\/comments?post=3569"}],"version-history":[{"count":0,"href":"https:\/\/www.braintumour.ca\/fr\/wp-json\/wp\/v2\/pages\/3569\/revisions"}],"wp:attachment":[{"href":"https:\/\/www.braintumour.ca\/fr\/wp-json\/wp\/v2\/media?parent=3569"}],"wp:term":[{"taxonomy":"user_type","embeddable":true,"href":"https:\/\/www.braintumour.ca\/fr\/wp-json\/wp\/v2\/user_type?post=3569"}],"curies":[{"name":"wp","href":"https:\/\/api.w.org\/{rel}","templated":true}]}}