{"id":4230,"date":"2020-03-13T12:03:29","date_gmt":"2020-03-13T16:03:29","guid":{"rendered":"https:\/\/www.braintumour.ca\/covid19\/"},"modified":"2022-03-15T11:54:19","modified_gmt":"2022-03-15T15:54:19","slug":"le-covid-19","status":"publish","type":"page","link":"https:\/\/www.braintumour.ca\/fr\/le-covid-19\/","title":{"rendered":"D\u00e9claration concernant le COVID-19"},"content":{"rendered":"<p>&nbsp;<\/p>\n<p>&nbsp;<\/p>\n","protected":false},"excerpt":{"rendered":"<p>&nbsp; &nbsp;<\/p>\n","protected":false},"author":4,"featured_media":4235,"parent":0,"menu_order":111,"comment_status":"closed","ping_status":"closed","template":"","meta":{"_acf_changed":false,"footnotes":""},"user_type":[],"class_list":["post-4230","page","type-page","status-publish","has-post-thumbnail","hentry"],"acf":[],"yoast_head":"<!-- This site is optimized with the Yoast SEO Premium plugin v27.0 (Yoast SEO v27.0) - https:\/\/yoast.com\/product\/yoast-seo-premium-wordpress\/ -->\n<title>D\u00e9claration concernant le COVID-19 - Fondation canadienne des tumeurs c\u00e9r\u00e9brales<\/title>\n<meta name=\"description\" content=\"En raison des r\u00e9cents d\u00e9veloppements concernant la propagation du coronavirus, nous reporterons tous les \u00e9v\u00e9nements en personne jusqu&#039;au 30 avril.\" \/>\n<meta name=\"robots\" content=\"index, follow, max-snippet:-1, max-image-preview:large, max-video-preview:-1\" \/>\n<link rel=\"canonical\" href=\"https:\/\/www.braintumour.ca\/fr\/le-covid-19\/\" \/>\n<meta property=\"og:locale\" content=\"fr_CA\" \/>\n<meta property=\"og:type\" content=\"article\" \/>\n<meta property=\"og:title\" content=\"D\u00e9claration concernant le COVID-19\" \/>\n<meta property=\"og:description\" content=\"En raison des r\u00e9cents d\u00e9veloppements concernant la propagation du coronavirus, nous reporterons tous les \u00e9v\u00e9nements en personne jusqu&#039;au 30 avril.\" \/>\n<meta property=\"og:url\" content=\"https:\/\/www.braintumour.ca\/fr\/le-covid-19\/\" \/>\n<meta property=\"og:site_name\" content=\"Fondation canadienne des tumeurs c\u00e9r\u00e9brales\" \/>\n<meta property=\"article:modified_time\" content=\"2022-03-15T15:54:19+00:00\" \/>\n<meta property=\"og:image\" content=\"https:\/\/www.braintumour.ca\/wp-content\/uploads\/2020\/03\/coronavirus-4817450_1920.jpg\" \/>\n\t<meta property=\"og:image:width\" content=\"1920\" \/>\n\t<meta property=\"og:image:height\" content=\"649\" \/>\n\t<meta property=\"og:image:type\" content=\"image\/jpeg\" \/>\n<meta name=\"twitter:card\" content=\"summary_large_image\" \/>\n<script type=\"application\/ld+json\" class=\"yoast-schema-graph\">{\"@context\":\"https:\/\/schema.org\",\"@graph\":[{\"@type\":\"WebPage\",\"@id\":\"https:\/\/www.braintumour.ca\/fr\/le-covid-19\/\",\"url\":\"https:\/\/www.braintumour.ca\/fr\/le-covid-19\/\",\"name\":\"D\u00e9claration concernant le COVID-19 - Fondation canadienne des tumeurs c\u00e9r\u00e9brales\",\"isPartOf\":{\"@id\":\"https:\/\/www.braintumour.ca\/fr\/#website\"},\"primaryImageOfPage\":{\"@id\":\"https:\/\/www.braintumour.ca\/fr\/le-covid-19\/#primaryimage\"},\"image\":{\"@id\":\"https:\/\/www.braintumour.ca\/fr\/le-covid-19\/#primaryimage\"},\"thumbnailUrl\":\"https:\/\/www.braintumour.ca\/wp-content\/uploads\/2020\/03\/coronavirus-4817450_1920.jpg\",\"datePublished\":\"2020-03-13T16:03:29+00:00\",\"dateModified\":\"2022-03-15T15:54:19+00:00\",\"description\":\"En raison des r\u00e9cents d\u00e9veloppements concernant la propagation du coronavirus, nous reporterons tous les \u00e9v\u00e9nements en personne jusqu'au 30 avril.\",\"breadcrumb\":{\"@id\":\"https:\/\/www.braintumour.ca\/fr\/le-covid-19\/#breadcrumb\"},\"inLanguage\":\"fr-CA\",\"potentialAction\":[{\"@type\":\"ReadAction\",\"target\":[\"https:\/\/www.braintumour.ca\/fr\/le-covid-19\/\"]}]},{\"@type\":\"ImageObject\",\"inLanguage\":\"fr-CA\",\"@id\":\"https:\/\/www.braintumour.ca\/fr\/le-covid-19\/#primaryimage\",\"url\":\"https:\/\/www.braintumour.ca\/wp-content\/uploads\/2020\/03\/coronavirus-4817450_1920.jpg\",\"contentUrl\":\"https:\/\/www.braintumour.ca\/wp-content\/uploads\/2020\/03\/coronavirus-4817450_1920.jpg\",\"width\":1920,\"height\":649},{\"@type\":\"BreadcrumbList\",\"@id\":\"https:\/\/www.braintumour.ca\/fr\/le-covid-19\/#breadcrumb\",\"itemListElement\":[{\"@type\":\"ListItem\",\"position\":1,\"name\":\"Home\",\"item\":\"https:\/\/www.braintumour.ca\/fr\/\"},{\"@type\":\"ListItem\",\"position\":2,\"name\":\"D\u00e9claration concernant le COVID-19\"}]},{\"@type\":\"WebSite\",\"@id\":\"https:\/\/www.braintumour.ca\/fr\/#website\",\"url\":\"https:\/\/www.braintumour.ca\/fr\/\",\"name\":\"Fondation canadienne des tumeurs c\u00e9r\u00e9brales\",\"description\":\"Notre mission est de venir en aide \u00e0 toutes les personnes touch\u00e9es par une tumeur c\u00e9r\u00e9brale au Canada par le biais de nos programmes d\u2019information, de soutien, d\u2019\u00e9ducation et de recherche.\",\"potentialAction\":[{\"@type\":\"SearchAction\",\"target\":{\"@type\":\"EntryPoint\",\"urlTemplate\":\"https:\/\/www.braintumour.ca\/fr\/?s={search_term_string}\"},\"query-input\":{\"@type\":\"PropertyValueSpecification\",\"valueRequired\":true,\"valueName\":\"search_term_string\"}}],\"inLanguage\":\"fr-CA\"}]}<\/script>\n<!-- \/ Yoast SEO Premium plugin. -->","yoast_head_json":{"title":"D\u00e9claration concernant le COVID-19 - Fondation canadienne des tumeurs c\u00e9r\u00e9brales","description":"En raison des r\u00e9cents d\u00e9veloppements concernant la propagation du coronavirus, nous reporterons tous les \u00e9v\u00e9nements en personne jusqu'au 30 avril.","robots":{"index":"index","follow":"follow","max-snippet":"max-snippet:-1","max-image-preview":"max-image-preview:large","max-video-preview":"max-video-preview:-1"},"canonical":"https:\/\/www.braintumour.ca\/fr\/le-covid-19\/","og_locale":"fr_CA","og_type":"article","og_title":"D\u00e9claration concernant le COVID-19","og_description":"En raison des r\u00e9cents d\u00e9veloppements concernant la propagation du coronavirus, nous reporterons tous les \u00e9v\u00e9nements en personne jusqu'au 30 avril.","og_url":"https:\/\/www.braintumour.ca\/fr\/le-covid-19\/","og_site_name":"Fondation canadienne des tumeurs c\u00e9r\u00e9brales","article_modified_time":"2022-03-15T15:54:19+00:00","og_image":[{"width":1920,"height":649,"url":"https:\/\/www.braintumour.ca\/wp-content\/uploads\/2020\/03\/coronavirus-4817450_1920.jpg","type":"image\/jpeg"}],"twitter_card":"summary_large_image","schema":{"@context":"https:\/\/schema.org","@graph":[{"@type":"WebPage","@id":"https:\/\/www.braintumour.ca\/fr\/le-covid-19\/","url":"https:\/\/www.braintumour.ca\/fr\/le-covid-19\/","name":"D\u00e9claration concernant le COVID-19 - Fondation canadienne des tumeurs c\u00e9r\u00e9brales","isPartOf":{"@id":"https:\/\/www.braintumour.ca\/fr\/#website"},"primaryImageOfPage":{"@id":"https:\/\/www.braintumour.ca\/fr\/le-covid-19\/#primaryimage"},"image":{"@id":"https:\/\/www.braintumour.ca\/fr\/le-covid-19\/#primaryimage"},"thumbnailUrl":"https:\/\/www.braintumour.ca\/wp-content\/uploads\/2020\/03\/coronavirus-4817450_1920.jpg","datePublished":"2020-03-13T16:03:29+00:00","dateModified":"2022-03-15T15:54:19+00:00","description":"En raison des r\u00e9cents d\u00e9veloppements concernant la propagation du coronavirus, nous reporterons tous les \u00e9v\u00e9nements en personne jusqu'au 30 avril.","breadcrumb":{"@id":"https:\/\/www.braintumour.ca\/fr\/le-covid-19\/#breadcrumb"},"inLanguage":"fr-CA","potentialAction":[{"@type":"ReadAction","target":["https:\/\/www.braintumour.ca\/fr\/le-covid-19\/"]}]},{"@type":"ImageObject","inLanguage":"fr-CA","@id":"https:\/\/www.braintumour.ca\/fr\/le-covid-19\/#primaryimage","url":"https:\/\/www.braintumour.ca\/wp-content\/uploads\/2020\/03\/coronavirus-4817450_1920.jpg","contentUrl":"https:\/\/www.braintumour.ca\/wp-content\/uploads\/2020\/03\/coronavirus-4817450_1920.jpg","width":1920,"height":649},{"@type":"BreadcrumbList","@id":"https:\/\/www.braintumour.ca\/fr\/le-covid-19\/#breadcrumb","itemListElement":[{"@type":"ListItem","position":1,"name":"Home","item":"https:\/\/www.braintumour.ca\/fr\/"},{"@type":"ListItem","position":2,"name":"D\u00e9claration concernant le COVID-19"}]},{"@type":"WebSite","@id":"https:\/\/www.braintumour.ca\/fr\/#website","url":"https:\/\/www.braintumour.ca\/fr\/","name":"Fondation canadienne des tumeurs c\u00e9r\u00e9brales","description":"Notre mission est de venir en aide \u00e0 toutes les personnes touch\u00e9es par une tumeur c\u00e9r\u00e9brale au Canada par le biais de nos programmes d\u2019information, de soutien, d\u2019\u00e9ducation et de recherche.","potentialAction":[{"@type":"SearchAction","target":{"@type":"EntryPoint","urlTemplate":"https:\/\/www.braintumour.ca\/fr\/?s={search_term_string}"},"query-input":{"@type":"PropertyValueSpecification","valueRequired":true,"valueName":"search_term_string"}}],"inLanguage":"fr-CA"}]}},"_links":{"self":[{"href":"https:\/\/www.braintumour.ca\/fr\/wp-json\/wp\/v2\/pages\/4230","targetHints":{"allow":["GET"]}}],"collection":[{"href":"https:\/\/www.braintumour.ca\/fr\/wp-json\/wp\/v2\/pages"}],"about":[{"href":"https:\/\/www.braintumour.ca\/fr\/wp-json\/wp\/v2\/types\/page"}],"author":[{"embeddable":true,"href":"https:\/\/www.braintumour.ca\/fr\/wp-json\/wp\/v2\/users\/4"}],"replies":[{"embeddable":true,"href":"https:\/\/www.braintumour.ca\/fr\/wp-json\/wp\/v2\/comments?post=4230"}],"version-history":[{"count":0,"href":"https:\/\/www.braintumour.ca\/fr\/wp-json\/wp\/v2\/pages\/4230\/revisions"}],"wp:featuredmedia":[{"embeddable":true,"href":"https:\/\/www.braintumour.ca\/fr\/wp-json\/wp\/v2\/media\/4235"}],"wp:attachment":[{"href":"https:\/\/www.braintumour.ca\/fr\/wp-json\/wp\/v2\/media?parent=4230"}],"wp:term":[{"taxonomy":"user_type","embeddable":true,"href":"https:\/\/www.braintumour.ca\/fr\/wp-json\/wp\/v2\/user_type?post=4230"}],"curies":[{"name":"wp","href":"https:\/\/api.w.org\/{rel}","templated":true}]}}