{"id":4253,"date":"2020-03-18T13:42:15","date_gmt":"2020-03-18T17:42:15","guid":{"rendered":"https:\/\/www.braintumour.ca\/brain-music-musique-cerveau\/"},"modified":"2022-03-09T14:04:29","modified_gmt":"2022-03-09T19:04:29","slug":"musique-pour-le-cerveau","status":"publish","type":"page","link":"https:\/\/www.braintumour.ca\/fr\/musique-pour-le-cerveau\/","title":{"rendered":"Musique pour le cerveau"},"content":{"rendered":"","protected":false},"excerpt":{"rendered":"","protected":false},"author":4,"featured_media":4259,"parent":0,"menu_order":18,"comment_status":"closed","ping_status":"closed","template":"","meta":{"_acf_changed":false,"footnotes":""},"user_type":[133,132,137,136,134,135],"class_list":["post-4253","page","type-page","status-publish","has-post-thumbnail","hentry","user_type-patient-fr","user_type-proche-aidant","user_type-benevole","user_type-donateur","user_type-chercheur","user_type-professionnel-de-la-sante"],"acf":[],"yoast_head":"<!-- This site is optimized with the Yoast SEO Premium plugin v27.0 (Yoast SEO v27.0) - https:\/\/yoast.com\/product\/yoast-seo-premium-wordpress\/ -->\n<title>Musique pour le cerveau - Fondation canadienne des tumeurs c\u00e9r\u00e9brales<\/title>\n<meta name=\"description\" content=\"La Fondation canadienne des tumeurs c\u00e9r\u00e9brales a cr\u00e9\u00e9 une liste de lecture musical pour les membres de sa communaut\u00e9 afin d&#039;apprendre \u00e0 mieux nous conna\u00eetre.\" \/>\n<meta name=\"robots\" content=\"index, follow, max-snippet:-1, max-image-preview:large, max-video-preview:-1\" \/>\n<link rel=\"canonical\" href=\"https:\/\/www.braintumour.ca\/fr\/musique-pour-le-cerveau\/\" \/>\n<meta property=\"og:locale\" content=\"fr_CA\" \/>\n<meta property=\"og:type\" content=\"article\" \/>\n<meta property=\"og:title\" content=\"Musique pour le cerveau\" \/>\n<meta property=\"og:description\" content=\"La Fondation canadienne des tumeurs c\u00e9r\u00e9brales a cr\u00e9\u00e9 une liste de lecture musical pour les membres de sa communaut\u00e9 afin d&#039;apprendre \u00e0 mieux nous conna\u00eetre.\" \/>\n<meta property=\"og:url\" content=\"https:\/\/www.braintumour.ca\/fr\/musique-pour-le-cerveau\/\" \/>\n<meta property=\"og:site_name\" content=\"Fondation canadienne des tumeurs c\u00e9r\u00e9brales\" \/>\n<meta property=\"article:modified_time\" content=\"2022-03-09T19:04:29+00:00\" \/>\n<meta property=\"og:image\" content=\"https:\/\/www.braintumour.ca\/wp-content\/uploads\/2020\/03\/Brain-Music-Website-Header-Option-2-alt-1.jpg\" \/>\n\t<meta property=\"og:image:width\" content=\"10826\" \/>\n\t<meta property=\"og:image:height\" content=\"10826\" \/>\n\t<meta property=\"og:image:type\" content=\"image\/jpeg\" \/>\n<meta name=\"twitter:card\" content=\"summary_large_image\" \/>\n<script type=\"application\/ld+json\" class=\"yoast-schema-graph\">{\"@context\":\"https:\/\/schema.org\",\"@graph\":[{\"@type\":\"WebPage\",\"@id\":\"https:\/\/www.braintumour.ca\/fr\/musique-pour-le-cerveau\/\",\"url\":\"https:\/\/www.braintumour.ca\/fr\/musique-pour-le-cerveau\/\",\"name\":\"Musique pour le cerveau - Fondation canadienne des tumeurs c\u00e9r\u00e9brales\",\"isPartOf\":{\"@id\":\"https:\/\/www.braintumour.ca\/fr\/#website\"},\"primaryImageOfPage\":{\"@id\":\"https:\/\/www.braintumour.ca\/fr\/musique-pour-le-cerveau\/#primaryimage\"},\"image\":{\"@id\":\"https:\/\/www.braintumour.ca\/fr\/musique-pour-le-cerveau\/#primaryimage\"},\"thumbnailUrl\":\"https:\/\/www.braintumour.ca\/wp-content\/uploads\/2020\/03\/Brain-Music-Website-Header-Option-2-alt-1.jpg\",\"datePublished\":\"2020-03-18T17:42:15+00:00\",\"dateModified\":\"2022-03-09T19:04:29+00:00\",\"description\":\"La Fondation canadienne des tumeurs c\u00e9r\u00e9brales a cr\u00e9\u00e9 une liste de lecture musical pour les membres de sa communaut\u00e9 afin d'apprendre \u00e0 mieux nous conna\u00eetre.\",\"breadcrumb\":{\"@id\":\"https:\/\/www.braintumour.ca\/fr\/musique-pour-le-cerveau\/#breadcrumb\"},\"inLanguage\":\"fr-CA\",\"potentialAction\":[{\"@type\":\"ReadAction\",\"target\":[\"https:\/\/www.braintumour.ca\/fr\/musique-pour-le-cerveau\/\"]}]},{\"@type\":\"ImageObject\",\"inLanguage\":\"fr-CA\",\"@id\":\"https:\/\/www.braintumour.ca\/fr\/musique-pour-le-cerveau\/#primaryimage\",\"url\":\"https:\/\/www.braintumour.ca\/wp-content\/uploads\/2020\/03\/Brain-Music-Website-Header-Option-2-alt-1.jpg\",\"contentUrl\":\"https:\/\/www.braintumour.ca\/wp-content\/uploads\/2020\/03\/Brain-Music-Website-Header-Option-2-alt-1.jpg\",\"width\":10826,\"height\":10826,\"caption\":\"Brain Music\"},{\"@type\":\"BreadcrumbList\",\"@id\":\"https:\/\/www.braintumour.ca\/fr\/musique-pour-le-cerveau\/#breadcrumb\",\"itemListElement\":[{\"@type\":\"ListItem\",\"position\":1,\"name\":\"Home\",\"item\":\"https:\/\/www.braintumour.ca\/fr\/\"},{\"@type\":\"ListItem\",\"position\":2,\"name\":\"Musique pour le cerveau\"}]},{\"@type\":\"WebSite\",\"@id\":\"https:\/\/www.braintumour.ca\/fr\/#website\",\"url\":\"https:\/\/www.braintumour.ca\/fr\/\",\"name\":\"Fondation canadienne des tumeurs c\u00e9r\u00e9brales\",\"description\":\"Notre mission est de venir en aide \u00e0 toutes les personnes touch\u00e9es par une tumeur c\u00e9r\u00e9brale au Canada par le biais de nos programmes d\u2019information, de soutien, d\u2019\u00e9ducation et de recherche.\",\"potentialAction\":[{\"@type\":\"SearchAction\",\"target\":{\"@type\":\"EntryPoint\",\"urlTemplate\":\"https:\/\/www.braintumour.ca\/fr\/?s={search_term_string}\"},\"query-input\":{\"@type\":\"PropertyValueSpecification\",\"valueRequired\":true,\"valueName\":\"search_term_string\"}}],\"inLanguage\":\"fr-CA\"}]}<\/script>\n<!-- \/ Yoast SEO Premium plugin. -->","yoast_head_json":{"title":"Musique pour le cerveau - Fondation canadienne des tumeurs c\u00e9r\u00e9brales","description":"La Fondation canadienne des tumeurs c\u00e9r\u00e9brales a cr\u00e9\u00e9 une liste de lecture musical pour les membres de sa communaut\u00e9 afin d'apprendre \u00e0 mieux nous conna\u00eetre.","robots":{"index":"index","follow":"follow","max-snippet":"max-snippet:-1","max-image-preview":"max-image-preview:large","max-video-preview":"max-video-preview:-1"},"canonical":"https:\/\/www.braintumour.ca\/fr\/musique-pour-le-cerveau\/","og_locale":"fr_CA","og_type":"article","og_title":"Musique pour le cerveau","og_description":"La Fondation canadienne des tumeurs c\u00e9r\u00e9brales a cr\u00e9\u00e9 une liste de lecture musical pour les membres de sa communaut\u00e9 afin d'apprendre \u00e0 mieux nous conna\u00eetre.","og_url":"https:\/\/www.braintumour.ca\/fr\/musique-pour-le-cerveau\/","og_site_name":"Fondation canadienne des tumeurs c\u00e9r\u00e9brales","article_modified_time":"2022-03-09T19:04:29+00:00","og_image":[{"width":10826,"height":10826,"url":"https:\/\/www.braintumour.ca\/wp-content\/uploads\/2020\/03\/Brain-Music-Website-Header-Option-2-alt-1.jpg","type":"image\/jpeg"}],"twitter_card":"summary_large_image","schema":{"@context":"https:\/\/schema.org","@graph":[{"@type":"WebPage","@id":"https:\/\/www.braintumour.ca\/fr\/musique-pour-le-cerveau\/","url":"https:\/\/www.braintumour.ca\/fr\/musique-pour-le-cerveau\/","name":"Musique pour le cerveau - Fondation canadienne des tumeurs c\u00e9r\u00e9brales","isPartOf":{"@id":"https:\/\/www.braintumour.ca\/fr\/#website"},"primaryImageOfPage":{"@id":"https:\/\/www.braintumour.ca\/fr\/musique-pour-le-cerveau\/#primaryimage"},"image":{"@id":"https:\/\/www.braintumour.ca\/fr\/musique-pour-le-cerveau\/#primaryimage"},"thumbnailUrl":"https:\/\/www.braintumour.ca\/wp-content\/uploads\/2020\/03\/Brain-Music-Website-Header-Option-2-alt-1.jpg","datePublished":"2020-03-18T17:42:15+00:00","dateModified":"2022-03-09T19:04:29+00:00","description":"La Fondation canadienne des tumeurs c\u00e9r\u00e9brales a cr\u00e9\u00e9 une liste de lecture musical pour les membres de sa communaut\u00e9 afin d'apprendre \u00e0 mieux nous conna\u00eetre.","breadcrumb":{"@id":"https:\/\/www.braintumour.ca\/fr\/musique-pour-le-cerveau\/#breadcrumb"},"inLanguage":"fr-CA","potentialAction":[{"@type":"ReadAction","target":["https:\/\/www.braintumour.ca\/fr\/musique-pour-le-cerveau\/"]}]},{"@type":"ImageObject","inLanguage":"fr-CA","@id":"https:\/\/www.braintumour.ca\/fr\/musique-pour-le-cerveau\/#primaryimage","url":"https:\/\/www.braintumour.ca\/wp-content\/uploads\/2020\/03\/Brain-Music-Website-Header-Option-2-alt-1.jpg","contentUrl":"https:\/\/www.braintumour.ca\/wp-content\/uploads\/2020\/03\/Brain-Music-Website-Header-Option-2-alt-1.jpg","width":10826,"height":10826,"caption":"Brain Music"},{"@type":"BreadcrumbList","@id":"https:\/\/www.braintumour.ca\/fr\/musique-pour-le-cerveau\/#breadcrumb","itemListElement":[{"@type":"ListItem","position":1,"name":"Home","item":"https:\/\/www.braintumour.ca\/fr\/"},{"@type":"ListItem","position":2,"name":"Musique pour le cerveau"}]},{"@type":"WebSite","@id":"https:\/\/www.braintumour.ca\/fr\/#website","url":"https:\/\/www.braintumour.ca\/fr\/","name":"Fondation canadienne des tumeurs c\u00e9r\u00e9brales","description":"Notre mission est de venir en aide \u00e0 toutes les personnes touch\u00e9es par une tumeur c\u00e9r\u00e9brale au Canada par le biais de nos programmes d\u2019information, de soutien, d\u2019\u00e9ducation et de recherche.","potentialAction":[{"@type":"SearchAction","target":{"@type":"EntryPoint","urlTemplate":"https:\/\/www.braintumour.ca\/fr\/?s={search_term_string}"},"query-input":{"@type":"PropertyValueSpecification","valueRequired":true,"valueName":"search_term_string"}}],"inLanguage":"fr-CA"}]}},"_links":{"self":[{"href":"https:\/\/www.braintumour.ca\/fr\/wp-json\/wp\/v2\/pages\/4253","targetHints":{"allow":["GET"]}}],"collection":[{"href":"https:\/\/www.braintumour.ca\/fr\/wp-json\/wp\/v2\/pages"}],"about":[{"href":"https:\/\/www.braintumour.ca\/fr\/wp-json\/wp\/v2\/types\/page"}],"author":[{"embeddable":true,"href":"https:\/\/www.braintumour.ca\/fr\/wp-json\/wp\/v2\/users\/4"}],"replies":[{"embeddable":true,"href":"https:\/\/www.braintumour.ca\/fr\/wp-json\/wp\/v2\/comments?post=4253"}],"version-history":[{"count":0,"href":"https:\/\/www.braintumour.ca\/fr\/wp-json\/wp\/v2\/pages\/4253\/revisions"}],"wp:featuredmedia":[{"embeddable":true,"href":"https:\/\/www.braintumour.ca\/fr\/wp-json\/wp\/v2\/media\/4259"}],"wp:attachment":[{"href":"https:\/\/www.braintumour.ca\/fr\/wp-json\/wp\/v2\/media?parent=4253"}],"wp:term":[{"taxonomy":"user_type","embeddable":true,"href":"https:\/\/www.braintumour.ca\/fr\/wp-json\/wp\/v2\/user_type?post=4253"}],"curies":[{"name":"wp","href":"https:\/\/api.w.org\/{rel}","templated":true}]}}