{"id":4340,"date":"2020-04-01T10:51:21","date_gmt":"2020-04-01T14:51:21","guid":{"rendered":"https:\/\/www.braintumour.ca\/support-at-home\/"},"modified":"2020-09-15T13:52:17","modified_gmt":"2020-09-15T17:52:17","slug":"soutienalamaison","status":"publish","type":"page","link":"https:\/\/www.braintumour.ca\/fr\/soutien\/soutienalamaison\/","title":{"rendered":"Soutien \u00e0 la maison"},"content":{"rendered":"<p style=\"text-align: center;\">M\u00eame si nous devons rester \u00e0 la maison, cela ne veut pas dire que nous ne pouvons pas rester connect\u00e9s.<\/p>\n","protected":false},"excerpt":{"rendered":"<p>M\u00eame si nous devons rester \u00e0 la maison, cela ne veut pas dire que nous ne pouvons pas rester connect\u00e9s.<\/p>\n","protected":false},"author":4,"featured_media":4329,"parent":2325,"menu_order":0,"comment_status":"closed","ping_status":"closed","template":"","meta":{"_acf_changed":false,"footnotes":""},"user_type":[133,132],"class_list":["post-4340","page","type-page","status-publish","has-post-thumbnail","hentry","user_type-patient-fr","user_type-proche-aidant"],"acf":[],"yoast_head":"<!-- This site is optimized with the Yoast SEO Premium plugin v27.0 (Yoast SEO v27.0) - https:\/\/yoast.com\/product\/yoast-seo-premium-wordpress\/ -->\n<title>Soutien \u00e0 la maison - Fondation canadienne des tumeurs c\u00e9r\u00e9brales<\/title>\n<meta name=\"description\" content=\"Le programme #Soutien\u00e0lamaison de la Fondation canadienne des tumeurs c\u00e9r\u00e9brales vise \u00e0 \u00e9tablir des liens avec les membres de notre communaut\u00e9 en cette p\u00e9riode d&#039;isolement.\" \/>\n<meta name=\"robots\" content=\"index, follow, max-snippet:-1, max-image-preview:large, max-video-preview:-1\" \/>\n<link rel=\"canonical\" href=\"https:\/\/www.braintumour.ca\/fr\/soutien\/soutienalamaison\/\" \/>\n<meta property=\"og:locale\" content=\"fr_CA\" \/>\n<meta property=\"og:type\" content=\"article\" \/>\n<meta property=\"og:title\" content=\"Soutien \u00e0 la maison\" \/>\n<meta property=\"og:description\" content=\"Le programme #Soutien\u00e0lamaison de la Fondation canadienne des tumeurs c\u00e9r\u00e9brales vise \u00e0 \u00e9tablir des liens avec les membres de notre communaut\u00e9 en cette p\u00e9riode d&#039;isolement.\" \/>\n<meta property=\"og:url\" content=\"https:\/\/www.braintumour.ca\/fr\/soutien\/soutienalamaison\/\" \/>\n<meta property=\"og:site_name\" content=\"Fondation canadienne des tumeurs c\u00e9r\u00e9brales\" \/>\n<meta property=\"article:modified_time\" content=\"2020-09-15T17:52:17+00:00\" \/>\n<meta property=\"og:image\" content=\"https:\/\/www.braintumour.ca\/wp-content\/uploads\/2020\/04\/office-620817.jpg\" \/>\n\t<meta property=\"og:image:width\" content=\"2560\" \/>\n\t<meta property=\"og:image:height\" content=\"1700\" \/>\n\t<meta property=\"og:image:type\" content=\"image\/jpeg\" \/>\n<meta name=\"twitter:card\" content=\"summary_large_image\" \/>\n<script type=\"application\/ld+json\" class=\"yoast-schema-graph\">{\"@context\":\"https:\/\/schema.org\",\"@graph\":[{\"@type\":\"WebPage\",\"@id\":\"https:\/\/www.braintumour.ca\/fr\/soutien\/soutienalamaison\/\",\"url\":\"https:\/\/www.braintumour.ca\/fr\/soutien\/soutienalamaison\/\",\"name\":\"Soutien \u00e0 la maison - Fondation canadienne des tumeurs c\u00e9r\u00e9brales\",\"isPartOf\":{\"@id\":\"https:\/\/www.braintumour.ca\/fr\/#website\"},\"primaryImageOfPage\":{\"@id\":\"https:\/\/www.braintumour.ca\/fr\/soutien\/soutienalamaison\/#primaryimage\"},\"image\":{\"@id\":\"https:\/\/www.braintumour.ca\/fr\/soutien\/soutienalamaison\/#primaryimage\"},\"thumbnailUrl\":\"https:\/\/www.braintumour.ca\/wp-content\/uploads\/2020\/04\/office-620817.jpg\",\"datePublished\":\"2020-04-01T14:51:21+00:00\",\"dateModified\":\"2020-09-15T17:52:17+00:00\",\"description\":\"Le programme #Soutien\u00e0lamaison de la Fondation canadienne des tumeurs c\u00e9r\u00e9brales vise \u00e0 \u00e9tablir des liens avec les membres de notre communaut\u00e9 en cette p\u00e9riode d'isolement.\",\"breadcrumb\":{\"@id\":\"https:\/\/www.braintumour.ca\/fr\/soutien\/soutienalamaison\/#breadcrumb\"},\"inLanguage\":\"fr-CA\",\"potentialAction\":[{\"@type\":\"ReadAction\",\"target\":[\"https:\/\/www.braintumour.ca\/fr\/soutien\/soutienalamaison\/\"]}]},{\"@type\":\"ImageObject\",\"inLanguage\":\"fr-CA\",\"@id\":\"https:\/\/www.braintumour.ca\/fr\/soutien\/soutienalamaison\/#primaryimage\",\"url\":\"https:\/\/www.braintumour.ca\/wp-content\/uploads\/2020\/04\/office-620817.jpg\",\"contentUrl\":\"https:\/\/www.braintumour.ca\/wp-content\/uploads\/2020\/04\/office-620817.jpg\",\"width\":2560,\"height\":1700,\"caption\":\"Support At Home\"},{\"@type\":\"BreadcrumbList\",\"@id\":\"https:\/\/www.braintumour.ca\/fr\/soutien\/soutienalamaison\/#breadcrumb\",\"itemListElement\":[{\"@type\":\"ListItem\",\"position\":1,\"name\":\"Home\",\"item\":\"https:\/\/www.braintumour.ca\/fr\/\"},{\"@type\":\"ListItem\",\"position\":2,\"name\":\"Soins et soutien\",\"item\":\"https:\/\/www.braintumour.ca\/fr\/soutien\/\"},{\"@type\":\"ListItem\",\"position\":3,\"name\":\"Soutien \u00e0 la maison\"}]},{\"@type\":\"WebSite\",\"@id\":\"https:\/\/www.braintumour.ca\/fr\/#website\",\"url\":\"https:\/\/www.braintumour.ca\/fr\/\",\"name\":\"Fondation canadienne des tumeurs c\u00e9r\u00e9brales\",\"description\":\"Notre mission est de venir en aide \u00e0 toutes les personnes touch\u00e9es par une tumeur c\u00e9r\u00e9brale au Canada par le biais de nos programmes d\u2019information, de soutien, d\u2019\u00e9ducation et de recherche.\",\"potentialAction\":[{\"@type\":\"SearchAction\",\"target\":{\"@type\":\"EntryPoint\",\"urlTemplate\":\"https:\/\/www.braintumour.ca\/fr\/?s={search_term_string}\"},\"query-input\":{\"@type\":\"PropertyValueSpecification\",\"valueRequired\":true,\"valueName\":\"search_term_string\"}}],\"inLanguage\":\"fr-CA\"}]}<\/script>\n<!-- \/ Yoast SEO Premium plugin. -->","yoast_head_json":{"title":"Soutien \u00e0 la maison - Fondation canadienne des tumeurs c\u00e9r\u00e9brales","description":"Le programme #Soutien\u00e0lamaison de la Fondation canadienne des tumeurs c\u00e9r\u00e9brales vise \u00e0 \u00e9tablir des liens avec les membres de notre communaut\u00e9 en cette p\u00e9riode d'isolement.","robots":{"index":"index","follow":"follow","max-snippet":"max-snippet:-1","max-image-preview":"max-image-preview:large","max-video-preview":"max-video-preview:-1"},"canonical":"https:\/\/www.braintumour.ca\/fr\/soutien\/soutienalamaison\/","og_locale":"fr_CA","og_type":"article","og_title":"Soutien \u00e0 la maison","og_description":"Le programme #Soutien\u00e0lamaison de la Fondation canadienne des tumeurs c\u00e9r\u00e9brales vise \u00e0 \u00e9tablir des liens avec les membres de notre communaut\u00e9 en cette p\u00e9riode d'isolement.","og_url":"https:\/\/www.braintumour.ca\/fr\/soutien\/soutienalamaison\/","og_site_name":"Fondation canadienne des tumeurs c\u00e9r\u00e9brales","article_modified_time":"2020-09-15T17:52:17+00:00","og_image":[{"width":2560,"height":1700,"url":"https:\/\/www.braintumour.ca\/wp-content\/uploads\/2020\/04\/office-620817.jpg","type":"image\/jpeg"}],"twitter_card":"summary_large_image","schema":{"@context":"https:\/\/schema.org","@graph":[{"@type":"WebPage","@id":"https:\/\/www.braintumour.ca\/fr\/soutien\/soutienalamaison\/","url":"https:\/\/www.braintumour.ca\/fr\/soutien\/soutienalamaison\/","name":"Soutien \u00e0 la maison - Fondation canadienne des tumeurs c\u00e9r\u00e9brales","isPartOf":{"@id":"https:\/\/www.braintumour.ca\/fr\/#website"},"primaryImageOfPage":{"@id":"https:\/\/www.braintumour.ca\/fr\/soutien\/soutienalamaison\/#primaryimage"},"image":{"@id":"https:\/\/www.braintumour.ca\/fr\/soutien\/soutienalamaison\/#primaryimage"},"thumbnailUrl":"https:\/\/www.braintumour.ca\/wp-content\/uploads\/2020\/04\/office-620817.jpg","datePublished":"2020-04-01T14:51:21+00:00","dateModified":"2020-09-15T17:52:17+00:00","description":"Le programme #Soutien\u00e0lamaison de la Fondation canadienne des tumeurs c\u00e9r\u00e9brales vise \u00e0 \u00e9tablir des liens avec les membres de notre communaut\u00e9 en cette p\u00e9riode d'isolement.","breadcrumb":{"@id":"https:\/\/www.braintumour.ca\/fr\/soutien\/soutienalamaison\/#breadcrumb"},"inLanguage":"fr-CA","potentialAction":[{"@type":"ReadAction","target":["https:\/\/www.braintumour.ca\/fr\/soutien\/soutienalamaison\/"]}]},{"@type":"ImageObject","inLanguage":"fr-CA","@id":"https:\/\/www.braintumour.ca\/fr\/soutien\/soutienalamaison\/#primaryimage","url":"https:\/\/www.braintumour.ca\/wp-content\/uploads\/2020\/04\/office-620817.jpg","contentUrl":"https:\/\/www.braintumour.ca\/wp-content\/uploads\/2020\/04\/office-620817.jpg","width":2560,"height":1700,"caption":"Support At Home"},{"@type":"BreadcrumbList","@id":"https:\/\/www.braintumour.ca\/fr\/soutien\/soutienalamaison\/#breadcrumb","itemListElement":[{"@type":"ListItem","position":1,"name":"Home","item":"https:\/\/www.braintumour.ca\/fr\/"},{"@type":"ListItem","position":2,"name":"Soins et soutien","item":"https:\/\/www.braintumour.ca\/fr\/soutien\/"},{"@type":"ListItem","position":3,"name":"Soutien \u00e0 la maison"}]},{"@type":"WebSite","@id":"https:\/\/www.braintumour.ca\/fr\/#website","url":"https:\/\/www.braintumour.ca\/fr\/","name":"Fondation canadienne des tumeurs c\u00e9r\u00e9brales","description":"Notre mission est de venir en aide \u00e0 toutes les personnes touch\u00e9es par une tumeur c\u00e9r\u00e9brale au Canada par le biais de nos programmes d\u2019information, de soutien, d\u2019\u00e9ducation et de recherche.","potentialAction":[{"@type":"SearchAction","target":{"@type":"EntryPoint","urlTemplate":"https:\/\/www.braintumour.ca\/fr\/?s={search_term_string}"},"query-input":{"@type":"PropertyValueSpecification","valueRequired":true,"valueName":"search_term_string"}}],"inLanguage":"fr-CA"}]}},"_links":{"self":[{"href":"https:\/\/www.braintumour.ca\/fr\/wp-json\/wp\/v2\/pages\/4340","targetHints":{"allow":["GET"]}}],"collection":[{"href":"https:\/\/www.braintumour.ca\/fr\/wp-json\/wp\/v2\/pages"}],"about":[{"href":"https:\/\/www.braintumour.ca\/fr\/wp-json\/wp\/v2\/types\/page"}],"author":[{"embeddable":true,"href":"https:\/\/www.braintumour.ca\/fr\/wp-json\/wp\/v2\/users\/4"}],"replies":[{"embeddable":true,"href":"https:\/\/www.braintumour.ca\/fr\/wp-json\/wp\/v2\/comments?post=4340"}],"version-history":[{"count":0,"href":"https:\/\/www.braintumour.ca\/fr\/wp-json\/wp\/v2\/pages\/4340\/revisions"}],"up":[{"embeddable":true,"href":"https:\/\/www.braintumour.ca\/fr\/wp-json\/wp\/v2\/pages\/2325"}],"wp:featuredmedia":[{"embeddable":true,"href":"https:\/\/www.braintumour.ca\/fr\/wp-json\/wp\/v2\/media\/4329"}],"wp:attachment":[{"href":"https:\/\/www.braintumour.ca\/fr\/wp-json\/wp\/v2\/media?parent=4340"}],"wp:term":[{"taxonomy":"user_type","embeddable":true,"href":"https:\/\/www.braintumour.ca\/fr\/wp-json\/wp\/v2\/user_type?post=4340"}],"curies":[{"name":"wp","href":"https:\/\/api.w.org\/{rel}","templated":true}]}}