{"id":4693,"date":"2020-05-20T16:37:39","date_gmt":"2020-05-20T20:37:39","guid":{"rendered":"https:\/\/www.braintumour.ca\/?page_id=4693"},"modified":"2020-07-15T18:26:55","modified_gmt":"2020-07-15T22:26:55","slug":"activites-familiales-amusantes","status":"publish","type":"page","link":"https:\/\/www.braintumour.ca\/fr\/soutien\/soutienalamaison\/activites-familiales-amusantes\/","title":{"rendered":"Activit\u00e9s familiales amusantes"},"content":{"rendered":"<p>Nous vous pr\u00e9sentons une vari\u00e9t\u00e9 d\u2019activit\u00e9s en ligne pour tous les membres de la famille. Partagez vos cr\u00e9ations avec nous sur <a href=\"http:\/\/www.facebook.com\/FondationCanadienneDesTumeursCerebrales\">Facebook<\/a> ou par <a href=\"mailto:rferro@braintumour.ca\">courriel<\/a>!<\/p>\n","protected":false},"excerpt":{"rendered":"<p>Nous vous pr\u00e9sentons une vari\u00e9t\u00e9 d\u2019activit\u00e9s en ligne pour tous les membres de la famille. Partagez vos cr\u00e9ations avec nous [&hellip;]<\/p>\n","protected":false},"author":6,"featured_media":0,"parent":4340,"menu_order":0,"comment_status":"closed","ping_status":"closed","template":"","meta":{"_acf_changed":false,"footnotes":""},"user_type":[],"class_list":["post-4693","page","type-page","status-publish","hentry"],"acf":[],"yoast_head":"<!-- This site is optimized with the Yoast SEO Premium plugin v27.0 (Yoast SEO v27.0) - https:\/\/yoast.com\/product\/yoast-seo-premium-wordpress\/ -->\n<title>Activit\u00e9s familiales amusantes - Fondation canadienne des tumeurs c\u00e9r\u00e9brales<\/title>\n<meta name=\"robots\" content=\"index, follow, max-snippet:-1, max-image-preview:large, max-video-preview:-1\" \/>\n<link rel=\"canonical\" href=\"https:\/\/www.braintumour.ca\/fr\/soutien\/soutienalamaison\/activites-familiales-amusantes\/\" \/>\n<meta property=\"og:locale\" content=\"fr_CA\" \/>\n<meta property=\"og:type\" content=\"article\" \/>\n<meta property=\"og:title\" content=\"Activit\u00e9s familiales amusantes\" \/>\n<meta property=\"og:description\" content=\"Nous vous pr\u00e9sentons une vari\u00e9t\u00e9 d\u2019activit\u00e9s en ligne pour tous les membres de la famille. Partagez vos cr\u00e9ations avec nous [&hellip;]\" \/>\n<meta property=\"og:url\" content=\"https:\/\/www.braintumour.ca\/fr\/soutien\/soutienalamaison\/activites-familiales-amusantes\/\" \/>\n<meta property=\"og:site_name\" content=\"Fondation canadienne des tumeurs c\u00e9r\u00e9brales\" \/>\n<meta property=\"article:modified_time\" content=\"2020-07-15T22:26:55+00:00\" \/>\n<meta name=\"twitter:card\" content=\"summary_large_image\" \/>\n<script type=\"application\/ld+json\" class=\"yoast-schema-graph\">{\"@context\":\"https:\/\/schema.org\",\"@graph\":[{\"@type\":\"WebPage\",\"@id\":\"https:\/\/www.braintumour.ca\/fr\/soutien\/soutienalamaison\/activites-familiales-amusantes\/\",\"url\":\"https:\/\/www.braintumour.ca\/fr\/soutien\/soutienalamaison\/activites-familiales-amusantes\/\",\"name\":\"Activit\u00e9s familiales amusantes - Fondation canadienne des tumeurs c\u00e9r\u00e9brales\",\"isPartOf\":{\"@id\":\"https:\/\/www.braintumour.ca\/fr\/#website\"},\"datePublished\":\"2020-05-20T20:37:39+00:00\",\"dateModified\":\"2020-07-15T22:26:55+00:00\",\"breadcrumb\":{\"@id\":\"https:\/\/www.braintumour.ca\/fr\/soutien\/soutienalamaison\/activites-familiales-amusantes\/#breadcrumb\"},\"inLanguage\":\"fr-CA\",\"potentialAction\":[{\"@type\":\"ReadAction\",\"target\":[\"https:\/\/www.braintumour.ca\/fr\/soutien\/soutienalamaison\/activites-familiales-amusantes\/\"]}]},{\"@type\":\"BreadcrumbList\",\"@id\":\"https:\/\/www.braintumour.ca\/fr\/soutien\/soutienalamaison\/activites-familiales-amusantes\/#breadcrumb\",\"itemListElement\":[{\"@type\":\"ListItem\",\"position\":1,\"name\":\"Home\",\"item\":\"https:\/\/www.braintumour.ca\/fr\/\"},{\"@type\":\"ListItem\",\"position\":2,\"name\":\"Soins et soutien\",\"item\":\"https:\/\/www.braintumour.ca\/fr\/soutien\/\"},{\"@type\":\"ListItem\",\"position\":3,\"name\":\"Soutien \u00e0 la maison\",\"item\":\"https:\/\/www.braintumour.ca\/fr\/soutien\/soutienalamaison\/\"},{\"@type\":\"ListItem\",\"position\":4,\"name\":\"Activit\u00e9s familiales amusantes\"}]},{\"@type\":\"WebSite\",\"@id\":\"https:\/\/www.braintumour.ca\/fr\/#website\",\"url\":\"https:\/\/www.braintumour.ca\/fr\/\",\"name\":\"Fondation canadienne des tumeurs c\u00e9r\u00e9brales\",\"description\":\"Notre mission est de venir en aide \u00e0 toutes les personnes touch\u00e9es par une tumeur c\u00e9r\u00e9brale au Canada par le biais de nos programmes d\u2019information, de soutien, d\u2019\u00e9ducation et de recherche.\",\"potentialAction\":[{\"@type\":\"SearchAction\",\"target\":{\"@type\":\"EntryPoint\",\"urlTemplate\":\"https:\/\/www.braintumour.ca\/fr\/?s={search_term_string}\"},\"query-input\":{\"@type\":\"PropertyValueSpecification\",\"valueRequired\":true,\"valueName\":\"search_term_string\"}}],\"inLanguage\":\"fr-CA\"}]}<\/script>\n<!-- \/ Yoast SEO Premium plugin. -->","yoast_head_json":{"title":"Activit\u00e9s familiales amusantes - Fondation canadienne des tumeurs c\u00e9r\u00e9brales","robots":{"index":"index","follow":"follow","max-snippet":"max-snippet:-1","max-image-preview":"max-image-preview:large","max-video-preview":"max-video-preview:-1"},"canonical":"https:\/\/www.braintumour.ca\/fr\/soutien\/soutienalamaison\/activites-familiales-amusantes\/","og_locale":"fr_CA","og_type":"article","og_title":"Activit\u00e9s familiales amusantes","og_description":"Nous vous pr\u00e9sentons une vari\u00e9t\u00e9 d\u2019activit\u00e9s en ligne pour tous les membres de la famille. Partagez vos cr\u00e9ations avec nous [&hellip;]","og_url":"https:\/\/www.braintumour.ca\/fr\/soutien\/soutienalamaison\/activites-familiales-amusantes\/","og_site_name":"Fondation canadienne des tumeurs c\u00e9r\u00e9brales","article_modified_time":"2020-07-15T22:26:55+00:00","twitter_card":"summary_large_image","schema":{"@context":"https:\/\/schema.org","@graph":[{"@type":"WebPage","@id":"https:\/\/www.braintumour.ca\/fr\/soutien\/soutienalamaison\/activites-familiales-amusantes\/","url":"https:\/\/www.braintumour.ca\/fr\/soutien\/soutienalamaison\/activites-familiales-amusantes\/","name":"Activit\u00e9s familiales amusantes - Fondation canadienne des tumeurs c\u00e9r\u00e9brales","isPartOf":{"@id":"https:\/\/www.braintumour.ca\/fr\/#website"},"datePublished":"2020-05-20T20:37:39+00:00","dateModified":"2020-07-15T22:26:55+00:00","breadcrumb":{"@id":"https:\/\/www.braintumour.ca\/fr\/soutien\/soutienalamaison\/activites-familiales-amusantes\/#breadcrumb"},"inLanguage":"fr-CA","potentialAction":[{"@type":"ReadAction","target":["https:\/\/www.braintumour.ca\/fr\/soutien\/soutienalamaison\/activites-familiales-amusantes\/"]}]},{"@type":"BreadcrumbList","@id":"https:\/\/www.braintumour.ca\/fr\/soutien\/soutienalamaison\/activites-familiales-amusantes\/#breadcrumb","itemListElement":[{"@type":"ListItem","position":1,"name":"Home","item":"https:\/\/www.braintumour.ca\/fr\/"},{"@type":"ListItem","position":2,"name":"Soins et soutien","item":"https:\/\/www.braintumour.ca\/fr\/soutien\/"},{"@type":"ListItem","position":3,"name":"Soutien \u00e0 la maison","item":"https:\/\/www.braintumour.ca\/fr\/soutien\/soutienalamaison\/"},{"@type":"ListItem","position":4,"name":"Activit\u00e9s familiales amusantes"}]},{"@type":"WebSite","@id":"https:\/\/www.braintumour.ca\/fr\/#website","url":"https:\/\/www.braintumour.ca\/fr\/","name":"Fondation canadienne des tumeurs c\u00e9r\u00e9brales","description":"Notre mission est de venir en aide \u00e0 toutes les personnes touch\u00e9es par une tumeur c\u00e9r\u00e9brale au Canada par le biais de nos programmes d\u2019information, de soutien, d\u2019\u00e9ducation et de recherche.","potentialAction":[{"@type":"SearchAction","target":{"@type":"EntryPoint","urlTemplate":"https:\/\/www.braintumour.ca\/fr\/?s={search_term_string}"},"query-input":{"@type":"PropertyValueSpecification","valueRequired":true,"valueName":"search_term_string"}}],"inLanguage":"fr-CA"}]}},"_links":{"self":[{"href":"https:\/\/www.braintumour.ca\/fr\/wp-json\/wp\/v2\/pages\/4693","targetHints":{"allow":["GET"]}}],"collection":[{"href":"https:\/\/www.braintumour.ca\/fr\/wp-json\/wp\/v2\/pages"}],"about":[{"href":"https:\/\/www.braintumour.ca\/fr\/wp-json\/wp\/v2\/types\/page"}],"author":[{"embeddable":true,"href":"https:\/\/www.braintumour.ca\/fr\/wp-json\/wp\/v2\/users\/6"}],"replies":[{"embeddable":true,"href":"https:\/\/www.braintumour.ca\/fr\/wp-json\/wp\/v2\/comments?post=4693"}],"version-history":[{"count":0,"href":"https:\/\/www.braintumour.ca\/fr\/wp-json\/wp\/v2\/pages\/4693\/revisions"}],"up":[{"embeddable":true,"href":"https:\/\/www.braintumour.ca\/fr\/wp-json\/wp\/v2\/pages\/4340"}],"wp:attachment":[{"href":"https:\/\/www.braintumour.ca\/fr\/wp-json\/wp\/v2\/media?parent=4693"}],"wp:term":[{"taxonomy":"user_type","embeddable":true,"href":"https:\/\/www.braintumour.ca\/fr\/wp-json\/wp\/v2\/user_type?post=4693"}],"curies":[{"name":"wp","href":"https:\/\/api.w.org\/{rel}","templated":true}]}}