{"id":5191,"date":"2020-07-15T14:54:21","date_gmt":"2020-07-15T18:54:21","guid":{"rendered":"https:\/\/www.braintumour.ca\/?page_id=5191"},"modified":"2022-03-09T14:04:18","modified_gmt":"2022-03-09T19:04:18","slug":"27-visages","status":"publish","type":"page","link":"https:\/\/www.braintumour.ca\/fr\/27-visages\/","title":{"rendered":"27 visages"},"content":{"rendered":"","protected":false},"excerpt":{"rendered":"","protected":false},"author":6,"featured_media":5214,"parent":0,"menu_order":3,"comment_status":"closed","ping_status":"closed","template":"","meta":{"_acf_changed":false,"footnotes":""},"user_type":[],"class_list":["post-5191","page","type-page","status-publish","has-post-thumbnail","hentry"],"acf":[],"yoast_head":"<!-- This site is optimized with the Yoast SEO Premium plugin v27.0 (Yoast SEO v27.0) - https:\/\/yoast.com\/product\/yoast-seo-premium-wordpress\/ -->\n<title>27 visages - Fondation canadienne des tumeurs c\u00e9r\u00e9brales<\/title>\n<meta name=\"description\" content=\"Pourquoi moi? Le probl\u00e8me avec les tumeurs c\u00e9r\u00e9brales c\u2019est qu\u2019elles ne discriminent pas. N&#039;importe qui, n&#039;importe o\u00f9 et \u00e0 n\u2019importe quel moment peut entendre les mots \u00ab vous avez une tumeur c\u00e9r\u00e9brale \u00bb.\" \/>\n<meta name=\"robots\" content=\"index, follow, max-snippet:-1, max-image-preview:large, max-video-preview:-1\" \/>\n<link rel=\"canonical\" href=\"https:\/\/www.braintumour.ca\/fr\/27-visages\/\" \/>\n<meta property=\"og:locale\" content=\"fr_CA\" \/>\n<meta property=\"og:type\" content=\"article\" \/>\n<meta property=\"og:title\" content=\"27 visages\" \/>\n<meta property=\"og:description\" content=\"Pourquoi moi? Le probl\u00e8me avec les tumeurs c\u00e9r\u00e9brales c\u2019est qu\u2019elles ne discriminent pas. N&#039;importe qui, n&#039;importe o\u00f9 et \u00e0 n\u2019importe quel moment peut entendre les mots \u00ab vous avez une tumeur c\u00e9r\u00e9brale \u00bb.\" \/>\n<meta property=\"og:url\" content=\"https:\/\/www.braintumour.ca\/fr\/27-visages\/\" \/>\n<meta property=\"og:site_name\" content=\"Fondation canadienne des tumeurs c\u00e9r\u00e9brales\" \/>\n<meta property=\"article:modified_time\" content=\"2022-03-09T19:04:18+00:00\" \/>\n<meta property=\"og:image\" content=\"https:\/\/www.braintumour.ca\/wp-content\/uploads\/2020\/07\/TR-Wrapper-FR.jpg\" \/>\n\t<meta property=\"og:image:width\" content=\"2000\" \/>\n\t<meta property=\"og:image:height\" content=\"600\" \/>\n\t<meta property=\"og:image:type\" content=\"image\/jpeg\" \/>\n<meta name=\"twitter:card\" content=\"summary_large_image\" \/>\n<script type=\"application\/ld+json\" class=\"yoast-schema-graph\">{\"@context\":\"https:\/\/schema.org\",\"@graph\":[{\"@type\":\"WebPage\",\"@id\":\"https:\/\/www.braintumour.ca\/fr\/27-visages\/\",\"url\":\"https:\/\/www.braintumour.ca\/fr\/27-visages\/\",\"name\":\"27 visages - Fondation canadienne des tumeurs c\u00e9r\u00e9brales\",\"isPartOf\":{\"@id\":\"https:\/\/www.braintumour.ca\/fr\/#website\"},\"primaryImageOfPage\":{\"@id\":\"https:\/\/www.braintumour.ca\/fr\/27-visages\/#primaryimage\"},\"image\":{\"@id\":\"https:\/\/www.braintumour.ca\/fr\/27-visages\/#primaryimage\"},\"thumbnailUrl\":\"https:\/\/www.braintumour.ca\/wp-content\/uploads\/2020\/07\/TR-Wrapper-FR.jpg\",\"datePublished\":\"2020-07-15T18:54:21+00:00\",\"dateModified\":\"2022-03-09T19:04:18+00:00\",\"description\":\"Pourquoi moi? Le probl\u00e8me avec les tumeurs c\u00e9r\u00e9brales c\u2019est qu\u2019elles ne discriminent pas. N'importe qui, n'importe o\u00f9 et \u00e0 n\u2019importe quel moment peut entendre les mots \u00ab vous avez une tumeur c\u00e9r\u00e9brale \u00bb.\",\"breadcrumb\":{\"@id\":\"https:\/\/www.braintumour.ca\/fr\/27-visages\/#breadcrumb\"},\"inLanguage\":\"fr-CA\",\"potentialAction\":[{\"@type\":\"ReadAction\",\"target\":[\"https:\/\/www.braintumour.ca\/fr\/27-visages\/\"]}]},{\"@type\":\"ImageObject\",\"inLanguage\":\"fr-CA\",\"@id\":\"https:\/\/www.braintumour.ca\/fr\/27-visages\/#primaryimage\",\"url\":\"https:\/\/www.braintumour.ca\/wp-content\/uploads\/2020\/07\/TR-Wrapper-FR.jpg\",\"contentUrl\":\"https:\/\/www.braintumour.ca\/wp-content\/uploads\/2020\/07\/TR-Wrapper-FR.jpg\",\"width\":2000,\"height\":600},{\"@type\":\"BreadcrumbList\",\"@id\":\"https:\/\/www.braintumour.ca\/fr\/27-visages\/#breadcrumb\",\"itemListElement\":[{\"@type\":\"ListItem\",\"position\":1,\"name\":\"Home\",\"item\":\"https:\/\/www.braintumour.ca\/fr\/\"},{\"@type\":\"ListItem\",\"position\":2,\"name\":\"27 visages\"}]},{\"@type\":\"WebSite\",\"@id\":\"https:\/\/www.braintumour.ca\/fr\/#website\",\"url\":\"https:\/\/www.braintumour.ca\/fr\/\",\"name\":\"Fondation canadienne des tumeurs c\u00e9r\u00e9brales\",\"description\":\"Notre mission est de venir en aide \u00e0 toutes les personnes touch\u00e9es par une tumeur c\u00e9r\u00e9brale au Canada par le biais de nos programmes d\u2019information, de soutien, d\u2019\u00e9ducation et de recherche.\",\"potentialAction\":[{\"@type\":\"SearchAction\",\"target\":{\"@type\":\"EntryPoint\",\"urlTemplate\":\"https:\/\/www.braintumour.ca\/fr\/?s={search_term_string}\"},\"query-input\":{\"@type\":\"PropertyValueSpecification\",\"valueRequired\":true,\"valueName\":\"search_term_string\"}}],\"inLanguage\":\"fr-CA\"}]}<\/script>\n<!-- \/ Yoast SEO Premium plugin. -->","yoast_head_json":{"title":"27 visages - Fondation canadienne des tumeurs c\u00e9r\u00e9brales","description":"Pourquoi moi? Le probl\u00e8me avec les tumeurs c\u00e9r\u00e9brales c\u2019est qu\u2019elles ne discriminent pas. N'importe qui, n'importe o\u00f9 et \u00e0 n\u2019importe quel moment peut entendre les mots \u00ab vous avez une tumeur c\u00e9r\u00e9brale \u00bb.","robots":{"index":"index","follow":"follow","max-snippet":"max-snippet:-1","max-image-preview":"max-image-preview:large","max-video-preview":"max-video-preview:-1"},"canonical":"https:\/\/www.braintumour.ca\/fr\/27-visages\/","og_locale":"fr_CA","og_type":"article","og_title":"27 visages","og_description":"Pourquoi moi? Le probl\u00e8me avec les tumeurs c\u00e9r\u00e9brales c\u2019est qu\u2019elles ne discriminent pas. N'importe qui, n'importe o\u00f9 et \u00e0 n\u2019importe quel moment peut entendre les mots \u00ab vous avez une tumeur c\u00e9r\u00e9brale \u00bb.","og_url":"https:\/\/www.braintumour.ca\/fr\/27-visages\/","og_site_name":"Fondation canadienne des tumeurs c\u00e9r\u00e9brales","article_modified_time":"2022-03-09T19:04:18+00:00","og_image":[{"width":2000,"height":600,"url":"https:\/\/www.braintumour.ca\/wp-content\/uploads\/2020\/07\/TR-Wrapper-FR.jpg","type":"image\/jpeg"}],"twitter_card":"summary_large_image","schema":{"@context":"https:\/\/schema.org","@graph":[{"@type":"WebPage","@id":"https:\/\/www.braintumour.ca\/fr\/27-visages\/","url":"https:\/\/www.braintumour.ca\/fr\/27-visages\/","name":"27 visages - Fondation canadienne des tumeurs c\u00e9r\u00e9brales","isPartOf":{"@id":"https:\/\/www.braintumour.ca\/fr\/#website"},"primaryImageOfPage":{"@id":"https:\/\/www.braintumour.ca\/fr\/27-visages\/#primaryimage"},"image":{"@id":"https:\/\/www.braintumour.ca\/fr\/27-visages\/#primaryimage"},"thumbnailUrl":"https:\/\/www.braintumour.ca\/wp-content\/uploads\/2020\/07\/TR-Wrapper-FR.jpg","datePublished":"2020-07-15T18:54:21+00:00","dateModified":"2022-03-09T19:04:18+00:00","description":"Pourquoi moi? Le probl\u00e8me avec les tumeurs c\u00e9r\u00e9brales c\u2019est qu\u2019elles ne discriminent pas. N'importe qui, n'importe o\u00f9 et \u00e0 n\u2019importe quel moment peut entendre les mots \u00ab vous avez une tumeur c\u00e9r\u00e9brale \u00bb.","breadcrumb":{"@id":"https:\/\/www.braintumour.ca\/fr\/27-visages\/#breadcrumb"},"inLanguage":"fr-CA","potentialAction":[{"@type":"ReadAction","target":["https:\/\/www.braintumour.ca\/fr\/27-visages\/"]}]},{"@type":"ImageObject","inLanguage":"fr-CA","@id":"https:\/\/www.braintumour.ca\/fr\/27-visages\/#primaryimage","url":"https:\/\/www.braintumour.ca\/wp-content\/uploads\/2020\/07\/TR-Wrapper-FR.jpg","contentUrl":"https:\/\/www.braintumour.ca\/wp-content\/uploads\/2020\/07\/TR-Wrapper-FR.jpg","width":2000,"height":600},{"@type":"BreadcrumbList","@id":"https:\/\/www.braintumour.ca\/fr\/27-visages\/#breadcrumb","itemListElement":[{"@type":"ListItem","position":1,"name":"Home","item":"https:\/\/www.braintumour.ca\/fr\/"},{"@type":"ListItem","position":2,"name":"27 visages"}]},{"@type":"WebSite","@id":"https:\/\/www.braintumour.ca\/fr\/#website","url":"https:\/\/www.braintumour.ca\/fr\/","name":"Fondation canadienne des tumeurs c\u00e9r\u00e9brales","description":"Notre mission est de venir en aide \u00e0 toutes les personnes touch\u00e9es par une tumeur c\u00e9r\u00e9brale au Canada par le biais de nos programmes d\u2019information, de soutien, d\u2019\u00e9ducation et de recherche.","potentialAction":[{"@type":"SearchAction","target":{"@type":"EntryPoint","urlTemplate":"https:\/\/www.braintumour.ca\/fr\/?s={search_term_string}"},"query-input":{"@type":"PropertyValueSpecification","valueRequired":true,"valueName":"search_term_string"}}],"inLanguage":"fr-CA"}]}},"_links":{"self":[{"href":"https:\/\/www.braintumour.ca\/fr\/wp-json\/wp\/v2\/pages\/5191","targetHints":{"allow":["GET"]}}],"collection":[{"href":"https:\/\/www.braintumour.ca\/fr\/wp-json\/wp\/v2\/pages"}],"about":[{"href":"https:\/\/www.braintumour.ca\/fr\/wp-json\/wp\/v2\/types\/page"}],"author":[{"embeddable":true,"href":"https:\/\/www.braintumour.ca\/fr\/wp-json\/wp\/v2\/users\/6"}],"replies":[{"embeddable":true,"href":"https:\/\/www.braintumour.ca\/fr\/wp-json\/wp\/v2\/comments?post=5191"}],"version-history":[{"count":0,"href":"https:\/\/www.braintumour.ca\/fr\/wp-json\/wp\/v2\/pages\/5191\/revisions"}],"wp:featuredmedia":[{"embeddable":true,"href":"https:\/\/www.braintumour.ca\/fr\/wp-json\/wp\/v2\/media\/5214"}],"wp:attachment":[{"href":"https:\/\/www.braintumour.ca\/fr\/wp-json\/wp\/v2\/media?parent=5191"}],"wp:term":[{"taxonomy":"user_type","embeddable":true,"href":"https:\/\/www.braintumour.ca\/fr\/wp-json\/wp\/v2\/user_type?post=5191"}],"curies":[{"name":"wp","href":"https:\/\/api.w.org\/{rel}","templated":true}]}}