{"id":5596,"date":"2020-09-21T16:42:53","date_gmt":"2020-09-21T20:42:53","guid":{"rendered":"https:\/\/www.braintumour.ca\/?page_id=5596"},"modified":"2025-01-27T02:22:48","modified_gmt":"2025-01-27T07:22:48","slug":"divertissement-virtuel","status":"publish","type":"page","link":"https:\/\/www.braintumour.ca\/fr\/divertissement-virtuel\/","title":{"rendered":"Divertissement virtuel"},"content":{"rendered":"<p>Des activit\u00e9s interactives musicales et des concerts en direct de plusieurs artistes locaux \u00e9mergents.<\/p>\n","protected":false},"excerpt":{"rendered":"<p>Des activit\u00e9s interactives musicales et des concerts en direct de plusieurs artistes locaux \u00e9mergents.<\/p>\n","protected":false},"author":4,"featured_media":4259,"parent":0,"menu_order":127,"comment_status":"closed","ping_status":"closed","template":"","meta":{"_acf_changed":false,"footnotes":""},"user_type":[133,132],"class_list":["post-5596","page","type-page","status-publish","has-post-thumbnail","hentry","user_type-patient-fr","user_type-proche-aidant"],"acf":[],"yoast_head":"<!-- This site is optimized with the Yoast SEO Premium plugin v27.0 (Yoast SEO v27.0) - https:\/\/yoast.com\/product\/yoast-seo-premium-wordpress\/ -->\n<title>Divertissement virtuel - Fondation canadienne des tumeurs c\u00e9r\u00e9brales<\/title>\n<meta name=\"description\" content=\"Profitez de performances d\u2019artistes \u00e9mergents et d\u2019une programmation interactive tout en sensibilisant la communaut\u00e9 aux tumeurs c\u00e9r\u00e9brales.\" \/>\n<meta name=\"robots\" content=\"index, follow, max-snippet:-1, max-image-preview:large, max-video-preview:-1\" \/>\n<link rel=\"canonical\" href=\"https:\/\/www.braintumour.ca\/fr\/divertissement-virtuel\/\" \/>\n<meta property=\"og:locale\" content=\"fr_CA\" \/>\n<meta property=\"og:type\" content=\"article\" \/>\n<meta property=\"og:title\" content=\"Divertissement virtuel\" \/>\n<meta property=\"og:description\" content=\"Profitez de performances d\u2019artistes \u00e9mergents et d\u2019une programmation interactive tout en sensibilisant la communaut\u00e9 aux tumeurs c\u00e9r\u00e9brales.\" \/>\n<meta property=\"og:url\" content=\"https:\/\/www.braintumour.ca\/fr\/divertissement-virtuel\/\" \/>\n<meta property=\"og:site_name\" content=\"Fondation canadienne des tumeurs c\u00e9r\u00e9brales\" \/>\n<meta property=\"article:modified_time\" content=\"2025-01-27T07:22:48+00:00\" \/>\n<meta property=\"og:image\" content=\"https:\/\/www.braintumour.ca\/wp-content\/uploads\/2020\/03\/Brain-Music-Website-Header-Option-2-alt-1.jpg\" \/>\n\t<meta property=\"og:image:width\" content=\"10826\" \/>\n\t<meta property=\"og:image:height\" content=\"10826\" \/>\n\t<meta property=\"og:image:type\" content=\"image\/jpeg\" \/>\n<meta name=\"twitter:card\" content=\"summary_large_image\" \/>\n<meta name=\"twitter:label1\" content=\"Estimation du temps de lecture\" \/>\n\t<meta name=\"twitter:data1\" content=\"2 minutes\" \/>\n<script type=\"application\/ld+json\" class=\"yoast-schema-graph\">{\"@context\":\"https:\/\/schema.org\",\"@graph\":[{\"@type\":\"WebPage\",\"@id\":\"https:\/\/www.braintumour.ca\/fr\/divertissement-virtuel\/\",\"url\":\"https:\/\/www.braintumour.ca\/fr\/divertissement-virtuel\/\",\"name\":\"Divertissement virtuel - Fondation canadienne des tumeurs c\u00e9r\u00e9brales\",\"isPartOf\":{\"@id\":\"https:\/\/www.braintumour.ca\/fr\/#website\"},\"primaryImageOfPage\":{\"@id\":\"https:\/\/www.braintumour.ca\/fr\/divertissement-virtuel\/#primaryimage\"},\"image\":{\"@id\":\"https:\/\/www.braintumour.ca\/fr\/divertissement-virtuel\/#primaryimage\"},\"thumbnailUrl\":\"https:\/\/www.braintumour.ca\/wp-content\/uploads\/2020\/03\/Brain-Music-Website-Header-Option-2-alt-1.jpg\",\"datePublished\":\"2020-09-21T20:42:53+00:00\",\"dateModified\":\"2025-01-27T07:22:48+00:00\",\"description\":\"Profitez de performances d\u2019artistes \u00e9mergents et d\u2019une programmation interactive tout en sensibilisant la communaut\u00e9 aux tumeurs c\u00e9r\u00e9brales.\",\"breadcrumb\":{\"@id\":\"https:\/\/www.braintumour.ca\/fr\/divertissement-virtuel\/#breadcrumb\"},\"inLanguage\":\"fr-CA\",\"potentialAction\":[{\"@type\":\"ReadAction\",\"target\":[\"https:\/\/www.braintumour.ca\/fr\/divertissement-virtuel\/\"]}]},{\"@type\":\"ImageObject\",\"inLanguage\":\"fr-CA\",\"@id\":\"https:\/\/www.braintumour.ca\/fr\/divertissement-virtuel\/#primaryimage\",\"url\":\"https:\/\/www.braintumour.ca\/wp-content\/uploads\/2020\/03\/Brain-Music-Website-Header-Option-2-alt-1.jpg\",\"contentUrl\":\"https:\/\/www.braintumour.ca\/wp-content\/uploads\/2020\/03\/Brain-Music-Website-Header-Option-2-alt-1.jpg\",\"width\":10826,\"height\":10826,\"caption\":\"Brain Music\"},{\"@type\":\"BreadcrumbList\",\"@id\":\"https:\/\/www.braintumour.ca\/fr\/divertissement-virtuel\/#breadcrumb\",\"itemListElement\":[{\"@type\":\"ListItem\",\"position\":1,\"name\":\"Home\",\"item\":\"https:\/\/www.braintumour.ca\/fr\/\"},{\"@type\":\"ListItem\",\"position\":2,\"name\":\"Divertissement virtuel\"}]},{\"@type\":\"WebSite\",\"@id\":\"https:\/\/www.braintumour.ca\/fr\/#website\",\"url\":\"https:\/\/www.braintumour.ca\/fr\/\",\"name\":\"Fondation canadienne des tumeurs c\u00e9r\u00e9brales\",\"description\":\"Notre mission est de venir en aide \u00e0 toutes les personnes touch\u00e9es par une tumeur c\u00e9r\u00e9brale au Canada par le biais de nos programmes d\u2019information, de soutien, d\u2019\u00e9ducation et de recherche.\",\"potentialAction\":[{\"@type\":\"SearchAction\",\"target\":{\"@type\":\"EntryPoint\",\"urlTemplate\":\"https:\/\/www.braintumour.ca\/fr\/?s={search_term_string}\"},\"query-input\":{\"@type\":\"PropertyValueSpecification\",\"valueRequired\":true,\"valueName\":\"search_term_string\"}}],\"inLanguage\":\"fr-CA\"}]}<\/script>\n<!-- \/ Yoast SEO Premium plugin. -->","yoast_head_json":{"title":"Divertissement virtuel - Fondation canadienne des tumeurs c\u00e9r\u00e9brales","description":"Profitez de performances d\u2019artistes \u00e9mergents et d\u2019une programmation interactive tout en sensibilisant la communaut\u00e9 aux tumeurs c\u00e9r\u00e9brales.","robots":{"index":"index","follow":"follow","max-snippet":"max-snippet:-1","max-image-preview":"max-image-preview:large","max-video-preview":"max-video-preview:-1"},"canonical":"https:\/\/www.braintumour.ca\/fr\/divertissement-virtuel\/","og_locale":"fr_CA","og_type":"article","og_title":"Divertissement virtuel","og_description":"Profitez de performances d\u2019artistes \u00e9mergents et d\u2019une programmation interactive tout en sensibilisant la communaut\u00e9 aux tumeurs c\u00e9r\u00e9brales.","og_url":"https:\/\/www.braintumour.ca\/fr\/divertissement-virtuel\/","og_site_name":"Fondation canadienne des tumeurs c\u00e9r\u00e9brales","article_modified_time":"2025-01-27T07:22:48+00:00","og_image":[{"width":10826,"height":10826,"url":"https:\/\/www.braintumour.ca\/wp-content\/uploads\/2020\/03\/Brain-Music-Website-Header-Option-2-alt-1.jpg","type":"image\/jpeg"}],"twitter_card":"summary_large_image","twitter_misc":{"Estimation du temps de lecture":"2 minutes"},"schema":{"@context":"https:\/\/schema.org","@graph":[{"@type":"WebPage","@id":"https:\/\/www.braintumour.ca\/fr\/divertissement-virtuel\/","url":"https:\/\/www.braintumour.ca\/fr\/divertissement-virtuel\/","name":"Divertissement virtuel - Fondation canadienne des tumeurs c\u00e9r\u00e9brales","isPartOf":{"@id":"https:\/\/www.braintumour.ca\/fr\/#website"},"primaryImageOfPage":{"@id":"https:\/\/www.braintumour.ca\/fr\/divertissement-virtuel\/#primaryimage"},"image":{"@id":"https:\/\/www.braintumour.ca\/fr\/divertissement-virtuel\/#primaryimage"},"thumbnailUrl":"https:\/\/www.braintumour.ca\/wp-content\/uploads\/2020\/03\/Brain-Music-Website-Header-Option-2-alt-1.jpg","datePublished":"2020-09-21T20:42:53+00:00","dateModified":"2025-01-27T07:22:48+00:00","description":"Profitez de performances d\u2019artistes \u00e9mergents et d\u2019une programmation interactive tout en sensibilisant la communaut\u00e9 aux tumeurs c\u00e9r\u00e9brales.","breadcrumb":{"@id":"https:\/\/www.braintumour.ca\/fr\/divertissement-virtuel\/#breadcrumb"},"inLanguage":"fr-CA","potentialAction":[{"@type":"ReadAction","target":["https:\/\/www.braintumour.ca\/fr\/divertissement-virtuel\/"]}]},{"@type":"ImageObject","inLanguage":"fr-CA","@id":"https:\/\/www.braintumour.ca\/fr\/divertissement-virtuel\/#primaryimage","url":"https:\/\/www.braintumour.ca\/wp-content\/uploads\/2020\/03\/Brain-Music-Website-Header-Option-2-alt-1.jpg","contentUrl":"https:\/\/www.braintumour.ca\/wp-content\/uploads\/2020\/03\/Brain-Music-Website-Header-Option-2-alt-1.jpg","width":10826,"height":10826,"caption":"Brain Music"},{"@type":"BreadcrumbList","@id":"https:\/\/www.braintumour.ca\/fr\/divertissement-virtuel\/#breadcrumb","itemListElement":[{"@type":"ListItem","position":1,"name":"Home","item":"https:\/\/www.braintumour.ca\/fr\/"},{"@type":"ListItem","position":2,"name":"Divertissement virtuel"}]},{"@type":"WebSite","@id":"https:\/\/www.braintumour.ca\/fr\/#website","url":"https:\/\/www.braintumour.ca\/fr\/","name":"Fondation canadienne des tumeurs c\u00e9r\u00e9brales","description":"Notre mission est de venir en aide \u00e0 toutes les personnes touch\u00e9es par une tumeur c\u00e9r\u00e9brale au Canada par le biais de nos programmes d\u2019information, de soutien, d\u2019\u00e9ducation et de recherche.","potentialAction":[{"@type":"SearchAction","target":{"@type":"EntryPoint","urlTemplate":"https:\/\/www.braintumour.ca\/fr\/?s={search_term_string}"},"query-input":{"@type":"PropertyValueSpecification","valueRequired":true,"valueName":"search_term_string"}}],"inLanguage":"fr-CA"}]}},"_links":{"self":[{"href":"https:\/\/www.braintumour.ca\/fr\/wp-json\/wp\/v2\/pages\/5596","targetHints":{"allow":["GET"]}}],"collection":[{"href":"https:\/\/www.braintumour.ca\/fr\/wp-json\/wp\/v2\/pages"}],"about":[{"href":"https:\/\/www.braintumour.ca\/fr\/wp-json\/wp\/v2\/types\/page"}],"author":[{"embeddable":true,"href":"https:\/\/www.braintumour.ca\/fr\/wp-json\/wp\/v2\/users\/4"}],"replies":[{"embeddable":true,"href":"https:\/\/www.braintumour.ca\/fr\/wp-json\/wp\/v2\/comments?post=5596"}],"version-history":[{"count":0,"href":"https:\/\/www.braintumour.ca\/fr\/wp-json\/wp\/v2\/pages\/5596\/revisions"}],"wp:featuredmedia":[{"embeddable":true,"href":"https:\/\/www.braintumour.ca\/fr\/wp-json\/wp\/v2\/media\/4259"}],"wp:attachment":[{"href":"https:\/\/www.braintumour.ca\/fr\/wp-json\/wp\/v2\/media?parent=5596"}],"wp:term":[{"taxonomy":"user_type","embeddable":true,"href":"https:\/\/www.braintumour.ca\/fr\/wp-json\/wp\/v2\/user_type?post=5596"}],"curies":[{"name":"wp","href":"https:\/\/api.w.org\/{rel}","templated":true}]}}