{"id":5598,"date":"2020-09-21T16:43:40","date_gmt":"2020-09-21T20:43:40","guid":{"rendered":"https:\/\/www.braintumour.ca\/?page_id=5598"},"modified":"2022-03-09T14:04:24","modified_gmt":"2022-03-09T19:04:24","slug":"programme-de-soutien-virtuel","status":"publish","type":"page","link":"https:\/\/www.braintumour.ca\/fr\/programme-de-soutien-virtuel\/","title":{"rendered":"Programme de soutien virtuel"},"content":{"rendered":"<p>Notre programme de soutien virtuel permet aux personnes touch\u00e9es par la maladie de rester en contact lorsque les rencontres en personne ne sont pas possibles.<\/p>\n","protected":false},"excerpt":{"rendered":"<p>Notre programme de soutien virtuel permet aux personnes touch\u00e9es par la maladie de rester en contact lorsque les rencontres en [&hellip;]<\/p>\n","protected":false},"author":6,"featured_media":5594,"parent":0,"menu_order":97,"comment_status":"closed","ping_status":"closed","template":"page-templates\/parent--grid.php","meta":{"_acf_changed":false,"footnotes":""},"user_type":[],"class_list":["post-5598","page","type-page","status-publish","has-post-thumbnail","hentry"],"acf":[],"yoast_head":"<!-- This site is optimized with the Yoast SEO Premium plugin v27.0 (Yoast SEO v27.0) - https:\/\/yoast.com\/product\/yoast-seo-premium-wordpress\/ -->\n<title>Programme de soutien virtuel - Fondation canadienne des tumeurs c\u00e9r\u00e9brales<\/title>\n<meta name=\"description\" content=\"M\u00eame si nous devons garder nos distances, nous pouvons rester connect\u00e9s. Le Programme de soutien virtuel de la Fondation canadienne des tumeurs c\u00e9r\u00e9brales permet aux personnes touch\u00e9es par la maladie de rester connect\u00e9es.\" \/>\n<meta name=\"robots\" content=\"index, follow, max-snippet:-1, max-image-preview:large, max-video-preview:-1\" \/>\n<link rel=\"canonical\" href=\"https:\/\/www.braintumour.ca\/fr\/programme-de-soutien-virtuel\/\" \/>\n<meta property=\"og:locale\" content=\"fr_CA\" \/>\n<meta property=\"og:type\" content=\"article\" \/>\n<meta property=\"og:title\" content=\"Programme de soutien virtuel\" \/>\n<meta property=\"og:description\" content=\"M\u00eame si nous devons garder nos distances, nous pouvons rester connect\u00e9s. Le Programme de soutien virtuel de la Fondation canadienne des tumeurs c\u00e9r\u00e9brales permet aux personnes touch\u00e9es par la maladie de rester connect\u00e9es.\" \/>\n<meta property=\"og:url\" content=\"https:\/\/www.braintumour.ca\/fr\/programme-de-soutien-virtuel\/\" \/>\n<meta property=\"og:site_name\" content=\"Fondation canadienne des tumeurs c\u00e9r\u00e9brales\" \/>\n<meta property=\"article:modified_time\" content=\"2022-03-09T19:04:24+00:00\" \/>\n<meta property=\"og:image\" content=\"https:\/\/www.braintumour.ca\/wp-content\/uploads\/2020\/09\/student-849825_1920.jpg\" \/>\n\t<meta property=\"og:image:width\" content=\"1920\" \/>\n\t<meta property=\"og:image:height\" content=\"1280\" \/>\n\t<meta property=\"og:image:type\" content=\"image\/jpeg\" \/>\n<meta name=\"twitter:card\" content=\"summary_large_image\" \/>\n<script type=\"application\/ld+json\" class=\"yoast-schema-graph\">{\"@context\":\"https:\/\/schema.org\",\"@graph\":[{\"@type\":\"WebPage\",\"@id\":\"https:\/\/www.braintumour.ca\/fr\/programme-de-soutien-virtuel\/\",\"url\":\"https:\/\/www.braintumour.ca\/fr\/programme-de-soutien-virtuel\/\",\"name\":\"Programme de soutien virtuel - Fondation canadienne des tumeurs c\u00e9r\u00e9brales\",\"isPartOf\":{\"@id\":\"https:\/\/www.braintumour.ca\/fr\/#website\"},\"primaryImageOfPage\":{\"@id\":\"https:\/\/www.braintumour.ca\/fr\/programme-de-soutien-virtuel\/#primaryimage\"},\"image\":{\"@id\":\"https:\/\/www.braintumour.ca\/fr\/programme-de-soutien-virtuel\/#primaryimage\"},\"thumbnailUrl\":\"https:\/\/www.braintumour.ca\/wp-content\/uploads\/2020\/09\/student-849825_1920.jpg\",\"datePublished\":\"2020-09-21T20:43:40+00:00\",\"dateModified\":\"2022-03-09T19:04:24+00:00\",\"description\":\"M\u00eame si nous devons garder nos distances, nous pouvons rester connect\u00e9s. Le Programme de soutien virtuel de la Fondation canadienne des tumeurs c\u00e9r\u00e9brales permet aux personnes touch\u00e9es par la maladie de rester connect\u00e9es.\",\"breadcrumb\":{\"@id\":\"https:\/\/www.braintumour.ca\/fr\/programme-de-soutien-virtuel\/#breadcrumb\"},\"inLanguage\":\"fr-CA\",\"potentialAction\":[{\"@type\":\"ReadAction\",\"target\":[\"https:\/\/www.braintumour.ca\/fr\/programme-de-soutien-virtuel\/\"]}]},{\"@type\":\"ImageObject\",\"inLanguage\":\"fr-CA\",\"@id\":\"https:\/\/www.braintumour.ca\/fr\/programme-de-soutien-virtuel\/#primaryimage\",\"url\":\"https:\/\/www.braintumour.ca\/wp-content\/uploads\/2020\/09\/student-849825_1920.jpg\",\"contentUrl\":\"https:\/\/www.braintumour.ca\/wp-content\/uploads\/2020\/09\/student-849825_1920.jpg\",\"width\":1920,\"height\":1280,\"caption\":\"Vid\u00e9o en ligne sur les tumeurs c\u00e9r\u00e9brales\"},{\"@type\":\"BreadcrumbList\",\"@id\":\"https:\/\/www.braintumour.ca\/fr\/programme-de-soutien-virtuel\/#breadcrumb\",\"itemListElement\":[{\"@type\":\"ListItem\",\"position\":1,\"name\":\"Home\",\"item\":\"https:\/\/www.braintumour.ca\/fr\/\"},{\"@type\":\"ListItem\",\"position\":2,\"name\":\"Programme de soutien virtuel\"}]},{\"@type\":\"WebSite\",\"@id\":\"https:\/\/www.braintumour.ca\/fr\/#website\",\"url\":\"https:\/\/www.braintumour.ca\/fr\/\",\"name\":\"Fondation canadienne des tumeurs c\u00e9r\u00e9brales\",\"description\":\"Notre mission est de venir en aide \u00e0 toutes les personnes touch\u00e9es par une tumeur c\u00e9r\u00e9brale au Canada par le biais de nos programmes d\u2019information, de soutien, d\u2019\u00e9ducation et de recherche.\",\"potentialAction\":[{\"@type\":\"SearchAction\",\"target\":{\"@type\":\"EntryPoint\",\"urlTemplate\":\"https:\/\/www.braintumour.ca\/fr\/?s={search_term_string}\"},\"query-input\":{\"@type\":\"PropertyValueSpecification\",\"valueRequired\":true,\"valueName\":\"search_term_string\"}}],\"inLanguage\":\"fr-CA\"}]}<\/script>\n<!-- \/ Yoast SEO Premium plugin. -->","yoast_head_json":{"title":"Programme de soutien virtuel - Fondation canadienne des tumeurs c\u00e9r\u00e9brales","description":"M\u00eame si nous devons garder nos distances, nous pouvons rester connect\u00e9s. Le Programme de soutien virtuel de la Fondation canadienne des tumeurs c\u00e9r\u00e9brales permet aux personnes touch\u00e9es par la maladie de rester connect\u00e9es.","robots":{"index":"index","follow":"follow","max-snippet":"max-snippet:-1","max-image-preview":"max-image-preview:large","max-video-preview":"max-video-preview:-1"},"canonical":"https:\/\/www.braintumour.ca\/fr\/programme-de-soutien-virtuel\/","og_locale":"fr_CA","og_type":"article","og_title":"Programme de soutien virtuel","og_description":"M\u00eame si nous devons garder nos distances, nous pouvons rester connect\u00e9s. Le Programme de soutien virtuel de la Fondation canadienne des tumeurs c\u00e9r\u00e9brales permet aux personnes touch\u00e9es par la maladie de rester connect\u00e9es.","og_url":"https:\/\/www.braintumour.ca\/fr\/programme-de-soutien-virtuel\/","og_site_name":"Fondation canadienne des tumeurs c\u00e9r\u00e9brales","article_modified_time":"2022-03-09T19:04:24+00:00","og_image":[{"width":1920,"height":1280,"url":"https:\/\/www.braintumour.ca\/wp-content\/uploads\/2020\/09\/student-849825_1920.jpg","type":"image\/jpeg"}],"twitter_card":"summary_large_image","schema":{"@context":"https:\/\/schema.org","@graph":[{"@type":"WebPage","@id":"https:\/\/www.braintumour.ca\/fr\/programme-de-soutien-virtuel\/","url":"https:\/\/www.braintumour.ca\/fr\/programme-de-soutien-virtuel\/","name":"Programme de soutien virtuel - Fondation canadienne des tumeurs c\u00e9r\u00e9brales","isPartOf":{"@id":"https:\/\/www.braintumour.ca\/fr\/#website"},"primaryImageOfPage":{"@id":"https:\/\/www.braintumour.ca\/fr\/programme-de-soutien-virtuel\/#primaryimage"},"image":{"@id":"https:\/\/www.braintumour.ca\/fr\/programme-de-soutien-virtuel\/#primaryimage"},"thumbnailUrl":"https:\/\/www.braintumour.ca\/wp-content\/uploads\/2020\/09\/student-849825_1920.jpg","datePublished":"2020-09-21T20:43:40+00:00","dateModified":"2022-03-09T19:04:24+00:00","description":"M\u00eame si nous devons garder nos distances, nous pouvons rester connect\u00e9s. Le Programme de soutien virtuel de la Fondation canadienne des tumeurs c\u00e9r\u00e9brales permet aux personnes touch\u00e9es par la maladie de rester connect\u00e9es.","breadcrumb":{"@id":"https:\/\/www.braintumour.ca\/fr\/programme-de-soutien-virtuel\/#breadcrumb"},"inLanguage":"fr-CA","potentialAction":[{"@type":"ReadAction","target":["https:\/\/www.braintumour.ca\/fr\/programme-de-soutien-virtuel\/"]}]},{"@type":"ImageObject","inLanguage":"fr-CA","@id":"https:\/\/www.braintumour.ca\/fr\/programme-de-soutien-virtuel\/#primaryimage","url":"https:\/\/www.braintumour.ca\/wp-content\/uploads\/2020\/09\/student-849825_1920.jpg","contentUrl":"https:\/\/www.braintumour.ca\/wp-content\/uploads\/2020\/09\/student-849825_1920.jpg","width":1920,"height":1280,"caption":"Vid\u00e9o en ligne sur les tumeurs c\u00e9r\u00e9brales"},{"@type":"BreadcrumbList","@id":"https:\/\/www.braintumour.ca\/fr\/programme-de-soutien-virtuel\/#breadcrumb","itemListElement":[{"@type":"ListItem","position":1,"name":"Home","item":"https:\/\/www.braintumour.ca\/fr\/"},{"@type":"ListItem","position":2,"name":"Programme de soutien virtuel"}]},{"@type":"WebSite","@id":"https:\/\/www.braintumour.ca\/fr\/#website","url":"https:\/\/www.braintumour.ca\/fr\/","name":"Fondation canadienne des tumeurs c\u00e9r\u00e9brales","description":"Notre mission est de venir en aide \u00e0 toutes les personnes touch\u00e9es par une tumeur c\u00e9r\u00e9brale au Canada par le biais de nos programmes d\u2019information, de soutien, d\u2019\u00e9ducation et de recherche.","potentialAction":[{"@type":"SearchAction","target":{"@type":"EntryPoint","urlTemplate":"https:\/\/www.braintumour.ca\/fr\/?s={search_term_string}"},"query-input":{"@type":"PropertyValueSpecification","valueRequired":true,"valueName":"search_term_string"}}],"inLanguage":"fr-CA"}]}},"_links":{"self":[{"href":"https:\/\/www.braintumour.ca\/fr\/wp-json\/wp\/v2\/pages\/5598","targetHints":{"allow":["GET"]}}],"collection":[{"href":"https:\/\/www.braintumour.ca\/fr\/wp-json\/wp\/v2\/pages"}],"about":[{"href":"https:\/\/www.braintumour.ca\/fr\/wp-json\/wp\/v2\/types\/page"}],"author":[{"embeddable":true,"href":"https:\/\/www.braintumour.ca\/fr\/wp-json\/wp\/v2\/users\/6"}],"replies":[{"embeddable":true,"href":"https:\/\/www.braintumour.ca\/fr\/wp-json\/wp\/v2\/comments?post=5598"}],"version-history":[{"count":0,"href":"https:\/\/www.braintumour.ca\/fr\/wp-json\/wp\/v2\/pages\/5598\/revisions"}],"wp:featuredmedia":[{"embeddable":true,"href":"https:\/\/www.braintumour.ca\/fr\/wp-json\/wp\/v2\/media\/5594"}],"wp:attachment":[{"href":"https:\/\/www.braintumour.ca\/fr\/wp-json\/wp\/v2\/media?parent=5598"}],"wp:term":[{"taxonomy":"user_type","embeddable":true,"href":"https:\/\/www.braintumour.ca\/fr\/wp-json\/wp\/v2\/user_type?post=5598"}],"curies":[{"name":"wp","href":"https:\/\/api.w.org\/{rel}","templated":true}]}}