{"id":5809,"date":"2020-10-26T15:48:19","date_gmt":"2020-10-26T19:48:19","guid":{"rendered":"https:\/\/www.braintumour.ca\/?page_id=5809"},"modified":"2020-10-27T17:19:19","modified_gmt":"2020-10-27T21:19:19","slug":"sondages-pour-les-professionnels-de-la-sante","status":"publish","type":"page","link":"https:\/\/www.braintumour.ca\/fr\/professionnels-de-la-sante\/sondages-pour-les-professionnels-de-la-sante\/","title":{"rendered":"Sondages pour les professionnels de la sant\u00e9"},"content":{"rendered":"<p>Ces sondages guideront les efforts de d\u00e9fense des droits des patients et les priorit\u00e9s de la Fondation canadienne des tumeurs c\u00e9r\u00e9brales sur plusieurs sujets qui pr\u00e9occupent les membres de notre communaut\u00e9.<\/p>\n","protected":false},"excerpt":{"rendered":"<p>Ces sondages guideront les efforts de d\u00e9fense des droits des patients et les priorit\u00e9s de la Fondation canadienne des tumeurs [&hellip;]<\/p>\n","protected":false},"author":6,"featured_media":5810,"parent":2645,"menu_order":2,"comment_status":"closed","ping_status":"closed","template":"","meta":{"_acf_changed":false,"footnotes":""},"user_type":[135],"class_list":["post-5809","page","type-page","status-publish","has-post-thumbnail","hentry","user_type-professionnel-de-la-sante"],"acf":[],"yoast_head":"<!-- This site is optimized with the Yoast SEO Premium plugin v27.0 (Yoast SEO v27.0) - https:\/\/yoast.com\/product\/yoast-seo-premium-wordpress\/ -->\n<title>Sondages pour les professionnels de la sant\u00e9 - Fondation canadienne des tumeurs c\u00e9r\u00e9brales<\/title>\n<meta name=\"description\" content=\"Ces sondages guideront nos efforts de plaidoyer et nos priorit\u00e9s tout en garantissant que notre message soit coh\u00e9rent et clair pour le public.\" \/>\n<meta name=\"robots\" content=\"index, follow, max-snippet:-1, max-image-preview:large, max-video-preview:-1\" \/>\n<link rel=\"canonical\" href=\"https:\/\/www.braintumour.ca\/fr\/professionnels-de-la-sante\/sondages-pour-les-professionnels-de-la-sante\/\" \/>\n<meta property=\"og:locale\" content=\"fr_CA\" \/>\n<meta property=\"og:type\" content=\"article\" \/>\n<meta property=\"og:title\" content=\"Sondages pour les professionnels de la sant\u00e9\" \/>\n<meta property=\"og:description\" content=\"Ces sondages guideront nos efforts de plaidoyer et nos priorit\u00e9s tout en garantissant que notre message soit coh\u00e9rent et clair pour le public.\" \/>\n<meta property=\"og:url\" content=\"https:\/\/www.braintumour.ca\/fr\/professionnels-de-la-sante\/sondages-pour-les-professionnels-de-la-sante\/\" \/>\n<meta property=\"og:site_name\" content=\"Fondation canadienne des tumeurs c\u00e9r\u00e9brales\" \/>\n<meta property=\"article:modified_time\" content=\"2020-10-27T21:19:19+00:00\" \/>\n<meta property=\"og:image\" content=\"https:\/\/www.braintumour.ca\/wp-content\/uploads\/2020\/10\/survey-1594962_1920.jpg\" \/>\n\t<meta property=\"og:image:width\" content=\"1920\" \/>\n\t<meta property=\"og:image:height\" content=\"1280\" \/>\n\t<meta property=\"og:image:type\" content=\"image\/jpeg\" \/>\n<meta name=\"twitter:card\" content=\"summary_large_image\" \/>\n<script type=\"application\/ld+json\" class=\"yoast-schema-graph\">{\"@context\":\"https:\/\/schema.org\",\"@graph\":[{\"@type\":\"WebPage\",\"@id\":\"https:\/\/www.braintumour.ca\/fr\/professionnels-de-la-sante\/sondages-pour-les-professionnels-de-la-sante\/\",\"url\":\"https:\/\/www.braintumour.ca\/fr\/professionnels-de-la-sante\/sondages-pour-les-professionnels-de-la-sante\/\",\"name\":\"Sondages pour les professionnels de la sant\u00e9 - Fondation canadienne des tumeurs c\u00e9r\u00e9brales\",\"isPartOf\":{\"@id\":\"https:\/\/www.braintumour.ca\/fr\/#website\"},\"primaryImageOfPage\":{\"@id\":\"https:\/\/www.braintumour.ca\/fr\/professionnels-de-la-sante\/sondages-pour-les-professionnels-de-la-sante\/#primaryimage\"},\"image\":{\"@id\":\"https:\/\/www.braintumour.ca\/fr\/professionnels-de-la-sante\/sondages-pour-les-professionnels-de-la-sante\/#primaryimage\"},\"thumbnailUrl\":\"https:\/\/www.braintumour.ca\/wp-content\/uploads\/2020\/10\/survey-1594962_1920.jpg\",\"datePublished\":\"2020-10-26T19:48:19+00:00\",\"dateModified\":\"2020-10-27T21:19:19+00:00\",\"description\":\"Ces sondages guideront nos efforts de plaidoyer et nos priorit\u00e9s tout en garantissant que notre message soit coh\u00e9rent et clair pour le public.\",\"breadcrumb\":{\"@id\":\"https:\/\/www.braintumour.ca\/fr\/professionnels-de-la-sante\/sondages-pour-les-professionnels-de-la-sante\/#breadcrumb\"},\"inLanguage\":\"fr-CA\",\"potentialAction\":[{\"@type\":\"ReadAction\",\"target\":[\"https:\/\/www.braintumour.ca\/fr\/professionnels-de-la-sante\/sondages-pour-les-professionnels-de-la-sante\/\"]}]},{\"@type\":\"ImageObject\",\"inLanguage\":\"fr-CA\",\"@id\":\"https:\/\/www.braintumour.ca\/fr\/professionnels-de-la-sante\/sondages-pour-les-professionnels-de-la-sante\/#primaryimage\",\"url\":\"https:\/\/www.braintumour.ca\/wp-content\/uploads\/2020\/10\/survey-1594962_1920.jpg\",\"contentUrl\":\"https:\/\/www.braintumour.ca\/wp-content\/uploads\/2020\/10\/survey-1594962_1920.jpg\",\"width\":1920,\"height\":1280,\"caption\":\"Sondage - Fondation canadienne des tumeurs c\u00e9r\u00e9brales\"},{\"@type\":\"BreadcrumbList\",\"@id\":\"https:\/\/www.braintumour.ca\/fr\/professionnels-de-la-sante\/sondages-pour-les-professionnels-de-la-sante\/#breadcrumb\",\"itemListElement\":[{\"@type\":\"ListItem\",\"position\":1,\"name\":\"Home\",\"item\":\"https:\/\/www.braintumour.ca\/fr\/\"},{\"@type\":\"ListItem\",\"position\":2,\"name\":\"Professionnels de la sant\u00e9\",\"item\":\"https:\/\/www.braintumour.ca\/fr\/professionnels-de-la-sante\/\"},{\"@type\":\"ListItem\",\"position\":3,\"name\":\"Sondages pour les professionnels de la sant\u00e9\"}]},{\"@type\":\"WebSite\",\"@id\":\"https:\/\/www.braintumour.ca\/fr\/#website\",\"url\":\"https:\/\/www.braintumour.ca\/fr\/\",\"name\":\"Fondation canadienne des tumeurs c\u00e9r\u00e9brales\",\"description\":\"Notre mission est de venir en aide \u00e0 toutes les personnes touch\u00e9es par une tumeur c\u00e9r\u00e9brale au Canada par le biais de nos programmes d\u2019information, de soutien, d\u2019\u00e9ducation et de recherche.\",\"potentialAction\":[{\"@type\":\"SearchAction\",\"target\":{\"@type\":\"EntryPoint\",\"urlTemplate\":\"https:\/\/www.braintumour.ca\/fr\/?s={search_term_string}\"},\"query-input\":{\"@type\":\"PropertyValueSpecification\",\"valueRequired\":true,\"valueName\":\"search_term_string\"}}],\"inLanguage\":\"fr-CA\"}]}<\/script>\n<!-- \/ Yoast SEO Premium plugin. -->","yoast_head_json":{"title":"Sondages pour les professionnels de la sant\u00e9 - Fondation canadienne des tumeurs c\u00e9r\u00e9brales","description":"Ces sondages guideront nos efforts de plaidoyer et nos priorit\u00e9s tout en garantissant que notre message soit coh\u00e9rent et clair pour le public.","robots":{"index":"index","follow":"follow","max-snippet":"max-snippet:-1","max-image-preview":"max-image-preview:large","max-video-preview":"max-video-preview:-1"},"canonical":"https:\/\/www.braintumour.ca\/fr\/professionnels-de-la-sante\/sondages-pour-les-professionnels-de-la-sante\/","og_locale":"fr_CA","og_type":"article","og_title":"Sondages pour les professionnels de la sant\u00e9","og_description":"Ces sondages guideront nos efforts de plaidoyer et nos priorit\u00e9s tout en garantissant que notre message soit coh\u00e9rent et clair pour le public.","og_url":"https:\/\/www.braintumour.ca\/fr\/professionnels-de-la-sante\/sondages-pour-les-professionnels-de-la-sante\/","og_site_name":"Fondation canadienne des tumeurs c\u00e9r\u00e9brales","article_modified_time":"2020-10-27T21:19:19+00:00","og_image":[{"width":1920,"height":1280,"url":"https:\/\/www.braintumour.ca\/wp-content\/uploads\/2020\/10\/survey-1594962_1920.jpg","type":"image\/jpeg"}],"twitter_card":"summary_large_image","schema":{"@context":"https:\/\/schema.org","@graph":[{"@type":"WebPage","@id":"https:\/\/www.braintumour.ca\/fr\/professionnels-de-la-sante\/sondages-pour-les-professionnels-de-la-sante\/","url":"https:\/\/www.braintumour.ca\/fr\/professionnels-de-la-sante\/sondages-pour-les-professionnels-de-la-sante\/","name":"Sondages pour les professionnels de la sant\u00e9 - Fondation canadienne des tumeurs c\u00e9r\u00e9brales","isPartOf":{"@id":"https:\/\/www.braintumour.ca\/fr\/#website"},"primaryImageOfPage":{"@id":"https:\/\/www.braintumour.ca\/fr\/professionnels-de-la-sante\/sondages-pour-les-professionnels-de-la-sante\/#primaryimage"},"image":{"@id":"https:\/\/www.braintumour.ca\/fr\/professionnels-de-la-sante\/sondages-pour-les-professionnels-de-la-sante\/#primaryimage"},"thumbnailUrl":"https:\/\/www.braintumour.ca\/wp-content\/uploads\/2020\/10\/survey-1594962_1920.jpg","datePublished":"2020-10-26T19:48:19+00:00","dateModified":"2020-10-27T21:19:19+00:00","description":"Ces sondages guideront nos efforts de plaidoyer et nos priorit\u00e9s tout en garantissant que notre message soit coh\u00e9rent et clair pour le public.","breadcrumb":{"@id":"https:\/\/www.braintumour.ca\/fr\/professionnels-de-la-sante\/sondages-pour-les-professionnels-de-la-sante\/#breadcrumb"},"inLanguage":"fr-CA","potentialAction":[{"@type":"ReadAction","target":["https:\/\/www.braintumour.ca\/fr\/professionnels-de-la-sante\/sondages-pour-les-professionnels-de-la-sante\/"]}]},{"@type":"ImageObject","inLanguage":"fr-CA","@id":"https:\/\/www.braintumour.ca\/fr\/professionnels-de-la-sante\/sondages-pour-les-professionnels-de-la-sante\/#primaryimage","url":"https:\/\/www.braintumour.ca\/wp-content\/uploads\/2020\/10\/survey-1594962_1920.jpg","contentUrl":"https:\/\/www.braintumour.ca\/wp-content\/uploads\/2020\/10\/survey-1594962_1920.jpg","width":1920,"height":1280,"caption":"Sondage - Fondation canadienne des tumeurs c\u00e9r\u00e9brales"},{"@type":"BreadcrumbList","@id":"https:\/\/www.braintumour.ca\/fr\/professionnels-de-la-sante\/sondages-pour-les-professionnels-de-la-sante\/#breadcrumb","itemListElement":[{"@type":"ListItem","position":1,"name":"Home","item":"https:\/\/www.braintumour.ca\/fr\/"},{"@type":"ListItem","position":2,"name":"Professionnels de la sant\u00e9","item":"https:\/\/www.braintumour.ca\/fr\/professionnels-de-la-sante\/"},{"@type":"ListItem","position":3,"name":"Sondages pour les professionnels de la sant\u00e9"}]},{"@type":"WebSite","@id":"https:\/\/www.braintumour.ca\/fr\/#website","url":"https:\/\/www.braintumour.ca\/fr\/","name":"Fondation canadienne des tumeurs c\u00e9r\u00e9brales","description":"Notre mission est de venir en aide \u00e0 toutes les personnes touch\u00e9es par une tumeur c\u00e9r\u00e9brale au Canada par le biais de nos programmes d\u2019information, de soutien, d\u2019\u00e9ducation et de recherche.","potentialAction":[{"@type":"SearchAction","target":{"@type":"EntryPoint","urlTemplate":"https:\/\/www.braintumour.ca\/fr\/?s={search_term_string}"},"query-input":{"@type":"PropertyValueSpecification","valueRequired":true,"valueName":"search_term_string"}}],"inLanguage":"fr-CA"}]}},"_links":{"self":[{"href":"https:\/\/www.braintumour.ca\/fr\/wp-json\/wp\/v2\/pages\/5809","targetHints":{"allow":["GET"]}}],"collection":[{"href":"https:\/\/www.braintumour.ca\/fr\/wp-json\/wp\/v2\/pages"}],"about":[{"href":"https:\/\/www.braintumour.ca\/fr\/wp-json\/wp\/v2\/types\/page"}],"author":[{"embeddable":true,"href":"https:\/\/www.braintumour.ca\/fr\/wp-json\/wp\/v2\/users\/6"}],"replies":[{"embeddable":true,"href":"https:\/\/www.braintumour.ca\/fr\/wp-json\/wp\/v2\/comments?post=5809"}],"version-history":[{"count":0,"href":"https:\/\/www.braintumour.ca\/fr\/wp-json\/wp\/v2\/pages\/5809\/revisions"}],"up":[{"embeddable":true,"href":"https:\/\/www.braintumour.ca\/fr\/wp-json\/wp\/v2\/pages\/2645"}],"wp:featuredmedia":[{"embeddable":true,"href":"https:\/\/www.braintumour.ca\/fr\/wp-json\/wp\/v2\/media\/5810"}],"wp:attachment":[{"href":"https:\/\/www.braintumour.ca\/fr\/wp-json\/wp\/v2\/media?parent=5809"}],"wp:term":[{"taxonomy":"user_type","embeddable":true,"href":"https:\/\/www.braintumour.ca\/fr\/wp-json\/wp\/v2\/user_type?post=5809"}],"curies":[{"name":"wp","href":"https:\/\/api.w.org\/{rel}","templated":true}]}}