{"id":6263,"date":"2020-11-18T15:33:59","date_gmt":"2020-11-18T20:33:59","guid":{"rendered":"https:\/\/www.braintumour.ca\/william-donald-nash-brain-tumour-research-fellowship-donation-form\/"},"modified":"2022-03-09T14:04:19","modified_gmt":"2022-03-09T19:04:19","slug":"bourse-de-recherche-sur-les-tumeurs-cerebrales-william-donald-nash","status":"publish","type":"page","link":"https:\/\/www.braintumour.ca\/fr\/bourse-de-recherche-sur-les-tumeurs-cerebrales-william-donald-nash\/","title":{"rendered":"Bourse de recherche sur les tumeurs c\u00e9r\u00e9brales William Donald Nash"},"content":{"rendered":"","protected":false},"excerpt":{"rendered":"","protected":false},"author":4,"featured_media":1106,"parent":0,"menu_order":136,"comment_status":"closed","ping_status":"closed","template":"","meta":{"_acf_changed":false,"footnotes":""},"user_type":[],"class_list":["post-6263","page","type-page","status-publish","has-post-thumbnail","hentry"],"acf":[],"yoast_head":"<!-- This site is optimized with the Yoast SEO Premium plugin v27.0 (Yoast SEO v27.0) - https:\/\/yoast.com\/product\/yoast-seo-premium-wordpress\/ -->\n<title>Bourse de recherche sur les tumeurs c\u00e9r\u00e9brales William Donald Nash - Fondation canadienne des tumeurs c\u00e9r\u00e9brales<\/title>\n<meta name=\"robots\" content=\"noindex, nofollow\" \/>\n<meta property=\"og:locale\" content=\"fr_CA\" \/>\n<meta property=\"og:type\" content=\"article\" \/>\n<meta property=\"og:title\" content=\"Bourse de recherche sur les tumeurs c\u00e9r\u00e9brales William Donald Nash\" \/>\n<meta property=\"og:url\" content=\"https:\/\/www.braintumour.ca\/fr\/bourse-de-recherche-sur-les-tumeurs-cerebrales-william-donald-nash\/\" \/>\n<meta property=\"og:site_name\" content=\"Fondation canadienne des tumeurs c\u00e9r\u00e9brales\" \/>\n<meta property=\"article:modified_time\" content=\"2022-03-09T19:04:19+00:00\" \/>\n<meta property=\"og:image\" content=\"https:\/\/www.braintumour.ca\/wp-content\/uploads\/2019\/09\/heart-1776746_640.jpg\" \/>\n\t<meta property=\"og:image:width\" content=\"640\" \/>\n\t<meta property=\"og:image:height\" content=\"445\" \/>\n\t<meta property=\"og:image:type\" content=\"image\/jpeg\" \/>\n<meta name=\"twitter:card\" content=\"summary_large_image\" \/>\n<script type=\"application\/ld+json\" class=\"yoast-schema-graph\">{\"@context\":\"https:\/\/schema.org\",\"@graph\":[{\"@type\":\"WebPage\",\"@id\":\"https:\/\/www.braintumour.ca\/fr\/bourse-de-recherche-sur-les-tumeurs-cerebrales-william-donald-nash\/\",\"url\":\"https:\/\/www.braintumour.ca\/fr\/bourse-de-recherche-sur-les-tumeurs-cerebrales-william-donald-nash\/\",\"name\":\"Bourse de recherche sur les tumeurs c\u00e9r\u00e9brales William Donald Nash - Fondation canadienne des tumeurs c\u00e9r\u00e9brales\",\"isPartOf\":{\"@id\":\"https:\/\/www.braintumour.ca\/fr\/#website\"},\"primaryImageOfPage\":{\"@id\":\"https:\/\/www.braintumour.ca\/fr\/bourse-de-recherche-sur-les-tumeurs-cerebrales-william-donald-nash\/#primaryimage\"},\"image\":{\"@id\":\"https:\/\/www.braintumour.ca\/fr\/bourse-de-recherche-sur-les-tumeurs-cerebrales-william-donald-nash\/#primaryimage\"},\"thumbnailUrl\":\"https:\/\/www.braintumour.ca\/wp-content\/uploads\/2019\/09\/heart-1776746_640.jpg\",\"datePublished\":\"2020-11-18T20:33:59+00:00\",\"dateModified\":\"2022-03-09T19:04:19+00:00\",\"breadcrumb\":{\"@id\":\"https:\/\/www.braintumour.ca\/fr\/bourse-de-recherche-sur-les-tumeurs-cerebrales-william-donald-nash\/#breadcrumb\"},\"inLanguage\":\"fr-CA\",\"potentialAction\":[{\"@type\":\"ReadAction\",\"target\":[\"https:\/\/www.braintumour.ca\/fr\/bourse-de-recherche-sur-les-tumeurs-cerebrales-william-donald-nash\/\"]}]},{\"@type\":\"ImageObject\",\"inLanguage\":\"fr-CA\",\"@id\":\"https:\/\/www.braintumour.ca\/fr\/bourse-de-recherche-sur-les-tumeurs-cerebrales-william-donald-nash\/#primaryimage\",\"url\":\"https:\/\/www.braintumour.ca\/wp-content\/uploads\/2019\/09\/heart-1776746_640.jpg\",\"contentUrl\":\"https:\/\/www.braintumour.ca\/wp-content\/uploads\/2019\/09\/heart-1776746_640.jpg\",\"width\":640,\"height\":445},{\"@type\":\"BreadcrumbList\",\"@id\":\"https:\/\/www.braintumour.ca\/fr\/bourse-de-recherche-sur-les-tumeurs-cerebrales-william-donald-nash\/#breadcrumb\",\"itemListElement\":[{\"@type\":\"ListItem\",\"position\":1,\"name\":\"Home\",\"item\":\"https:\/\/www.braintumour.ca\/fr\/\"},{\"@type\":\"ListItem\",\"position\":2,\"name\":\"Bourse de recherche sur les tumeurs c\u00e9r\u00e9brales William Donald Nash\"}]},{\"@type\":\"WebSite\",\"@id\":\"https:\/\/www.braintumour.ca\/fr\/#website\",\"url\":\"https:\/\/www.braintumour.ca\/fr\/\",\"name\":\"Fondation canadienne des tumeurs c\u00e9r\u00e9brales\",\"description\":\"Notre mission est de venir en aide \u00e0 toutes les personnes touch\u00e9es par une tumeur c\u00e9r\u00e9brale au Canada par le biais de nos programmes d\u2019information, de soutien, d\u2019\u00e9ducation et de recherche.\",\"potentialAction\":[{\"@type\":\"SearchAction\",\"target\":{\"@type\":\"EntryPoint\",\"urlTemplate\":\"https:\/\/www.braintumour.ca\/fr\/?s={search_term_string}\"},\"query-input\":{\"@type\":\"PropertyValueSpecification\",\"valueRequired\":true,\"valueName\":\"search_term_string\"}}],\"inLanguage\":\"fr-CA\"}]}<\/script>\n<!-- \/ Yoast SEO Premium plugin. -->","yoast_head_json":{"title":"Bourse de recherche sur les tumeurs c\u00e9r\u00e9brales William Donald Nash - Fondation canadienne des tumeurs c\u00e9r\u00e9brales","robots":{"index":"noindex","follow":"nofollow"},"og_locale":"fr_CA","og_type":"article","og_title":"Bourse de recherche sur les tumeurs c\u00e9r\u00e9brales William Donald Nash","og_url":"https:\/\/www.braintumour.ca\/fr\/bourse-de-recherche-sur-les-tumeurs-cerebrales-william-donald-nash\/","og_site_name":"Fondation canadienne des tumeurs c\u00e9r\u00e9brales","article_modified_time":"2022-03-09T19:04:19+00:00","og_image":[{"width":640,"height":445,"url":"https:\/\/www.braintumour.ca\/wp-content\/uploads\/2019\/09\/heart-1776746_640.jpg","type":"image\/jpeg"}],"twitter_card":"summary_large_image","schema":{"@context":"https:\/\/schema.org","@graph":[{"@type":"WebPage","@id":"https:\/\/www.braintumour.ca\/fr\/bourse-de-recherche-sur-les-tumeurs-cerebrales-william-donald-nash\/","url":"https:\/\/www.braintumour.ca\/fr\/bourse-de-recherche-sur-les-tumeurs-cerebrales-william-donald-nash\/","name":"Bourse de recherche sur les tumeurs c\u00e9r\u00e9brales William Donald Nash - Fondation canadienne des tumeurs c\u00e9r\u00e9brales","isPartOf":{"@id":"https:\/\/www.braintumour.ca\/fr\/#website"},"primaryImageOfPage":{"@id":"https:\/\/www.braintumour.ca\/fr\/bourse-de-recherche-sur-les-tumeurs-cerebrales-william-donald-nash\/#primaryimage"},"image":{"@id":"https:\/\/www.braintumour.ca\/fr\/bourse-de-recherche-sur-les-tumeurs-cerebrales-william-donald-nash\/#primaryimage"},"thumbnailUrl":"https:\/\/www.braintumour.ca\/wp-content\/uploads\/2019\/09\/heart-1776746_640.jpg","datePublished":"2020-11-18T20:33:59+00:00","dateModified":"2022-03-09T19:04:19+00:00","breadcrumb":{"@id":"https:\/\/www.braintumour.ca\/fr\/bourse-de-recherche-sur-les-tumeurs-cerebrales-william-donald-nash\/#breadcrumb"},"inLanguage":"fr-CA","potentialAction":[{"@type":"ReadAction","target":["https:\/\/www.braintumour.ca\/fr\/bourse-de-recherche-sur-les-tumeurs-cerebrales-william-donald-nash\/"]}]},{"@type":"ImageObject","inLanguage":"fr-CA","@id":"https:\/\/www.braintumour.ca\/fr\/bourse-de-recherche-sur-les-tumeurs-cerebrales-william-donald-nash\/#primaryimage","url":"https:\/\/www.braintumour.ca\/wp-content\/uploads\/2019\/09\/heart-1776746_640.jpg","contentUrl":"https:\/\/www.braintumour.ca\/wp-content\/uploads\/2019\/09\/heart-1776746_640.jpg","width":640,"height":445},{"@type":"BreadcrumbList","@id":"https:\/\/www.braintumour.ca\/fr\/bourse-de-recherche-sur-les-tumeurs-cerebrales-william-donald-nash\/#breadcrumb","itemListElement":[{"@type":"ListItem","position":1,"name":"Home","item":"https:\/\/www.braintumour.ca\/fr\/"},{"@type":"ListItem","position":2,"name":"Bourse de recherche sur les tumeurs c\u00e9r\u00e9brales William Donald Nash"}]},{"@type":"WebSite","@id":"https:\/\/www.braintumour.ca\/fr\/#website","url":"https:\/\/www.braintumour.ca\/fr\/","name":"Fondation canadienne des tumeurs c\u00e9r\u00e9brales","description":"Notre mission est de venir en aide \u00e0 toutes les personnes touch\u00e9es par une tumeur c\u00e9r\u00e9brale au Canada par le biais de nos programmes d\u2019information, de soutien, d\u2019\u00e9ducation et de recherche.","potentialAction":[{"@type":"SearchAction","target":{"@type":"EntryPoint","urlTemplate":"https:\/\/www.braintumour.ca\/fr\/?s={search_term_string}"},"query-input":{"@type":"PropertyValueSpecification","valueRequired":true,"valueName":"search_term_string"}}],"inLanguage":"fr-CA"}]}},"_links":{"self":[{"href":"https:\/\/www.braintumour.ca\/fr\/wp-json\/wp\/v2\/pages\/6263","targetHints":{"allow":["GET"]}}],"collection":[{"href":"https:\/\/www.braintumour.ca\/fr\/wp-json\/wp\/v2\/pages"}],"about":[{"href":"https:\/\/www.braintumour.ca\/fr\/wp-json\/wp\/v2\/types\/page"}],"author":[{"embeddable":true,"href":"https:\/\/www.braintumour.ca\/fr\/wp-json\/wp\/v2\/users\/4"}],"replies":[{"embeddable":true,"href":"https:\/\/www.braintumour.ca\/fr\/wp-json\/wp\/v2\/comments?post=6263"}],"version-history":[{"count":0,"href":"https:\/\/www.braintumour.ca\/fr\/wp-json\/wp\/v2\/pages\/6263\/revisions"}],"wp:featuredmedia":[{"embeddable":true,"href":"https:\/\/www.braintumour.ca\/fr\/wp-json\/wp\/v2\/media\/1106"}],"wp:attachment":[{"href":"https:\/\/www.braintumour.ca\/fr\/wp-json\/wp\/v2\/media?parent=6263"}],"wp:term":[{"taxonomy":"user_type","embeddable":true,"href":"https:\/\/www.braintumour.ca\/fr\/wp-json\/wp\/v2\/user_type?post=6263"}],"curies":[{"name":"wp","href":"https:\/\/api.w.org\/{rel}","templated":true}]}}