{"id":6343,"date":"2021-01-07T13:54:45","date_gmt":"2021-01-07T18:54:45","guid":{"rendered":"https:\/\/www.braintumour.ca\/recherche\/brain-tumour-tissue-bank\/"},"modified":"2021-07-07T17:10:30","modified_gmt":"2021-07-07T21:10:30","slug":"banque-de-tissus-tumoraux-cerebraux","status":"publish","type":"page","link":"https:\/\/www.braintumour.ca\/fr\/recherche\/banque-de-tissus-tumoraux-cerebraux\/","title":{"rendered":"Banque de tissus tumoraux c\u00e9r\u00e9braux"},"content":{"rendered":"<p><strong>La banque de tissus de tumeurs c\u00e9r\u00e9brales recueille des \u00e9chantillons de tumeurs c\u00e9r\u00e9brales humaines pour la recherche au Canada et \u00e0 l\u2019\u00e9tranger depuis sa cr\u00e9ation en 1991.\u00a0 <\/strong><\/p>\n<p>Une grande vari\u00e9t\u00e9 de tissus tumoraux c\u00e9r\u00e9braux primaires et secondaires et de tumeurs vert\u00e9brales est disponible pour des \u00e9tudes mol\u00e9culaires, prot\u00e9iques et structurelles.<\/p>\n","protected":false},"excerpt":{"rendered":"<p>La banque de tissus de tumeurs c\u00e9r\u00e9brales recueille des \u00e9chantillons de tumeurs c\u00e9r\u00e9brales humaines pour la recherche au Canada et [&hellip;]<\/p>\n","protected":false},"author":4,"featured_media":6224,"parent":2946,"menu_order":5,"comment_status":"closed","ping_status":"closed","template":"","meta":{"_acf_changed":false,"footnotes":""},"user_type":[134],"class_list":["post-6343","page","type-page","status-publish","has-post-thumbnail","hentry","user_type-chercheur"],"acf":[],"yoast_head":"<!-- This site is optimized with the Yoast SEO Premium plugin v27.0 (Yoast SEO v27.0) - https:\/\/yoast.com\/product\/yoast-seo-premium-wordpress\/ -->\n<title>Banque de tissus tumoraux c\u00e9r\u00e9braux - Fondation canadienne des tumeurs c\u00e9r\u00e9brales<\/title>\n<meta name=\"robots\" content=\"index, follow, max-snippet:-1, max-image-preview:large, max-video-preview:-1\" \/>\n<link rel=\"canonical\" href=\"https:\/\/www.braintumour.ca\/fr\/recherche\/banque-de-tissus-tumoraux-cerebraux\/\" \/>\n<meta property=\"og:locale\" content=\"fr_CA\" \/>\n<meta property=\"og:type\" content=\"article\" \/>\n<meta property=\"og:title\" content=\"Banque de tissus tumoraux c\u00e9r\u00e9braux\" \/>\n<meta property=\"og:description\" content=\"La banque de tissus de tumeurs c\u00e9r\u00e9brales recueille des \u00e9chantillons de tumeurs c\u00e9r\u00e9brales humaines pour la recherche au Canada et [&hellip;]\" \/>\n<meta property=\"og:url\" content=\"https:\/\/www.braintumour.ca\/fr\/recherche\/banque-de-tissus-tumoraux-cerebraux\/\" \/>\n<meta property=\"og:site_name\" content=\"Fondation canadienne des tumeurs c\u00e9r\u00e9brales\" \/>\n<meta property=\"article:modified_time\" content=\"2021-07-07T21:10:30+00:00\" \/>\n<meta property=\"og:image\" content=\"https:\/\/www.braintumour.ca\/wp-content\/uploads\/2021\/01\/TISSUE-BANK4-scaled.jpg\" \/>\n\t<meta property=\"og:image:width\" content=\"2560\" \/>\n\t<meta property=\"og:image:height\" content=\"1707\" \/>\n\t<meta property=\"og:image:type\" content=\"image\/jpeg\" \/>\n<meta name=\"twitter:card\" content=\"summary_large_image\" \/>\n<meta name=\"twitter:label1\" content=\"Estimation du temps de lecture\" \/>\n\t<meta name=\"twitter:data1\" content=\"1 minute\" \/>\n<script type=\"application\/ld+json\" class=\"yoast-schema-graph\">{\"@context\":\"https:\/\/schema.org\",\"@graph\":[{\"@type\":\"WebPage\",\"@id\":\"https:\/\/www.braintumour.ca\/fr\/recherche\/banque-de-tissus-tumoraux-cerebraux\/\",\"url\":\"https:\/\/www.braintumour.ca\/fr\/recherche\/banque-de-tissus-tumoraux-cerebraux\/\",\"name\":\"Banque de tissus tumoraux c\u00e9r\u00e9braux - Fondation canadienne des tumeurs c\u00e9r\u00e9brales\",\"isPartOf\":{\"@id\":\"https:\/\/www.braintumour.ca\/fr\/#website\"},\"primaryImageOfPage\":{\"@id\":\"https:\/\/www.braintumour.ca\/fr\/recherche\/banque-de-tissus-tumoraux-cerebraux\/#primaryimage\"},\"image\":{\"@id\":\"https:\/\/www.braintumour.ca\/fr\/recherche\/banque-de-tissus-tumoraux-cerebraux\/#primaryimage\"},\"thumbnailUrl\":\"https:\/\/www.braintumour.ca\/wp-content\/uploads\/2021\/01\/TISSUE-BANK4-scaled.jpg\",\"datePublished\":\"2021-01-07T18:54:45+00:00\",\"dateModified\":\"2021-07-07T21:10:30+00:00\",\"breadcrumb\":{\"@id\":\"https:\/\/www.braintumour.ca\/fr\/recherche\/banque-de-tissus-tumoraux-cerebraux\/#breadcrumb\"},\"inLanguage\":\"fr-CA\",\"potentialAction\":[{\"@type\":\"ReadAction\",\"target\":[\"https:\/\/www.braintumour.ca\/fr\/recherche\/banque-de-tissus-tumoraux-cerebraux\/\"]}]},{\"@type\":\"ImageObject\",\"inLanguage\":\"fr-CA\",\"@id\":\"https:\/\/www.braintumour.ca\/fr\/recherche\/banque-de-tissus-tumoraux-cerebraux\/#primaryimage\",\"url\":\"https:\/\/www.braintumour.ca\/wp-content\/uploads\/2021\/01\/TISSUE-BANK4-scaled.jpg\",\"contentUrl\":\"https:\/\/www.braintumour.ca\/wp-content\/uploads\/2021\/01\/TISSUE-BANK4-scaled.jpg\",\"width\":2560,\"height\":1707,\"caption\":\"Brain Tumour Tissue Bank\"},{\"@type\":\"BreadcrumbList\",\"@id\":\"https:\/\/www.braintumour.ca\/fr\/recherche\/banque-de-tissus-tumoraux-cerebraux\/#breadcrumb\",\"itemListElement\":[{\"@type\":\"ListItem\",\"position\":1,\"name\":\"Home\",\"item\":\"https:\/\/www.braintumour.ca\/fr\/\"},{\"@type\":\"ListItem\",\"position\":2,\"name\":\"Recherche\",\"item\":\"https:\/\/www.braintumour.ca\/fr\/recherche\/\"},{\"@type\":\"ListItem\",\"position\":3,\"name\":\"Banque de tissus tumoraux c\u00e9r\u00e9braux\"}]},{\"@type\":\"WebSite\",\"@id\":\"https:\/\/www.braintumour.ca\/fr\/#website\",\"url\":\"https:\/\/www.braintumour.ca\/fr\/\",\"name\":\"Fondation canadienne des tumeurs c\u00e9r\u00e9brales\",\"description\":\"Notre mission est de venir en aide \u00e0 toutes les personnes touch\u00e9es par une tumeur c\u00e9r\u00e9brale au Canada par le biais de nos programmes d\u2019information, de soutien, d\u2019\u00e9ducation et de recherche.\",\"potentialAction\":[{\"@type\":\"SearchAction\",\"target\":{\"@type\":\"EntryPoint\",\"urlTemplate\":\"https:\/\/www.braintumour.ca\/fr\/?s={search_term_string}\"},\"query-input\":{\"@type\":\"PropertyValueSpecification\",\"valueRequired\":true,\"valueName\":\"search_term_string\"}}],\"inLanguage\":\"fr-CA\"}]}<\/script>\n<!-- \/ Yoast SEO Premium plugin. -->","yoast_head_json":{"title":"Banque de tissus tumoraux c\u00e9r\u00e9braux - Fondation canadienne des tumeurs c\u00e9r\u00e9brales","robots":{"index":"index","follow":"follow","max-snippet":"max-snippet:-1","max-image-preview":"max-image-preview:large","max-video-preview":"max-video-preview:-1"},"canonical":"https:\/\/www.braintumour.ca\/fr\/recherche\/banque-de-tissus-tumoraux-cerebraux\/","og_locale":"fr_CA","og_type":"article","og_title":"Banque de tissus tumoraux c\u00e9r\u00e9braux","og_description":"La banque de tissus de tumeurs c\u00e9r\u00e9brales recueille des \u00e9chantillons de tumeurs c\u00e9r\u00e9brales humaines pour la recherche au Canada et [&hellip;]","og_url":"https:\/\/www.braintumour.ca\/fr\/recherche\/banque-de-tissus-tumoraux-cerebraux\/","og_site_name":"Fondation canadienne des tumeurs c\u00e9r\u00e9brales","article_modified_time":"2021-07-07T21:10:30+00:00","og_image":[{"width":2560,"height":1707,"url":"https:\/\/www.braintumour.ca\/wp-content\/uploads\/2021\/01\/TISSUE-BANK4-scaled.jpg","type":"image\/jpeg"}],"twitter_card":"summary_large_image","twitter_misc":{"Estimation du temps de lecture":"1 minute"},"schema":{"@context":"https:\/\/schema.org","@graph":[{"@type":"WebPage","@id":"https:\/\/www.braintumour.ca\/fr\/recherche\/banque-de-tissus-tumoraux-cerebraux\/","url":"https:\/\/www.braintumour.ca\/fr\/recherche\/banque-de-tissus-tumoraux-cerebraux\/","name":"Banque de tissus tumoraux c\u00e9r\u00e9braux - Fondation canadienne des tumeurs c\u00e9r\u00e9brales","isPartOf":{"@id":"https:\/\/www.braintumour.ca\/fr\/#website"},"primaryImageOfPage":{"@id":"https:\/\/www.braintumour.ca\/fr\/recherche\/banque-de-tissus-tumoraux-cerebraux\/#primaryimage"},"image":{"@id":"https:\/\/www.braintumour.ca\/fr\/recherche\/banque-de-tissus-tumoraux-cerebraux\/#primaryimage"},"thumbnailUrl":"https:\/\/www.braintumour.ca\/wp-content\/uploads\/2021\/01\/TISSUE-BANK4-scaled.jpg","datePublished":"2021-01-07T18:54:45+00:00","dateModified":"2021-07-07T21:10:30+00:00","breadcrumb":{"@id":"https:\/\/www.braintumour.ca\/fr\/recherche\/banque-de-tissus-tumoraux-cerebraux\/#breadcrumb"},"inLanguage":"fr-CA","potentialAction":[{"@type":"ReadAction","target":["https:\/\/www.braintumour.ca\/fr\/recherche\/banque-de-tissus-tumoraux-cerebraux\/"]}]},{"@type":"ImageObject","inLanguage":"fr-CA","@id":"https:\/\/www.braintumour.ca\/fr\/recherche\/banque-de-tissus-tumoraux-cerebraux\/#primaryimage","url":"https:\/\/www.braintumour.ca\/wp-content\/uploads\/2021\/01\/TISSUE-BANK4-scaled.jpg","contentUrl":"https:\/\/www.braintumour.ca\/wp-content\/uploads\/2021\/01\/TISSUE-BANK4-scaled.jpg","width":2560,"height":1707,"caption":"Brain Tumour Tissue Bank"},{"@type":"BreadcrumbList","@id":"https:\/\/www.braintumour.ca\/fr\/recherche\/banque-de-tissus-tumoraux-cerebraux\/#breadcrumb","itemListElement":[{"@type":"ListItem","position":1,"name":"Home","item":"https:\/\/www.braintumour.ca\/fr\/"},{"@type":"ListItem","position":2,"name":"Recherche","item":"https:\/\/www.braintumour.ca\/fr\/recherche\/"},{"@type":"ListItem","position":3,"name":"Banque de tissus tumoraux c\u00e9r\u00e9braux"}]},{"@type":"WebSite","@id":"https:\/\/www.braintumour.ca\/fr\/#website","url":"https:\/\/www.braintumour.ca\/fr\/","name":"Fondation canadienne des tumeurs c\u00e9r\u00e9brales","description":"Notre mission est de venir en aide \u00e0 toutes les personnes touch\u00e9es par une tumeur c\u00e9r\u00e9brale au Canada par le biais de nos programmes d\u2019information, de soutien, d\u2019\u00e9ducation et de recherche.","potentialAction":[{"@type":"SearchAction","target":{"@type":"EntryPoint","urlTemplate":"https:\/\/www.braintumour.ca\/fr\/?s={search_term_string}"},"query-input":{"@type":"PropertyValueSpecification","valueRequired":true,"valueName":"search_term_string"}}],"inLanguage":"fr-CA"}]}},"_links":{"self":[{"href":"https:\/\/www.braintumour.ca\/fr\/wp-json\/wp\/v2\/pages\/6343","targetHints":{"allow":["GET"]}}],"collection":[{"href":"https:\/\/www.braintumour.ca\/fr\/wp-json\/wp\/v2\/pages"}],"about":[{"href":"https:\/\/www.braintumour.ca\/fr\/wp-json\/wp\/v2\/types\/page"}],"author":[{"embeddable":true,"href":"https:\/\/www.braintumour.ca\/fr\/wp-json\/wp\/v2\/users\/4"}],"replies":[{"embeddable":true,"href":"https:\/\/www.braintumour.ca\/fr\/wp-json\/wp\/v2\/comments?post=6343"}],"version-history":[{"count":0,"href":"https:\/\/www.braintumour.ca\/fr\/wp-json\/wp\/v2\/pages\/6343\/revisions"}],"up":[{"embeddable":true,"href":"https:\/\/www.braintumour.ca\/fr\/wp-json\/wp\/v2\/pages\/2946"}],"wp:featuredmedia":[{"embeddable":true,"href":"https:\/\/www.braintumour.ca\/fr\/wp-json\/wp\/v2\/media\/6224"}],"wp:attachment":[{"href":"https:\/\/www.braintumour.ca\/fr\/wp-json\/wp\/v2\/media?parent=6343"}],"wp:term":[{"taxonomy":"user_type","embeddable":true,"href":"https:\/\/www.braintumour.ca\/fr\/wp-json\/wp\/v2\/user_type?post=6343"}],"curies":[{"name":"wp","href":"https:\/\/api.w.org\/{rel}","templated":true}]}}