{"id":6664,"date":"2021-01-19T15:12:33","date_gmt":"2021-01-19T20:12:33","guid":{"rendered":"https:\/\/www.braintumour.ca\/superkids\/"},"modified":"2022-12-20T08:14:03","modified_gmt":"2022-12-20T13:14:03","slug":"superenfants","status":"publish","type":"page","link":"https:\/\/www.braintumour.ca\/fr\/superenfants\/","title":{"rendered":"SUPERENFANTS"},"content":{"rendered":"","protected":false},"excerpt":{"rendered":"","protected":false},"author":4,"featured_media":8697,"parent":0,"menu_order":115,"comment_status":"closed","ping_status":"closed","template":"page-templates\/parent--grid.php","meta":{"_acf_changed":false,"footnotes":""},"user_type":[457],"class_list":["post-6664","page","type-page","status-publish","has-post-thumbnail","hentry","user_type-enseignant"],"acf":[],"yoast_head":"<!-- This site is optimized with the Yoast SEO Premium plugin v27.0 (Yoast SEO v27.0) - https:\/\/yoast.com\/product\/yoast-seo-premium-wordpress\/ -->\n<title>SUPERENFANTS - Fondation canadienne des tumeurs c\u00e9r\u00e9brales<\/title>\n<meta name=\"description\" content=\"Nos jeunes peuvent devenir des agents de changement. SUPERENFANTS leur permettra de d\u00e9marrer la conversation!\" \/>\n<meta name=\"robots\" content=\"index, follow, max-snippet:-1, max-image-preview:large, max-video-preview:-1\" \/>\n<link rel=\"canonical\" href=\"https:\/\/www.braintumour.ca\/fr\/superenfants\/\" \/>\n<meta property=\"og:locale\" content=\"fr_CA\" \/>\n<meta property=\"og:type\" content=\"article\" \/>\n<meta property=\"og:title\" content=\"SUPERENFANTS\" \/>\n<meta property=\"og:description\" content=\"Nos jeunes peuvent devenir des agents de changement. SUPERENFANTS leur permettra de d\u00e9marrer la conversation!\" \/>\n<meta property=\"og:url\" content=\"https:\/\/www.braintumour.ca\/fr\/superenfants\/\" \/>\n<meta property=\"og:site_name\" content=\"Fondation canadienne des tumeurs c\u00e9r\u00e9brales\" \/>\n<meta property=\"article:modified_time\" content=\"2022-12-20T13:14:03+00:00\" \/>\n<meta property=\"og:image\" content=\"https:\/\/www.braintumour.ca\/wp-content\/uploads\/2022\/03\/Superkids-Updated-Banner-FR.jpg\" \/>\n\t<meta property=\"og:image:width\" content=\"936\" \/>\n\t<meta property=\"og:image:height\" content=\"588\" \/>\n\t<meta property=\"og:image:type\" content=\"image\/jpeg\" \/>\n<meta name=\"twitter:card\" content=\"summary_large_image\" \/>\n<script type=\"application\/ld+json\" class=\"yoast-schema-graph\">{\"@context\":\"https:\/\/schema.org\",\"@graph\":[{\"@type\":\"WebPage\",\"@id\":\"https:\/\/www.braintumour.ca\/fr\/superenfants\/\",\"url\":\"https:\/\/www.braintumour.ca\/fr\/superenfants\/\",\"name\":\"SUPERENFANTS - Fondation canadienne des tumeurs c\u00e9r\u00e9brales\",\"isPartOf\":{\"@id\":\"https:\/\/www.braintumour.ca\/fr\/#website\"},\"primaryImageOfPage\":{\"@id\":\"https:\/\/www.braintumour.ca\/fr\/superenfants\/#primaryimage\"},\"image\":{\"@id\":\"https:\/\/www.braintumour.ca\/fr\/superenfants\/#primaryimage\"},\"thumbnailUrl\":\"https:\/\/www.braintumour.ca\/wp-content\/uploads\/2022\/03\/Superkids-Updated-Banner-FR.jpg\",\"datePublished\":\"2021-01-19T20:12:33+00:00\",\"dateModified\":\"2022-12-20T13:14:03+00:00\",\"description\":\"Nos jeunes peuvent devenir des agents de changement. SUPERENFANTS leur permettra de d\u00e9marrer la conversation!\",\"breadcrumb\":{\"@id\":\"https:\/\/www.braintumour.ca\/fr\/superenfants\/#breadcrumb\"},\"inLanguage\":\"fr-CA\",\"potentialAction\":[{\"@type\":\"ReadAction\",\"target\":[\"https:\/\/www.braintumour.ca\/fr\/superenfants\/\"]}]},{\"@type\":\"ImageObject\",\"inLanguage\":\"fr-CA\",\"@id\":\"https:\/\/www.braintumour.ca\/fr\/superenfants\/#primaryimage\",\"url\":\"https:\/\/www.braintumour.ca\/wp-content\/uploads\/2022\/03\/Superkids-Updated-Banner-FR.jpg\",\"contentUrl\":\"https:\/\/www.braintumour.ca\/wp-content\/uploads\/2022\/03\/Superkids-Updated-Banner-FR.jpg\",\"width\":936,\"height\":588,\"caption\":\"Banner\"},{\"@type\":\"BreadcrumbList\",\"@id\":\"https:\/\/www.braintumour.ca\/fr\/superenfants\/#breadcrumb\",\"itemListElement\":[{\"@type\":\"ListItem\",\"position\":1,\"name\":\"Home\",\"item\":\"https:\/\/www.braintumour.ca\/fr\/\"},{\"@type\":\"ListItem\",\"position\":2,\"name\":\"SUPERENFANTS\"}]},{\"@type\":\"WebSite\",\"@id\":\"https:\/\/www.braintumour.ca\/fr\/#website\",\"url\":\"https:\/\/www.braintumour.ca\/fr\/\",\"name\":\"Fondation canadienne des tumeurs c\u00e9r\u00e9brales\",\"description\":\"Notre mission est de venir en aide \u00e0 toutes les personnes touch\u00e9es par une tumeur c\u00e9r\u00e9brale au Canada par le biais de nos programmes d\u2019information, de soutien, d\u2019\u00e9ducation et de recherche.\",\"potentialAction\":[{\"@type\":\"SearchAction\",\"target\":{\"@type\":\"EntryPoint\",\"urlTemplate\":\"https:\/\/www.braintumour.ca\/fr\/?s={search_term_string}\"},\"query-input\":{\"@type\":\"PropertyValueSpecification\",\"valueRequired\":true,\"valueName\":\"search_term_string\"}}],\"inLanguage\":\"fr-CA\"}]}<\/script>\n<!-- \/ Yoast SEO Premium plugin. -->","yoast_head_json":{"title":"SUPERENFANTS - Fondation canadienne des tumeurs c\u00e9r\u00e9brales","description":"Nos jeunes peuvent devenir des agents de changement. SUPERENFANTS leur permettra de d\u00e9marrer la conversation!","robots":{"index":"index","follow":"follow","max-snippet":"max-snippet:-1","max-image-preview":"max-image-preview:large","max-video-preview":"max-video-preview:-1"},"canonical":"https:\/\/www.braintumour.ca\/fr\/superenfants\/","og_locale":"fr_CA","og_type":"article","og_title":"SUPERENFANTS","og_description":"Nos jeunes peuvent devenir des agents de changement. SUPERENFANTS leur permettra de d\u00e9marrer la conversation!","og_url":"https:\/\/www.braintumour.ca\/fr\/superenfants\/","og_site_name":"Fondation canadienne des tumeurs c\u00e9r\u00e9brales","article_modified_time":"2022-12-20T13:14:03+00:00","og_image":[{"width":936,"height":588,"url":"https:\/\/www.braintumour.ca\/wp-content\/uploads\/2022\/03\/Superkids-Updated-Banner-FR.jpg","type":"image\/jpeg"}],"twitter_card":"summary_large_image","schema":{"@context":"https:\/\/schema.org","@graph":[{"@type":"WebPage","@id":"https:\/\/www.braintumour.ca\/fr\/superenfants\/","url":"https:\/\/www.braintumour.ca\/fr\/superenfants\/","name":"SUPERENFANTS - Fondation canadienne des tumeurs c\u00e9r\u00e9brales","isPartOf":{"@id":"https:\/\/www.braintumour.ca\/fr\/#website"},"primaryImageOfPage":{"@id":"https:\/\/www.braintumour.ca\/fr\/superenfants\/#primaryimage"},"image":{"@id":"https:\/\/www.braintumour.ca\/fr\/superenfants\/#primaryimage"},"thumbnailUrl":"https:\/\/www.braintumour.ca\/wp-content\/uploads\/2022\/03\/Superkids-Updated-Banner-FR.jpg","datePublished":"2021-01-19T20:12:33+00:00","dateModified":"2022-12-20T13:14:03+00:00","description":"Nos jeunes peuvent devenir des agents de changement. SUPERENFANTS leur permettra de d\u00e9marrer la conversation!","breadcrumb":{"@id":"https:\/\/www.braintumour.ca\/fr\/superenfants\/#breadcrumb"},"inLanguage":"fr-CA","potentialAction":[{"@type":"ReadAction","target":["https:\/\/www.braintumour.ca\/fr\/superenfants\/"]}]},{"@type":"ImageObject","inLanguage":"fr-CA","@id":"https:\/\/www.braintumour.ca\/fr\/superenfants\/#primaryimage","url":"https:\/\/www.braintumour.ca\/wp-content\/uploads\/2022\/03\/Superkids-Updated-Banner-FR.jpg","contentUrl":"https:\/\/www.braintumour.ca\/wp-content\/uploads\/2022\/03\/Superkids-Updated-Banner-FR.jpg","width":936,"height":588,"caption":"Banner"},{"@type":"BreadcrumbList","@id":"https:\/\/www.braintumour.ca\/fr\/superenfants\/#breadcrumb","itemListElement":[{"@type":"ListItem","position":1,"name":"Home","item":"https:\/\/www.braintumour.ca\/fr\/"},{"@type":"ListItem","position":2,"name":"SUPERENFANTS"}]},{"@type":"WebSite","@id":"https:\/\/www.braintumour.ca\/fr\/#website","url":"https:\/\/www.braintumour.ca\/fr\/","name":"Fondation canadienne des tumeurs c\u00e9r\u00e9brales","description":"Notre mission est de venir en aide \u00e0 toutes les personnes touch\u00e9es par une tumeur c\u00e9r\u00e9brale au Canada par le biais de nos programmes d\u2019information, de soutien, d\u2019\u00e9ducation et de recherche.","potentialAction":[{"@type":"SearchAction","target":{"@type":"EntryPoint","urlTemplate":"https:\/\/www.braintumour.ca\/fr\/?s={search_term_string}"},"query-input":{"@type":"PropertyValueSpecification","valueRequired":true,"valueName":"search_term_string"}}],"inLanguage":"fr-CA"}]}},"_links":{"self":[{"href":"https:\/\/www.braintumour.ca\/fr\/wp-json\/wp\/v2\/pages\/6664","targetHints":{"allow":["GET"]}}],"collection":[{"href":"https:\/\/www.braintumour.ca\/fr\/wp-json\/wp\/v2\/pages"}],"about":[{"href":"https:\/\/www.braintumour.ca\/fr\/wp-json\/wp\/v2\/types\/page"}],"author":[{"embeddable":true,"href":"https:\/\/www.braintumour.ca\/fr\/wp-json\/wp\/v2\/users\/4"}],"replies":[{"embeddable":true,"href":"https:\/\/www.braintumour.ca\/fr\/wp-json\/wp\/v2\/comments?post=6664"}],"version-history":[{"count":0,"href":"https:\/\/www.braintumour.ca\/fr\/wp-json\/wp\/v2\/pages\/6664\/revisions"}],"wp:featuredmedia":[{"embeddable":true,"href":"https:\/\/www.braintumour.ca\/fr\/wp-json\/wp\/v2\/media\/8697"}],"wp:attachment":[{"href":"https:\/\/www.braintumour.ca\/fr\/wp-json\/wp\/v2\/media?parent=6664"}],"wp:term":[{"taxonomy":"user_type","embeddable":true,"href":"https:\/\/www.braintumour.ca\/fr\/wp-json\/wp\/v2\/user_type?post=6664"}],"curies":[{"name":"wp","href":"https:\/\/api.w.org\/{rel}","templated":true}]}}