{"id":6667,"date":"2021-02-03T14:57:14","date_gmt":"2021-02-03T19:57:14","guid":{"rendered":"https:\/\/www.braintumour.ca\/?page_id=6667"},"modified":"2022-10-06T07:57:30","modified_gmt":"2022-10-06T11:57:30","slug":"primaire-1e-cycle","status":"publish","type":"page","link":"https:\/\/www.braintumour.ca\/fr\/superenfants\/primaire-1e-cycle\/","title":{"rendered":"Primaire &#8211; 1e cycle"},"content":{"rendered":"<p>Maternelle \u00e0 la 3<sup>e <\/sup>ann\u00e9e<\/p>\n","protected":false},"excerpt":{"rendered":"<p>Maternelle \u00e0 la 3e ann\u00e9e<\/p>\n","protected":false},"author":4,"featured_media":8757,"parent":6664,"menu_order":1,"comment_status":"closed","ping_status":"closed","template":"","meta":{"_acf_changed":false,"footnotes":""},"user_type":[],"class_list":["post-6667","page","type-page","status-publish","has-post-thumbnail","hentry"],"acf":[],"yoast_head":"<!-- This site is optimized with the Yoast SEO Premium plugin v27.0 (Yoast SEO v27.0) - https:\/\/yoast.com\/product\/yoast-seo-premium-wordpress\/ -->\n<title>Primaire - 1e cycle - Fondation canadienne des tumeurs c\u00e9r\u00e9brales<\/title>\n<meta name=\"description\" content=\"Plans de cours pour les \u00e9tudiants du 1e cycle du primaire - Maternelle \u00e0 la 3e ann\u00e9e.\" \/>\n<meta name=\"robots\" content=\"index, follow, max-snippet:-1, max-image-preview:large, max-video-preview:-1\" \/>\n<link rel=\"canonical\" href=\"https:\/\/www.braintumour.ca\/fr\/superenfants\/primaire-1e-cycle\/\" \/>\n<meta property=\"og:locale\" content=\"fr_CA\" \/>\n<meta property=\"og:type\" content=\"article\" \/>\n<meta property=\"og:title\" content=\"Primaire - 1e cycle\" \/>\n<meta property=\"og:description\" content=\"Plans de cours pour les \u00e9tudiants du 1e cycle du primaire - Maternelle \u00e0 la 3e ann\u00e9e.\" \/>\n<meta property=\"og:url\" content=\"https:\/\/www.braintumour.ca\/fr\/superenfants\/primaire-1e-cycle\/\" \/>\n<meta property=\"og:site_name\" content=\"Fondation canadienne des tumeurs c\u00e9r\u00e9brales\" \/>\n<meta property=\"article:modified_time\" content=\"2022-10-06T11:57:30+00:00\" \/>\n<meta property=\"og:image\" content=\"https:\/\/www.braintumour.ca\/wp-content\/uploads\/2022\/03\/Grades-K-3-Superkids.png\" \/>\n\t<meta property=\"og:image:width\" content=\"1462\" \/>\n\t<meta property=\"og:image:height\" content=\"971\" \/>\n\t<meta property=\"og:image:type\" content=\"image\/png\" \/>\n<meta name=\"twitter:card\" content=\"summary_large_image\" \/>\n<meta name=\"twitter:label1\" content=\"Estimation du temps de lecture\" \/>\n\t<meta name=\"twitter:data1\" content=\"1 minute\" \/>\n<script type=\"application\/ld+json\" class=\"yoast-schema-graph\">{\"@context\":\"https:\/\/schema.org\",\"@graph\":[{\"@type\":\"WebPage\",\"@id\":\"https:\/\/www.braintumour.ca\/fr\/superenfants\/primaire-1e-cycle\/\",\"url\":\"https:\/\/www.braintumour.ca\/fr\/superenfants\/primaire-1e-cycle\/\",\"name\":\"Primaire - 1e cycle - Fondation canadienne des tumeurs c\u00e9r\u00e9brales\",\"isPartOf\":{\"@id\":\"https:\/\/www.braintumour.ca\/fr\/#website\"},\"primaryImageOfPage\":{\"@id\":\"https:\/\/www.braintumour.ca\/fr\/superenfants\/primaire-1e-cycle\/#primaryimage\"},\"image\":{\"@id\":\"https:\/\/www.braintumour.ca\/fr\/superenfants\/primaire-1e-cycle\/#primaryimage\"},\"thumbnailUrl\":\"https:\/\/www.braintumour.ca\/wp-content\/uploads\/2022\/03\/Grades-K-3-Superkids.png\",\"datePublished\":\"2021-02-03T19:57:14+00:00\",\"dateModified\":\"2022-10-06T11:57:30+00:00\",\"description\":\"Plans de cours pour les \u00e9tudiants du 1e cycle du primaire - Maternelle \u00e0 la 3e ann\u00e9e.\",\"breadcrumb\":{\"@id\":\"https:\/\/www.braintumour.ca\/fr\/superenfants\/primaire-1e-cycle\/#breadcrumb\"},\"inLanguage\":\"fr-CA\",\"potentialAction\":[{\"@type\":\"ReadAction\",\"target\":[\"https:\/\/www.braintumour.ca\/fr\/superenfants\/primaire-1e-cycle\/\"]}]},{\"@type\":\"ImageObject\",\"inLanguage\":\"fr-CA\",\"@id\":\"https:\/\/www.braintumour.ca\/fr\/superenfants\/primaire-1e-cycle\/#primaryimage\",\"url\":\"https:\/\/www.braintumour.ca\/wp-content\/uploads\/2022\/03\/Grades-K-3-Superkids.png\",\"contentUrl\":\"https:\/\/www.braintumour.ca\/wp-content\/uploads\/2022\/03\/Grades-K-3-Superkids.png\",\"width\":1462,\"height\":971},{\"@type\":\"BreadcrumbList\",\"@id\":\"https:\/\/www.braintumour.ca\/fr\/superenfants\/primaire-1e-cycle\/#breadcrumb\",\"itemListElement\":[{\"@type\":\"ListItem\",\"position\":1,\"name\":\"Home\",\"item\":\"https:\/\/www.braintumour.ca\/fr\/\"},{\"@type\":\"ListItem\",\"position\":2,\"name\":\"SUPERENFANTS\",\"item\":\"https:\/\/www.braintumour.ca\/fr\/superenfants\/\"},{\"@type\":\"ListItem\",\"position\":3,\"name\":\"Primaire &#8211; 1e cycle\"}]},{\"@type\":\"WebSite\",\"@id\":\"https:\/\/www.braintumour.ca\/fr\/#website\",\"url\":\"https:\/\/www.braintumour.ca\/fr\/\",\"name\":\"Fondation canadienne des tumeurs c\u00e9r\u00e9brales\",\"description\":\"Notre mission est de venir en aide \u00e0 toutes les personnes touch\u00e9es par une tumeur c\u00e9r\u00e9brale au Canada par le biais de nos programmes d\u2019information, de soutien, d\u2019\u00e9ducation et de recherche.\",\"potentialAction\":[{\"@type\":\"SearchAction\",\"target\":{\"@type\":\"EntryPoint\",\"urlTemplate\":\"https:\/\/www.braintumour.ca\/fr\/?s={search_term_string}\"},\"query-input\":{\"@type\":\"PropertyValueSpecification\",\"valueRequired\":true,\"valueName\":\"search_term_string\"}}],\"inLanguage\":\"fr-CA\"}]}<\/script>\n<!-- \/ Yoast SEO Premium plugin. -->","yoast_head_json":{"title":"Primaire - 1e cycle - Fondation canadienne des tumeurs c\u00e9r\u00e9brales","description":"Plans de cours pour les \u00e9tudiants du 1e cycle du primaire - Maternelle \u00e0 la 3e ann\u00e9e.","robots":{"index":"index","follow":"follow","max-snippet":"max-snippet:-1","max-image-preview":"max-image-preview:large","max-video-preview":"max-video-preview:-1"},"canonical":"https:\/\/www.braintumour.ca\/fr\/superenfants\/primaire-1e-cycle\/","og_locale":"fr_CA","og_type":"article","og_title":"Primaire - 1e cycle","og_description":"Plans de cours pour les \u00e9tudiants du 1e cycle du primaire - Maternelle \u00e0 la 3e ann\u00e9e.","og_url":"https:\/\/www.braintumour.ca\/fr\/superenfants\/primaire-1e-cycle\/","og_site_name":"Fondation canadienne des tumeurs c\u00e9r\u00e9brales","article_modified_time":"2022-10-06T11:57:30+00:00","og_image":[{"width":1462,"height":971,"url":"https:\/\/www.braintumour.ca\/wp-content\/uploads\/2022\/03\/Grades-K-3-Superkids.png","type":"image\/png"}],"twitter_card":"summary_large_image","twitter_misc":{"Estimation du temps de lecture":"1 minute"},"schema":{"@context":"https:\/\/schema.org","@graph":[{"@type":"WebPage","@id":"https:\/\/www.braintumour.ca\/fr\/superenfants\/primaire-1e-cycle\/","url":"https:\/\/www.braintumour.ca\/fr\/superenfants\/primaire-1e-cycle\/","name":"Primaire - 1e cycle - Fondation canadienne des tumeurs c\u00e9r\u00e9brales","isPartOf":{"@id":"https:\/\/www.braintumour.ca\/fr\/#website"},"primaryImageOfPage":{"@id":"https:\/\/www.braintumour.ca\/fr\/superenfants\/primaire-1e-cycle\/#primaryimage"},"image":{"@id":"https:\/\/www.braintumour.ca\/fr\/superenfants\/primaire-1e-cycle\/#primaryimage"},"thumbnailUrl":"https:\/\/www.braintumour.ca\/wp-content\/uploads\/2022\/03\/Grades-K-3-Superkids.png","datePublished":"2021-02-03T19:57:14+00:00","dateModified":"2022-10-06T11:57:30+00:00","description":"Plans de cours pour les \u00e9tudiants du 1e cycle du primaire - Maternelle \u00e0 la 3e ann\u00e9e.","breadcrumb":{"@id":"https:\/\/www.braintumour.ca\/fr\/superenfants\/primaire-1e-cycle\/#breadcrumb"},"inLanguage":"fr-CA","potentialAction":[{"@type":"ReadAction","target":["https:\/\/www.braintumour.ca\/fr\/superenfants\/primaire-1e-cycle\/"]}]},{"@type":"ImageObject","inLanguage":"fr-CA","@id":"https:\/\/www.braintumour.ca\/fr\/superenfants\/primaire-1e-cycle\/#primaryimage","url":"https:\/\/www.braintumour.ca\/wp-content\/uploads\/2022\/03\/Grades-K-3-Superkids.png","contentUrl":"https:\/\/www.braintumour.ca\/wp-content\/uploads\/2022\/03\/Grades-K-3-Superkids.png","width":1462,"height":971},{"@type":"BreadcrumbList","@id":"https:\/\/www.braintumour.ca\/fr\/superenfants\/primaire-1e-cycle\/#breadcrumb","itemListElement":[{"@type":"ListItem","position":1,"name":"Home","item":"https:\/\/www.braintumour.ca\/fr\/"},{"@type":"ListItem","position":2,"name":"SUPERENFANTS","item":"https:\/\/www.braintumour.ca\/fr\/superenfants\/"},{"@type":"ListItem","position":3,"name":"Primaire &#8211; 1e cycle"}]},{"@type":"WebSite","@id":"https:\/\/www.braintumour.ca\/fr\/#website","url":"https:\/\/www.braintumour.ca\/fr\/","name":"Fondation canadienne des tumeurs c\u00e9r\u00e9brales","description":"Notre mission est de venir en aide \u00e0 toutes les personnes touch\u00e9es par une tumeur c\u00e9r\u00e9brale au Canada par le biais de nos programmes d\u2019information, de soutien, d\u2019\u00e9ducation et de recherche.","potentialAction":[{"@type":"SearchAction","target":{"@type":"EntryPoint","urlTemplate":"https:\/\/www.braintumour.ca\/fr\/?s={search_term_string}"},"query-input":{"@type":"PropertyValueSpecification","valueRequired":true,"valueName":"search_term_string"}}],"inLanguage":"fr-CA"}]}},"_links":{"self":[{"href":"https:\/\/www.braintumour.ca\/fr\/wp-json\/wp\/v2\/pages\/6667","targetHints":{"allow":["GET"]}}],"collection":[{"href":"https:\/\/www.braintumour.ca\/fr\/wp-json\/wp\/v2\/pages"}],"about":[{"href":"https:\/\/www.braintumour.ca\/fr\/wp-json\/wp\/v2\/types\/page"}],"author":[{"embeddable":true,"href":"https:\/\/www.braintumour.ca\/fr\/wp-json\/wp\/v2\/users\/4"}],"replies":[{"embeddable":true,"href":"https:\/\/www.braintumour.ca\/fr\/wp-json\/wp\/v2\/comments?post=6667"}],"version-history":[{"count":0,"href":"https:\/\/www.braintumour.ca\/fr\/wp-json\/wp\/v2\/pages\/6667\/revisions"}],"up":[{"embeddable":true,"href":"https:\/\/www.braintumour.ca\/fr\/wp-json\/wp\/v2\/pages\/6664"}],"wp:featuredmedia":[{"embeddable":true,"href":"https:\/\/www.braintumour.ca\/fr\/wp-json\/wp\/v2\/media\/8757"}],"wp:attachment":[{"href":"https:\/\/www.braintumour.ca\/fr\/wp-json\/wp\/v2\/media?parent=6667"}],"wp:term":[{"taxonomy":"user_type","embeddable":true,"href":"https:\/\/www.braintumour.ca\/fr\/wp-json\/wp\/v2\/user_type?post=6667"}],"curies":[{"name":"wp","href":"https:\/\/api.w.org\/{rel}","templated":true}]}}