{"id":6668,"date":"2021-02-25T19:20:06","date_gmt":"2021-02-26T00:20:06","guid":{"rendered":"https:\/\/www.braintumour.ca\/?page_id=6668"},"modified":"2022-10-06T09:31:03","modified_gmt":"2022-10-06T13:31:03","slug":"collegial","status":"publish","type":"page","link":"https:\/\/www.braintumour.ca\/fr\/superenfants\/collegial\/","title":{"rendered":"Coll\u00e9gial"},"content":{"rendered":"","protected":false},"excerpt":{"rendered":"","protected":false},"author":4,"featured_media":8759,"parent":6664,"menu_order":4,"comment_status":"closed","ping_status":"closed","template":"","meta":{"_acf_changed":false,"footnotes":""},"user_type":[],"class_list":["post-6668","page","type-page","status-publish","has-post-thumbnail","hentry"],"acf":[],"yoast_head":"<!-- This site is optimized with the Yoast SEO Premium plugin v27.0 (Yoast SEO v27.0) - https:\/\/yoast.com\/product\/yoast-seo-premium-wordpress\/ -->\n<title>Coll\u00e9gial - Fondation canadienne des tumeurs c\u00e9r\u00e9brales<\/title>\n<meta name=\"description\" content=\"Plans de cours SUPERENFANTS pour les jeunes de niveau coll\u00e9gial.\" \/>\n<meta name=\"robots\" content=\"index, follow, max-snippet:-1, max-image-preview:large, max-video-preview:-1\" \/>\n<link rel=\"canonical\" href=\"https:\/\/www.braintumour.ca\/fr\/superenfants\/collegial\/\" \/>\n<meta property=\"og:locale\" content=\"fr_CA\" \/>\n<meta property=\"og:type\" content=\"article\" \/>\n<meta property=\"og:title\" content=\"Coll\u00e9gial\" \/>\n<meta property=\"og:description\" content=\"Plans de cours SUPERENFANTS pour les jeunes de niveau coll\u00e9gial.\" \/>\n<meta property=\"og:url\" content=\"https:\/\/www.braintumour.ca\/fr\/superenfants\/collegial\/\" \/>\n<meta property=\"og:site_name\" content=\"Fondation canadienne des tumeurs c\u00e9r\u00e9brales\" \/>\n<meta property=\"article:modified_time\" content=\"2022-10-06T13:31:03+00:00\" \/>\n<meta property=\"og:image\" content=\"https:\/\/www.braintumour.ca\/wp-content\/uploads\/2022\/03\/Grades-11-12-Superkids.png\" \/>\n\t<meta property=\"og:image:width\" content=\"1462\" \/>\n\t<meta property=\"og:image:height\" content=\"971\" \/>\n\t<meta property=\"og:image:type\" content=\"image\/png\" \/>\n<meta name=\"twitter:card\" content=\"summary_large_image\" \/>\n<script type=\"application\/ld+json\" class=\"yoast-schema-graph\">{\"@context\":\"https:\/\/schema.org\",\"@graph\":[{\"@type\":\"WebPage\",\"@id\":\"https:\/\/www.braintumour.ca\/fr\/superenfants\/collegial\/\",\"url\":\"https:\/\/www.braintumour.ca\/fr\/superenfants\/collegial\/\",\"name\":\"Coll\u00e9gial - Fondation canadienne des tumeurs c\u00e9r\u00e9brales\",\"isPartOf\":{\"@id\":\"https:\/\/www.braintumour.ca\/fr\/#website\"},\"primaryImageOfPage\":{\"@id\":\"https:\/\/www.braintumour.ca\/fr\/superenfants\/collegial\/#primaryimage\"},\"image\":{\"@id\":\"https:\/\/www.braintumour.ca\/fr\/superenfants\/collegial\/#primaryimage\"},\"thumbnailUrl\":\"https:\/\/www.braintumour.ca\/wp-content\/uploads\/2022\/03\/Grades-11-12-Superkids.png\",\"datePublished\":\"2021-02-26T00:20:06+00:00\",\"dateModified\":\"2022-10-06T13:31:03+00:00\",\"description\":\"Plans de cours SUPERENFANTS pour les jeunes de niveau coll\u00e9gial.\",\"breadcrumb\":{\"@id\":\"https:\/\/www.braintumour.ca\/fr\/superenfants\/collegial\/#breadcrumb\"},\"inLanguage\":\"fr-CA\",\"potentialAction\":[{\"@type\":\"ReadAction\",\"target\":[\"https:\/\/www.braintumour.ca\/fr\/superenfants\/collegial\/\"]}]},{\"@type\":\"ImageObject\",\"inLanguage\":\"fr-CA\",\"@id\":\"https:\/\/www.braintumour.ca\/fr\/superenfants\/collegial\/#primaryimage\",\"url\":\"https:\/\/www.braintumour.ca\/wp-content\/uploads\/2022\/03\/Grades-11-12-Superkids.png\",\"contentUrl\":\"https:\/\/www.braintumour.ca\/wp-content\/uploads\/2022\/03\/Grades-11-12-Superkids.png\",\"width\":1462,\"height\":971},{\"@type\":\"BreadcrumbList\",\"@id\":\"https:\/\/www.braintumour.ca\/fr\/superenfants\/collegial\/#breadcrumb\",\"itemListElement\":[{\"@type\":\"ListItem\",\"position\":1,\"name\":\"Home\",\"item\":\"https:\/\/www.braintumour.ca\/fr\/\"},{\"@type\":\"ListItem\",\"position\":2,\"name\":\"SUPERENFANTS\",\"item\":\"https:\/\/www.braintumour.ca\/fr\/superenfants\/\"},{\"@type\":\"ListItem\",\"position\":3,\"name\":\"Coll\u00e9gial\"}]},{\"@type\":\"WebSite\",\"@id\":\"https:\/\/www.braintumour.ca\/fr\/#website\",\"url\":\"https:\/\/www.braintumour.ca\/fr\/\",\"name\":\"Fondation canadienne des tumeurs c\u00e9r\u00e9brales\",\"description\":\"Notre mission est de venir en aide \u00e0 toutes les personnes touch\u00e9es par une tumeur c\u00e9r\u00e9brale au Canada par le biais de nos programmes d\u2019information, de soutien, d\u2019\u00e9ducation et de recherche.\",\"potentialAction\":[{\"@type\":\"SearchAction\",\"target\":{\"@type\":\"EntryPoint\",\"urlTemplate\":\"https:\/\/www.braintumour.ca\/fr\/?s={search_term_string}\"},\"query-input\":{\"@type\":\"PropertyValueSpecification\",\"valueRequired\":true,\"valueName\":\"search_term_string\"}}],\"inLanguage\":\"fr-CA\"}]}<\/script>\n<!-- \/ Yoast SEO Premium plugin. -->","yoast_head_json":{"title":"Coll\u00e9gial - Fondation canadienne des tumeurs c\u00e9r\u00e9brales","description":"Plans de cours SUPERENFANTS pour les jeunes de niveau coll\u00e9gial.","robots":{"index":"index","follow":"follow","max-snippet":"max-snippet:-1","max-image-preview":"max-image-preview:large","max-video-preview":"max-video-preview:-1"},"canonical":"https:\/\/www.braintumour.ca\/fr\/superenfants\/collegial\/","og_locale":"fr_CA","og_type":"article","og_title":"Coll\u00e9gial","og_description":"Plans de cours SUPERENFANTS pour les jeunes de niveau coll\u00e9gial.","og_url":"https:\/\/www.braintumour.ca\/fr\/superenfants\/collegial\/","og_site_name":"Fondation canadienne des tumeurs c\u00e9r\u00e9brales","article_modified_time":"2022-10-06T13:31:03+00:00","og_image":[{"width":1462,"height":971,"url":"https:\/\/www.braintumour.ca\/wp-content\/uploads\/2022\/03\/Grades-11-12-Superkids.png","type":"image\/png"}],"twitter_card":"summary_large_image","schema":{"@context":"https:\/\/schema.org","@graph":[{"@type":"WebPage","@id":"https:\/\/www.braintumour.ca\/fr\/superenfants\/collegial\/","url":"https:\/\/www.braintumour.ca\/fr\/superenfants\/collegial\/","name":"Coll\u00e9gial - Fondation canadienne des tumeurs c\u00e9r\u00e9brales","isPartOf":{"@id":"https:\/\/www.braintumour.ca\/fr\/#website"},"primaryImageOfPage":{"@id":"https:\/\/www.braintumour.ca\/fr\/superenfants\/collegial\/#primaryimage"},"image":{"@id":"https:\/\/www.braintumour.ca\/fr\/superenfants\/collegial\/#primaryimage"},"thumbnailUrl":"https:\/\/www.braintumour.ca\/wp-content\/uploads\/2022\/03\/Grades-11-12-Superkids.png","datePublished":"2021-02-26T00:20:06+00:00","dateModified":"2022-10-06T13:31:03+00:00","description":"Plans de cours SUPERENFANTS pour les jeunes de niveau coll\u00e9gial.","breadcrumb":{"@id":"https:\/\/www.braintumour.ca\/fr\/superenfants\/collegial\/#breadcrumb"},"inLanguage":"fr-CA","potentialAction":[{"@type":"ReadAction","target":["https:\/\/www.braintumour.ca\/fr\/superenfants\/collegial\/"]}]},{"@type":"ImageObject","inLanguage":"fr-CA","@id":"https:\/\/www.braintumour.ca\/fr\/superenfants\/collegial\/#primaryimage","url":"https:\/\/www.braintumour.ca\/wp-content\/uploads\/2022\/03\/Grades-11-12-Superkids.png","contentUrl":"https:\/\/www.braintumour.ca\/wp-content\/uploads\/2022\/03\/Grades-11-12-Superkids.png","width":1462,"height":971},{"@type":"BreadcrumbList","@id":"https:\/\/www.braintumour.ca\/fr\/superenfants\/collegial\/#breadcrumb","itemListElement":[{"@type":"ListItem","position":1,"name":"Home","item":"https:\/\/www.braintumour.ca\/fr\/"},{"@type":"ListItem","position":2,"name":"SUPERENFANTS","item":"https:\/\/www.braintumour.ca\/fr\/superenfants\/"},{"@type":"ListItem","position":3,"name":"Coll\u00e9gial"}]},{"@type":"WebSite","@id":"https:\/\/www.braintumour.ca\/fr\/#website","url":"https:\/\/www.braintumour.ca\/fr\/","name":"Fondation canadienne des tumeurs c\u00e9r\u00e9brales","description":"Notre mission est de venir en aide \u00e0 toutes les personnes touch\u00e9es par une tumeur c\u00e9r\u00e9brale au Canada par le biais de nos programmes d\u2019information, de soutien, d\u2019\u00e9ducation et de recherche.","potentialAction":[{"@type":"SearchAction","target":{"@type":"EntryPoint","urlTemplate":"https:\/\/www.braintumour.ca\/fr\/?s={search_term_string}"},"query-input":{"@type":"PropertyValueSpecification","valueRequired":true,"valueName":"search_term_string"}}],"inLanguage":"fr-CA"}]}},"_links":{"self":[{"href":"https:\/\/www.braintumour.ca\/fr\/wp-json\/wp\/v2\/pages\/6668","targetHints":{"allow":["GET"]}}],"collection":[{"href":"https:\/\/www.braintumour.ca\/fr\/wp-json\/wp\/v2\/pages"}],"about":[{"href":"https:\/\/www.braintumour.ca\/fr\/wp-json\/wp\/v2\/types\/page"}],"author":[{"embeddable":true,"href":"https:\/\/www.braintumour.ca\/fr\/wp-json\/wp\/v2\/users\/4"}],"replies":[{"embeddable":true,"href":"https:\/\/www.braintumour.ca\/fr\/wp-json\/wp\/v2\/comments?post=6668"}],"version-history":[{"count":0,"href":"https:\/\/www.braintumour.ca\/fr\/wp-json\/wp\/v2\/pages\/6668\/revisions"}],"up":[{"embeddable":true,"href":"https:\/\/www.braintumour.ca\/fr\/wp-json\/wp\/v2\/pages\/6664"}],"wp:featuredmedia":[{"embeddable":true,"href":"https:\/\/www.braintumour.ca\/fr\/wp-json\/wp\/v2\/media\/8759"}],"wp:attachment":[{"href":"https:\/\/www.braintumour.ca\/fr\/wp-json\/wp\/v2\/media?parent=6668"}],"wp:term":[{"taxonomy":"user_type","embeddable":true,"href":"https:\/\/www.braintumour.ca\/fr\/wp-json\/wp\/v2\/user_type?post=6668"}],"curies":[{"name":"wp","href":"https:\/\/api.w.org\/{rel}","templated":true}]}}