{"id":7692,"date":"2021-08-16T20:10:26","date_gmt":"2021-08-17T00:10:26","guid":{"rendered":"https:\/\/www.braintumour.ca\/volunteer-awards\/"},"modified":"2022-04-26T12:28:35","modified_gmt":"2022-04-26T16:28:35","slug":"prix-benevoles","status":"publish","type":"page","link":"https:\/\/www.braintumour.ca\/fr\/prix-benevoles\/","title":{"rendered":"Prix de reconnaissance pour nos b\u00e9n\u00e9voles"},"content":{"rendered":"","protected":false},"excerpt":{"rendered":"","protected":false},"author":4,"featured_media":746,"parent":0,"menu_order":131,"comment_status":"closed","ping_status":"closed","template":"","meta":{"_acf_changed":false,"footnotes":""},"user_type":[137],"class_list":["post-7692","page","type-page","status-publish","has-post-thumbnail","hentry","user_type-benevole"],"acf":[],"yoast_head":"<!-- This site is optimized with the Yoast SEO Premium plugin v27.0 (Yoast SEO v27.0) - https:\/\/yoast.com\/product\/yoast-seo-premium-wordpress\/ -->\n<title>Prix de reconnaissance pour nos b\u00e9n\u00e9voles - Fondation canadienne des tumeurs c\u00e9r\u00e9brales<\/title>\n<meta name=\"description\" content=\"Les b\u00e9n\u00e9voles font une diff\u00e9rence dans la vie des patients atteints de tumeurs c\u00e9r\u00e9brales et de leurs familles.\u00a0Faites don de votre temps et de votre \u00e9nergie d\u00e8s aujourd&#039;hui !\" \/>\n<meta name=\"robots\" content=\"index, follow, max-snippet:-1, max-image-preview:large, max-video-preview:-1\" \/>\n<link rel=\"canonical\" href=\"https:\/\/www.braintumour.ca\/fr\/prix-benevoles\/\" \/>\n<meta property=\"og:locale\" content=\"fr_CA\" \/>\n<meta property=\"og:type\" content=\"article\" \/>\n<meta property=\"og:title\" content=\"Prix de reconnaissance pour nos b\u00e9n\u00e9voles\" \/>\n<meta property=\"og:description\" content=\"Les b\u00e9n\u00e9voles font une diff\u00e9rence dans la vie des patients atteints de tumeurs c\u00e9r\u00e9brales et de leurs familles.\u00a0Faites don de votre temps et de votre \u00e9nergie d\u00e8s aujourd&#039;hui !\" \/>\n<meta property=\"og:url\" content=\"https:\/\/www.braintumour.ca\/fr\/prix-benevoles\/\" \/>\n<meta property=\"og:site_name\" content=\"Fondation canadienne des tumeurs c\u00e9r\u00e9brales\" \/>\n<meta property=\"article:modified_time\" content=\"2022-04-26T16:28:35+00:00\" \/>\n<meta property=\"og:image\" content=\"https:\/\/www.braintumour.ca\/wp-content\/uploads\/2019\/09\/hand-flowers.jpg\" \/>\n\t<meta property=\"og:image:width\" content=\"1273\" \/>\n\t<meta property=\"og:image:height\" content=\"772\" \/>\n\t<meta property=\"og:image:type\" content=\"image\/jpeg\" \/>\n<meta name=\"twitter:card\" content=\"summary_large_image\" \/>\n<script type=\"application\/ld+json\" class=\"yoast-schema-graph\">{\"@context\":\"https:\/\/schema.org\",\"@graph\":[{\"@type\":\"WebPage\",\"@id\":\"https:\/\/www.braintumour.ca\/fr\/prix-benevoles\/\",\"url\":\"https:\/\/www.braintumour.ca\/fr\/prix-benevoles\/\",\"name\":\"Prix de reconnaissance pour nos b\u00e9n\u00e9voles - Fondation canadienne des tumeurs c\u00e9r\u00e9brales\",\"isPartOf\":{\"@id\":\"https:\/\/www.braintumour.ca\/fr\/#website\"},\"primaryImageOfPage\":{\"@id\":\"https:\/\/www.braintumour.ca\/fr\/prix-benevoles\/#primaryimage\"},\"image\":{\"@id\":\"https:\/\/www.braintumour.ca\/fr\/prix-benevoles\/#primaryimage\"},\"thumbnailUrl\":\"https:\/\/www.braintumour.ca\/wp-content\/uploads\/2019\/09\/hand-flowers.jpg\",\"datePublished\":\"2021-08-17T00:10:26+00:00\",\"dateModified\":\"2022-04-26T16:28:35+00:00\",\"description\":\"Les b\u00e9n\u00e9voles font une diff\u00e9rence dans la vie des patients atteints de tumeurs c\u00e9r\u00e9brales et de leurs familles.\u00a0Faites don de votre temps et de votre \u00e9nergie d\u00e8s aujourd'hui !\",\"breadcrumb\":{\"@id\":\"https:\/\/www.braintumour.ca\/fr\/prix-benevoles\/#breadcrumb\"},\"inLanguage\":\"fr-CA\",\"potentialAction\":[{\"@type\":\"ReadAction\",\"target\":[\"https:\/\/www.braintumour.ca\/fr\/prix-benevoles\/\"]}]},{\"@type\":\"ImageObject\",\"inLanguage\":\"fr-CA\",\"@id\":\"https:\/\/www.braintumour.ca\/fr\/prix-benevoles\/#primaryimage\",\"url\":\"https:\/\/www.braintumour.ca\/wp-content\/uploads\/2019\/09\/hand-flowers.jpg\",\"contentUrl\":\"https:\/\/www.braintumour.ca\/wp-content\/uploads\/2019\/09\/hand-flowers.jpg\",\"width\":1273,\"height\":772},{\"@type\":\"BreadcrumbList\",\"@id\":\"https:\/\/www.braintumour.ca\/fr\/prix-benevoles\/#breadcrumb\",\"itemListElement\":[{\"@type\":\"ListItem\",\"position\":1,\"name\":\"Home\",\"item\":\"https:\/\/www.braintumour.ca\/fr\/\"},{\"@type\":\"ListItem\",\"position\":2,\"name\":\"Prix de reconnaissance pour nos b\u00e9n\u00e9voles\"}]},{\"@type\":\"WebSite\",\"@id\":\"https:\/\/www.braintumour.ca\/fr\/#website\",\"url\":\"https:\/\/www.braintumour.ca\/fr\/\",\"name\":\"Fondation canadienne des tumeurs c\u00e9r\u00e9brales\",\"description\":\"Notre mission est de venir en aide \u00e0 toutes les personnes touch\u00e9es par une tumeur c\u00e9r\u00e9brale au Canada par le biais de nos programmes d\u2019information, de soutien, d\u2019\u00e9ducation et de recherche.\",\"potentialAction\":[{\"@type\":\"SearchAction\",\"target\":{\"@type\":\"EntryPoint\",\"urlTemplate\":\"https:\/\/www.braintumour.ca\/fr\/?s={search_term_string}\"},\"query-input\":{\"@type\":\"PropertyValueSpecification\",\"valueRequired\":true,\"valueName\":\"search_term_string\"}}],\"inLanguage\":\"fr-CA\"}]}<\/script>\n<!-- \/ Yoast SEO Premium plugin. -->","yoast_head_json":{"title":"Prix de reconnaissance pour nos b\u00e9n\u00e9voles - Fondation canadienne des tumeurs c\u00e9r\u00e9brales","description":"Les b\u00e9n\u00e9voles font une diff\u00e9rence dans la vie des patients atteints de tumeurs c\u00e9r\u00e9brales et de leurs familles.\u00a0Faites don de votre temps et de votre \u00e9nergie d\u00e8s aujourd'hui !","robots":{"index":"index","follow":"follow","max-snippet":"max-snippet:-1","max-image-preview":"max-image-preview:large","max-video-preview":"max-video-preview:-1"},"canonical":"https:\/\/www.braintumour.ca\/fr\/prix-benevoles\/","og_locale":"fr_CA","og_type":"article","og_title":"Prix de reconnaissance pour nos b\u00e9n\u00e9voles","og_description":"Les b\u00e9n\u00e9voles font une diff\u00e9rence dans la vie des patients atteints de tumeurs c\u00e9r\u00e9brales et de leurs familles.\u00a0Faites don de votre temps et de votre \u00e9nergie d\u00e8s aujourd'hui !","og_url":"https:\/\/www.braintumour.ca\/fr\/prix-benevoles\/","og_site_name":"Fondation canadienne des tumeurs c\u00e9r\u00e9brales","article_modified_time":"2022-04-26T16:28:35+00:00","og_image":[{"width":1273,"height":772,"url":"https:\/\/www.braintumour.ca\/wp-content\/uploads\/2019\/09\/hand-flowers.jpg","type":"image\/jpeg"}],"twitter_card":"summary_large_image","schema":{"@context":"https:\/\/schema.org","@graph":[{"@type":"WebPage","@id":"https:\/\/www.braintumour.ca\/fr\/prix-benevoles\/","url":"https:\/\/www.braintumour.ca\/fr\/prix-benevoles\/","name":"Prix de reconnaissance pour nos b\u00e9n\u00e9voles - Fondation canadienne des tumeurs c\u00e9r\u00e9brales","isPartOf":{"@id":"https:\/\/www.braintumour.ca\/fr\/#website"},"primaryImageOfPage":{"@id":"https:\/\/www.braintumour.ca\/fr\/prix-benevoles\/#primaryimage"},"image":{"@id":"https:\/\/www.braintumour.ca\/fr\/prix-benevoles\/#primaryimage"},"thumbnailUrl":"https:\/\/www.braintumour.ca\/wp-content\/uploads\/2019\/09\/hand-flowers.jpg","datePublished":"2021-08-17T00:10:26+00:00","dateModified":"2022-04-26T16:28:35+00:00","description":"Les b\u00e9n\u00e9voles font une diff\u00e9rence dans la vie des patients atteints de tumeurs c\u00e9r\u00e9brales et de leurs familles.\u00a0Faites don de votre temps et de votre \u00e9nergie d\u00e8s aujourd'hui !","breadcrumb":{"@id":"https:\/\/www.braintumour.ca\/fr\/prix-benevoles\/#breadcrumb"},"inLanguage":"fr-CA","potentialAction":[{"@type":"ReadAction","target":["https:\/\/www.braintumour.ca\/fr\/prix-benevoles\/"]}]},{"@type":"ImageObject","inLanguage":"fr-CA","@id":"https:\/\/www.braintumour.ca\/fr\/prix-benevoles\/#primaryimage","url":"https:\/\/www.braintumour.ca\/wp-content\/uploads\/2019\/09\/hand-flowers.jpg","contentUrl":"https:\/\/www.braintumour.ca\/wp-content\/uploads\/2019\/09\/hand-flowers.jpg","width":1273,"height":772},{"@type":"BreadcrumbList","@id":"https:\/\/www.braintumour.ca\/fr\/prix-benevoles\/#breadcrumb","itemListElement":[{"@type":"ListItem","position":1,"name":"Home","item":"https:\/\/www.braintumour.ca\/fr\/"},{"@type":"ListItem","position":2,"name":"Prix de reconnaissance pour nos b\u00e9n\u00e9voles"}]},{"@type":"WebSite","@id":"https:\/\/www.braintumour.ca\/fr\/#website","url":"https:\/\/www.braintumour.ca\/fr\/","name":"Fondation canadienne des tumeurs c\u00e9r\u00e9brales","description":"Notre mission est de venir en aide \u00e0 toutes les personnes touch\u00e9es par une tumeur c\u00e9r\u00e9brale au Canada par le biais de nos programmes d\u2019information, de soutien, d\u2019\u00e9ducation et de recherche.","potentialAction":[{"@type":"SearchAction","target":{"@type":"EntryPoint","urlTemplate":"https:\/\/www.braintumour.ca\/fr\/?s={search_term_string}"},"query-input":{"@type":"PropertyValueSpecification","valueRequired":true,"valueName":"search_term_string"}}],"inLanguage":"fr-CA"}]}},"_links":{"self":[{"href":"https:\/\/www.braintumour.ca\/fr\/wp-json\/wp\/v2\/pages\/7692","targetHints":{"allow":["GET"]}}],"collection":[{"href":"https:\/\/www.braintumour.ca\/fr\/wp-json\/wp\/v2\/pages"}],"about":[{"href":"https:\/\/www.braintumour.ca\/fr\/wp-json\/wp\/v2\/types\/page"}],"author":[{"embeddable":true,"href":"https:\/\/www.braintumour.ca\/fr\/wp-json\/wp\/v2\/users\/4"}],"replies":[{"embeddable":true,"href":"https:\/\/www.braintumour.ca\/fr\/wp-json\/wp\/v2\/comments?post=7692"}],"version-history":[{"count":0,"href":"https:\/\/www.braintumour.ca\/fr\/wp-json\/wp\/v2\/pages\/7692\/revisions"}],"wp:featuredmedia":[{"embeddable":true,"href":"https:\/\/www.braintumour.ca\/fr\/wp-json\/wp\/v2\/media\/746"}],"wp:attachment":[{"href":"https:\/\/www.braintumour.ca\/fr\/wp-json\/wp\/v2\/media?parent=7692"}],"wp:term":[{"taxonomy":"user_type","embeddable":true,"href":"https:\/\/www.braintumour.ca\/fr\/wp-json\/wp\/v2\/user_type?post=7692"}],"curies":[{"name":"wp","href":"https:\/\/api.w.org\/{rel}","templated":true}]}}