{"id":7699,"date":"2021-08-16T21:16:09","date_gmt":"2021-08-17T01:16:09","guid":{"rendered":"https:\/\/www.braintumour.ca\/volunteer-of-distinction-award\/"},"modified":"2024-04-15T10:32:26","modified_gmt":"2024-04-15T14:32:26","slug":"prix-benevole-de-distinction","status":"publish","type":"page","link":"https:\/\/www.braintumour.ca\/fr\/prix-benevole-de-distinction\/","title":{"rendered":"Prix b\u00e9n\u00e9voles de distinction"},"content":{"rendered":"","protected":false},"excerpt":{"rendered":"","protected":false},"author":4,"featured_media":746,"parent":0,"menu_order":132,"comment_status":"closed","ping_status":"closed","template":"","meta":{"_acf_changed":false,"footnotes":""},"user_type":[137],"class_list":["post-7699","page","type-page","status-publish","has-post-thumbnail","hentry","user_type-benevole"],"acf":[],"yoast_head":"<!-- This site is optimized with the Yoast SEO Premium plugin v27.0 (Yoast SEO v27.0) - https:\/\/yoast.com\/product\/yoast-seo-premium-wordpress\/ -->\n<title>Prix b\u00e9n\u00e9voles de distinction - Fondation canadienne des tumeurs c\u00e9r\u00e9brales<\/title>\n<meta name=\"description\" content=\"Les Prix de b\u00e9n\u00e9voles de distinction de la Fondation canadienne des tumeurs c\u00e9r\u00e9brales sont d\u00e9cern\u00e9s chaque ann\u00e9e \u00e0 des b\u00e9n\u00e9voles qui incarnent l\u2019esprit du b\u00e9n\u00e9volat.\" \/>\n<meta name=\"robots\" content=\"index, follow, max-snippet:-1, max-image-preview:large, max-video-preview:-1\" \/>\n<link rel=\"canonical\" href=\"https:\/\/www.braintumour.ca\/fr\/prix-benevole-de-distinction\/\" \/>\n<meta property=\"og:locale\" content=\"fr_CA\" \/>\n<meta property=\"og:type\" content=\"article\" \/>\n<meta property=\"og:title\" content=\"Prix b\u00e9n\u00e9voles de distinction\" \/>\n<meta property=\"og:description\" content=\"Les Prix de b\u00e9n\u00e9voles de distinction de la Fondation canadienne des tumeurs c\u00e9r\u00e9brales sont d\u00e9cern\u00e9s chaque ann\u00e9e \u00e0 des b\u00e9n\u00e9voles qui incarnent l\u2019esprit du b\u00e9n\u00e9volat.\" \/>\n<meta property=\"og:url\" content=\"https:\/\/www.braintumour.ca\/fr\/prix-benevole-de-distinction\/\" \/>\n<meta property=\"og:site_name\" content=\"Fondation canadienne des tumeurs c\u00e9r\u00e9brales\" \/>\n<meta property=\"article:modified_time\" content=\"2024-04-15T14:32:26+00:00\" \/>\n<meta property=\"og:image\" content=\"https:\/\/www.braintumour.ca\/wp-content\/uploads\/2019\/09\/hand-flowers.jpg\" \/>\n\t<meta property=\"og:image:width\" content=\"1273\" \/>\n\t<meta property=\"og:image:height\" content=\"772\" \/>\n\t<meta property=\"og:image:type\" content=\"image\/jpeg\" \/>\n<meta name=\"twitter:card\" content=\"summary_large_image\" \/>\n<meta name=\"twitter:label1\" content=\"Estimation du temps de lecture\" \/>\n\t<meta name=\"twitter:data1\" content=\"3 minutes\" \/>\n<script type=\"application\/ld+json\" class=\"yoast-schema-graph\">{\"@context\":\"https:\/\/schema.org\",\"@graph\":[{\"@type\":\"WebPage\",\"@id\":\"https:\/\/www.braintumour.ca\/fr\/prix-benevole-de-distinction\/\",\"url\":\"https:\/\/www.braintumour.ca\/fr\/prix-benevole-de-distinction\/\",\"name\":\"Prix b\u00e9n\u00e9voles de distinction - Fondation canadienne des tumeurs c\u00e9r\u00e9brales\",\"isPartOf\":{\"@id\":\"https:\/\/www.braintumour.ca\/fr\/#website\"},\"primaryImageOfPage\":{\"@id\":\"https:\/\/www.braintumour.ca\/fr\/prix-benevole-de-distinction\/#primaryimage\"},\"image\":{\"@id\":\"https:\/\/www.braintumour.ca\/fr\/prix-benevole-de-distinction\/#primaryimage\"},\"thumbnailUrl\":\"https:\/\/www.braintumour.ca\/wp-content\/uploads\/2019\/09\/hand-flowers.jpg\",\"datePublished\":\"2021-08-17T01:16:09+00:00\",\"dateModified\":\"2024-04-15T14:32:26+00:00\",\"description\":\"Les Prix de b\u00e9n\u00e9voles de distinction de la Fondation canadienne des tumeurs c\u00e9r\u00e9brales sont d\u00e9cern\u00e9s chaque ann\u00e9e \u00e0 des b\u00e9n\u00e9voles qui incarnent l\u2019esprit du b\u00e9n\u00e9volat.\",\"breadcrumb\":{\"@id\":\"https:\/\/www.braintumour.ca\/fr\/prix-benevole-de-distinction\/#breadcrumb\"},\"inLanguage\":\"fr-CA\",\"potentialAction\":[{\"@type\":\"ReadAction\",\"target\":[\"https:\/\/www.braintumour.ca\/fr\/prix-benevole-de-distinction\/\"]}]},{\"@type\":\"ImageObject\",\"inLanguage\":\"fr-CA\",\"@id\":\"https:\/\/www.braintumour.ca\/fr\/prix-benevole-de-distinction\/#primaryimage\",\"url\":\"https:\/\/www.braintumour.ca\/wp-content\/uploads\/2019\/09\/hand-flowers.jpg\",\"contentUrl\":\"https:\/\/www.braintumour.ca\/wp-content\/uploads\/2019\/09\/hand-flowers.jpg\",\"width\":1273,\"height\":772},{\"@type\":\"BreadcrumbList\",\"@id\":\"https:\/\/www.braintumour.ca\/fr\/prix-benevole-de-distinction\/#breadcrumb\",\"itemListElement\":[{\"@type\":\"ListItem\",\"position\":1,\"name\":\"Home\",\"item\":\"https:\/\/www.braintumour.ca\/fr\/\"},{\"@type\":\"ListItem\",\"position\":2,\"name\":\"Prix b\u00e9n\u00e9voles de distinction\"}]},{\"@type\":\"WebSite\",\"@id\":\"https:\/\/www.braintumour.ca\/fr\/#website\",\"url\":\"https:\/\/www.braintumour.ca\/fr\/\",\"name\":\"Fondation canadienne des tumeurs c\u00e9r\u00e9brales\",\"description\":\"Notre mission est de venir en aide \u00e0 toutes les personnes touch\u00e9es par une tumeur c\u00e9r\u00e9brale au Canada par le biais de nos programmes d\u2019information, de soutien, d\u2019\u00e9ducation et de recherche.\",\"potentialAction\":[{\"@type\":\"SearchAction\",\"target\":{\"@type\":\"EntryPoint\",\"urlTemplate\":\"https:\/\/www.braintumour.ca\/fr\/?s={search_term_string}\"},\"query-input\":{\"@type\":\"PropertyValueSpecification\",\"valueRequired\":true,\"valueName\":\"search_term_string\"}}],\"inLanguage\":\"fr-CA\"}]}<\/script>\n<!-- \/ Yoast SEO Premium plugin. -->","yoast_head_json":{"title":"Prix b\u00e9n\u00e9voles de distinction - Fondation canadienne des tumeurs c\u00e9r\u00e9brales","description":"Les Prix de b\u00e9n\u00e9voles de distinction de la Fondation canadienne des tumeurs c\u00e9r\u00e9brales sont d\u00e9cern\u00e9s chaque ann\u00e9e \u00e0 des b\u00e9n\u00e9voles qui incarnent l\u2019esprit du b\u00e9n\u00e9volat.","robots":{"index":"index","follow":"follow","max-snippet":"max-snippet:-1","max-image-preview":"max-image-preview:large","max-video-preview":"max-video-preview:-1"},"canonical":"https:\/\/www.braintumour.ca\/fr\/prix-benevole-de-distinction\/","og_locale":"fr_CA","og_type":"article","og_title":"Prix b\u00e9n\u00e9voles de distinction","og_description":"Les Prix de b\u00e9n\u00e9voles de distinction de la Fondation canadienne des tumeurs c\u00e9r\u00e9brales sont d\u00e9cern\u00e9s chaque ann\u00e9e \u00e0 des b\u00e9n\u00e9voles qui incarnent l\u2019esprit du b\u00e9n\u00e9volat.","og_url":"https:\/\/www.braintumour.ca\/fr\/prix-benevole-de-distinction\/","og_site_name":"Fondation canadienne des tumeurs c\u00e9r\u00e9brales","article_modified_time":"2024-04-15T14:32:26+00:00","og_image":[{"width":1273,"height":772,"url":"https:\/\/www.braintumour.ca\/wp-content\/uploads\/2019\/09\/hand-flowers.jpg","type":"image\/jpeg"}],"twitter_card":"summary_large_image","twitter_misc":{"Estimation du temps de lecture":"3 minutes"},"schema":{"@context":"https:\/\/schema.org","@graph":[{"@type":"WebPage","@id":"https:\/\/www.braintumour.ca\/fr\/prix-benevole-de-distinction\/","url":"https:\/\/www.braintumour.ca\/fr\/prix-benevole-de-distinction\/","name":"Prix b\u00e9n\u00e9voles de distinction - Fondation canadienne des tumeurs c\u00e9r\u00e9brales","isPartOf":{"@id":"https:\/\/www.braintumour.ca\/fr\/#website"},"primaryImageOfPage":{"@id":"https:\/\/www.braintumour.ca\/fr\/prix-benevole-de-distinction\/#primaryimage"},"image":{"@id":"https:\/\/www.braintumour.ca\/fr\/prix-benevole-de-distinction\/#primaryimage"},"thumbnailUrl":"https:\/\/www.braintumour.ca\/wp-content\/uploads\/2019\/09\/hand-flowers.jpg","datePublished":"2021-08-17T01:16:09+00:00","dateModified":"2024-04-15T14:32:26+00:00","description":"Les Prix de b\u00e9n\u00e9voles de distinction de la Fondation canadienne des tumeurs c\u00e9r\u00e9brales sont d\u00e9cern\u00e9s chaque ann\u00e9e \u00e0 des b\u00e9n\u00e9voles qui incarnent l\u2019esprit du b\u00e9n\u00e9volat.","breadcrumb":{"@id":"https:\/\/www.braintumour.ca\/fr\/prix-benevole-de-distinction\/#breadcrumb"},"inLanguage":"fr-CA","potentialAction":[{"@type":"ReadAction","target":["https:\/\/www.braintumour.ca\/fr\/prix-benevole-de-distinction\/"]}]},{"@type":"ImageObject","inLanguage":"fr-CA","@id":"https:\/\/www.braintumour.ca\/fr\/prix-benevole-de-distinction\/#primaryimage","url":"https:\/\/www.braintumour.ca\/wp-content\/uploads\/2019\/09\/hand-flowers.jpg","contentUrl":"https:\/\/www.braintumour.ca\/wp-content\/uploads\/2019\/09\/hand-flowers.jpg","width":1273,"height":772},{"@type":"BreadcrumbList","@id":"https:\/\/www.braintumour.ca\/fr\/prix-benevole-de-distinction\/#breadcrumb","itemListElement":[{"@type":"ListItem","position":1,"name":"Home","item":"https:\/\/www.braintumour.ca\/fr\/"},{"@type":"ListItem","position":2,"name":"Prix b\u00e9n\u00e9voles de distinction"}]},{"@type":"WebSite","@id":"https:\/\/www.braintumour.ca\/fr\/#website","url":"https:\/\/www.braintumour.ca\/fr\/","name":"Fondation canadienne des tumeurs c\u00e9r\u00e9brales","description":"Notre mission est de venir en aide \u00e0 toutes les personnes touch\u00e9es par une tumeur c\u00e9r\u00e9brale au Canada par le biais de nos programmes d\u2019information, de soutien, d\u2019\u00e9ducation et de recherche.","potentialAction":[{"@type":"SearchAction","target":{"@type":"EntryPoint","urlTemplate":"https:\/\/www.braintumour.ca\/fr\/?s={search_term_string}"},"query-input":{"@type":"PropertyValueSpecification","valueRequired":true,"valueName":"search_term_string"}}],"inLanguage":"fr-CA"}]}},"_links":{"self":[{"href":"https:\/\/www.braintumour.ca\/fr\/wp-json\/wp\/v2\/pages\/7699","targetHints":{"allow":["GET"]}}],"collection":[{"href":"https:\/\/www.braintumour.ca\/fr\/wp-json\/wp\/v2\/pages"}],"about":[{"href":"https:\/\/www.braintumour.ca\/fr\/wp-json\/wp\/v2\/types\/page"}],"author":[{"embeddable":true,"href":"https:\/\/www.braintumour.ca\/fr\/wp-json\/wp\/v2\/users\/4"}],"replies":[{"embeddable":true,"href":"https:\/\/www.braintumour.ca\/fr\/wp-json\/wp\/v2\/comments?post=7699"}],"version-history":[{"count":0,"href":"https:\/\/www.braintumour.ca\/fr\/wp-json\/wp\/v2\/pages\/7699\/revisions"}],"wp:featuredmedia":[{"embeddable":true,"href":"https:\/\/www.braintumour.ca\/fr\/wp-json\/wp\/v2\/media\/746"}],"wp:attachment":[{"href":"https:\/\/www.braintumour.ca\/fr\/wp-json\/wp\/v2\/media?parent=7699"}],"wp:term":[{"taxonomy":"user_type","embeddable":true,"href":"https:\/\/www.braintumour.ca\/fr\/wp-json\/wp\/v2\/user_type?post=7699"}],"curies":[{"name":"wp","href":"https:\/\/api.w.org\/{rel}","templated":true}]}}