{"id":7706,"date":"2021-08-16T21:26:37","date_gmt":"2021-08-17T01:26:37","guid":{"rendered":"https:\/\/www.braintumour.ca\/outstanding-youth-volunteer-award\/"},"modified":"2022-03-09T14:04:24","modified_gmt":"2022-03-09T19:04:24","slug":"prix-jeune-benevole-d-exception","status":"publish","type":"page","link":"https:\/\/www.braintumour.ca\/fr\/prix-jeune-benevole-d-exception\/","title":{"rendered":"Prix \u200b\u200bjeune b\u00e9n\u00e9vole d\u2019exception"},"content":{"rendered":"","protected":false},"excerpt":{"rendered":"","protected":false},"author":4,"featured_media":746,"parent":0,"menu_order":84,"comment_status":"closed","ping_status":"closed","template":"","meta":{"_acf_changed":false,"footnotes":""},"user_type":[137],"class_list":["post-7706","page","type-page","status-publish","has-post-thumbnail","hentry","user_type-benevole"],"acf":[],"yoast_head":"<!-- This site is optimized with the Yoast SEO Premium plugin v27.0 (Yoast SEO v27.0) - https:\/\/yoast.com\/product\/yoast-seo-premium-wordpress\/ -->\n<title>Prix \u200b\u200bjeune b\u00e9n\u00e9vole d\u2019exception - Fondation canadienne des tumeurs c\u00e9r\u00e9brales<\/title>\n<meta name=\"description\" content=\"Prix \u200b\u200bde jeune b\u00e9n\u00e9vole d\u2019exception pour les jeunes a \u00e9t\u00e9 fond\u00e9 en 2020 et sera d\u00e9cern\u00e9 chaque ann\u00e9e \u00e0 un(e) jeune qui incarne l\u2019esprit du service communautaire.\" \/>\n<meta name=\"robots\" content=\"index, follow, max-snippet:-1, max-image-preview:large, max-video-preview:-1\" \/>\n<link rel=\"canonical\" href=\"https:\/\/www.braintumour.ca\/fr\/prix-jeune-benevole-d-exception\/\" \/>\n<meta property=\"og:locale\" content=\"fr_CA\" \/>\n<meta property=\"og:type\" content=\"article\" \/>\n<meta property=\"og:title\" content=\"Prix \u200b\u200bjeune b\u00e9n\u00e9vole d\u2019exception\" \/>\n<meta property=\"og:description\" content=\"Prix \u200b\u200bde jeune b\u00e9n\u00e9vole d\u2019exception pour les jeunes a \u00e9t\u00e9 fond\u00e9 en 2020 et sera d\u00e9cern\u00e9 chaque ann\u00e9e \u00e0 un(e) jeune qui incarne l\u2019esprit du service communautaire.\" \/>\n<meta property=\"og:url\" content=\"https:\/\/www.braintumour.ca\/fr\/prix-jeune-benevole-d-exception\/\" \/>\n<meta property=\"og:site_name\" content=\"Fondation canadienne des tumeurs c\u00e9r\u00e9brales\" \/>\n<meta property=\"article:modified_time\" content=\"2022-03-09T19:04:24+00:00\" \/>\n<meta property=\"og:image\" content=\"https:\/\/www.braintumour.ca\/wp-content\/uploads\/2019\/09\/hand-flowers.jpg\" \/>\n\t<meta property=\"og:image:width\" content=\"1273\" \/>\n\t<meta property=\"og:image:height\" content=\"772\" \/>\n\t<meta property=\"og:image:type\" content=\"image\/jpeg\" \/>\n<meta name=\"twitter:card\" content=\"summary_large_image\" \/>\n<script type=\"application\/ld+json\" class=\"yoast-schema-graph\">{\"@context\":\"https:\/\/schema.org\",\"@graph\":[{\"@type\":\"WebPage\",\"@id\":\"https:\/\/www.braintumour.ca\/fr\/prix-jeune-benevole-d-exception\/\",\"url\":\"https:\/\/www.braintumour.ca\/fr\/prix-jeune-benevole-d-exception\/\",\"name\":\"Prix \u200b\u200bjeune b\u00e9n\u00e9vole d\u2019exception - Fondation canadienne des tumeurs c\u00e9r\u00e9brales\",\"isPartOf\":{\"@id\":\"https:\/\/www.braintumour.ca\/fr\/#website\"},\"primaryImageOfPage\":{\"@id\":\"https:\/\/www.braintumour.ca\/fr\/prix-jeune-benevole-d-exception\/#primaryimage\"},\"image\":{\"@id\":\"https:\/\/www.braintumour.ca\/fr\/prix-jeune-benevole-d-exception\/#primaryimage\"},\"thumbnailUrl\":\"https:\/\/www.braintumour.ca\/wp-content\/uploads\/2019\/09\/hand-flowers.jpg\",\"datePublished\":\"2021-08-17T01:26:37+00:00\",\"dateModified\":\"2022-03-09T19:04:24+00:00\",\"description\":\"Prix \u200b\u200bde jeune b\u00e9n\u00e9vole d\u2019exception pour les jeunes a \u00e9t\u00e9 fond\u00e9 en 2020 et sera d\u00e9cern\u00e9 chaque ann\u00e9e \u00e0 un(e) jeune qui incarne l\u2019esprit du service communautaire.\",\"breadcrumb\":{\"@id\":\"https:\/\/www.braintumour.ca\/fr\/prix-jeune-benevole-d-exception\/#breadcrumb\"},\"inLanguage\":\"fr-CA\",\"potentialAction\":[{\"@type\":\"ReadAction\",\"target\":[\"https:\/\/www.braintumour.ca\/fr\/prix-jeune-benevole-d-exception\/\"]}]},{\"@type\":\"ImageObject\",\"inLanguage\":\"fr-CA\",\"@id\":\"https:\/\/www.braintumour.ca\/fr\/prix-jeune-benevole-d-exception\/#primaryimage\",\"url\":\"https:\/\/www.braintumour.ca\/wp-content\/uploads\/2019\/09\/hand-flowers.jpg\",\"contentUrl\":\"https:\/\/www.braintumour.ca\/wp-content\/uploads\/2019\/09\/hand-flowers.jpg\",\"width\":1273,\"height\":772},{\"@type\":\"BreadcrumbList\",\"@id\":\"https:\/\/www.braintumour.ca\/fr\/prix-jeune-benevole-d-exception\/#breadcrumb\",\"itemListElement\":[{\"@type\":\"ListItem\",\"position\":1,\"name\":\"Home\",\"item\":\"https:\/\/www.braintumour.ca\/fr\/\"},{\"@type\":\"ListItem\",\"position\":2,\"name\":\"Prix \u200b\u200bjeune b\u00e9n\u00e9vole d\u2019exception\"}]},{\"@type\":\"WebSite\",\"@id\":\"https:\/\/www.braintumour.ca\/fr\/#website\",\"url\":\"https:\/\/www.braintumour.ca\/fr\/\",\"name\":\"Fondation canadienne des tumeurs c\u00e9r\u00e9brales\",\"description\":\"Notre mission est de venir en aide \u00e0 toutes les personnes touch\u00e9es par une tumeur c\u00e9r\u00e9brale au Canada par le biais de nos programmes d\u2019information, de soutien, d\u2019\u00e9ducation et de recherche.\",\"potentialAction\":[{\"@type\":\"SearchAction\",\"target\":{\"@type\":\"EntryPoint\",\"urlTemplate\":\"https:\/\/www.braintumour.ca\/fr\/?s={search_term_string}\"},\"query-input\":{\"@type\":\"PropertyValueSpecification\",\"valueRequired\":true,\"valueName\":\"search_term_string\"}}],\"inLanguage\":\"fr-CA\"}]}<\/script>\n<!-- \/ Yoast SEO Premium plugin. -->","yoast_head_json":{"title":"Prix \u200b\u200bjeune b\u00e9n\u00e9vole d\u2019exception - Fondation canadienne des tumeurs c\u00e9r\u00e9brales","description":"Prix \u200b\u200bde jeune b\u00e9n\u00e9vole d\u2019exception pour les jeunes a \u00e9t\u00e9 fond\u00e9 en 2020 et sera d\u00e9cern\u00e9 chaque ann\u00e9e \u00e0 un(e) jeune qui incarne l\u2019esprit du service communautaire.","robots":{"index":"index","follow":"follow","max-snippet":"max-snippet:-1","max-image-preview":"max-image-preview:large","max-video-preview":"max-video-preview:-1"},"canonical":"https:\/\/www.braintumour.ca\/fr\/prix-jeune-benevole-d-exception\/","og_locale":"fr_CA","og_type":"article","og_title":"Prix \u200b\u200bjeune b\u00e9n\u00e9vole d\u2019exception","og_description":"Prix \u200b\u200bde jeune b\u00e9n\u00e9vole d\u2019exception pour les jeunes a \u00e9t\u00e9 fond\u00e9 en 2020 et sera d\u00e9cern\u00e9 chaque ann\u00e9e \u00e0 un(e) jeune qui incarne l\u2019esprit du service communautaire.","og_url":"https:\/\/www.braintumour.ca\/fr\/prix-jeune-benevole-d-exception\/","og_site_name":"Fondation canadienne des tumeurs c\u00e9r\u00e9brales","article_modified_time":"2022-03-09T19:04:24+00:00","og_image":[{"width":1273,"height":772,"url":"https:\/\/www.braintumour.ca\/wp-content\/uploads\/2019\/09\/hand-flowers.jpg","type":"image\/jpeg"}],"twitter_card":"summary_large_image","schema":{"@context":"https:\/\/schema.org","@graph":[{"@type":"WebPage","@id":"https:\/\/www.braintumour.ca\/fr\/prix-jeune-benevole-d-exception\/","url":"https:\/\/www.braintumour.ca\/fr\/prix-jeune-benevole-d-exception\/","name":"Prix \u200b\u200bjeune b\u00e9n\u00e9vole d\u2019exception - Fondation canadienne des tumeurs c\u00e9r\u00e9brales","isPartOf":{"@id":"https:\/\/www.braintumour.ca\/fr\/#website"},"primaryImageOfPage":{"@id":"https:\/\/www.braintumour.ca\/fr\/prix-jeune-benevole-d-exception\/#primaryimage"},"image":{"@id":"https:\/\/www.braintumour.ca\/fr\/prix-jeune-benevole-d-exception\/#primaryimage"},"thumbnailUrl":"https:\/\/www.braintumour.ca\/wp-content\/uploads\/2019\/09\/hand-flowers.jpg","datePublished":"2021-08-17T01:26:37+00:00","dateModified":"2022-03-09T19:04:24+00:00","description":"Prix \u200b\u200bde jeune b\u00e9n\u00e9vole d\u2019exception pour les jeunes a \u00e9t\u00e9 fond\u00e9 en 2020 et sera d\u00e9cern\u00e9 chaque ann\u00e9e \u00e0 un(e) jeune qui incarne l\u2019esprit du service communautaire.","breadcrumb":{"@id":"https:\/\/www.braintumour.ca\/fr\/prix-jeune-benevole-d-exception\/#breadcrumb"},"inLanguage":"fr-CA","potentialAction":[{"@type":"ReadAction","target":["https:\/\/www.braintumour.ca\/fr\/prix-jeune-benevole-d-exception\/"]}]},{"@type":"ImageObject","inLanguage":"fr-CA","@id":"https:\/\/www.braintumour.ca\/fr\/prix-jeune-benevole-d-exception\/#primaryimage","url":"https:\/\/www.braintumour.ca\/wp-content\/uploads\/2019\/09\/hand-flowers.jpg","contentUrl":"https:\/\/www.braintumour.ca\/wp-content\/uploads\/2019\/09\/hand-flowers.jpg","width":1273,"height":772},{"@type":"BreadcrumbList","@id":"https:\/\/www.braintumour.ca\/fr\/prix-jeune-benevole-d-exception\/#breadcrumb","itemListElement":[{"@type":"ListItem","position":1,"name":"Home","item":"https:\/\/www.braintumour.ca\/fr\/"},{"@type":"ListItem","position":2,"name":"Prix \u200b\u200bjeune b\u00e9n\u00e9vole d\u2019exception"}]},{"@type":"WebSite","@id":"https:\/\/www.braintumour.ca\/fr\/#website","url":"https:\/\/www.braintumour.ca\/fr\/","name":"Fondation canadienne des tumeurs c\u00e9r\u00e9brales","description":"Notre mission est de venir en aide \u00e0 toutes les personnes touch\u00e9es par une tumeur c\u00e9r\u00e9brale au Canada par le biais de nos programmes d\u2019information, de soutien, d\u2019\u00e9ducation et de recherche.","potentialAction":[{"@type":"SearchAction","target":{"@type":"EntryPoint","urlTemplate":"https:\/\/www.braintumour.ca\/fr\/?s={search_term_string}"},"query-input":{"@type":"PropertyValueSpecification","valueRequired":true,"valueName":"search_term_string"}}],"inLanguage":"fr-CA"}]}},"_links":{"self":[{"href":"https:\/\/www.braintumour.ca\/fr\/wp-json\/wp\/v2\/pages\/7706","targetHints":{"allow":["GET"]}}],"collection":[{"href":"https:\/\/www.braintumour.ca\/fr\/wp-json\/wp\/v2\/pages"}],"about":[{"href":"https:\/\/www.braintumour.ca\/fr\/wp-json\/wp\/v2\/types\/page"}],"author":[{"embeddable":true,"href":"https:\/\/www.braintumour.ca\/fr\/wp-json\/wp\/v2\/users\/4"}],"replies":[{"embeddable":true,"href":"https:\/\/www.braintumour.ca\/fr\/wp-json\/wp\/v2\/comments?post=7706"}],"version-history":[{"count":0,"href":"https:\/\/www.braintumour.ca\/fr\/wp-json\/wp\/v2\/pages\/7706\/revisions"}],"wp:featuredmedia":[{"embeddable":true,"href":"https:\/\/www.braintumour.ca\/fr\/wp-json\/wp\/v2\/media\/746"}],"wp:attachment":[{"href":"https:\/\/www.braintumour.ca\/fr\/wp-json\/wp\/v2\/media?parent=7706"}],"wp:term":[{"taxonomy":"user_type","embeddable":true,"href":"https:\/\/www.braintumour.ca\/fr\/wp-json\/wp\/v2\/user_type?post=7706"}],"curies":[{"name":"wp","href":"https:\/\/api.w.org\/{rel}","templated":true}]}}