{"id":8183,"date":"2021-10-26T00:04:47","date_gmt":"2021-10-26T04:04:47","guid":{"rendered":"https:\/\/www.braintumour.ca\/matching-gifts\/"},"modified":"2024-09-21T12:14:59","modified_gmt":"2024-09-21T16:14:59","slug":"dons-jumeles","status":"publish","type":"page","link":"https:\/\/www.braintumour.ca\/fr\/facons-de-donner\/dons-jumeles\/","title":{"rendered":"Dons jumel\u00e9s"},"content":{"rendered":"<h5>Faites un don jumel\u00e9 pour soutenir les programmes destin\u00e9s aux patients atteints de tumeurs c\u00e9r\u00e9brales et la recherche d\u00e8s aujourd&rsquo;hui.<\/h5>\n","protected":false},"excerpt":{"rendered":"<p>Faites un don jumel\u00e9 pour soutenir les programmes destin\u00e9s aux patients atteints de tumeurs c\u00e9r\u00e9brales et la recherche d\u00e8s aujourd&rsquo;hui.<\/p>\n","protected":false},"author":4,"featured_media":10096,"parent":3055,"menu_order":6,"comment_status":"closed","ping_status":"closed","template":"","meta":{"_acf_changed":false,"footnotes":""},"user_type":[],"class_list":["post-8183","page","type-page","status-publish","has-post-thumbnail","hentry"],"acf":[],"yoast_head":"<!-- This site is optimized with the Yoast SEO Premium plugin v27.0 (Yoast SEO v27.0) - https:\/\/yoast.com\/product\/yoast-seo-premium-wordpress\/ -->\n<title>Dons jumel\u00e9s - Fondation canadienne des tumeurs c\u00e9r\u00e9brales<\/title>\n<meta name=\"robots\" content=\"index, follow, max-snippet:-1, max-image-preview:large, max-video-preview:-1\" \/>\n<link rel=\"canonical\" href=\"https:\/\/www.braintumour.ca\/fr\/facons-de-donner\/dons-jumeles\/\" \/>\n<meta property=\"og:locale\" content=\"fr_CA\" \/>\n<meta property=\"og:type\" content=\"article\" \/>\n<meta property=\"og:title\" content=\"Dons jumel\u00e9s\" \/>\n<meta property=\"og:description\" content=\"Faites un don jumel\u00e9 pour soutenir les programmes destin\u00e9s aux patients atteints de tumeurs c\u00e9r\u00e9brales et la recherche d\u00e8s aujourd&rsquo;hui.\" \/>\n<meta property=\"og:url\" content=\"https:\/\/www.braintumour.ca\/fr\/facons-de-donner\/dons-jumeles\/\" \/>\n<meta property=\"og:site_name\" content=\"Fondation canadienne des tumeurs c\u00e9r\u00e9brales\" \/>\n<meta property=\"article:modified_time\" content=\"2024-09-21T16:14:59+00:00\" \/>\n<meta property=\"og:image\" content=\"https:\/\/www.braintumour.ca\/wp-content\/uploads\/2022\/09\/Donate-Banner-2022.jpg\" \/>\n\t<meta property=\"og:image:width\" content=\"2400\" \/>\n\t<meta property=\"og:image:height\" content=\"1157\" \/>\n\t<meta property=\"og:image:type\" content=\"image\/jpeg\" \/>\n<meta name=\"twitter:card\" content=\"summary_large_image\" \/>\n<meta name=\"twitter:label1\" content=\"Estimation du temps de lecture\" \/>\n\t<meta name=\"twitter:data1\" content=\"1 minute\" \/>\n<script type=\"application\/ld+json\" class=\"yoast-schema-graph\">{\"@context\":\"https:\/\/schema.org\",\"@graph\":[{\"@type\":\"WebPage\",\"@id\":\"https:\/\/www.braintumour.ca\/fr\/facons-de-donner\/dons-jumeles\/\",\"url\":\"https:\/\/www.braintumour.ca\/fr\/facons-de-donner\/dons-jumeles\/\",\"name\":\"Dons jumel\u00e9s - Fondation canadienne des tumeurs c\u00e9r\u00e9brales\",\"isPartOf\":{\"@id\":\"https:\/\/www.braintumour.ca\/fr\/#website\"},\"primaryImageOfPage\":{\"@id\":\"https:\/\/www.braintumour.ca\/fr\/facons-de-donner\/dons-jumeles\/#primaryimage\"},\"image\":{\"@id\":\"https:\/\/www.braintumour.ca\/fr\/facons-de-donner\/dons-jumeles\/#primaryimage\"},\"thumbnailUrl\":\"https:\/\/www.braintumour.ca\/wp-content\/uploads\/2022\/09\/Donate-Banner-2022.jpg\",\"datePublished\":\"2021-10-26T04:04:47+00:00\",\"dateModified\":\"2024-09-21T16:14:59+00:00\",\"breadcrumb\":{\"@id\":\"https:\/\/www.braintumour.ca\/fr\/facons-de-donner\/dons-jumeles\/#breadcrumb\"},\"inLanguage\":\"fr-CA\",\"potentialAction\":[{\"@type\":\"ReadAction\",\"target\":[\"https:\/\/www.braintumour.ca\/fr\/facons-de-donner\/dons-jumeles\/\"]}]},{\"@type\":\"ImageObject\",\"inLanguage\":\"fr-CA\",\"@id\":\"https:\/\/www.braintumour.ca\/fr\/facons-de-donner\/dons-jumeles\/#primaryimage\",\"url\":\"https:\/\/www.braintumour.ca\/wp-content\/uploads\/2022\/09\/Donate-Banner-2022.jpg\",\"contentUrl\":\"https:\/\/www.braintumour.ca\/wp-content\/uploads\/2022\/09\/Donate-Banner-2022.jpg\",\"width\":2400,\"height\":1157},{\"@type\":\"BreadcrumbList\",\"@id\":\"https:\/\/www.braintumour.ca\/fr\/facons-de-donner\/dons-jumeles\/#breadcrumb\",\"itemListElement\":[{\"@type\":\"ListItem\",\"position\":1,\"name\":\"Home\",\"item\":\"https:\/\/www.braintumour.ca\/fr\/\"},{\"@type\":\"ListItem\",\"position\":2,\"name\":\"Dons jumel\u00e9s\"}]},{\"@type\":\"WebSite\",\"@id\":\"https:\/\/www.braintumour.ca\/fr\/#website\",\"url\":\"https:\/\/www.braintumour.ca\/fr\/\",\"name\":\"Fondation canadienne des tumeurs c\u00e9r\u00e9brales\",\"description\":\"Notre mission est de venir en aide \u00e0 toutes les personnes touch\u00e9es par une tumeur c\u00e9r\u00e9brale au Canada par le biais de nos programmes d\u2019information, de soutien, d\u2019\u00e9ducation et de recherche.\",\"potentialAction\":[{\"@type\":\"SearchAction\",\"target\":{\"@type\":\"EntryPoint\",\"urlTemplate\":\"https:\/\/www.braintumour.ca\/fr\/?s={search_term_string}\"},\"query-input\":{\"@type\":\"PropertyValueSpecification\",\"valueRequired\":true,\"valueName\":\"search_term_string\"}}],\"inLanguage\":\"fr-CA\"}]}<\/script>\n<!-- \/ Yoast SEO Premium plugin. -->","yoast_head_json":{"title":"Dons jumel\u00e9s - Fondation canadienne des tumeurs c\u00e9r\u00e9brales","robots":{"index":"index","follow":"follow","max-snippet":"max-snippet:-1","max-image-preview":"max-image-preview:large","max-video-preview":"max-video-preview:-1"},"canonical":"https:\/\/www.braintumour.ca\/fr\/facons-de-donner\/dons-jumeles\/","og_locale":"fr_CA","og_type":"article","og_title":"Dons jumel\u00e9s","og_description":"Faites un don jumel\u00e9 pour soutenir les programmes destin\u00e9s aux patients atteints de tumeurs c\u00e9r\u00e9brales et la recherche d\u00e8s aujourd&rsquo;hui.","og_url":"https:\/\/www.braintumour.ca\/fr\/facons-de-donner\/dons-jumeles\/","og_site_name":"Fondation canadienne des tumeurs c\u00e9r\u00e9brales","article_modified_time":"2024-09-21T16:14:59+00:00","og_image":[{"width":2400,"height":1157,"url":"https:\/\/www.braintumour.ca\/wp-content\/uploads\/2022\/09\/Donate-Banner-2022.jpg","type":"image\/jpeg"}],"twitter_card":"summary_large_image","twitter_misc":{"Estimation du temps de lecture":"1 minute"},"schema":{"@context":"https:\/\/schema.org","@graph":[{"@type":"WebPage","@id":"https:\/\/www.braintumour.ca\/fr\/facons-de-donner\/dons-jumeles\/","url":"https:\/\/www.braintumour.ca\/fr\/facons-de-donner\/dons-jumeles\/","name":"Dons jumel\u00e9s - Fondation canadienne des tumeurs c\u00e9r\u00e9brales","isPartOf":{"@id":"https:\/\/www.braintumour.ca\/fr\/#website"},"primaryImageOfPage":{"@id":"https:\/\/www.braintumour.ca\/fr\/facons-de-donner\/dons-jumeles\/#primaryimage"},"image":{"@id":"https:\/\/www.braintumour.ca\/fr\/facons-de-donner\/dons-jumeles\/#primaryimage"},"thumbnailUrl":"https:\/\/www.braintumour.ca\/wp-content\/uploads\/2022\/09\/Donate-Banner-2022.jpg","datePublished":"2021-10-26T04:04:47+00:00","dateModified":"2024-09-21T16:14:59+00:00","breadcrumb":{"@id":"https:\/\/www.braintumour.ca\/fr\/facons-de-donner\/dons-jumeles\/#breadcrumb"},"inLanguage":"fr-CA","potentialAction":[{"@type":"ReadAction","target":["https:\/\/www.braintumour.ca\/fr\/facons-de-donner\/dons-jumeles\/"]}]},{"@type":"ImageObject","inLanguage":"fr-CA","@id":"https:\/\/www.braintumour.ca\/fr\/facons-de-donner\/dons-jumeles\/#primaryimage","url":"https:\/\/www.braintumour.ca\/wp-content\/uploads\/2022\/09\/Donate-Banner-2022.jpg","contentUrl":"https:\/\/www.braintumour.ca\/wp-content\/uploads\/2022\/09\/Donate-Banner-2022.jpg","width":2400,"height":1157},{"@type":"BreadcrumbList","@id":"https:\/\/www.braintumour.ca\/fr\/facons-de-donner\/dons-jumeles\/#breadcrumb","itemListElement":[{"@type":"ListItem","position":1,"name":"Home","item":"https:\/\/www.braintumour.ca\/fr\/"},{"@type":"ListItem","position":2,"name":"Dons jumel\u00e9s"}]},{"@type":"WebSite","@id":"https:\/\/www.braintumour.ca\/fr\/#website","url":"https:\/\/www.braintumour.ca\/fr\/","name":"Fondation canadienne des tumeurs c\u00e9r\u00e9brales","description":"Notre mission est de venir en aide \u00e0 toutes les personnes touch\u00e9es par une tumeur c\u00e9r\u00e9brale au Canada par le biais de nos programmes d\u2019information, de soutien, d\u2019\u00e9ducation et de recherche.","potentialAction":[{"@type":"SearchAction","target":{"@type":"EntryPoint","urlTemplate":"https:\/\/www.braintumour.ca\/fr\/?s={search_term_string}"},"query-input":{"@type":"PropertyValueSpecification","valueRequired":true,"valueName":"search_term_string"}}],"inLanguage":"fr-CA"}]}},"_links":{"self":[{"href":"https:\/\/www.braintumour.ca\/fr\/wp-json\/wp\/v2\/pages\/8183","targetHints":{"allow":["GET"]}}],"collection":[{"href":"https:\/\/www.braintumour.ca\/fr\/wp-json\/wp\/v2\/pages"}],"about":[{"href":"https:\/\/www.braintumour.ca\/fr\/wp-json\/wp\/v2\/types\/page"}],"author":[{"embeddable":true,"href":"https:\/\/www.braintumour.ca\/fr\/wp-json\/wp\/v2\/users\/4"}],"replies":[{"embeddable":true,"href":"https:\/\/www.braintumour.ca\/fr\/wp-json\/wp\/v2\/comments?post=8183"}],"version-history":[{"count":0,"href":"https:\/\/www.braintumour.ca\/fr\/wp-json\/wp\/v2\/pages\/8183\/revisions"}],"up":[{"embeddable":true,"href":"https:\/\/www.braintumour.ca\/fr\/wp-json\/wp\/v2\/pages\/3055"}],"wp:featuredmedia":[{"embeddable":true,"href":"https:\/\/www.braintumour.ca\/fr\/wp-json\/wp\/v2\/media\/10096"}],"wp:attachment":[{"href":"https:\/\/www.braintumour.ca\/fr\/wp-json\/wp\/v2\/media?parent=8183"}],"wp:term":[{"taxonomy":"user_type","embeddable":true,"href":"https:\/\/www.braintumour.ca\/fr\/wp-json\/wp\/v2\/user_type?post=8183"}],"curies":[{"name":"wp","href":"https:\/\/api.w.org\/{rel}","templated":true}]}}