{"id":8410,"date":"2022-01-05T11:04:34","date_gmt":"2022-01-05T16:04:34","guid":{"rendered":"https:\/\/www.braintumour.ca\/a-propos\/looking-ahead\/"},"modified":"2022-01-05T21:53:27","modified_gmt":"2022-01-06T02:53:27","slug":"looking-ahead","status":"publish","type":"page","link":"https:\/\/www.braintumour.ca\/fr\/a-propos\/looking-ahead\/","title":{"rendered":"Regarder vers l\u2019avenir"},"content":{"rendered":"<p>L&rsquo;ann\u00e9e qui vient de s&rsquo;\u00e9couler a \u00e9t\u00e9 une exp\u00e9rience difficile pour beaucoup d&rsquo;entre nous, alors que nous apprenons \u00e0 \u00ab coexister avec la COVID-19 \u00bb.<\/p>\n","protected":false},"excerpt":{"rendered":"<p>L&rsquo;ann\u00e9e qui vient de s&rsquo;\u00e9couler a \u00e9t\u00e9 une exp\u00e9rience difficile pour beaucoup d&rsquo;entre nous, alors que nous apprenons \u00e0 \u00ab [&hellip;]<\/p>\n","protected":false},"author":4,"featured_media":8407,"parent":2279,"menu_order":3,"comment_status":"closed","ping_status":"closed","template":"","meta":{"_acf_changed":false,"footnotes":""},"user_type":[133,132,137,136,134,135],"class_list":["post-8410","page","type-page","status-publish","has-post-thumbnail","hentry","user_type-patient-fr","user_type-proche-aidant","user_type-benevole","user_type-donateur","user_type-chercheur","user_type-professionnel-de-la-sante"],"acf":[],"yoast_head":"<!-- This site is optimized with the Yoast SEO Premium plugin v27.0 (Yoast SEO v27.0) - https:\/\/yoast.com\/product\/yoast-seo-premium-wordpress\/ -->\n<title>Regarder vers l\u2019avenir - Fondation canadienne des tumeurs c\u00e9r\u00e9brales<\/title>\n<meta name=\"robots\" content=\"index, follow, max-snippet:-1, max-image-preview:large, max-video-preview:-1\" \/>\n<link rel=\"canonical\" href=\"https:\/\/www.braintumour.ca\/fr\/a-propos\/looking-ahead\/\" \/>\n<meta property=\"og:locale\" content=\"fr_CA\" \/>\n<meta property=\"og:type\" content=\"article\" \/>\n<meta property=\"og:title\" content=\"Regarder vers l\u2019avenir\" \/>\n<meta property=\"og:description\" content=\"L&rsquo;ann\u00e9e qui vient de s&rsquo;\u00e9couler a \u00e9t\u00e9 une exp\u00e9rience difficile pour beaucoup d&rsquo;entre nous, alors que nous apprenons \u00e0 \u00ab [&hellip;]\" \/>\n<meta property=\"og:url\" content=\"https:\/\/www.braintumour.ca\/fr\/a-propos\/looking-ahead\/\" \/>\n<meta property=\"og:site_name\" content=\"Fondation canadienne des tumeurs c\u00e9r\u00e9brales\" \/>\n<meta property=\"article:modified_time\" content=\"2022-01-06T02:53:27+00:00\" \/>\n<meta property=\"og:image\" content=\"https:\/\/www.braintumour.ca\/wp-content\/uploads\/2022\/01\/Looking-Ahead-1.jpg\" \/>\n\t<meta property=\"og:image:width\" content=\"1150\" \/>\n\t<meta property=\"og:image:height\" content=\"693\" \/>\n\t<meta property=\"og:image:type\" content=\"image\/jpeg\" \/>\n<meta name=\"twitter:card\" content=\"summary_large_image\" \/>\n<script type=\"application\/ld+json\" class=\"yoast-schema-graph\">{\"@context\":\"https:\/\/schema.org\",\"@graph\":[{\"@type\":\"WebPage\",\"@id\":\"https:\/\/www.braintumour.ca\/fr\/a-propos\/looking-ahead\/\",\"url\":\"https:\/\/www.braintumour.ca\/fr\/a-propos\/looking-ahead\/\",\"name\":\"Regarder vers l\u2019avenir - Fondation canadienne des tumeurs c\u00e9r\u00e9brales\",\"isPartOf\":{\"@id\":\"https:\/\/www.braintumour.ca\/fr\/#website\"},\"primaryImageOfPage\":{\"@id\":\"https:\/\/www.braintumour.ca\/fr\/a-propos\/looking-ahead\/#primaryimage\"},\"image\":{\"@id\":\"https:\/\/www.braintumour.ca\/fr\/a-propos\/looking-ahead\/#primaryimage\"},\"thumbnailUrl\":\"https:\/\/www.braintumour.ca\/wp-content\/uploads\/2022\/01\/Looking-Ahead-1.jpg\",\"datePublished\":\"2022-01-05T16:04:34+00:00\",\"dateModified\":\"2022-01-06T02:53:27+00:00\",\"breadcrumb\":{\"@id\":\"https:\/\/www.braintumour.ca\/fr\/a-propos\/looking-ahead\/#breadcrumb\"},\"inLanguage\":\"fr-CA\",\"potentialAction\":[{\"@type\":\"ReadAction\",\"target\":[\"https:\/\/www.braintumour.ca\/fr\/a-propos\/looking-ahead\/\"]}]},{\"@type\":\"ImageObject\",\"inLanguage\":\"fr-CA\",\"@id\":\"https:\/\/www.braintumour.ca\/fr\/a-propos\/looking-ahead\/#primaryimage\",\"url\":\"https:\/\/www.braintumour.ca\/wp-content\/uploads\/2022\/01\/Looking-Ahead-1.jpg\",\"contentUrl\":\"https:\/\/www.braintumour.ca\/wp-content\/uploads\/2022\/01\/Looking-Ahead-1.jpg\",\"width\":1150,\"height\":693},{\"@type\":\"BreadcrumbList\",\"@id\":\"https:\/\/www.braintumour.ca\/fr\/a-propos\/looking-ahead\/#breadcrumb\",\"itemListElement\":[{\"@type\":\"ListItem\",\"position\":1,\"name\":\"Home\",\"item\":\"https:\/\/www.braintumour.ca\/fr\/\"},{\"@type\":\"ListItem\",\"position\":2,\"name\":\"\u00c0 propos\",\"item\":\"https:\/\/www.braintumour.ca\/fr\/a-propos\/\"},{\"@type\":\"ListItem\",\"position\":3,\"name\":\"Regarder vers l\u2019avenir\"}]},{\"@type\":\"WebSite\",\"@id\":\"https:\/\/www.braintumour.ca\/fr\/#website\",\"url\":\"https:\/\/www.braintumour.ca\/fr\/\",\"name\":\"Fondation canadienne des tumeurs c\u00e9r\u00e9brales\",\"description\":\"Notre mission est de venir en aide \u00e0 toutes les personnes touch\u00e9es par une tumeur c\u00e9r\u00e9brale au Canada par le biais de nos programmes d\u2019information, de soutien, d\u2019\u00e9ducation et de recherche.\",\"potentialAction\":[{\"@type\":\"SearchAction\",\"target\":{\"@type\":\"EntryPoint\",\"urlTemplate\":\"https:\/\/www.braintumour.ca\/fr\/?s={search_term_string}\"},\"query-input\":{\"@type\":\"PropertyValueSpecification\",\"valueRequired\":true,\"valueName\":\"search_term_string\"}}],\"inLanguage\":\"fr-CA\"}]}<\/script>\n<!-- \/ Yoast SEO Premium plugin. -->","yoast_head_json":{"title":"Regarder vers l\u2019avenir - Fondation canadienne des tumeurs c\u00e9r\u00e9brales","robots":{"index":"index","follow":"follow","max-snippet":"max-snippet:-1","max-image-preview":"max-image-preview:large","max-video-preview":"max-video-preview:-1"},"canonical":"https:\/\/www.braintumour.ca\/fr\/a-propos\/looking-ahead\/","og_locale":"fr_CA","og_type":"article","og_title":"Regarder vers l\u2019avenir","og_description":"L&rsquo;ann\u00e9e qui vient de s&rsquo;\u00e9couler a \u00e9t\u00e9 une exp\u00e9rience difficile pour beaucoup d&rsquo;entre nous, alors que nous apprenons \u00e0 \u00ab [&hellip;]","og_url":"https:\/\/www.braintumour.ca\/fr\/a-propos\/looking-ahead\/","og_site_name":"Fondation canadienne des tumeurs c\u00e9r\u00e9brales","article_modified_time":"2022-01-06T02:53:27+00:00","og_image":[{"width":1150,"height":693,"url":"https:\/\/www.braintumour.ca\/wp-content\/uploads\/2022\/01\/Looking-Ahead-1.jpg","type":"image\/jpeg"}],"twitter_card":"summary_large_image","schema":{"@context":"https:\/\/schema.org","@graph":[{"@type":"WebPage","@id":"https:\/\/www.braintumour.ca\/fr\/a-propos\/looking-ahead\/","url":"https:\/\/www.braintumour.ca\/fr\/a-propos\/looking-ahead\/","name":"Regarder vers l\u2019avenir - Fondation canadienne des tumeurs c\u00e9r\u00e9brales","isPartOf":{"@id":"https:\/\/www.braintumour.ca\/fr\/#website"},"primaryImageOfPage":{"@id":"https:\/\/www.braintumour.ca\/fr\/a-propos\/looking-ahead\/#primaryimage"},"image":{"@id":"https:\/\/www.braintumour.ca\/fr\/a-propos\/looking-ahead\/#primaryimage"},"thumbnailUrl":"https:\/\/www.braintumour.ca\/wp-content\/uploads\/2022\/01\/Looking-Ahead-1.jpg","datePublished":"2022-01-05T16:04:34+00:00","dateModified":"2022-01-06T02:53:27+00:00","breadcrumb":{"@id":"https:\/\/www.braintumour.ca\/fr\/a-propos\/looking-ahead\/#breadcrumb"},"inLanguage":"fr-CA","potentialAction":[{"@type":"ReadAction","target":["https:\/\/www.braintumour.ca\/fr\/a-propos\/looking-ahead\/"]}]},{"@type":"ImageObject","inLanguage":"fr-CA","@id":"https:\/\/www.braintumour.ca\/fr\/a-propos\/looking-ahead\/#primaryimage","url":"https:\/\/www.braintumour.ca\/wp-content\/uploads\/2022\/01\/Looking-Ahead-1.jpg","contentUrl":"https:\/\/www.braintumour.ca\/wp-content\/uploads\/2022\/01\/Looking-Ahead-1.jpg","width":1150,"height":693},{"@type":"BreadcrumbList","@id":"https:\/\/www.braintumour.ca\/fr\/a-propos\/looking-ahead\/#breadcrumb","itemListElement":[{"@type":"ListItem","position":1,"name":"Home","item":"https:\/\/www.braintumour.ca\/fr\/"},{"@type":"ListItem","position":2,"name":"\u00c0 propos","item":"https:\/\/www.braintumour.ca\/fr\/a-propos\/"},{"@type":"ListItem","position":3,"name":"Regarder vers l\u2019avenir"}]},{"@type":"WebSite","@id":"https:\/\/www.braintumour.ca\/fr\/#website","url":"https:\/\/www.braintumour.ca\/fr\/","name":"Fondation canadienne des tumeurs c\u00e9r\u00e9brales","description":"Notre mission est de venir en aide \u00e0 toutes les personnes touch\u00e9es par une tumeur c\u00e9r\u00e9brale au Canada par le biais de nos programmes d\u2019information, de soutien, d\u2019\u00e9ducation et de recherche.","potentialAction":[{"@type":"SearchAction","target":{"@type":"EntryPoint","urlTemplate":"https:\/\/www.braintumour.ca\/fr\/?s={search_term_string}"},"query-input":{"@type":"PropertyValueSpecification","valueRequired":true,"valueName":"search_term_string"}}],"inLanguage":"fr-CA"}]}},"_links":{"self":[{"href":"https:\/\/www.braintumour.ca\/fr\/wp-json\/wp\/v2\/pages\/8410","targetHints":{"allow":["GET"]}}],"collection":[{"href":"https:\/\/www.braintumour.ca\/fr\/wp-json\/wp\/v2\/pages"}],"about":[{"href":"https:\/\/www.braintumour.ca\/fr\/wp-json\/wp\/v2\/types\/page"}],"author":[{"embeddable":true,"href":"https:\/\/www.braintumour.ca\/fr\/wp-json\/wp\/v2\/users\/4"}],"replies":[{"embeddable":true,"href":"https:\/\/www.braintumour.ca\/fr\/wp-json\/wp\/v2\/comments?post=8410"}],"version-history":[{"count":0,"href":"https:\/\/www.braintumour.ca\/fr\/wp-json\/wp\/v2\/pages\/8410\/revisions"}],"up":[{"embeddable":true,"href":"https:\/\/www.braintumour.ca\/fr\/wp-json\/wp\/v2\/pages\/2279"}],"wp:featuredmedia":[{"embeddable":true,"href":"https:\/\/www.braintumour.ca\/fr\/wp-json\/wp\/v2\/media\/8407"}],"wp:attachment":[{"href":"https:\/\/www.braintumour.ca\/fr\/wp-json\/wp\/v2\/media?parent=8410"}],"wp:term":[{"taxonomy":"user_type","embeddable":true,"href":"https:\/\/www.braintumour.ca\/fr\/wp-json\/wp\/v2\/user_type?post=8410"}],"curies":[{"name":"wp","href":"https:\/\/api.w.org\/{rel}","templated":true}]}}