{"id":8484,"date":"2022-01-24T07:34:05","date_gmt":"2022-01-24T12:34:05","guid":{"rendered":"https:\/\/www.braintumour.ca\/40-years-of-hope\/day-of-hope\/"},"modified":"2022-01-29T22:52:47","modified_gmt":"2022-01-30T03:52:47","slug":"journee-de-lespoir","status":"publish","type":"page","link":"https:\/\/www.braintumour.ca\/fr\/40-ans-despoir\/journee-de-lespoir\/","title":{"rendered":"Journ\u00e9e de l\u2019espoir"},"content":{"rendered":"<p>Aujourd\u2019hui, nous nous souvenons, nous c\u00e9l\u00e9brons et nous regardons vers l\u2019avenir. Joignez-vous \u00e0 nous\u2026<\/p>\n","protected":false},"excerpt":{"rendered":"<p>Aujourd\u2019hui, nous nous souvenons, nous c\u00e9l\u00e9brons et nous regardons vers l\u2019avenir. Joignez-vous \u00e0 nous\u2026<\/p>\n","protected":false},"author":4,"featured_media":8493,"parent":8479,"menu_order":1,"comment_status":"closed","ping_status":"closed","template":"","meta":{"_acf_changed":false,"footnotes":""},"user_type":[133,132,137,136,134,135,457],"class_list":["post-8484","page","type-page","status-publish","has-post-thumbnail","hentry","user_type-patient-fr","user_type-proche-aidant","user_type-benevole","user_type-donateur","user_type-chercheur","user_type-professionnel-de-la-sante","user_type-enseignant"],"acf":[],"yoast_head":"<!-- This site is optimized with the Yoast SEO Premium plugin v27.0 (Yoast SEO v27.0) - https:\/\/yoast.com\/product\/yoast-seo-premium-wordpress\/ -->\n<title>Journ\u00e9e de l\u2019espoir - Fondation canadienne des tumeurs c\u00e9r\u00e9brales<\/title>\n<meta name=\"robots\" content=\"index, follow, max-snippet:-1, max-image-preview:large, max-video-preview:-1\" \/>\n<link rel=\"canonical\" href=\"https:\/\/www.braintumour.ca\/fr\/40-ans-despoir\/journee-de-lespoir\/\" \/>\n<meta property=\"og:locale\" content=\"fr_CA\" \/>\n<meta property=\"og:type\" content=\"article\" \/>\n<meta property=\"og:title\" content=\"Journ\u00e9e de l\u2019espoir\" \/>\n<meta property=\"og:description\" content=\"Aujourd\u2019hui, nous nous souvenons, nous c\u00e9l\u00e9brons et nous regardons vers l\u2019avenir. Joignez-vous \u00e0 nous\u2026\" \/>\n<meta property=\"og:url\" content=\"https:\/\/www.braintumour.ca\/fr\/40-ans-despoir\/journee-de-lespoir\/\" \/>\n<meta property=\"og:site_name\" content=\"Fondation canadienne des tumeurs c\u00e9r\u00e9brales\" \/>\n<meta property=\"article:modified_time\" content=\"2022-01-30T03:52:47+00:00\" \/>\n<meta property=\"og:image\" content=\"https:\/\/www.braintumour.ca\/wp-content\/uploads\/2022\/01\/Day-of-Hope-Tile.jpg\" \/>\n\t<meta property=\"og:image:width\" content=\"2400\" \/>\n\t<meta property=\"og:image:height\" content=\"878\" \/>\n\t<meta property=\"og:image:type\" content=\"image\/jpeg\" \/>\n<meta name=\"twitter:card\" content=\"summary_large_image\" \/>\n<script type=\"application\/ld+json\" class=\"yoast-schema-graph\">{\"@context\":\"https:\/\/schema.org\",\"@graph\":[{\"@type\":\"WebPage\",\"@id\":\"https:\/\/www.braintumour.ca\/fr\/40-ans-despoir\/journee-de-lespoir\/\",\"url\":\"https:\/\/www.braintumour.ca\/fr\/40-ans-despoir\/journee-de-lespoir\/\",\"name\":\"Journ\u00e9e de l\u2019espoir - Fondation canadienne des tumeurs c\u00e9r\u00e9brales\",\"isPartOf\":{\"@id\":\"https:\/\/www.braintumour.ca\/fr\/#website\"},\"primaryImageOfPage\":{\"@id\":\"https:\/\/www.braintumour.ca\/fr\/40-ans-despoir\/journee-de-lespoir\/#primaryimage\"},\"image\":{\"@id\":\"https:\/\/www.braintumour.ca\/fr\/40-ans-despoir\/journee-de-lespoir\/#primaryimage\"},\"thumbnailUrl\":\"https:\/\/www.braintumour.ca\/wp-content\/uploads\/2022\/01\/Day-of-Hope-Tile.jpg\",\"datePublished\":\"2022-01-24T12:34:05+00:00\",\"dateModified\":\"2022-01-30T03:52:47+00:00\",\"breadcrumb\":{\"@id\":\"https:\/\/www.braintumour.ca\/fr\/40-ans-despoir\/journee-de-lespoir\/#breadcrumb\"},\"inLanguage\":\"fr-CA\",\"potentialAction\":[{\"@type\":\"ReadAction\",\"target\":[\"https:\/\/www.braintumour.ca\/fr\/40-ans-despoir\/journee-de-lespoir\/\"]}]},{\"@type\":\"ImageObject\",\"inLanguage\":\"fr-CA\",\"@id\":\"https:\/\/www.braintumour.ca\/fr\/40-ans-despoir\/journee-de-lespoir\/#primaryimage\",\"url\":\"https:\/\/www.braintumour.ca\/wp-content\/uploads\/2022\/01\/Day-of-Hope-Tile.jpg\",\"contentUrl\":\"https:\/\/www.braintumour.ca\/wp-content\/uploads\/2022\/01\/Day-of-Hope-Tile.jpg\",\"width\":2400,\"height\":878},{\"@type\":\"BreadcrumbList\",\"@id\":\"https:\/\/www.braintumour.ca\/fr\/40-ans-despoir\/journee-de-lespoir\/#breadcrumb\",\"itemListElement\":[{\"@type\":\"ListItem\",\"position\":1,\"name\":\"Home\",\"item\":\"https:\/\/www.braintumour.ca\/fr\/\"},{\"@type\":\"ListItem\",\"position\":2,\"name\":\"40 ans d\u2019espoir\",\"item\":\"https:\/\/www.braintumour.ca\/fr\/40-ans-despoir\/\"},{\"@type\":\"ListItem\",\"position\":3,\"name\":\"Journ\u00e9e de l\u2019espoir\"}]},{\"@type\":\"WebSite\",\"@id\":\"https:\/\/www.braintumour.ca\/fr\/#website\",\"url\":\"https:\/\/www.braintumour.ca\/fr\/\",\"name\":\"Fondation canadienne des tumeurs c\u00e9r\u00e9brales\",\"description\":\"Notre mission est de venir en aide \u00e0 toutes les personnes touch\u00e9es par une tumeur c\u00e9r\u00e9brale au Canada par le biais de nos programmes d\u2019information, de soutien, d\u2019\u00e9ducation et de recherche.\",\"potentialAction\":[{\"@type\":\"SearchAction\",\"target\":{\"@type\":\"EntryPoint\",\"urlTemplate\":\"https:\/\/www.braintumour.ca\/fr\/?s={search_term_string}\"},\"query-input\":{\"@type\":\"PropertyValueSpecification\",\"valueRequired\":true,\"valueName\":\"search_term_string\"}}],\"inLanguage\":\"fr-CA\"}]}<\/script>\n<!-- \/ Yoast SEO Premium plugin. -->","yoast_head_json":{"title":"Journ\u00e9e de l\u2019espoir - Fondation canadienne des tumeurs c\u00e9r\u00e9brales","robots":{"index":"index","follow":"follow","max-snippet":"max-snippet:-1","max-image-preview":"max-image-preview:large","max-video-preview":"max-video-preview:-1"},"canonical":"https:\/\/www.braintumour.ca\/fr\/40-ans-despoir\/journee-de-lespoir\/","og_locale":"fr_CA","og_type":"article","og_title":"Journ\u00e9e de l\u2019espoir","og_description":"Aujourd\u2019hui, nous nous souvenons, nous c\u00e9l\u00e9brons et nous regardons vers l\u2019avenir. Joignez-vous \u00e0 nous\u2026","og_url":"https:\/\/www.braintumour.ca\/fr\/40-ans-despoir\/journee-de-lespoir\/","og_site_name":"Fondation canadienne des tumeurs c\u00e9r\u00e9brales","article_modified_time":"2022-01-30T03:52:47+00:00","og_image":[{"width":2400,"height":878,"url":"https:\/\/www.braintumour.ca\/wp-content\/uploads\/2022\/01\/Day-of-Hope-Tile.jpg","type":"image\/jpeg"}],"twitter_card":"summary_large_image","schema":{"@context":"https:\/\/schema.org","@graph":[{"@type":"WebPage","@id":"https:\/\/www.braintumour.ca\/fr\/40-ans-despoir\/journee-de-lespoir\/","url":"https:\/\/www.braintumour.ca\/fr\/40-ans-despoir\/journee-de-lespoir\/","name":"Journ\u00e9e de l\u2019espoir - Fondation canadienne des tumeurs c\u00e9r\u00e9brales","isPartOf":{"@id":"https:\/\/www.braintumour.ca\/fr\/#website"},"primaryImageOfPage":{"@id":"https:\/\/www.braintumour.ca\/fr\/40-ans-despoir\/journee-de-lespoir\/#primaryimage"},"image":{"@id":"https:\/\/www.braintumour.ca\/fr\/40-ans-despoir\/journee-de-lespoir\/#primaryimage"},"thumbnailUrl":"https:\/\/www.braintumour.ca\/wp-content\/uploads\/2022\/01\/Day-of-Hope-Tile.jpg","datePublished":"2022-01-24T12:34:05+00:00","dateModified":"2022-01-30T03:52:47+00:00","breadcrumb":{"@id":"https:\/\/www.braintumour.ca\/fr\/40-ans-despoir\/journee-de-lespoir\/#breadcrumb"},"inLanguage":"fr-CA","potentialAction":[{"@type":"ReadAction","target":["https:\/\/www.braintumour.ca\/fr\/40-ans-despoir\/journee-de-lespoir\/"]}]},{"@type":"ImageObject","inLanguage":"fr-CA","@id":"https:\/\/www.braintumour.ca\/fr\/40-ans-despoir\/journee-de-lespoir\/#primaryimage","url":"https:\/\/www.braintumour.ca\/wp-content\/uploads\/2022\/01\/Day-of-Hope-Tile.jpg","contentUrl":"https:\/\/www.braintumour.ca\/wp-content\/uploads\/2022\/01\/Day-of-Hope-Tile.jpg","width":2400,"height":878},{"@type":"BreadcrumbList","@id":"https:\/\/www.braintumour.ca\/fr\/40-ans-despoir\/journee-de-lespoir\/#breadcrumb","itemListElement":[{"@type":"ListItem","position":1,"name":"Home","item":"https:\/\/www.braintumour.ca\/fr\/"},{"@type":"ListItem","position":2,"name":"40 ans d\u2019espoir","item":"https:\/\/www.braintumour.ca\/fr\/40-ans-despoir\/"},{"@type":"ListItem","position":3,"name":"Journ\u00e9e de l\u2019espoir"}]},{"@type":"WebSite","@id":"https:\/\/www.braintumour.ca\/fr\/#website","url":"https:\/\/www.braintumour.ca\/fr\/","name":"Fondation canadienne des tumeurs c\u00e9r\u00e9brales","description":"Notre mission est de venir en aide \u00e0 toutes les personnes touch\u00e9es par une tumeur c\u00e9r\u00e9brale au Canada par le biais de nos programmes d\u2019information, de soutien, d\u2019\u00e9ducation et de recherche.","potentialAction":[{"@type":"SearchAction","target":{"@type":"EntryPoint","urlTemplate":"https:\/\/www.braintumour.ca\/fr\/?s={search_term_string}"},"query-input":{"@type":"PropertyValueSpecification","valueRequired":true,"valueName":"search_term_string"}}],"inLanguage":"fr-CA"}]}},"_links":{"self":[{"href":"https:\/\/www.braintumour.ca\/fr\/wp-json\/wp\/v2\/pages\/8484","targetHints":{"allow":["GET"]}}],"collection":[{"href":"https:\/\/www.braintumour.ca\/fr\/wp-json\/wp\/v2\/pages"}],"about":[{"href":"https:\/\/www.braintumour.ca\/fr\/wp-json\/wp\/v2\/types\/page"}],"author":[{"embeddable":true,"href":"https:\/\/www.braintumour.ca\/fr\/wp-json\/wp\/v2\/users\/4"}],"replies":[{"embeddable":true,"href":"https:\/\/www.braintumour.ca\/fr\/wp-json\/wp\/v2\/comments?post=8484"}],"version-history":[{"count":0,"href":"https:\/\/www.braintumour.ca\/fr\/wp-json\/wp\/v2\/pages\/8484\/revisions"}],"up":[{"embeddable":true,"href":"https:\/\/www.braintumour.ca\/fr\/wp-json\/wp\/v2\/pages\/8479"}],"wp:featuredmedia":[{"embeddable":true,"href":"https:\/\/www.braintumour.ca\/fr\/wp-json\/wp\/v2\/media\/8493"}],"wp:attachment":[{"href":"https:\/\/www.braintumour.ca\/fr\/wp-json\/wp\/v2\/media?parent=8484"}],"wp:term":[{"taxonomy":"user_type","embeddable":true,"href":"https:\/\/www.braintumour.ca\/fr\/wp-json\/wp\/v2\/user_type?post=8484"}],"curies":[{"name":"wp","href":"https:\/\/api.w.org\/{rel}","templated":true}]}}