{"id":9604,"date":"2022-07-04T20:19:08","date_gmt":"2022-07-05T00:19:08","guid":{"rendered":"https:\/\/www.braintumour.ca\/donate-to-stories-of-hope\/"},"modified":"2025-11-17T17:56:29","modified_gmt":"2025-11-17T22:56:29","slug":"donate-to-stories-of-hope","status":"publish","type":"page","link":"https:\/\/www.braintumour.ca\/fr\/donate-to-stories-of-hope\/","title":{"rendered":"Donner et partager"},"content":{"rendered":"","protected":false},"excerpt":{"rendered":"","protected":false},"author":4,"featured_media":14455,"parent":0,"menu_order":0,"comment_status":"closed","ping_status":"closed","template":"","meta":{"_acf_changed":false,"footnotes":""},"user_type":[],"class_list":["post-9604","page","type-page","status-publish","has-post-thumbnail","hentry"],"acf":[],"yoast_head":"<!-- This site is optimized with the Yoast SEO Premium plugin v27.0 (Yoast SEO v27.0) - https:\/\/yoast.com\/product\/yoast-seo-premium-wordpress\/ -->\n<title>Donner et partager - Fondation canadienne des tumeurs c\u00e9r\u00e9brales<\/title>\n<meta name=\"description\" content=\"L\u2019espoir relie chaque histoire de notre communaut\u00e9. Merci de contribuer \u00e0 mettre en lumi\u00e8re les histoires qui soutiennent la communaut\u00e9 touch\u00e9e par une tumeur c\u00e9r\u00e9brale \u00e0 travers le Canada.\" \/>\n<meta name=\"robots\" content=\"index, follow, max-snippet:-1, max-image-preview:large, max-video-preview:-1\" \/>\n<link rel=\"canonical\" href=\"https:\/\/www.braintumour.ca\/fr\/donate-to-stories-of-hope\/\" \/>\n<meta property=\"og:locale\" content=\"fr_CA\" \/>\n<meta property=\"og:type\" content=\"article\" \/>\n<meta property=\"og:title\" content=\"Donner et partager\" \/>\n<meta property=\"og:description\" content=\"L\u2019espoir relie chaque histoire de notre communaut\u00e9. Merci de contribuer \u00e0 mettre en lumi\u00e8re les histoires qui soutiennent la communaut\u00e9 touch\u00e9e par une tumeur c\u00e9r\u00e9brale \u00e0 travers le Canada.\" \/>\n<meta property=\"og:url\" content=\"https:\/\/www.braintumour.ca\/fr\/donate-to-stories-of-hope\/\" \/>\n<meta property=\"og:site_name\" content=\"Fondation canadienne des tumeurs c\u00e9r\u00e9brales\" \/>\n<meta property=\"article:modified_time\" content=\"2025-11-17T22:56:29+00:00\" \/>\n<meta property=\"og:image\" content=\"https:\/\/www.braintumour.ca\/wp-content\/uploads\/2025\/11\/Header-donation-page-2025-1.png\" \/>\n\t<meta property=\"og:image:width\" content=\"1500\" \/>\n\t<meta property=\"og:image:height\" content=\"500\" \/>\n\t<meta property=\"og:image:type\" content=\"image\/png\" \/>\n<meta name=\"twitter:card\" content=\"summary_large_image\" \/>\n<meta name=\"twitter:label1\" content=\"Estimation du temps de lecture\" \/>\n\t<meta name=\"twitter:data1\" content=\"1 minute\" \/>\n<script type=\"application\/ld+json\" class=\"yoast-schema-graph\">{\"@context\":\"https:\/\/schema.org\",\"@graph\":[{\"@type\":\"WebPage\",\"@id\":\"https:\/\/www.braintumour.ca\/fr\/donate-to-stories-of-hope\/\",\"url\":\"https:\/\/www.braintumour.ca\/fr\/donate-to-stories-of-hope\/\",\"name\":\"Donner et partager - Fondation canadienne des tumeurs c\u00e9r\u00e9brales\",\"isPartOf\":{\"@id\":\"https:\/\/www.braintumour.ca\/fr\/#website\"},\"primaryImageOfPage\":{\"@id\":\"https:\/\/www.braintumour.ca\/fr\/donate-to-stories-of-hope\/#primaryimage\"},\"image\":{\"@id\":\"https:\/\/www.braintumour.ca\/fr\/donate-to-stories-of-hope\/#primaryimage\"},\"thumbnailUrl\":\"https:\/\/www.braintumour.ca\/wp-content\/uploads\/2025\/11\/Header-donation-page-2025-1.png\",\"datePublished\":\"2022-07-05T00:19:08+00:00\",\"dateModified\":\"2025-11-17T22:56:29+00:00\",\"description\":\"L\u2019espoir relie chaque histoire de notre communaut\u00e9. Merci de contribuer \u00e0 mettre en lumi\u00e8re les histoires qui soutiennent la communaut\u00e9 touch\u00e9e par une tumeur c\u00e9r\u00e9brale \u00e0 travers le Canada.\",\"breadcrumb\":{\"@id\":\"https:\/\/www.braintumour.ca\/fr\/donate-to-stories-of-hope\/#breadcrumb\"},\"inLanguage\":\"fr-CA\",\"potentialAction\":[{\"@type\":\"ReadAction\",\"target\":[\"https:\/\/www.braintumour.ca\/fr\/donate-to-stories-of-hope\/\"]}]},{\"@type\":\"ImageObject\",\"inLanguage\":\"fr-CA\",\"@id\":\"https:\/\/www.braintumour.ca\/fr\/donate-to-stories-of-hope\/#primaryimage\",\"url\":\"https:\/\/www.braintumour.ca\/wp-content\/uploads\/2025\/11\/Header-donation-page-2025-1.png\",\"contentUrl\":\"https:\/\/www.braintumour.ca\/wp-content\/uploads\/2025\/11\/Header-donation-page-2025-1.png\",\"width\":1500,\"height\":500},{\"@type\":\"BreadcrumbList\",\"@id\":\"https:\/\/www.braintumour.ca\/fr\/donate-to-stories-of-hope\/#breadcrumb\",\"itemListElement\":[{\"@type\":\"ListItem\",\"position\":1,\"name\":\"Home\",\"item\":\"https:\/\/www.braintumour.ca\/fr\/\"},{\"@type\":\"ListItem\",\"position\":2,\"name\":\"Donner et partager\"}]},{\"@type\":\"WebSite\",\"@id\":\"https:\/\/www.braintumour.ca\/fr\/#website\",\"url\":\"https:\/\/www.braintumour.ca\/fr\/\",\"name\":\"Fondation canadienne des tumeurs c\u00e9r\u00e9brales\",\"description\":\"Notre mission est de venir en aide \u00e0 toutes les personnes touch\u00e9es par une tumeur c\u00e9r\u00e9brale au Canada par le biais de nos programmes d\u2019information, de soutien, d\u2019\u00e9ducation et de recherche.\",\"potentialAction\":[{\"@type\":\"SearchAction\",\"target\":{\"@type\":\"EntryPoint\",\"urlTemplate\":\"https:\/\/www.braintumour.ca\/fr\/?s={search_term_string}\"},\"query-input\":{\"@type\":\"PropertyValueSpecification\",\"valueRequired\":true,\"valueName\":\"search_term_string\"}}],\"inLanguage\":\"fr-CA\"}]}<\/script>\n<!-- \/ Yoast SEO Premium plugin. -->","yoast_head_json":{"title":"Donner et partager - Fondation canadienne des tumeurs c\u00e9r\u00e9brales","description":"L\u2019espoir relie chaque histoire de notre communaut\u00e9. Merci de contribuer \u00e0 mettre en lumi\u00e8re les histoires qui soutiennent la communaut\u00e9 touch\u00e9e par une tumeur c\u00e9r\u00e9brale \u00e0 travers le Canada.","robots":{"index":"index","follow":"follow","max-snippet":"max-snippet:-1","max-image-preview":"max-image-preview:large","max-video-preview":"max-video-preview:-1"},"canonical":"https:\/\/www.braintumour.ca\/fr\/donate-to-stories-of-hope\/","og_locale":"fr_CA","og_type":"article","og_title":"Donner et partager","og_description":"L\u2019espoir relie chaque histoire de notre communaut\u00e9. Merci de contribuer \u00e0 mettre en lumi\u00e8re les histoires qui soutiennent la communaut\u00e9 touch\u00e9e par une tumeur c\u00e9r\u00e9brale \u00e0 travers le Canada.","og_url":"https:\/\/www.braintumour.ca\/fr\/donate-to-stories-of-hope\/","og_site_name":"Fondation canadienne des tumeurs c\u00e9r\u00e9brales","article_modified_time":"2025-11-17T22:56:29+00:00","og_image":[{"width":1500,"height":500,"url":"https:\/\/www.braintumour.ca\/wp-content\/uploads\/2025\/11\/Header-donation-page-2025-1.png","type":"image\/png"}],"twitter_card":"summary_large_image","twitter_misc":{"Estimation du temps de lecture":"1 minute"},"schema":{"@context":"https:\/\/schema.org","@graph":[{"@type":"WebPage","@id":"https:\/\/www.braintumour.ca\/fr\/donate-to-stories-of-hope\/","url":"https:\/\/www.braintumour.ca\/fr\/donate-to-stories-of-hope\/","name":"Donner et partager - Fondation canadienne des tumeurs c\u00e9r\u00e9brales","isPartOf":{"@id":"https:\/\/www.braintumour.ca\/fr\/#website"},"primaryImageOfPage":{"@id":"https:\/\/www.braintumour.ca\/fr\/donate-to-stories-of-hope\/#primaryimage"},"image":{"@id":"https:\/\/www.braintumour.ca\/fr\/donate-to-stories-of-hope\/#primaryimage"},"thumbnailUrl":"https:\/\/www.braintumour.ca\/wp-content\/uploads\/2025\/11\/Header-donation-page-2025-1.png","datePublished":"2022-07-05T00:19:08+00:00","dateModified":"2025-11-17T22:56:29+00:00","description":"L\u2019espoir relie chaque histoire de notre communaut\u00e9. Merci de contribuer \u00e0 mettre en lumi\u00e8re les histoires qui soutiennent la communaut\u00e9 touch\u00e9e par une tumeur c\u00e9r\u00e9brale \u00e0 travers le Canada.","breadcrumb":{"@id":"https:\/\/www.braintumour.ca\/fr\/donate-to-stories-of-hope\/#breadcrumb"},"inLanguage":"fr-CA","potentialAction":[{"@type":"ReadAction","target":["https:\/\/www.braintumour.ca\/fr\/donate-to-stories-of-hope\/"]}]},{"@type":"ImageObject","inLanguage":"fr-CA","@id":"https:\/\/www.braintumour.ca\/fr\/donate-to-stories-of-hope\/#primaryimage","url":"https:\/\/www.braintumour.ca\/wp-content\/uploads\/2025\/11\/Header-donation-page-2025-1.png","contentUrl":"https:\/\/www.braintumour.ca\/wp-content\/uploads\/2025\/11\/Header-donation-page-2025-1.png","width":1500,"height":500},{"@type":"BreadcrumbList","@id":"https:\/\/www.braintumour.ca\/fr\/donate-to-stories-of-hope\/#breadcrumb","itemListElement":[{"@type":"ListItem","position":1,"name":"Home","item":"https:\/\/www.braintumour.ca\/fr\/"},{"@type":"ListItem","position":2,"name":"Donner et partager"}]},{"@type":"WebSite","@id":"https:\/\/www.braintumour.ca\/fr\/#website","url":"https:\/\/www.braintumour.ca\/fr\/","name":"Fondation canadienne des tumeurs c\u00e9r\u00e9brales","description":"Notre mission est de venir en aide \u00e0 toutes les personnes touch\u00e9es par une tumeur c\u00e9r\u00e9brale au Canada par le biais de nos programmes d\u2019information, de soutien, d\u2019\u00e9ducation et de recherche.","potentialAction":[{"@type":"SearchAction","target":{"@type":"EntryPoint","urlTemplate":"https:\/\/www.braintumour.ca\/fr\/?s={search_term_string}"},"query-input":{"@type":"PropertyValueSpecification","valueRequired":true,"valueName":"search_term_string"}}],"inLanguage":"fr-CA"}]}},"_links":{"self":[{"href":"https:\/\/www.braintumour.ca\/fr\/wp-json\/wp\/v2\/pages\/9604","targetHints":{"allow":["GET"]}}],"collection":[{"href":"https:\/\/www.braintumour.ca\/fr\/wp-json\/wp\/v2\/pages"}],"about":[{"href":"https:\/\/www.braintumour.ca\/fr\/wp-json\/wp\/v2\/types\/page"}],"author":[{"embeddable":true,"href":"https:\/\/www.braintumour.ca\/fr\/wp-json\/wp\/v2\/users\/4"}],"replies":[{"embeddable":true,"href":"https:\/\/www.braintumour.ca\/fr\/wp-json\/wp\/v2\/comments?post=9604"}],"version-history":[{"count":0,"href":"https:\/\/www.braintumour.ca\/fr\/wp-json\/wp\/v2\/pages\/9604\/revisions"}],"wp:featuredmedia":[{"embeddable":true,"href":"https:\/\/www.braintumour.ca\/fr\/wp-json\/wp\/v2\/media\/14455"}],"wp:attachment":[{"href":"https:\/\/www.braintumour.ca\/fr\/wp-json\/wp\/v2\/media?parent=9604"}],"wp:term":[{"taxonomy":"user_type","embeddable":true,"href":"https:\/\/www.braintumour.ca\/fr\/wp-json\/wp\/v2\/user_type?post=9604"}],"curies":[{"name":"wp","href":"https:\/\/api.w.org\/{rel}","templated":true}]}}